{"id":13142,"date":"2018-03-19T21:54:07","date_gmt":"2018-03-19T20:54:07","guid":{"rendered":"https:\/\/universanimalier.com\/?post_type=product&#038;p=13142"},"modified":"2018-03-23T23:05:38","modified_gmt":"2018-03-23T22:05:38","slug":"fpo-collier-collar-chic-stars-blue","status":"publish","type":"product","link":"https:\/\/universanimalier.com\/en\/boutique\/fpo-collier-collar-chic-stars-blue\/","title":{"rendered":"FPO - Necklace \/ Collar Chic &amp; Stars Blue"},"content":{"rendered":"","protected":false},"excerpt":{"rendered":"<p>\u25ca <em>FPO spring-summer 2018<\/em>\u00a0\u25ca<\/p>\n<p><span style=\"color: #f5429e;\">\u2665 <strong>The Rose Collection<\/strong>\u00a0\u2665<\/span><\/p>\n<p>Collier \u00ab\u00a0Chic &amp; Stars\u00a0\u00bb en eco leather bleu d\u00e9lav\u00e9 avec \u00e9toiles dor\u00e9es en v\u00e9ritables cristaux <em><strong>Swarovski<\/strong><\/em>\u00a0\u2665<\/p>","protected":false},"featured_media":13415,"template":"","meta":[],"product_brand":[],"product_cat":[23],"product_tag":[233,350,363,74,558,140,1384,394],"class_list":{"0":"post-13142","1":"product","2":"type-product","3":"status-publish","4":"has-post-thumbnail","6":"product_cat-colliers","7":"product_tag-blue","8":"product_tag-chic","9":"product_tag-collar","10":"product_tag-collier","11":"product_tag-etoiles","12":"product_tag-fpo","13":"product_tag-rose-collection","14":"product_tag-stars","16":"first","17":"instock","18":"shipping-taxable","19":"purchasable","20":"product-type-variable"},"yoast_head":"<!-- This site is optimized with the Yoast SEO plugin v25.5 - https:\/\/yoast.com\/wordpress\/plugins\/seo\/ -->\n<title>FPO - Collier\/Collar Chic &amp; Stars Blue - L&#039;univers Animalier<\/title>\n<meta name=\"robots\" content=\"index, follow, max-snippet:-1, max-image-preview:large, max-video-preview:-1\" \/>\n<link rel=\"canonical\" href=\"https:\/\/wip.universanimalier.com\/boutique\/fpo-collier-collar-chic-stars-blue\/\" \/>\n<meta property=\"og:locale\" content=\"en_US\" \/>\n<meta property=\"og:type\" content=\"article\" \/>\n<meta property=\"og:title\" content=\"FPO - Collier\/Collar Chic &amp; Stars Blue - L&#039;univers Animalier\" \/>\n<meta property=\"og:description\" content=\"\u25ca FPO spring-summer 2018\u00a0\u25ca  \u2665 The Rose Collection\u00a0\u2665  Collier &quot;Chic &amp; Stars&quot; en eco leather bleu d\u00e9lav\u00e9 avec \u00e9toiles dor\u00e9es en v\u00e9ritables cristaux Swarovski\u00a0\u2665\" \/>\n<meta property=\"og:url\" content=\"https:\/\/wip.universanimalier.com\/boutique\/fpo-collier-collar-chic-stars-blue\/\" \/>\n<meta property=\"og:site_name\" content=\"L&#039;univers Animalier\" \/>\n<meta property=\"article:publisher\" content=\"https:\/\/www.facebook.com\/lunivers.animalier\" \/>\n<meta property=\"article:modified_time\" content=\"2018-03-23T22:05:38+00:00\" \/>\n<meta property=\"og:image\" content=\"https:\/\/wip.universanimalier.com\/wp-content\/uploads\/2018\/03\/7E399D3F-A27C-485D-AFA5-7BFAB1B5CBD9.jpeg\" \/>\n\t<meta property=\"og:image:width\" content=\"1024\" \/>\n\t<meta property=\"og:image:height\" content=\"1024\" \/>\n\t<meta property=\"og:image:type\" content=\"image\/jpeg\" \/>\n<meta name=\"twitter:card\" content=\"summary_large_image\" \/>\n<script type=\"application\/ld+json\" class=\"yoast-schema-graph\">{\"@context\":\"https:\/\/schema.org\",\"@graph\":[{\"@type\":\"WebPage\",\"@id\":\"https:\/\/wip.universanimalier.com\/boutique\/fpo-collier-collar-chic-stars-blue\/\",\"url\":\"https:\/\/wip.universanimalier.com\/boutique\/fpo-collier-collar-chic-stars-blue\/\",\"name\":\"FPO - Collier\/Collar Chic & Stars Blue - L&#039;univers Animalier\",\"isPartOf\":{\"@id\":\"https:\/\/wip.universanimalier.com\/#website\"},\"primaryImageOfPage\":{\"@id\":\"https:\/\/wip.universanimalier.com\/boutique\/fpo-collier-collar-chic-stars-blue\/#primaryimage\"},\"image\":{\"@id\":\"https:\/\/wip.universanimalier.com\/boutique\/fpo-collier-collar-chic-stars-blue\/#primaryimage\"},\"thumbnailUrl\":\"https:\/\/universanimalier.com\/wp-content\/uploads\/2018\/03\/7E399D3F-A27C-485D-AFA5-7BFAB1B5CBD9.jpeg\",\"datePublished\":\"2018-03-19T20:54:07+00:00\",\"dateModified\":\"2018-03-23T22:05:38+00:00\",\"breadcrumb\":{\"@id\":\"https:\/\/wip.universanimalier.com\/boutique\/fpo-collier-collar-chic-stars-blue\/#breadcrumb\"},\"inLanguage\":\"en-US\",\"potentialAction\":[{\"@type\":\"ReadAction\",\"target\":[\"https:\/\/wip.universanimalier.com\/boutique\/fpo-collier-collar-chic-stars-blue\/\"]}]},{\"@type\":\"ImageObject\",\"inLanguage\":\"en-US\",\"@id\":\"https:\/\/wip.universanimalier.com\/boutique\/fpo-collier-collar-chic-stars-blue\/#primaryimage\",\"url\":\"https:\/\/universanimalier.com\/wp-content\/uploads\/2018\/03\/7E399D3F-A27C-485D-AFA5-7BFAB1B5CBD9.jpeg\",\"contentUrl\":\"https:\/\/universanimalier.com\/wp-content\/uploads\/2018\/03\/7E399D3F-A27C-485D-AFA5-7BFAB1B5CBD9.jpeg\",\"width\":1024,\"height\":1024,\"caption\":\"Processed with MOLDIV\"},{\"@type\":\"BreadcrumbList\",\"@id\":\"https:\/\/wip.universanimalier.com\/boutique\/fpo-collier-collar-chic-stars-blue\/#breadcrumb\",\"itemListElement\":[{\"@type\":\"ListItem\",\"position\":1,\"name\":\"Accueil\",\"item\":\"https:\/\/wip.universanimalier.com\/\"},{\"@type\":\"ListItem\",\"position\":2,\"name\":\"Boutique\",\"item\":\"https:\/\/wip.universanimalier.com\/boutique\/\"},{\"@type\":\"ListItem\",\"position\":3,\"name\":\"FPO &#8211; Collier\/Collar Chic &#038; Stars Blue\"}]},{\"@type\":\"WebSite\",\"@id\":\"https:\/\/wip.universanimalier.com\/#website\",\"url\":\"https:\/\/wip.universanimalier.com\/\",\"name\":\"L'univers Animalier\",\"description\":\"Le paradis des chiens g\u00e2t\u00e9s !\",\"publisher\":{\"@id\":\"https:\/\/wip.universanimalier.com\/#organization\"},\"potentialAction\":[{\"@type\":\"SearchAction\",\"target\":{\"@type\":\"EntryPoint\",\"urlTemplate\":\"https:\/\/wip.universanimalier.com\/?s={search_term_string}\"},\"query-input\":{\"@type\":\"PropertyValueSpecification\",\"valueRequired\":true,\"valueName\":\"search_term_string\"}}],\"inLanguage\":\"en-US\"},{\"@type\":\"Organization\",\"@id\":\"https:\/\/wip.universanimalier.com\/#organization\",\"name\":\"L'univers Animalier\",\"url\":\"https:\/\/wip.universanimalier.com\/\",\"logo\":{\"@type\":\"ImageObject\",\"inLanguage\":\"en-US\",\"@id\":\"https:\/\/wip.universanimalier.com\/#\/schema\/logo\/image\/\",\"url\":\"https:\/\/universanimalier.com\/wp-content\/uploads\/2021\/06\/logo.jpg\",\"contentUrl\":\"https:\/\/universanimalier.com\/wp-content\/uploads\/2021\/06\/logo.jpg\",\"width\":800,\"height\":200,\"caption\":\"L'univers Animalier\"},\"image\":{\"@id\":\"https:\/\/wip.universanimalier.com\/#\/schema\/logo\/image\/\"},\"sameAs\":[\"https:\/\/www.facebook.com\/lunivers.animalier\"]}]}<\/script>\n<!-- \/ Yoast SEO plugin. -->","yoast_head_json":{"title":"FPO - Collier\/Collar Chic & Stars Blue - L&#039;univers Animalier","robots":{"index":"index","follow":"follow","max-snippet":"max-snippet:-1","max-image-preview":"max-image-preview:large","max-video-preview":"max-video-preview:-1"},"canonical":"https:\/\/wip.universanimalier.com\/boutique\/fpo-collier-collar-chic-stars-blue\/","og_locale":"en_US","og_type":"article","og_title":"FPO - Collier\/Collar Chic & Stars Blue - L&#039;univers Animalier","og_description":"\u25ca FPO spring-summer 2018\u00a0\u25ca  \u2665 The Rose Collection\u00a0\u2665  Collier \"Chic &amp; Stars\" en eco leather bleu d\u00e9lav\u00e9 avec \u00e9toiles dor\u00e9es en v\u00e9ritables cristaux Swarovski\u00a0\u2665","og_url":"https:\/\/wip.universanimalier.com\/boutique\/fpo-collier-collar-chic-stars-blue\/","og_site_name":"L&#039;univers Animalier","article_publisher":"https:\/\/www.facebook.com\/lunivers.animalier","article_modified_time":"2018-03-23T22:05:38+00:00","og_image":[{"width":1024,"height":1024,"url":"https:\/\/wip.universanimalier.com\/wp-content\/uploads\/2018\/03\/7E399D3F-A27C-485D-AFA5-7BFAB1B5CBD9.jpeg","type":"image\/jpeg"}],"twitter_card":"summary_large_image","schema":{"@context":"https:\/\/schema.org","@graph":[{"@type":"WebPage","@id":"https:\/\/wip.universanimalier.com\/boutique\/fpo-collier-collar-chic-stars-blue\/","url":"https:\/\/wip.universanimalier.com\/boutique\/fpo-collier-collar-chic-stars-blue\/","name":"FPO - Collier\/Collar Chic & Stars Blue - L&#039;univers Animalier","isPartOf":{"@id":"https:\/\/wip.universanimalier.com\/#website"},"primaryImageOfPage":{"@id":"https:\/\/wip.universanimalier.com\/boutique\/fpo-collier-collar-chic-stars-blue\/#primaryimage"},"image":{"@id":"https:\/\/wip.universanimalier.com\/boutique\/fpo-collier-collar-chic-stars-blue\/#primaryimage"},"thumbnailUrl":"https:\/\/universanimalier.com\/wp-content\/uploads\/2018\/03\/7E399D3F-A27C-485D-AFA5-7BFAB1B5CBD9.jpeg","datePublished":"2018-03-19T20:54:07+00:00","dateModified":"2018-03-23T22:05:38+00:00","breadcrumb":{"@id":"https:\/\/wip.universanimalier.com\/boutique\/fpo-collier-collar-chic-stars-blue\/#breadcrumb"},"inLanguage":"en-US","potentialAction":[{"@type":"ReadAction","target":["https:\/\/wip.universanimalier.com\/boutique\/fpo-collier-collar-chic-stars-blue\/"]}]},{"@type":"ImageObject","inLanguage":"en-US","@id":"https:\/\/wip.universanimalier.com\/boutique\/fpo-collier-collar-chic-stars-blue\/#primaryimage","url":"https:\/\/universanimalier.com\/wp-content\/uploads\/2018\/03\/7E399D3F-A27C-485D-AFA5-7BFAB1B5CBD9.jpeg","contentUrl":"https:\/\/universanimalier.com\/wp-content\/uploads\/2018\/03\/7E399D3F-A27C-485D-AFA5-7BFAB1B5CBD9.jpeg","width":1024,"height":1024,"caption":"Processed with MOLDIV"},{"@type":"BreadcrumbList","@id":"https:\/\/wip.universanimalier.com\/boutique\/fpo-collier-collar-chic-stars-blue\/#breadcrumb","itemListElement":[{"@type":"ListItem","position":1,"name":"Accueil","item":"https:\/\/wip.universanimalier.com\/"},{"@type":"ListItem","position":2,"name":"Boutique","item":"https:\/\/wip.universanimalier.com\/boutique\/"},{"@type":"ListItem","position":3,"name":"FPO &#8211; Collier\/Collar Chic &#038; Stars Blue"}]},{"@type":"WebSite","@id":"https:\/\/wip.universanimalier.com\/#website","url":"https:\/\/wip.universanimalier.com\/","name":"L'univers Animalier","description":"A paradise for spoiled dogs!","publisher":{"@id":"https:\/\/wip.universanimalier.com\/#organization"},"potentialAction":[{"@type":"SearchAction","target":{"@type":"EntryPoint","urlTemplate":"https:\/\/wip.universanimalier.com\/?s={search_term_string}"},"query-input":{"@type":"PropertyValueSpecification","valueRequired":true,"valueName":"search_term_string"}}],"inLanguage":"en-US"},{"@type":"Organization","@id":"https:\/\/wip.universanimalier.com\/#organization","name":"L'univers Animalier","url":"https:\/\/wip.universanimalier.com\/","logo":{"@type":"ImageObject","inLanguage":"en-US","@id":"https:\/\/wip.universanimalier.com\/#\/schema\/logo\/image\/","url":"https:\/\/universanimalier.com\/wp-content\/uploads\/2021\/06\/logo.jpg","contentUrl":"https:\/\/universanimalier.com\/wp-content\/uploads\/2021\/06\/logo.jpg","width":800,"height":200,"caption":"L'univers Animalier"},"image":{"@id":"https:\/\/wip.universanimalier.com\/#\/schema\/logo\/image\/"},"sameAs":["https:\/\/www.facebook.com\/lunivers.animalier"]}]}},"_links":{"self":[{"href":"https:\/\/universanimalier.com\/en\/wp-json\/wp\/v2\/product\/13142"}],"collection":[{"href":"https:\/\/universanimalier.com\/en\/wp-json\/wp\/v2\/product"}],"about":[{"href":"https:\/\/universanimalier.com\/en\/wp-json\/wp\/v2\/types\/product"}],"wp:featuredmedia":[{"embeddable":true,"href":"https:\/\/universanimalier.com\/en\/wp-json\/wp\/v2\/media\/13415"}],"wp:attachment":[{"href":"https:\/\/universanimalier.com\/en\/wp-json\/wp\/v2\/media?parent=13142"}],"wp:term":[{"taxonomy":"product_brand","embeddable":true,"href":"https:\/\/universanimalier.com\/en\/wp-json\/wp\/v2\/product_brand?post=13142"},{"taxonomy":"product_cat","embeddable":true,"href":"https:\/\/universanimalier.com\/en\/wp-json\/wp\/v2\/product_cat?post=13142"},{"taxonomy":"product_tag","embeddable":true,"href":"https:\/\/universanimalier.com\/en\/wp-json\/wp\/v2\/product_tag?post=13142"}],"curies":[{"name":"wp","href":"https:\/\/api.w.org\/{rel}","templated":true}]}}