{"id":13706,"date":"2018-04-02T21:44:23","date_gmt":"2018-04-02T19:44:23","guid":{"rendered":"https:\/\/universanimalier.com\/?post_type=product&#038;p=13706"},"modified":"2023-04-11T23:09:53","modified_gmt":"2023-04-11T21:09:53","slug":"mp-polo-kennedy-red","status":"publish","type":"product","link":"https:\/\/universanimalier.com\/en\/boutique\/mp-polo-kennedy-red\/","title":{"rendered":"M&amp;P - Kennedy Red Polo"},"content":{"rendered":"","protected":false},"excerpt":{"rendered":"<p>\u2192 Milk and Pepper - Spring \/ Summer 2018 \u2190<\/p>\n<p>Very trendy vintage style cotton polo \/ T-shirt with small yoke at the collar.<\/p>\n<p>Also available in navy blue.<\/p>","protected":false},"featured_media":13610,"template":"","meta":[],"product_brand":[],"product_cat":[1654,15],"product_tag":[1485,617,985,212,134,153,979],"class_list":{"0":"post-13706","1":"product","2":"type-product","3":"status-publish","4":"has-post-thumbnail","6":"product_cat-t-shirts","7":"product_cat-dressing","8":"product_tag-kennedy","9":"product_tag-mp","10":"product_tag-polo","11":"product_tag-red","12":"product_tag-rouge","13":"product_tag-t-shirt","14":"product_tag-vintage","16":"first","17":"instock","18":"shipping-taxable","19":"purchasable","20":"product-type-variable"},"yoast_head":"<!-- This site is optimized with the Yoast SEO plugin v25.5 - https:\/\/yoast.com\/wordpress\/plugins\/seo\/ -->\n<title>M&amp;P - Polo Kennedy Red - L&#039;univers Animalier<\/title>\n<meta name=\"robots\" content=\"index, follow, max-snippet:-1, max-image-preview:large, max-video-preview:-1\" \/>\n<link rel=\"canonical\" href=\"https:\/\/universanimalier.com\/en\/boutique\/mp-polo-kennedy-red\/\" \/>\n<meta property=\"og:locale\" content=\"en_US\" \/>\n<meta property=\"og:type\" content=\"article\" \/>\n<meta property=\"og:title\" content=\"M&amp;P - Polo Kennedy Red - L&#039;univers Animalier\" \/>\n<meta property=\"og:description\" content=\"\u2192\u00a0Milk and Pepper \u2013 Spring\/Summer 2018\u00a0\u2190  Polo\/T-shirt\u00a0en coton au style vintage tr\u00e8s tendance avec petit empi\u00e8cement au col.  Existe \u00e9galement en bleu marine.\" \/>\n<meta property=\"og:url\" content=\"https:\/\/universanimalier.com\/en\/boutique\/mp-polo-kennedy-red\/\" \/>\n<meta property=\"og:site_name\" content=\"L&#039;univers Animalier\" \/>\n<meta property=\"article:publisher\" content=\"https:\/\/www.facebook.com\/lunivers.animalier\" \/>\n<meta property=\"article:modified_time\" content=\"2023-04-11T21:09:53+00:00\" \/>\n<meta property=\"og:image\" content=\"https:\/\/wip.universanimalier.com\/wp-content\/uploads\/2018\/04\/7480BD4B-DD92-441A-8930-707CDF1FBB4D.jpeg\" \/>\n\t<meta property=\"og:image:width\" content=\"874\" \/>\n\t<meta property=\"og:image:height\" content=\"874\" \/>\n\t<meta property=\"og:image:type\" content=\"image\/jpeg\" \/>\n<meta name=\"twitter:card\" content=\"summary_large_image\" \/>\n<script type=\"application\/ld+json\" class=\"yoast-schema-graph\">{\"@context\":\"https:\/\/schema.org\",\"@graph\":[{\"@type\":\"WebPage\",\"@id\":\"https:\/\/universanimalier.com\/en\/boutique\/mp-polo-kennedy-red\/\",\"url\":\"https:\/\/universanimalier.com\/en\/boutique\/mp-polo-kennedy-red\/\",\"name\":\"M&P - Polo Kennedy Red - L&#039;univers Animalier\",\"isPartOf\":{\"@id\":\"https:\/\/wip.universanimalier.com\/#website\"},\"primaryImageOfPage\":{\"@id\":\"https:\/\/universanimalier.com\/en\/boutique\/mp-polo-kennedy-red\/#primaryimage\"},\"image\":{\"@id\":\"https:\/\/universanimalier.com\/en\/boutique\/mp-polo-kennedy-red\/#primaryimage\"},\"thumbnailUrl\":\"https:\/\/universanimalier.com\/wp-content\/uploads\/2018\/04\/7480BD4B-DD92-441A-8930-707CDF1FBB4D.jpeg\",\"datePublished\":\"2018-04-02T19:44:23+00:00\",\"dateModified\":\"2023-04-11T21:09:53+00:00\",\"breadcrumb\":{\"@id\":\"https:\/\/universanimalier.com\/en\/boutique\/mp-polo-kennedy-red\/#breadcrumb\"},\"inLanguage\":\"en-US\",\"potentialAction\":[{\"@type\":\"ReadAction\",\"target\":[\"https:\/\/universanimalier.com\/en\/boutique\/mp-polo-kennedy-red\/\"]}]},{\"@type\":\"ImageObject\",\"inLanguage\":\"en-US\",\"@id\":\"https:\/\/universanimalier.com\/en\/boutique\/mp-polo-kennedy-red\/#primaryimage\",\"url\":\"https:\/\/universanimalier.com\/wp-content\/uploads\/2018\/04\/7480BD4B-DD92-441A-8930-707CDF1FBB4D.jpeg\",\"contentUrl\":\"https:\/\/universanimalier.com\/wp-content\/uploads\/2018\/04\/7480BD4B-DD92-441A-8930-707CDF1FBB4D.jpeg\",\"width\":874,\"height\":874,\"caption\":\"Processed with MOLDIV\"},{\"@type\":\"BreadcrumbList\",\"@id\":\"https:\/\/universanimalier.com\/en\/boutique\/mp-polo-kennedy-red\/#breadcrumb\",\"itemListElement\":[{\"@type\":\"ListItem\",\"position\":1,\"name\":\"Accueil\",\"item\":\"https:\/\/wip.universanimalier.com\/\"},{\"@type\":\"ListItem\",\"position\":2,\"name\":\"Boutique\",\"item\":\"https:\/\/wip.universanimalier.com\/boutique\/\"},{\"@type\":\"ListItem\",\"position\":3,\"name\":\"M&#038;P &#8211; Polo Kennedy Red\"}]},{\"@type\":\"WebSite\",\"@id\":\"https:\/\/wip.universanimalier.com\/#website\",\"url\":\"https:\/\/wip.universanimalier.com\/\",\"name\":\"L'univers Animalier\",\"description\":\"Le paradis des chiens g\u00e2t\u00e9s !\",\"publisher\":{\"@id\":\"https:\/\/wip.universanimalier.com\/#organization\"},\"potentialAction\":[{\"@type\":\"SearchAction\",\"target\":{\"@type\":\"EntryPoint\",\"urlTemplate\":\"https:\/\/wip.universanimalier.com\/?s={search_term_string}\"},\"query-input\":{\"@type\":\"PropertyValueSpecification\",\"valueRequired\":true,\"valueName\":\"search_term_string\"}}],\"inLanguage\":\"en-US\"},{\"@type\":\"Organization\",\"@id\":\"https:\/\/wip.universanimalier.com\/#organization\",\"name\":\"L'univers Animalier\",\"url\":\"https:\/\/wip.universanimalier.com\/\",\"logo\":{\"@type\":\"ImageObject\",\"inLanguage\":\"en-US\",\"@id\":\"https:\/\/wip.universanimalier.com\/#\/schema\/logo\/image\/\",\"url\":\"https:\/\/universanimalier.com\/wp-content\/uploads\/2021\/06\/logo.jpg\",\"contentUrl\":\"https:\/\/universanimalier.com\/wp-content\/uploads\/2021\/06\/logo.jpg\",\"width\":800,\"height\":200,\"caption\":\"L'univers Animalier\"},\"image\":{\"@id\":\"https:\/\/wip.universanimalier.com\/#\/schema\/logo\/image\/\"},\"sameAs\":[\"https:\/\/www.facebook.com\/lunivers.animalier\"]}]}<\/script>\n<!-- \/ Yoast SEO plugin. -->","yoast_head_json":{"title":"M&P - Polo Kennedy Red - L&#039;univers Animalier","robots":{"index":"index","follow":"follow","max-snippet":"max-snippet:-1","max-image-preview":"max-image-preview:large","max-video-preview":"max-video-preview:-1"},"canonical":"https:\/\/universanimalier.com\/en\/boutique\/mp-polo-kennedy-red\/","og_locale":"en_US","og_type":"article","og_title":"M&P - Polo Kennedy Red - L&#039;univers Animalier","og_description":"\u2192\u00a0Milk and Pepper \u2013 Spring\/Summer 2018\u00a0\u2190  Polo\/T-shirt\u00a0en coton au style vintage tr\u00e8s tendance avec petit empi\u00e8cement au col.  Existe \u00e9galement en bleu marine.","og_url":"https:\/\/universanimalier.com\/en\/boutique\/mp-polo-kennedy-red\/","og_site_name":"L&#039;univers Animalier","article_publisher":"https:\/\/www.facebook.com\/lunivers.animalier","article_modified_time":"2023-04-11T21:09:53+00:00","og_image":[{"width":874,"height":874,"url":"https:\/\/wip.universanimalier.com\/wp-content\/uploads\/2018\/04\/7480BD4B-DD92-441A-8930-707CDF1FBB4D.jpeg","type":"image\/jpeg"}],"twitter_card":"summary_large_image","schema":{"@context":"https:\/\/schema.org","@graph":[{"@type":"WebPage","@id":"https:\/\/universanimalier.com\/en\/boutique\/mp-polo-kennedy-red\/","url":"https:\/\/universanimalier.com\/en\/boutique\/mp-polo-kennedy-red\/","name":"M&P - Polo Kennedy Red - L&#039;univers Animalier","isPartOf":{"@id":"https:\/\/wip.universanimalier.com\/#website"},"primaryImageOfPage":{"@id":"https:\/\/universanimalier.com\/en\/boutique\/mp-polo-kennedy-red\/#primaryimage"},"image":{"@id":"https:\/\/universanimalier.com\/en\/boutique\/mp-polo-kennedy-red\/#primaryimage"},"thumbnailUrl":"https:\/\/universanimalier.com\/wp-content\/uploads\/2018\/04\/7480BD4B-DD92-441A-8930-707CDF1FBB4D.jpeg","datePublished":"2018-04-02T19:44:23+00:00","dateModified":"2023-04-11T21:09:53+00:00","breadcrumb":{"@id":"https:\/\/universanimalier.com\/en\/boutique\/mp-polo-kennedy-red\/#breadcrumb"},"inLanguage":"en-US","potentialAction":[{"@type":"ReadAction","target":["https:\/\/universanimalier.com\/en\/boutique\/mp-polo-kennedy-red\/"]}]},{"@type":"ImageObject","inLanguage":"en-US","@id":"https:\/\/universanimalier.com\/en\/boutique\/mp-polo-kennedy-red\/#primaryimage","url":"https:\/\/universanimalier.com\/wp-content\/uploads\/2018\/04\/7480BD4B-DD92-441A-8930-707CDF1FBB4D.jpeg","contentUrl":"https:\/\/universanimalier.com\/wp-content\/uploads\/2018\/04\/7480BD4B-DD92-441A-8930-707CDF1FBB4D.jpeg","width":874,"height":874,"caption":"Processed with MOLDIV"},{"@type":"BreadcrumbList","@id":"https:\/\/universanimalier.com\/en\/boutique\/mp-polo-kennedy-red\/#breadcrumb","itemListElement":[{"@type":"ListItem","position":1,"name":"Accueil","item":"https:\/\/wip.universanimalier.com\/"},{"@type":"ListItem","position":2,"name":"Boutique","item":"https:\/\/wip.universanimalier.com\/boutique\/"},{"@type":"ListItem","position":3,"name":"M&#038;P &#8211; Polo Kennedy Red"}]},{"@type":"WebSite","@id":"https:\/\/wip.universanimalier.com\/#website","url":"https:\/\/wip.universanimalier.com\/","name":"L'univers Animalier","description":"A paradise for spoiled dogs!","publisher":{"@id":"https:\/\/wip.universanimalier.com\/#organization"},"potentialAction":[{"@type":"SearchAction","target":{"@type":"EntryPoint","urlTemplate":"https:\/\/wip.universanimalier.com\/?s={search_term_string}"},"query-input":{"@type":"PropertyValueSpecification","valueRequired":true,"valueName":"search_term_string"}}],"inLanguage":"en-US"},{"@type":"Organization","@id":"https:\/\/wip.universanimalier.com\/#organization","name":"L'univers Animalier","url":"https:\/\/wip.universanimalier.com\/","logo":{"@type":"ImageObject","inLanguage":"en-US","@id":"https:\/\/wip.universanimalier.com\/#\/schema\/logo\/image\/","url":"https:\/\/universanimalier.com\/wp-content\/uploads\/2021\/06\/logo.jpg","contentUrl":"https:\/\/universanimalier.com\/wp-content\/uploads\/2021\/06\/logo.jpg","width":800,"height":200,"caption":"L'univers Animalier"},"image":{"@id":"https:\/\/wip.universanimalier.com\/#\/schema\/logo\/image\/"},"sameAs":["https:\/\/www.facebook.com\/lunivers.animalier"]}]}},"_links":{"self":[{"href":"https:\/\/universanimalier.com\/en\/wp-json\/wp\/v2\/product\/13706"}],"collection":[{"href":"https:\/\/universanimalier.com\/en\/wp-json\/wp\/v2\/product"}],"about":[{"href":"https:\/\/universanimalier.com\/en\/wp-json\/wp\/v2\/types\/product"}],"wp:featuredmedia":[{"embeddable":true,"href":"https:\/\/universanimalier.com\/en\/wp-json\/wp\/v2\/media\/13610"}],"wp:attachment":[{"href":"https:\/\/universanimalier.com\/en\/wp-json\/wp\/v2\/media?parent=13706"}],"wp:term":[{"taxonomy":"product_brand","embeddable":true,"href":"https:\/\/universanimalier.com\/en\/wp-json\/wp\/v2\/product_brand?post=13706"},{"taxonomy":"product_cat","embeddable":true,"href":"https:\/\/universanimalier.com\/en\/wp-json\/wp\/v2\/product_cat?post=13706"},{"taxonomy":"product_tag","embeddable":true,"href":"https:\/\/universanimalier.com\/en\/wp-json\/wp\/v2\/product_tag?post=13706"}],"curies":[{"name":"wp","href":"https:\/\/api.w.org\/{rel}","templated":true}]}}