{"id":15273,"date":"2018-07-07T16:20:33","date_gmt":"2018-07-07T14:20:33","guid":{"rendered":"https:\/\/universanimalier.com\/?post_type=product&#038;p=15273"},"modified":"2025-08-01T08:50:55","modified_gmt":"2025-08-01T06:50:55","slug":"malucchi-sac-camel-chihuahua","status":"publish","type":"product","link":"https:\/\/universanimalier.com\/en\/boutique\/malucchi-sac-camel-chihuahua\/","title":{"rendered":"Malucchi \u2013 Camel Chihuahua Bag"},"content":{"rendered":"","protected":false},"excerpt":{"rendered":"<p>\u2665 Last piece \u2665<\/p>\n<p>Malucchi bag in top quality leather, very comfortable.<\/p>\n<ul>\n<li>Double handle<\/li>\n<li>Chihuahua pattern<\/li>\n<li>With crystals <em><strong>Swarovski<\/strong><\/em><\/li>\n<li>Interior for your little companion \u2013 removable<\/li>\n<li>Small storage spaces (laptop, etc.)<\/li>\n<li>Interior attachment<\/li>\n<\/ul>\n<p>Dimensions: 40 x 35 x 20 cm.<\/p>","protected":false},"featured_media":15234,"template":"","meta":[],"product_brand":[],"product_cat":[16],"product_tag":[333,169,246,860,19,147,146],"class_list":{"0":"post-15273","1":"product","2":"type-product","3":"status-publish","4":"has-post-thumbnail","6":"product_cat-sacs-de-transport","7":"product_tag-bag","8":"product_tag-camel","9":"product_tag-chihuahua","10":"product_tag-limited-edition","11":"product_tag-malucchi","12":"product_tag-sac","13":"product_tag-swarovski","15":"first","16":"instock","17":"shipping-taxable","18":"purchasable","19":"product-type-simple"},"yoast_head":"<!-- This site is optimized with the Yoast SEO plugin v25.5 - https:\/\/yoast.com\/wordpress\/plugins\/seo\/ -->\n<title>Malucchi - Sac Camel Chihuahua - L&#039;univers Animalier<\/title>\n<meta name=\"robots\" content=\"index, follow, max-snippet:-1, max-image-preview:large, max-video-preview:-1\" \/>\n<link rel=\"canonical\" href=\"https:\/\/universanimalier.com\/en\/boutique\/malucchi-sac-camel-chihuahua\/\" \/>\n<meta property=\"og:locale\" content=\"en_US\" \/>\n<meta property=\"og:type\" content=\"article\" \/>\n<meta property=\"og:title\" content=\"Malucchi - Sac Camel Chihuahua - L&#039;univers Animalier\" \/>\n<meta property=\"og:description\" content=\"\u2665 Derni\u00e8re pi\u00e8ce\u00a0\u2665  Sac Malucchi en cuir de qualit\u00e9 sup\u00e9rieure, tr\u00e8s confortable.   Double anse  Motif chihuahua  Avec cristaux Swarovski  Int\u00e9rieur pour votre petit compagnon - amovible  Petits rangements (portable, ...)  Attache int\u00e9rieure  Dimensions: 40 x 35 x 20 cm.\" \/>\n<meta property=\"og:url\" content=\"https:\/\/universanimalier.com\/en\/boutique\/malucchi-sac-camel-chihuahua\/\" \/>\n<meta property=\"og:site_name\" content=\"L&#039;univers Animalier\" \/>\n<meta property=\"article:publisher\" content=\"https:\/\/www.facebook.com\/lunivers.animalier\" \/>\n<meta property=\"article:modified_time\" content=\"2025-08-01T06:50:55+00:00\" \/>\n<meta property=\"og:image\" content=\"https:\/\/universanimalier.com\/wp-content\/uploads\/2018\/07\/0C27D7A4-91F3-49F5-95CE-C5A5C0963FF4.jpeg\" \/>\n\t<meta property=\"og:image:width\" content=\"1200\" \/>\n\t<meta property=\"og:image:height\" content=\"1200\" \/>\n\t<meta property=\"og:image:type\" content=\"image\/jpeg\" \/>\n<meta name=\"twitter:card\" content=\"summary_large_image\" \/>\n<script type=\"application\/ld+json\" class=\"yoast-schema-graph\">{\"@context\":\"https:\/\/schema.org\",\"@graph\":[{\"@type\":\"WebPage\",\"@id\":\"https:\/\/universanimalier.com\/boutique\/malucchi-sac-camel-chihuahua\/\",\"url\":\"https:\/\/universanimalier.com\/boutique\/malucchi-sac-camel-chihuahua\/\",\"name\":\"Malucchi - Sac Camel Chihuahua - L&#039;univers Animalier\",\"isPartOf\":{\"@id\":\"https:\/\/wip.universanimalier.com\/#website\"},\"primaryImageOfPage\":{\"@id\":\"https:\/\/universanimalier.com\/boutique\/malucchi-sac-camel-chihuahua\/#primaryimage\"},\"image\":{\"@id\":\"https:\/\/universanimalier.com\/boutique\/malucchi-sac-camel-chihuahua\/#primaryimage\"},\"thumbnailUrl\":\"https:\/\/universanimalier.com\/wp-content\/uploads\/2018\/07\/0C27D7A4-91F3-49F5-95CE-C5A5C0963FF4.jpeg\",\"datePublished\":\"2018-07-07T14:20:33+00:00\",\"dateModified\":\"2025-08-01T06:50:55+00:00\",\"breadcrumb\":{\"@id\":\"https:\/\/universanimalier.com\/boutique\/malucchi-sac-camel-chihuahua\/#breadcrumb\"},\"inLanguage\":\"en-US\",\"potentialAction\":[{\"@type\":\"ReadAction\",\"target\":[\"https:\/\/universanimalier.com\/boutique\/malucchi-sac-camel-chihuahua\/\"]}]},{\"@type\":\"ImageObject\",\"inLanguage\":\"en-US\",\"@id\":\"https:\/\/universanimalier.com\/boutique\/malucchi-sac-camel-chihuahua\/#primaryimage\",\"url\":\"https:\/\/universanimalier.com\/wp-content\/uploads\/2018\/07\/0C27D7A4-91F3-49F5-95CE-C5A5C0963FF4.jpeg\",\"contentUrl\":\"https:\/\/universanimalier.com\/wp-content\/uploads\/2018\/07\/0C27D7A4-91F3-49F5-95CE-C5A5C0963FF4.jpeg\",\"width\":1200,\"height\":1200,\"caption\":\"Processed with MOLDIV\"},{\"@type\":\"BreadcrumbList\",\"@id\":\"https:\/\/universanimalier.com\/boutique\/malucchi-sac-camel-chihuahua\/#breadcrumb\",\"itemListElement\":[{\"@type\":\"ListItem\",\"position\":1,\"name\":\"Accueil\",\"item\":\"https:\/\/wip.universanimalier.com\/\"},{\"@type\":\"ListItem\",\"position\":2,\"name\":\"Boutique\",\"item\":\"https:\/\/wip.universanimalier.com\/boutique\/\"},{\"@type\":\"ListItem\",\"position\":3,\"name\":\"Malucchi &#8211; Sac Camel Chihuahua\"}]},{\"@type\":\"WebSite\",\"@id\":\"https:\/\/wip.universanimalier.com\/#website\",\"url\":\"https:\/\/wip.universanimalier.com\/\",\"name\":\"L'univers Animalier\",\"description\":\"Le paradis des chiens g\u00e2t\u00e9s !\",\"publisher\":{\"@id\":\"https:\/\/wip.universanimalier.com\/#organization\"},\"potentialAction\":[{\"@type\":\"SearchAction\",\"target\":{\"@type\":\"EntryPoint\",\"urlTemplate\":\"https:\/\/wip.universanimalier.com\/?s={search_term_string}\"},\"query-input\":{\"@type\":\"PropertyValueSpecification\",\"valueRequired\":true,\"valueName\":\"search_term_string\"}}],\"inLanguage\":\"en-US\"},{\"@type\":\"Organization\",\"@id\":\"https:\/\/wip.universanimalier.com\/#organization\",\"name\":\"L'univers Animalier\",\"url\":\"https:\/\/wip.universanimalier.com\/\",\"logo\":{\"@type\":\"ImageObject\",\"inLanguage\":\"en-US\",\"@id\":\"https:\/\/wip.universanimalier.com\/#\/schema\/logo\/image\/\",\"url\":\"https:\/\/universanimalier.com\/wp-content\/uploads\/2021\/06\/logo.jpg\",\"contentUrl\":\"https:\/\/universanimalier.com\/wp-content\/uploads\/2021\/06\/logo.jpg\",\"width\":800,\"height\":200,\"caption\":\"L'univers Animalier\"},\"image\":{\"@id\":\"https:\/\/wip.universanimalier.com\/#\/schema\/logo\/image\/\"},\"sameAs\":[\"https:\/\/www.facebook.com\/lunivers.animalier\"]}]}<\/script>\n<!-- \/ Yoast SEO plugin. -->","yoast_head_json":{"title":"Malucchi - Sac Camel Chihuahua - L&#039;univers Animalier","robots":{"index":"index","follow":"follow","max-snippet":"max-snippet:-1","max-image-preview":"max-image-preview:large","max-video-preview":"max-video-preview:-1"},"canonical":"https:\/\/universanimalier.com\/en\/boutique\/malucchi-sac-camel-chihuahua\/","og_locale":"en_US","og_type":"article","og_title":"Malucchi - Sac Camel Chihuahua - L&#039;univers Animalier","og_description":"\u2665 Derni\u00e8re pi\u00e8ce\u00a0\u2665  Sac Malucchi en cuir de qualit\u00e9 sup\u00e9rieure, tr\u00e8s confortable.   Double anse  Motif chihuahua  Avec cristaux Swarovski  Int\u00e9rieur pour votre petit compagnon - amovible  Petits rangements (portable, ...)  Attache int\u00e9rieure  Dimensions: 40 x 35 x 20 cm.","og_url":"https:\/\/universanimalier.com\/en\/boutique\/malucchi-sac-camel-chihuahua\/","og_site_name":"L&#039;univers Animalier","article_publisher":"https:\/\/www.facebook.com\/lunivers.animalier","article_modified_time":"2025-08-01T06:50:55+00:00","og_image":[{"width":1200,"height":1200,"url":"https:\/\/universanimalier.com\/wp-content\/uploads\/2018\/07\/0C27D7A4-91F3-49F5-95CE-C5A5C0963FF4.jpeg","type":"image\/jpeg"}],"twitter_card":"summary_large_image","schema":{"@context":"https:\/\/schema.org","@graph":[{"@type":"WebPage","@id":"https:\/\/universanimalier.com\/boutique\/malucchi-sac-camel-chihuahua\/","url":"https:\/\/universanimalier.com\/boutique\/malucchi-sac-camel-chihuahua\/","name":"Malucchi - Sac Camel Chihuahua - L&#039;univers Animalier","isPartOf":{"@id":"https:\/\/wip.universanimalier.com\/#website"},"primaryImageOfPage":{"@id":"https:\/\/universanimalier.com\/boutique\/malucchi-sac-camel-chihuahua\/#primaryimage"},"image":{"@id":"https:\/\/universanimalier.com\/boutique\/malucchi-sac-camel-chihuahua\/#primaryimage"},"thumbnailUrl":"https:\/\/universanimalier.com\/wp-content\/uploads\/2018\/07\/0C27D7A4-91F3-49F5-95CE-C5A5C0963FF4.jpeg","datePublished":"2018-07-07T14:20:33+00:00","dateModified":"2025-08-01T06:50:55+00:00","breadcrumb":{"@id":"https:\/\/universanimalier.com\/boutique\/malucchi-sac-camel-chihuahua\/#breadcrumb"},"inLanguage":"en-US","potentialAction":[{"@type":"ReadAction","target":["https:\/\/universanimalier.com\/boutique\/malucchi-sac-camel-chihuahua\/"]}]},{"@type":"ImageObject","inLanguage":"en-US","@id":"https:\/\/universanimalier.com\/boutique\/malucchi-sac-camel-chihuahua\/#primaryimage","url":"https:\/\/universanimalier.com\/wp-content\/uploads\/2018\/07\/0C27D7A4-91F3-49F5-95CE-C5A5C0963FF4.jpeg","contentUrl":"https:\/\/universanimalier.com\/wp-content\/uploads\/2018\/07\/0C27D7A4-91F3-49F5-95CE-C5A5C0963FF4.jpeg","width":1200,"height":1200,"caption":"Processed with MOLDIV"},{"@type":"BreadcrumbList","@id":"https:\/\/universanimalier.com\/boutique\/malucchi-sac-camel-chihuahua\/#breadcrumb","itemListElement":[{"@type":"ListItem","position":1,"name":"Accueil","item":"https:\/\/wip.universanimalier.com\/"},{"@type":"ListItem","position":2,"name":"Boutique","item":"https:\/\/wip.universanimalier.com\/boutique\/"},{"@type":"ListItem","position":3,"name":"Malucchi &#8211; Sac Camel Chihuahua"}]},{"@type":"WebSite","@id":"https:\/\/wip.universanimalier.com\/#website","url":"https:\/\/wip.universanimalier.com\/","name":"L'univers Animalier","description":"A paradise for spoiled dogs!","publisher":{"@id":"https:\/\/wip.universanimalier.com\/#organization"},"potentialAction":[{"@type":"SearchAction","target":{"@type":"EntryPoint","urlTemplate":"https:\/\/wip.universanimalier.com\/?s={search_term_string}"},"query-input":{"@type":"PropertyValueSpecification","valueRequired":true,"valueName":"search_term_string"}}],"inLanguage":"en-US"},{"@type":"Organization","@id":"https:\/\/wip.universanimalier.com\/#organization","name":"L'univers Animalier","url":"https:\/\/wip.universanimalier.com\/","logo":{"@type":"ImageObject","inLanguage":"en-US","@id":"https:\/\/wip.universanimalier.com\/#\/schema\/logo\/image\/","url":"https:\/\/universanimalier.com\/wp-content\/uploads\/2021\/06\/logo.jpg","contentUrl":"https:\/\/universanimalier.com\/wp-content\/uploads\/2021\/06\/logo.jpg","width":800,"height":200,"caption":"L'univers Animalier"},"image":{"@id":"https:\/\/wip.universanimalier.com\/#\/schema\/logo\/image\/"},"sameAs":["https:\/\/www.facebook.com\/lunivers.animalier"]}]}},"_links":{"self":[{"href":"https:\/\/universanimalier.com\/en\/wp-json\/wp\/v2\/product\/15273"}],"collection":[{"href":"https:\/\/universanimalier.com\/en\/wp-json\/wp\/v2\/product"}],"about":[{"href":"https:\/\/universanimalier.com\/en\/wp-json\/wp\/v2\/types\/product"}],"wp:featuredmedia":[{"embeddable":true,"href":"https:\/\/universanimalier.com\/en\/wp-json\/wp\/v2\/media\/15234"}],"wp:attachment":[{"href":"https:\/\/universanimalier.com\/en\/wp-json\/wp\/v2\/media?parent=15273"}],"wp:term":[{"taxonomy":"product_brand","embeddable":true,"href":"https:\/\/universanimalier.com\/en\/wp-json\/wp\/v2\/product_brand?post=15273"},{"taxonomy":"product_cat","embeddable":true,"href":"https:\/\/universanimalier.com\/en\/wp-json\/wp\/v2\/product_cat?post=15273"},{"taxonomy":"product_tag","embeddable":true,"href":"https:\/\/universanimalier.com\/en\/wp-json\/wp\/v2\/product_tag?post=15273"}],"curies":[{"name":"wp","href":"https:\/\/api.w.org\/{rel}","templated":true}]}}