{"id":15509,"date":"2018-07-27T22:46:26","date_gmt":"2018-07-27T20:46:26","guid":{"rendered":"https:\/\/universanimalier.com\/?post_type=product&#038;p=15509"},"modified":"2020-12-12T17:33:06","modified_gmt":"2020-12-12T16:33:06","slug":"mp-manteau-doudoune-nikita-copie","status":"publish","type":"product","link":"https:\/\/universanimalier.com\/en\/boutique\/mp-manteau-doudoune-nikita-copie\/","title":{"rendered":"M&amp;P - Reversible coat \/ down jacket Gotham"},"content":{"rendered":"","protected":false},"excerpt":{"rendered":"<p>\u2665 Milk and Pepper - Fall \/ Winter 2018 \u2665<\/p>\n<p>Manteau r\u00e9versible, beige d&rsquo;un c\u00f4t\u00e9 et noir de l&rsquo;autre, bien chaud, tr\u00e8s confortable et imperm\u00e9able.<\/p>\n<ul>\n<li>Created especially for small dogs (Chihuahua, Yorkshire, Bichon, Shih-tzu)<\/li>\n<li>Collar is lined with a thin black faux leather band<\/li>\n<li>Zipped opening on the back for the passage of the harness<\/li>\n<li>Closure under the belly with golden press studs engraved with &quot;M&amp;P&quot;<\/li>\n<li>Small golden plaque at the bottom of the back<\/li>\n<li>Water repellent (waterproof) coat<\/li>\n<\/ul>","protected":false},"featured_media":15488,"template":"","meta":[],"product_brand":[],"product_cat":[1659,15],"product_tag":[122,252,1239,685,1626,617,131],"class_list":{"0":"post-15509","1":"product","2":"type-product","3":"status-publish","4":"has-post-thumbnail","6":"product_cat-manteaux","7":"product_cat-dressing","8":"product_tag-beige","9":"product_tag-black","10":"product_tag-coat","11":"product_tag-doudoune","12":"product_tag-gotham","13":"product_tag-mp","14":"product_tag-manteau","16":"first","17":"instock","18":"shipping-taxable","19":"purchasable","20":"product-type-variable"},"yoast_head":"<!-- This site is optimized with the Yoast SEO plugin v25.5 - https:\/\/yoast.com\/wordpress\/plugins\/seo\/ -->\n<title>M&amp;P - Manteau\/Doudoune r\u00e9versible Gotham - L&#039;univers Animalier<\/title>\n<meta name=\"robots\" content=\"index, follow, max-snippet:-1, max-image-preview:large, max-video-preview:-1\" \/>\n<link rel=\"canonical\" href=\"https:\/\/wip.universanimalier.com\/boutique\/mp-manteau-doudoune-nikita-copie\/\" \/>\n<meta property=\"og:locale\" content=\"en_US\" \/>\n<meta property=\"og:type\" content=\"article\" \/>\n<meta property=\"og:title\" content=\"M&amp;P - Manteau\/Doudoune r\u00e9versible Gotham - L&#039;univers Animalier\" \/>\n<meta property=\"og:description\" content=\"\u2665\u00a0Milk and Pepper \u2013 Fall\/Winter 2018\u00a0\u2665  Manteau r\u00e9versible, beige d&#039;un c\u00f4t\u00e9 et noir de l&#039;autre, bien chaud, tr\u00e8s confortable et imperm\u00e9able.   Cr\u00e9\u00e9 sp\u00e9cialement pour les petits chiens (Chihuahua, Yorkshire, Bichon, Shih-tzu)  Col est bord\u00e9 d\u2019une fine bande en simili cuir noir  Ouverture zipp\u00e9e sur le dos pour le passage du harnais  Fermeture sous le ventre par boutons pressions dor\u00e9s grav\u00e9s \u00ab M&amp;P \u00bb  Petite plaque dor\u00e9e en bas du dos  Manteau trait\u00e9 d\u00e9perlant (imperm\u00e9able)\" \/>\n<meta property=\"og:url\" content=\"https:\/\/wip.universanimalier.com\/boutique\/mp-manteau-doudoune-nikita-copie\/\" \/>\n<meta property=\"og:site_name\" content=\"L&#039;univers Animalier\" \/>\n<meta property=\"article:publisher\" content=\"https:\/\/www.facebook.com\/lunivers.animalier\" \/>\n<meta property=\"article:modified_time\" content=\"2020-12-12T16:33:06+00:00\" \/>\n<meta property=\"og:image\" content=\"https:\/\/wip.universanimalier.com\/wp-content\/uploads\/2018\/07\/E47F122F-F2DD-4FC5-9DB5-283EA8349F90.jpeg\" \/>\n\t<meta property=\"og:image:width\" content=\"886\" \/>\n\t<meta property=\"og:image:height\" content=\"886\" \/>\n\t<meta property=\"og:image:type\" content=\"image\/jpeg\" \/>\n<meta name=\"twitter:card\" content=\"summary_large_image\" \/>\n<script type=\"application\/ld+json\" class=\"yoast-schema-graph\">{\"@context\":\"https:\/\/schema.org\",\"@graph\":[{\"@type\":\"WebPage\",\"@id\":\"https:\/\/wip.universanimalier.com\/boutique\/mp-manteau-doudoune-nikita-copie\/\",\"url\":\"https:\/\/wip.universanimalier.com\/boutique\/mp-manteau-doudoune-nikita-copie\/\",\"name\":\"M&P - Manteau\/Doudoune r\u00e9versible Gotham - L&#039;univers Animalier\",\"isPartOf\":{\"@id\":\"https:\/\/wip.universanimalier.com\/#website\"},\"primaryImageOfPage\":{\"@id\":\"https:\/\/wip.universanimalier.com\/boutique\/mp-manteau-doudoune-nikita-copie\/#primaryimage\"},\"image\":{\"@id\":\"https:\/\/wip.universanimalier.com\/boutique\/mp-manteau-doudoune-nikita-copie\/#primaryimage\"},\"thumbnailUrl\":\"https:\/\/universanimalier.com\/wp-content\/uploads\/2018\/07\/E47F122F-F2DD-4FC5-9DB5-283EA8349F90.jpeg\",\"datePublished\":\"2018-07-27T20:46:26+00:00\",\"dateModified\":\"2020-12-12T16:33:06+00:00\",\"breadcrumb\":{\"@id\":\"https:\/\/wip.universanimalier.com\/boutique\/mp-manteau-doudoune-nikita-copie\/#breadcrumb\"},\"inLanguage\":\"en-US\",\"potentialAction\":[{\"@type\":\"ReadAction\",\"target\":[\"https:\/\/wip.universanimalier.com\/boutique\/mp-manteau-doudoune-nikita-copie\/\"]}]},{\"@type\":\"ImageObject\",\"inLanguage\":\"en-US\",\"@id\":\"https:\/\/wip.universanimalier.com\/boutique\/mp-manteau-doudoune-nikita-copie\/#primaryimage\",\"url\":\"https:\/\/universanimalier.com\/wp-content\/uploads\/2018\/07\/E47F122F-F2DD-4FC5-9DB5-283EA8349F90.jpeg\",\"contentUrl\":\"https:\/\/universanimalier.com\/wp-content\/uploads\/2018\/07\/E47F122F-F2DD-4FC5-9DB5-283EA8349F90.jpeg\",\"width\":886,\"height\":886,\"caption\":\"Processed with MOLDIV\"},{\"@type\":\"BreadcrumbList\",\"@id\":\"https:\/\/wip.universanimalier.com\/boutique\/mp-manteau-doudoune-nikita-copie\/#breadcrumb\",\"itemListElement\":[{\"@type\":\"ListItem\",\"position\":1,\"name\":\"Accueil\",\"item\":\"https:\/\/wip.universanimalier.com\/\"},{\"@type\":\"ListItem\",\"position\":2,\"name\":\"Boutique\",\"item\":\"https:\/\/wip.universanimalier.com\/boutique\/\"},{\"@type\":\"ListItem\",\"position\":3,\"name\":\"M&#038;P &#8211; Manteau\/Doudoune r\u00e9versible Gotham\"}]},{\"@type\":\"WebSite\",\"@id\":\"https:\/\/wip.universanimalier.com\/#website\",\"url\":\"https:\/\/wip.universanimalier.com\/\",\"name\":\"L'univers Animalier\",\"description\":\"Le paradis des chiens g\u00e2t\u00e9s !\",\"publisher\":{\"@id\":\"https:\/\/wip.universanimalier.com\/#organization\"},\"potentialAction\":[{\"@type\":\"SearchAction\",\"target\":{\"@type\":\"EntryPoint\",\"urlTemplate\":\"https:\/\/wip.universanimalier.com\/?s={search_term_string}\"},\"query-input\":{\"@type\":\"PropertyValueSpecification\",\"valueRequired\":true,\"valueName\":\"search_term_string\"}}],\"inLanguage\":\"en-US\"},{\"@type\":\"Organization\",\"@id\":\"https:\/\/wip.universanimalier.com\/#organization\",\"name\":\"L'univers Animalier\",\"url\":\"https:\/\/wip.universanimalier.com\/\",\"logo\":{\"@type\":\"ImageObject\",\"inLanguage\":\"en-US\",\"@id\":\"https:\/\/wip.universanimalier.com\/#\/schema\/logo\/image\/\",\"url\":\"https:\/\/universanimalier.com\/wp-content\/uploads\/2021\/06\/logo.jpg\",\"contentUrl\":\"https:\/\/universanimalier.com\/wp-content\/uploads\/2021\/06\/logo.jpg\",\"width\":800,\"height\":200,\"caption\":\"L'univers Animalier\"},\"image\":{\"@id\":\"https:\/\/wip.universanimalier.com\/#\/schema\/logo\/image\/\"},\"sameAs\":[\"https:\/\/www.facebook.com\/lunivers.animalier\"]}]}<\/script>\n<!-- \/ Yoast SEO plugin. -->","yoast_head_json":{"title":"M&P - Manteau\/Doudoune r\u00e9versible Gotham - L&#039;univers Animalier","robots":{"index":"index","follow":"follow","max-snippet":"max-snippet:-1","max-image-preview":"max-image-preview:large","max-video-preview":"max-video-preview:-1"},"canonical":"https:\/\/wip.universanimalier.com\/boutique\/mp-manteau-doudoune-nikita-copie\/","og_locale":"en_US","og_type":"article","og_title":"M&P - Manteau\/Doudoune r\u00e9versible Gotham - L&#039;univers Animalier","og_description":"\u2665\u00a0Milk and Pepper \u2013 Fall\/Winter 2018\u00a0\u2665  Manteau r\u00e9versible, beige d'un c\u00f4t\u00e9 et noir de l'autre, bien chaud, tr\u00e8s confortable et imperm\u00e9able.   Cr\u00e9\u00e9 sp\u00e9cialement pour les petits chiens (Chihuahua, Yorkshire, Bichon, Shih-tzu)  Col est bord\u00e9 d\u2019une fine bande en simili cuir noir  Ouverture zipp\u00e9e sur le dos pour le passage du harnais  Fermeture sous le ventre par boutons pressions dor\u00e9s grav\u00e9s \u00ab M&amp;P \u00bb  Petite plaque dor\u00e9e en bas du dos  Manteau trait\u00e9 d\u00e9perlant (imperm\u00e9able)","og_url":"https:\/\/wip.universanimalier.com\/boutique\/mp-manteau-doudoune-nikita-copie\/","og_site_name":"L&#039;univers Animalier","article_publisher":"https:\/\/www.facebook.com\/lunivers.animalier","article_modified_time":"2020-12-12T16:33:06+00:00","og_image":[{"width":886,"height":886,"url":"https:\/\/wip.universanimalier.com\/wp-content\/uploads\/2018\/07\/E47F122F-F2DD-4FC5-9DB5-283EA8349F90.jpeg","type":"image\/jpeg"}],"twitter_card":"summary_large_image","schema":{"@context":"https:\/\/schema.org","@graph":[{"@type":"WebPage","@id":"https:\/\/wip.universanimalier.com\/boutique\/mp-manteau-doudoune-nikita-copie\/","url":"https:\/\/wip.universanimalier.com\/boutique\/mp-manteau-doudoune-nikita-copie\/","name":"M&P - Manteau\/Doudoune r\u00e9versible Gotham - L&#039;univers Animalier","isPartOf":{"@id":"https:\/\/wip.universanimalier.com\/#website"},"primaryImageOfPage":{"@id":"https:\/\/wip.universanimalier.com\/boutique\/mp-manteau-doudoune-nikita-copie\/#primaryimage"},"image":{"@id":"https:\/\/wip.universanimalier.com\/boutique\/mp-manteau-doudoune-nikita-copie\/#primaryimage"},"thumbnailUrl":"https:\/\/universanimalier.com\/wp-content\/uploads\/2018\/07\/E47F122F-F2DD-4FC5-9DB5-283EA8349F90.jpeg","datePublished":"2018-07-27T20:46:26+00:00","dateModified":"2020-12-12T16:33:06+00:00","breadcrumb":{"@id":"https:\/\/wip.universanimalier.com\/boutique\/mp-manteau-doudoune-nikita-copie\/#breadcrumb"},"inLanguage":"en-US","potentialAction":[{"@type":"ReadAction","target":["https:\/\/wip.universanimalier.com\/boutique\/mp-manteau-doudoune-nikita-copie\/"]}]},{"@type":"ImageObject","inLanguage":"en-US","@id":"https:\/\/wip.universanimalier.com\/boutique\/mp-manteau-doudoune-nikita-copie\/#primaryimage","url":"https:\/\/universanimalier.com\/wp-content\/uploads\/2018\/07\/E47F122F-F2DD-4FC5-9DB5-283EA8349F90.jpeg","contentUrl":"https:\/\/universanimalier.com\/wp-content\/uploads\/2018\/07\/E47F122F-F2DD-4FC5-9DB5-283EA8349F90.jpeg","width":886,"height":886,"caption":"Processed with MOLDIV"},{"@type":"BreadcrumbList","@id":"https:\/\/wip.universanimalier.com\/boutique\/mp-manteau-doudoune-nikita-copie\/#breadcrumb","itemListElement":[{"@type":"ListItem","position":1,"name":"Accueil","item":"https:\/\/wip.universanimalier.com\/"},{"@type":"ListItem","position":2,"name":"Boutique","item":"https:\/\/wip.universanimalier.com\/boutique\/"},{"@type":"ListItem","position":3,"name":"M&#038;P &#8211; Manteau\/Doudoune r\u00e9versible Gotham"}]},{"@type":"WebSite","@id":"https:\/\/wip.universanimalier.com\/#website","url":"https:\/\/wip.universanimalier.com\/","name":"L'univers Animalier","description":"A paradise for spoiled dogs!","publisher":{"@id":"https:\/\/wip.universanimalier.com\/#organization"},"potentialAction":[{"@type":"SearchAction","target":{"@type":"EntryPoint","urlTemplate":"https:\/\/wip.universanimalier.com\/?s={search_term_string}"},"query-input":{"@type":"PropertyValueSpecification","valueRequired":true,"valueName":"search_term_string"}}],"inLanguage":"en-US"},{"@type":"Organization","@id":"https:\/\/wip.universanimalier.com\/#organization","name":"L'univers Animalier","url":"https:\/\/wip.universanimalier.com\/","logo":{"@type":"ImageObject","inLanguage":"en-US","@id":"https:\/\/wip.universanimalier.com\/#\/schema\/logo\/image\/","url":"https:\/\/universanimalier.com\/wp-content\/uploads\/2021\/06\/logo.jpg","contentUrl":"https:\/\/universanimalier.com\/wp-content\/uploads\/2021\/06\/logo.jpg","width":800,"height":200,"caption":"L'univers Animalier"},"image":{"@id":"https:\/\/wip.universanimalier.com\/#\/schema\/logo\/image\/"},"sameAs":["https:\/\/www.facebook.com\/lunivers.animalier"]}]}},"_links":{"self":[{"href":"https:\/\/universanimalier.com\/en\/wp-json\/wp\/v2\/product\/15509"}],"collection":[{"href":"https:\/\/universanimalier.com\/en\/wp-json\/wp\/v2\/product"}],"about":[{"href":"https:\/\/universanimalier.com\/en\/wp-json\/wp\/v2\/types\/product"}],"wp:featuredmedia":[{"embeddable":true,"href":"https:\/\/universanimalier.com\/en\/wp-json\/wp\/v2\/media\/15488"}],"wp:attachment":[{"href":"https:\/\/universanimalier.com\/en\/wp-json\/wp\/v2\/media?parent=15509"}],"wp:term":[{"taxonomy":"product_brand","embeddable":true,"href":"https:\/\/universanimalier.com\/en\/wp-json\/wp\/v2\/product_brand?post=15509"},{"taxonomy":"product_cat","embeddable":true,"href":"https:\/\/universanimalier.com\/en\/wp-json\/wp\/v2\/product_cat?post=15509"},{"taxonomy":"product_tag","embeddable":true,"href":"https:\/\/universanimalier.com\/en\/wp-json\/wp\/v2\/product_tag?post=15509"}],"curies":[{"name":"wp","href":"https:\/\/api.w.org\/{rel}","templated":true}]}}