{"id":15565,"date":"2018-07-27T23:26:30","date_gmt":"2018-07-27T21:26:30","guid":{"rendered":"https:\/\/universanimalier.com\/?post_type=product&#038;p=15565"},"modified":"2020-06-11T14:20:16","modified_gmt":"2020-06-11T12:20:16","slug":"mp-manteau-deus","status":"publish","type":"product","link":"https:\/\/universanimalier.com\/en\/boutique\/mp-manteau-deus\/","title":{"rendered":"M&amp;P - Deus coat"},"content":{"rendered":"","protected":false},"excerpt":{"rendered":"<p>\u2665 Milk and Pepper - Fall \/ Winter 2018 \u2665<\/p>\n<p>Dark gray and black felt-effect coat, very warm, very comfortable and very stylish, uniform way \u2665<\/p>\n<ul>\n<li>Created especially for small dogs (Chihuahua, Yorkshire, Bichon, Shih-tzu)<\/li>\n<li>Felt effect material<\/li>\n<li>Pretty golden decorative buttons<\/li>\n<li>Very soft micro faux fur interior<\/li>\n<li>Zipped opening on the back for the passage of the harness<\/li>\n<li>Closure under the belly with golden press studs engraved with &quot;M&amp;P&quot;<\/li>\n<\/ul>","protected":false},"featured_media":15491,"template":"","meta":[],"product_brand":[],"product_cat":[1659,15],"product_tag":[252,1239,1633,685,1634,364,617,131],"class_list":{"0":"post-15565","1":"product","2":"type-product","3":"status-publish","4":"has-post-thumbnail","6":"product_cat-manteaux","7":"product_cat-dressing","8":"product_tag-black","9":"product_tag-coat","10":"product_tag-deus","11":"product_tag-doudoune","12":"product_tag-feutrine","13":"product_tag-grey","14":"product_tag-mp","15":"product_tag-manteau","17":"first","18":"instock","19":"shipping-taxable","20":"purchasable","21":"product-type-variable"},"yoast_head":"<!-- This site is optimized with the Yoast SEO plugin v25.5 - https:\/\/yoast.com\/wordpress\/plugins\/seo\/ -->\n<title>M&amp;P - Manteau Deus - L&#039;univers Animalier<\/title>\n<meta name=\"robots\" content=\"index, follow, max-snippet:-1, max-image-preview:large, max-video-preview:-1\" \/>\n<link rel=\"canonical\" href=\"https:\/\/wip.universanimalier.com\/boutique\/mp-manteau-deus\/\" \/>\n<meta property=\"og:locale\" content=\"en_US\" \/>\n<meta property=\"og:type\" content=\"article\" \/>\n<meta property=\"og:title\" content=\"M&amp;P - Manteau Deus - L&#039;univers Animalier\" \/>\n<meta property=\"og:description\" content=\"\u2665\u00a0Milk and Pepper \u2013 Fall\/Winter 2018\u00a0\u2665  Manteau gris fonc\u00e9 et noir effet feutrine, bien chaude, tr\u00e8s confortable et tr\u00e8s styl\u00e9, fa\u00e7on uniforme\u00a0\u2665   Cr\u00e9\u00e9 sp\u00e9cialement pour les petits chiens (Chihuahua, Yorkshire, Bichon, Shih-tzu)  Mati\u00e8re effet feutrine  Jolis boutons d\u00e9coratifs dor\u00e9s  Int\u00e9rieur en micro fausse fourrure tr\u00e8s douce  Ouverture zipp\u00e9e sur le dos pour le passage du harnais  Fermeture sous le ventre par boutons pressions dor\u00e9s grav\u00e9s \u00ab M&amp;P \u00bb\" \/>\n<meta property=\"og:url\" content=\"https:\/\/wip.universanimalier.com\/boutique\/mp-manteau-deus\/\" \/>\n<meta property=\"og:site_name\" content=\"L&#039;univers Animalier\" \/>\n<meta property=\"article:publisher\" content=\"https:\/\/www.facebook.com\/lunivers.animalier\" \/>\n<meta property=\"article:modified_time\" content=\"2020-06-11T12:20:16+00:00\" \/>\n<meta property=\"og:image\" content=\"https:\/\/wip.universanimalier.com\/wp-content\/uploads\/2018\/07\/AD57A216-03DA-4BE7-BD05-665DA60B53E6.jpeg\" \/>\n\t<meta property=\"og:image:width\" content=\"862\" \/>\n\t<meta property=\"og:image:height\" content=\"862\" \/>\n\t<meta property=\"og:image:type\" content=\"image\/jpeg\" \/>\n<meta name=\"twitter:card\" content=\"summary_large_image\" \/>\n<script type=\"application\/ld+json\" class=\"yoast-schema-graph\">{\"@context\":\"https:\/\/schema.org\",\"@graph\":[{\"@type\":\"WebPage\",\"@id\":\"https:\/\/wip.universanimalier.com\/boutique\/mp-manteau-deus\/\",\"url\":\"https:\/\/wip.universanimalier.com\/boutique\/mp-manteau-deus\/\",\"name\":\"M&P - Manteau Deus - L&#039;univers Animalier\",\"isPartOf\":{\"@id\":\"https:\/\/wip.universanimalier.com\/#website\"},\"primaryImageOfPage\":{\"@id\":\"https:\/\/wip.universanimalier.com\/boutique\/mp-manteau-deus\/#primaryimage\"},\"image\":{\"@id\":\"https:\/\/wip.universanimalier.com\/boutique\/mp-manteau-deus\/#primaryimage\"},\"thumbnailUrl\":\"https:\/\/universanimalier.com\/wp-content\/uploads\/2018\/07\/AD57A216-03DA-4BE7-BD05-665DA60B53E6.jpeg\",\"datePublished\":\"2018-07-27T21:26:30+00:00\",\"dateModified\":\"2020-06-11T12:20:16+00:00\",\"breadcrumb\":{\"@id\":\"https:\/\/wip.universanimalier.com\/boutique\/mp-manteau-deus\/#breadcrumb\"},\"inLanguage\":\"en-US\",\"potentialAction\":[{\"@type\":\"ReadAction\",\"target\":[\"https:\/\/wip.universanimalier.com\/boutique\/mp-manteau-deus\/\"]}]},{\"@type\":\"ImageObject\",\"inLanguage\":\"en-US\",\"@id\":\"https:\/\/wip.universanimalier.com\/boutique\/mp-manteau-deus\/#primaryimage\",\"url\":\"https:\/\/universanimalier.com\/wp-content\/uploads\/2018\/07\/AD57A216-03DA-4BE7-BD05-665DA60B53E6.jpeg\",\"contentUrl\":\"https:\/\/universanimalier.com\/wp-content\/uploads\/2018\/07\/AD57A216-03DA-4BE7-BD05-665DA60B53E6.jpeg\",\"width\":862,\"height\":862,\"caption\":\"Processed with MOLDIV\"},{\"@type\":\"BreadcrumbList\",\"@id\":\"https:\/\/wip.universanimalier.com\/boutique\/mp-manteau-deus\/#breadcrumb\",\"itemListElement\":[{\"@type\":\"ListItem\",\"position\":1,\"name\":\"Accueil\",\"item\":\"https:\/\/wip.universanimalier.com\/\"},{\"@type\":\"ListItem\",\"position\":2,\"name\":\"Boutique\",\"item\":\"https:\/\/wip.universanimalier.com\/boutique\/\"},{\"@type\":\"ListItem\",\"position\":3,\"name\":\"M&#038;P &#8211; Manteau Deus\"}]},{\"@type\":\"WebSite\",\"@id\":\"https:\/\/wip.universanimalier.com\/#website\",\"url\":\"https:\/\/wip.universanimalier.com\/\",\"name\":\"L'univers Animalier\",\"description\":\"Le paradis des chiens g\u00e2t\u00e9s !\",\"publisher\":{\"@id\":\"https:\/\/wip.universanimalier.com\/#organization\"},\"potentialAction\":[{\"@type\":\"SearchAction\",\"target\":{\"@type\":\"EntryPoint\",\"urlTemplate\":\"https:\/\/wip.universanimalier.com\/?s={search_term_string}\"},\"query-input\":{\"@type\":\"PropertyValueSpecification\",\"valueRequired\":true,\"valueName\":\"search_term_string\"}}],\"inLanguage\":\"en-US\"},{\"@type\":\"Organization\",\"@id\":\"https:\/\/wip.universanimalier.com\/#organization\",\"name\":\"L'univers Animalier\",\"url\":\"https:\/\/wip.universanimalier.com\/\",\"logo\":{\"@type\":\"ImageObject\",\"inLanguage\":\"en-US\",\"@id\":\"https:\/\/wip.universanimalier.com\/#\/schema\/logo\/image\/\",\"url\":\"https:\/\/universanimalier.com\/wp-content\/uploads\/2021\/06\/logo.jpg\",\"contentUrl\":\"https:\/\/universanimalier.com\/wp-content\/uploads\/2021\/06\/logo.jpg\",\"width\":800,\"height\":200,\"caption\":\"L'univers Animalier\"},\"image\":{\"@id\":\"https:\/\/wip.universanimalier.com\/#\/schema\/logo\/image\/\"},\"sameAs\":[\"https:\/\/www.facebook.com\/lunivers.animalier\"]}]}<\/script>\n<!-- \/ Yoast SEO plugin. -->","yoast_head_json":{"title":"M&P - Manteau Deus - L&#039;univers Animalier","robots":{"index":"index","follow":"follow","max-snippet":"max-snippet:-1","max-image-preview":"max-image-preview:large","max-video-preview":"max-video-preview:-1"},"canonical":"https:\/\/wip.universanimalier.com\/boutique\/mp-manteau-deus\/","og_locale":"en_US","og_type":"article","og_title":"M&P - Manteau Deus - L&#039;univers Animalier","og_description":"\u2665\u00a0Milk and Pepper \u2013 Fall\/Winter 2018\u00a0\u2665  Manteau gris fonc\u00e9 et noir effet feutrine, bien chaude, tr\u00e8s confortable et tr\u00e8s styl\u00e9, fa\u00e7on uniforme\u00a0\u2665   Cr\u00e9\u00e9 sp\u00e9cialement pour les petits chiens (Chihuahua, Yorkshire, Bichon, Shih-tzu)  Mati\u00e8re effet feutrine  Jolis boutons d\u00e9coratifs dor\u00e9s  Int\u00e9rieur en micro fausse fourrure tr\u00e8s douce  Ouverture zipp\u00e9e sur le dos pour le passage du harnais  Fermeture sous le ventre par boutons pressions dor\u00e9s grav\u00e9s \u00ab M&amp;P \u00bb","og_url":"https:\/\/wip.universanimalier.com\/boutique\/mp-manteau-deus\/","og_site_name":"L&#039;univers Animalier","article_publisher":"https:\/\/www.facebook.com\/lunivers.animalier","article_modified_time":"2020-06-11T12:20:16+00:00","og_image":[{"width":862,"height":862,"url":"https:\/\/wip.universanimalier.com\/wp-content\/uploads\/2018\/07\/AD57A216-03DA-4BE7-BD05-665DA60B53E6.jpeg","type":"image\/jpeg"}],"twitter_card":"summary_large_image","schema":{"@context":"https:\/\/schema.org","@graph":[{"@type":"WebPage","@id":"https:\/\/wip.universanimalier.com\/boutique\/mp-manteau-deus\/","url":"https:\/\/wip.universanimalier.com\/boutique\/mp-manteau-deus\/","name":"M&P - Manteau Deus - L&#039;univers Animalier","isPartOf":{"@id":"https:\/\/wip.universanimalier.com\/#website"},"primaryImageOfPage":{"@id":"https:\/\/wip.universanimalier.com\/boutique\/mp-manteau-deus\/#primaryimage"},"image":{"@id":"https:\/\/wip.universanimalier.com\/boutique\/mp-manteau-deus\/#primaryimage"},"thumbnailUrl":"https:\/\/universanimalier.com\/wp-content\/uploads\/2018\/07\/AD57A216-03DA-4BE7-BD05-665DA60B53E6.jpeg","datePublished":"2018-07-27T21:26:30+00:00","dateModified":"2020-06-11T12:20:16+00:00","breadcrumb":{"@id":"https:\/\/wip.universanimalier.com\/boutique\/mp-manteau-deus\/#breadcrumb"},"inLanguage":"en-US","potentialAction":[{"@type":"ReadAction","target":["https:\/\/wip.universanimalier.com\/boutique\/mp-manteau-deus\/"]}]},{"@type":"ImageObject","inLanguage":"en-US","@id":"https:\/\/wip.universanimalier.com\/boutique\/mp-manteau-deus\/#primaryimage","url":"https:\/\/universanimalier.com\/wp-content\/uploads\/2018\/07\/AD57A216-03DA-4BE7-BD05-665DA60B53E6.jpeg","contentUrl":"https:\/\/universanimalier.com\/wp-content\/uploads\/2018\/07\/AD57A216-03DA-4BE7-BD05-665DA60B53E6.jpeg","width":862,"height":862,"caption":"Processed with MOLDIV"},{"@type":"BreadcrumbList","@id":"https:\/\/wip.universanimalier.com\/boutique\/mp-manteau-deus\/#breadcrumb","itemListElement":[{"@type":"ListItem","position":1,"name":"Accueil","item":"https:\/\/wip.universanimalier.com\/"},{"@type":"ListItem","position":2,"name":"Boutique","item":"https:\/\/wip.universanimalier.com\/boutique\/"},{"@type":"ListItem","position":3,"name":"M&#038;P &#8211; Manteau Deus"}]},{"@type":"WebSite","@id":"https:\/\/wip.universanimalier.com\/#website","url":"https:\/\/wip.universanimalier.com\/","name":"L'univers Animalier","description":"A paradise for spoiled dogs!","publisher":{"@id":"https:\/\/wip.universanimalier.com\/#organization"},"potentialAction":[{"@type":"SearchAction","target":{"@type":"EntryPoint","urlTemplate":"https:\/\/wip.universanimalier.com\/?s={search_term_string}"},"query-input":{"@type":"PropertyValueSpecification","valueRequired":true,"valueName":"search_term_string"}}],"inLanguage":"en-US"},{"@type":"Organization","@id":"https:\/\/wip.universanimalier.com\/#organization","name":"L'univers Animalier","url":"https:\/\/wip.universanimalier.com\/","logo":{"@type":"ImageObject","inLanguage":"en-US","@id":"https:\/\/wip.universanimalier.com\/#\/schema\/logo\/image\/","url":"https:\/\/universanimalier.com\/wp-content\/uploads\/2021\/06\/logo.jpg","contentUrl":"https:\/\/universanimalier.com\/wp-content\/uploads\/2021\/06\/logo.jpg","width":800,"height":200,"caption":"L'univers Animalier"},"image":{"@id":"https:\/\/wip.universanimalier.com\/#\/schema\/logo\/image\/"},"sameAs":["https:\/\/www.facebook.com\/lunivers.animalier"]}]}},"_links":{"self":[{"href":"https:\/\/universanimalier.com\/en\/wp-json\/wp\/v2\/product\/15565"}],"collection":[{"href":"https:\/\/universanimalier.com\/en\/wp-json\/wp\/v2\/product"}],"about":[{"href":"https:\/\/universanimalier.com\/en\/wp-json\/wp\/v2\/types\/product"}],"wp:featuredmedia":[{"embeddable":true,"href":"https:\/\/universanimalier.com\/en\/wp-json\/wp\/v2\/media\/15491"}],"wp:attachment":[{"href":"https:\/\/universanimalier.com\/en\/wp-json\/wp\/v2\/media?parent=15565"}],"wp:term":[{"taxonomy":"product_brand","embeddable":true,"href":"https:\/\/universanimalier.com\/en\/wp-json\/wp\/v2\/product_brand?post=15565"},{"taxonomy":"product_cat","embeddable":true,"href":"https:\/\/universanimalier.com\/en\/wp-json\/wp\/v2\/product_cat?post=15565"},{"taxonomy":"product_tag","embeddable":true,"href":"https:\/\/universanimalier.com\/en\/wp-json\/wp\/v2\/product_tag?post=15565"}],"curies":[{"name":"wp","href":"https:\/\/api.w.org\/{rel}","templated":true}]}}