{"id":15571,"date":"2018-07-28T10:03:17","date_gmt":"2018-07-28T08:03:17","guid":{"rendered":"https:\/\/universanimalier.com\/?post_type=product&#038;p=15571"},"modified":"2024-01-01T23:13:04","modified_gmt":"2024-01-01T22:13:04","slug":"mp-sweat-hoody-comet-grey","status":"publish","type":"product","link":"https:\/\/universanimalier.com\/en\/boutique\/mp-sweat-hoody-comet-grey\/","title":{"rendered":"M&amp;P - Sweat \/ Hoody Comet Gray"},"content":{"rendered":"","protected":false},"excerpt":{"rendered":"<p>Very soft and comfortable fleece hoodie with friendly reindeer pattern \u2665<\/p>\n<ul>\n<li>Sweatshirt created especially for small and medium dogs<\/li>\n<li>Heather gray fleece<\/li>\n<li>Soft faux fur hood collar<\/li>\n<li>Fermeture sous le ventre par boutons pressions grav\u00e9s \u00ab\u00a0M&amp;P\u00a0\u00bb<\/li>\n<li>Passage for the leash at the top of the back<\/li>\n<\/ul>\n<p>Available in gray and red.<\/p>","protected":false},"featured_media":15496,"template":"","meta":[],"product_brand":[],"product_cat":[5583,1655,15],"product_tag":[707,1635,1262,617,653,128,654],"class_list":{"0":"post-15571","1":"product","2":"type-product","3":"status-publish","4":"has-post-thumbnail","6":"product_cat-noel","7":"product_cat-pulls-et-sweats","8":"product_cat-dressing","9":"product_tag-christmas","10":"product_tag-comet","11":"product_tag-hoody","12":"product_tag-mp","13":"product_tag-renne","14":"product_tag-sweat","15":"product_tag-winter","17":"first","18":"instock","19":"shipping-taxable","20":"purchasable","21":"product-type-variable"},"yoast_head":"<!-- This site is optimized with the Yoast SEO plugin v25.5 - https:\/\/yoast.com\/wordpress\/plugins\/seo\/ -->\n<title>M&amp;P - Sweat\/Hoody Comet Grey - L&#039;univers Animalier<\/title>\n<meta name=\"robots\" content=\"index, follow, max-snippet:-1, max-image-preview:large, max-video-preview:-1\" \/>\n<link rel=\"canonical\" href=\"https:\/\/universanimalier.com\/en\/boutique\/mp-sweat-hoody-comet-grey\/\" \/>\n<meta property=\"og:locale\" content=\"en_US\" \/>\n<meta property=\"og:type\" content=\"article\" \/>\n<meta property=\"og:title\" content=\"M&amp;P - Sweat\/Hoody Comet Grey - L&#039;univers Animalier\" \/>\n<meta property=\"og:description\" content=\"Sweat \u00e0 capuche en molleton tr\u00e8s doux et confortable, avec motif Renne \u00a0sympathique\u00a0\u2665   Sweat cr\u00e9\u00e9 sp\u00e9cialement pour les petits chiens et les chiens moyens  En molleton gris chin\u00e9  Col de la capuche en fausse fourrure bien douce  Fermeture sous le ventre par boutons pressions grav\u00e9s &quot;M&amp;P&quot;  Passage pour la laisse en haut du dos  Existe en gris et en rouge.\" \/>\n<meta property=\"og:url\" content=\"https:\/\/universanimalier.com\/en\/boutique\/mp-sweat-hoody-comet-grey\/\" \/>\n<meta property=\"og:site_name\" content=\"L&#039;univers Animalier\" \/>\n<meta property=\"article:publisher\" content=\"https:\/\/www.facebook.com\/lunivers.animalier\" \/>\n<meta property=\"article:modified_time\" content=\"2024-01-01T22:13:04+00:00\" \/>\n<meta property=\"og:image\" content=\"https:\/\/wip.universanimalier.com\/wp-content\/uploads\/2018\/07\/742B5ADB-9A5D-44A5-A591-63244F126F00.jpeg\" \/>\n\t<meta property=\"og:image:width\" content=\"782\" \/>\n\t<meta property=\"og:image:height\" content=\"782\" \/>\n\t<meta property=\"og:image:type\" content=\"image\/jpeg\" \/>\n<meta name=\"twitter:card\" content=\"summary_large_image\" \/>\n<script type=\"application\/ld+json\" class=\"yoast-schema-graph\">{\"@context\":\"https:\/\/schema.org\",\"@graph\":[{\"@type\":\"WebPage\",\"@id\":\"https:\/\/universanimalier.com\/en\/boutique\/mp-sweat-hoody-comet-grey\/\",\"url\":\"https:\/\/universanimalier.com\/en\/boutique\/mp-sweat-hoody-comet-grey\/\",\"name\":\"M&P - Sweat\/Hoody Comet Grey - L&#039;univers Animalier\",\"isPartOf\":{\"@id\":\"https:\/\/wip.universanimalier.com\/#website\"},\"primaryImageOfPage\":{\"@id\":\"https:\/\/universanimalier.com\/en\/boutique\/mp-sweat-hoody-comet-grey\/#primaryimage\"},\"image\":{\"@id\":\"https:\/\/universanimalier.com\/en\/boutique\/mp-sweat-hoody-comet-grey\/#primaryimage\"},\"thumbnailUrl\":\"https:\/\/universanimalier.com\/wp-content\/uploads\/2018\/07\/742B5ADB-9A5D-44A5-A591-63244F126F00.jpeg\",\"datePublished\":\"2018-07-28T08:03:17+00:00\",\"dateModified\":\"2024-01-01T22:13:04+00:00\",\"breadcrumb\":{\"@id\":\"https:\/\/universanimalier.com\/en\/boutique\/mp-sweat-hoody-comet-grey\/#breadcrumb\"},\"inLanguage\":\"en-US\",\"potentialAction\":[{\"@type\":\"ReadAction\",\"target\":[\"https:\/\/universanimalier.com\/en\/boutique\/mp-sweat-hoody-comet-grey\/\"]}]},{\"@type\":\"ImageObject\",\"inLanguage\":\"en-US\",\"@id\":\"https:\/\/universanimalier.com\/en\/boutique\/mp-sweat-hoody-comet-grey\/#primaryimage\",\"url\":\"https:\/\/universanimalier.com\/wp-content\/uploads\/2018\/07\/742B5ADB-9A5D-44A5-A591-63244F126F00.jpeg\",\"contentUrl\":\"https:\/\/universanimalier.com\/wp-content\/uploads\/2018\/07\/742B5ADB-9A5D-44A5-A591-63244F126F00.jpeg\",\"width\":782,\"height\":782,\"caption\":\"Processed with MOLDIV\"},{\"@type\":\"BreadcrumbList\",\"@id\":\"https:\/\/universanimalier.com\/en\/boutique\/mp-sweat-hoody-comet-grey\/#breadcrumb\",\"itemListElement\":[{\"@type\":\"ListItem\",\"position\":1,\"name\":\"Accueil\",\"item\":\"https:\/\/wip.universanimalier.com\/\"},{\"@type\":\"ListItem\",\"position\":2,\"name\":\"Boutique\",\"item\":\"https:\/\/wip.universanimalier.com\/boutique\/\"},{\"@type\":\"ListItem\",\"position\":3,\"name\":\"M&#038;P &#8211; Sweat\/Hoody Comet Grey\"}]},{\"@type\":\"WebSite\",\"@id\":\"https:\/\/wip.universanimalier.com\/#website\",\"url\":\"https:\/\/wip.universanimalier.com\/\",\"name\":\"L'univers Animalier\",\"description\":\"Le paradis des chiens g\u00e2t\u00e9s !\",\"publisher\":{\"@id\":\"https:\/\/wip.universanimalier.com\/#organization\"},\"potentialAction\":[{\"@type\":\"SearchAction\",\"target\":{\"@type\":\"EntryPoint\",\"urlTemplate\":\"https:\/\/wip.universanimalier.com\/?s={search_term_string}\"},\"query-input\":{\"@type\":\"PropertyValueSpecification\",\"valueRequired\":true,\"valueName\":\"search_term_string\"}}],\"inLanguage\":\"en-US\"},{\"@type\":\"Organization\",\"@id\":\"https:\/\/wip.universanimalier.com\/#organization\",\"name\":\"L'univers Animalier\",\"url\":\"https:\/\/wip.universanimalier.com\/\",\"logo\":{\"@type\":\"ImageObject\",\"inLanguage\":\"en-US\",\"@id\":\"https:\/\/wip.universanimalier.com\/#\/schema\/logo\/image\/\",\"url\":\"https:\/\/universanimalier.com\/wp-content\/uploads\/2021\/06\/logo.jpg\",\"contentUrl\":\"https:\/\/universanimalier.com\/wp-content\/uploads\/2021\/06\/logo.jpg\",\"width\":800,\"height\":200,\"caption\":\"L'univers Animalier\"},\"image\":{\"@id\":\"https:\/\/wip.universanimalier.com\/#\/schema\/logo\/image\/\"},\"sameAs\":[\"https:\/\/www.facebook.com\/lunivers.animalier\"]}]}<\/script>\n<!-- \/ Yoast SEO plugin. -->","yoast_head_json":{"title":"M&P - Sweat\/Hoody Comet Grey - L&#039;univers Animalier","robots":{"index":"index","follow":"follow","max-snippet":"max-snippet:-1","max-image-preview":"max-image-preview:large","max-video-preview":"max-video-preview:-1"},"canonical":"https:\/\/universanimalier.com\/en\/boutique\/mp-sweat-hoody-comet-grey\/","og_locale":"en_US","og_type":"article","og_title":"M&P - Sweat\/Hoody Comet Grey - L&#039;univers Animalier","og_description":"Sweat \u00e0 capuche en molleton tr\u00e8s doux et confortable, avec motif Renne \u00a0sympathique\u00a0\u2665   Sweat cr\u00e9\u00e9 sp\u00e9cialement pour les petits chiens et les chiens moyens  En molleton gris chin\u00e9  Col de la capuche en fausse fourrure bien douce  Fermeture sous le ventre par boutons pressions grav\u00e9s \"M&amp;P\"  Passage pour la laisse en haut du dos  Existe en gris et en rouge.","og_url":"https:\/\/universanimalier.com\/en\/boutique\/mp-sweat-hoody-comet-grey\/","og_site_name":"L&#039;univers Animalier","article_publisher":"https:\/\/www.facebook.com\/lunivers.animalier","article_modified_time":"2024-01-01T22:13:04+00:00","og_image":[{"width":782,"height":782,"url":"https:\/\/wip.universanimalier.com\/wp-content\/uploads\/2018\/07\/742B5ADB-9A5D-44A5-A591-63244F126F00.jpeg","type":"image\/jpeg"}],"twitter_card":"summary_large_image","schema":{"@context":"https:\/\/schema.org","@graph":[{"@type":"WebPage","@id":"https:\/\/universanimalier.com\/en\/boutique\/mp-sweat-hoody-comet-grey\/","url":"https:\/\/universanimalier.com\/en\/boutique\/mp-sweat-hoody-comet-grey\/","name":"M&P - Sweat\/Hoody Comet Grey - L&#039;univers Animalier","isPartOf":{"@id":"https:\/\/wip.universanimalier.com\/#website"},"primaryImageOfPage":{"@id":"https:\/\/universanimalier.com\/en\/boutique\/mp-sweat-hoody-comet-grey\/#primaryimage"},"image":{"@id":"https:\/\/universanimalier.com\/en\/boutique\/mp-sweat-hoody-comet-grey\/#primaryimage"},"thumbnailUrl":"https:\/\/universanimalier.com\/wp-content\/uploads\/2018\/07\/742B5ADB-9A5D-44A5-A591-63244F126F00.jpeg","datePublished":"2018-07-28T08:03:17+00:00","dateModified":"2024-01-01T22:13:04+00:00","breadcrumb":{"@id":"https:\/\/universanimalier.com\/en\/boutique\/mp-sweat-hoody-comet-grey\/#breadcrumb"},"inLanguage":"en-US","potentialAction":[{"@type":"ReadAction","target":["https:\/\/universanimalier.com\/en\/boutique\/mp-sweat-hoody-comet-grey\/"]}]},{"@type":"ImageObject","inLanguage":"en-US","@id":"https:\/\/universanimalier.com\/en\/boutique\/mp-sweat-hoody-comet-grey\/#primaryimage","url":"https:\/\/universanimalier.com\/wp-content\/uploads\/2018\/07\/742B5ADB-9A5D-44A5-A591-63244F126F00.jpeg","contentUrl":"https:\/\/universanimalier.com\/wp-content\/uploads\/2018\/07\/742B5ADB-9A5D-44A5-A591-63244F126F00.jpeg","width":782,"height":782,"caption":"Processed with MOLDIV"},{"@type":"BreadcrumbList","@id":"https:\/\/universanimalier.com\/en\/boutique\/mp-sweat-hoody-comet-grey\/#breadcrumb","itemListElement":[{"@type":"ListItem","position":1,"name":"Accueil","item":"https:\/\/wip.universanimalier.com\/"},{"@type":"ListItem","position":2,"name":"Boutique","item":"https:\/\/wip.universanimalier.com\/boutique\/"},{"@type":"ListItem","position":3,"name":"M&#038;P &#8211; Sweat\/Hoody Comet Grey"}]},{"@type":"WebSite","@id":"https:\/\/wip.universanimalier.com\/#website","url":"https:\/\/wip.universanimalier.com\/","name":"L'univers Animalier","description":"A paradise for spoiled dogs!","publisher":{"@id":"https:\/\/wip.universanimalier.com\/#organization"},"potentialAction":[{"@type":"SearchAction","target":{"@type":"EntryPoint","urlTemplate":"https:\/\/wip.universanimalier.com\/?s={search_term_string}"},"query-input":{"@type":"PropertyValueSpecification","valueRequired":true,"valueName":"search_term_string"}}],"inLanguage":"en-US"},{"@type":"Organization","@id":"https:\/\/wip.universanimalier.com\/#organization","name":"L'univers Animalier","url":"https:\/\/wip.universanimalier.com\/","logo":{"@type":"ImageObject","inLanguage":"en-US","@id":"https:\/\/wip.universanimalier.com\/#\/schema\/logo\/image\/","url":"https:\/\/universanimalier.com\/wp-content\/uploads\/2021\/06\/logo.jpg","contentUrl":"https:\/\/universanimalier.com\/wp-content\/uploads\/2021\/06\/logo.jpg","width":800,"height":200,"caption":"L'univers Animalier"},"image":{"@id":"https:\/\/wip.universanimalier.com\/#\/schema\/logo\/image\/"},"sameAs":["https:\/\/www.facebook.com\/lunivers.animalier"]}]}},"_links":{"self":[{"href":"https:\/\/universanimalier.com\/en\/wp-json\/wp\/v2\/product\/15571"}],"collection":[{"href":"https:\/\/universanimalier.com\/en\/wp-json\/wp\/v2\/product"}],"about":[{"href":"https:\/\/universanimalier.com\/en\/wp-json\/wp\/v2\/types\/product"}],"wp:featuredmedia":[{"embeddable":true,"href":"https:\/\/universanimalier.com\/en\/wp-json\/wp\/v2\/media\/15496"}],"wp:attachment":[{"href":"https:\/\/universanimalier.com\/en\/wp-json\/wp\/v2\/media?parent=15571"}],"wp:term":[{"taxonomy":"product_brand","embeddable":true,"href":"https:\/\/universanimalier.com\/en\/wp-json\/wp\/v2\/product_brand?post=15571"},{"taxonomy":"product_cat","embeddable":true,"href":"https:\/\/universanimalier.com\/en\/wp-json\/wp\/v2\/product_cat?post=15571"},{"taxonomy":"product_tag","embeddable":true,"href":"https:\/\/universanimalier.com\/en\/wp-json\/wp\/v2\/product_tag?post=15571"}],"curies":[{"name":"wp","href":"https:\/\/api.w.org\/{rel}","templated":true}]}}