{"id":16459,"date":"2018-08-30T21:58:50","date_gmt":"2018-08-30T19:58:50","guid":{"rendered":"https:\/\/universanimalier.com\/?post_type=product&#038;p=16459"},"modified":"2024-10-01T19:29:45","modified_gmt":"2024-10-01T17:29:45","slug":"fpo-pull-tartan-beige","status":"publish","type":"product","link":"https:\/\/universanimalier.com\/en\/boutique\/fpo-pull-tartan-beige\/","title":{"rendered":"FPO - Beige Tartan Jumper"},"content":{"rendered":"","protected":false},"excerpt":{"rendered":"<div>\n<p>\u2665 For Pets Only - Gold Collection \u2665<\/p>\n<p>Very soft and warm premium cashmere and wool sweater, with small high collar. Tartan checks, this season&#039;s trend!<\/p>\n<p>Hand washing.<\/p>\n<\/div>\n<form class=\"cart\" enctype=\"multipart\/form-data\" method=\"post\" action=\"\"><input type=\"hidden\" name=\"trp-form-language\" value=\"en\"\/><\/form>","protected":false},"featured_media":16375,"template":"","meta":[],"product_brand":[],"product_cat":[1655,15],"product_tag":[122,677,140,1712,120,1716,171],"class_list":{"0":"post-16459","1":"product","2":"type-product","3":"status-publish","4":"has-post-thumbnail","6":"product_cat-pulls-et-sweats","7":"product_cat-dressing","8":"product_tag-beige","9":"product_tag-carreaux","10":"product_tag-fpo","11":"product_tag-gold-collection","12":"product_tag-pull","13":"product_tag-tartan","14":"product_tag-wool","16":"first","17":"instock","18":"featured","19":"shipping-taxable","20":"purchasable","21":"product-type-variable"},"yoast_head":"<!-- This site is optimized with the Yoast SEO plugin v25.5 - https:\/\/yoast.com\/wordpress\/plugins\/seo\/ -->\n<title>FPO - Pull Tartan Beige - L&#039;univers Animalier<\/title>\n<meta name=\"robots\" content=\"index, follow, max-snippet:-1, max-image-preview:large, max-video-preview:-1\" \/>\n<link rel=\"canonical\" href=\"https:\/\/wip.universanimalier.com\/boutique\/fpo-pull-tartan-beige\/\" \/>\n<meta property=\"og:locale\" content=\"en_US\" \/>\n<meta property=\"og:type\" content=\"article\" \/>\n<meta property=\"og:title\" content=\"FPO - Pull Tartan Beige - L&#039;univers Animalier\" \/>\n<meta property=\"og:description\" content=\"\u2665 For Pets Only \u2013 Gold Collection\u00a0\u2665  Pull en cashmere et\u00a0laine de qualit\u00e9 sup\u00e9rieure tr\u00e8s douce et chaude, avec petit col montant. Carreaux tartan, la tendance de cette saison!  Lavage \u00e0 la main.\" \/>\n<meta property=\"og:url\" content=\"https:\/\/wip.universanimalier.com\/boutique\/fpo-pull-tartan-beige\/\" \/>\n<meta property=\"og:site_name\" content=\"L&#039;univers Animalier\" \/>\n<meta property=\"article:publisher\" content=\"https:\/\/www.facebook.com\/lunivers.animalier\" \/>\n<meta property=\"article:modified_time\" content=\"2024-10-01T17:29:45+00:00\" \/>\n<meta property=\"og:image\" content=\"https:\/\/wip.universanimalier.com\/wp-content\/uploads\/2018\/08\/3031DD52-19F2-411B-ACB5-29060177D63F.jpeg\" \/>\n\t<meta property=\"og:image:width\" content=\"2480\" \/>\n\t<meta property=\"og:image:height\" content=\"2480\" \/>\n\t<meta property=\"og:image:type\" content=\"image\/jpeg\" \/>\n<meta name=\"twitter:card\" content=\"summary_large_image\" \/>\n<script type=\"application\/ld+json\" class=\"yoast-schema-graph\">{\"@context\":\"https:\/\/schema.org\",\"@graph\":[{\"@type\":\"WebPage\",\"@id\":\"https:\/\/wip.universanimalier.com\/boutique\/fpo-pull-tartan-beige\/\",\"url\":\"https:\/\/wip.universanimalier.com\/boutique\/fpo-pull-tartan-beige\/\",\"name\":\"FPO - Pull Tartan Beige - L&#039;univers Animalier\",\"isPartOf\":{\"@id\":\"https:\/\/wip.universanimalier.com\/#website\"},\"primaryImageOfPage\":{\"@id\":\"https:\/\/wip.universanimalier.com\/boutique\/fpo-pull-tartan-beige\/#primaryimage\"},\"image\":{\"@id\":\"https:\/\/wip.universanimalier.com\/boutique\/fpo-pull-tartan-beige\/#primaryimage\"},\"thumbnailUrl\":\"https:\/\/universanimalier.com\/wp-content\/uploads\/2018\/08\/3031DD52-19F2-411B-ACB5-29060177D63F.jpeg\",\"datePublished\":\"2018-08-30T19:58:50+00:00\",\"dateModified\":\"2024-10-01T17:29:45+00:00\",\"breadcrumb\":{\"@id\":\"https:\/\/wip.universanimalier.com\/boutique\/fpo-pull-tartan-beige\/#breadcrumb\"},\"inLanguage\":\"en-US\",\"potentialAction\":[{\"@type\":\"ReadAction\",\"target\":[\"https:\/\/wip.universanimalier.com\/boutique\/fpo-pull-tartan-beige\/\"]}]},{\"@type\":\"ImageObject\",\"inLanguage\":\"en-US\",\"@id\":\"https:\/\/wip.universanimalier.com\/boutique\/fpo-pull-tartan-beige\/#primaryimage\",\"url\":\"https:\/\/universanimalier.com\/wp-content\/uploads\/2018\/08\/3031DD52-19F2-411B-ACB5-29060177D63F.jpeg\",\"contentUrl\":\"https:\/\/universanimalier.com\/wp-content\/uploads\/2018\/08\/3031DD52-19F2-411B-ACB5-29060177D63F.jpeg\",\"width\":2480,\"height\":2480,\"caption\":\"Processed with MOLDIV\"},{\"@type\":\"BreadcrumbList\",\"@id\":\"https:\/\/wip.universanimalier.com\/boutique\/fpo-pull-tartan-beige\/#breadcrumb\",\"itemListElement\":[{\"@type\":\"ListItem\",\"position\":1,\"name\":\"Accueil\",\"item\":\"https:\/\/wip.universanimalier.com\/\"},{\"@type\":\"ListItem\",\"position\":2,\"name\":\"Boutique\",\"item\":\"https:\/\/wip.universanimalier.com\/boutique\/\"},{\"@type\":\"ListItem\",\"position\":3,\"name\":\"FPO &#8211; Pull Tartan Beige\"}]},{\"@type\":\"WebSite\",\"@id\":\"https:\/\/wip.universanimalier.com\/#website\",\"url\":\"https:\/\/wip.universanimalier.com\/\",\"name\":\"L'univers Animalier\",\"description\":\"Le paradis des chiens g\u00e2t\u00e9s !\",\"publisher\":{\"@id\":\"https:\/\/wip.universanimalier.com\/#organization\"},\"potentialAction\":[{\"@type\":\"SearchAction\",\"target\":{\"@type\":\"EntryPoint\",\"urlTemplate\":\"https:\/\/wip.universanimalier.com\/?s={search_term_string}\"},\"query-input\":{\"@type\":\"PropertyValueSpecification\",\"valueRequired\":true,\"valueName\":\"search_term_string\"}}],\"inLanguage\":\"en-US\"},{\"@type\":\"Organization\",\"@id\":\"https:\/\/wip.universanimalier.com\/#organization\",\"name\":\"L'univers Animalier\",\"url\":\"https:\/\/wip.universanimalier.com\/\",\"logo\":{\"@type\":\"ImageObject\",\"inLanguage\":\"en-US\",\"@id\":\"https:\/\/wip.universanimalier.com\/#\/schema\/logo\/image\/\",\"url\":\"https:\/\/universanimalier.com\/wp-content\/uploads\/2021\/06\/logo.jpg\",\"contentUrl\":\"https:\/\/universanimalier.com\/wp-content\/uploads\/2021\/06\/logo.jpg\",\"width\":800,\"height\":200,\"caption\":\"L'univers Animalier\"},\"image\":{\"@id\":\"https:\/\/wip.universanimalier.com\/#\/schema\/logo\/image\/\"},\"sameAs\":[\"https:\/\/www.facebook.com\/lunivers.animalier\"]}]}<\/script>\n<!-- \/ Yoast SEO plugin. -->","yoast_head_json":{"title":"FPO - Pull Tartan Beige - L&#039;univers Animalier","robots":{"index":"index","follow":"follow","max-snippet":"max-snippet:-1","max-image-preview":"max-image-preview:large","max-video-preview":"max-video-preview:-1"},"canonical":"https:\/\/wip.universanimalier.com\/boutique\/fpo-pull-tartan-beige\/","og_locale":"en_US","og_type":"article","og_title":"FPO - Pull Tartan Beige - L&#039;univers Animalier","og_description":"\u2665 For Pets Only \u2013 Gold Collection\u00a0\u2665  Pull en cashmere et\u00a0laine de qualit\u00e9 sup\u00e9rieure tr\u00e8s douce et chaude, avec petit col montant. Carreaux tartan, la tendance de cette saison!  Lavage \u00e0 la main.","og_url":"https:\/\/wip.universanimalier.com\/boutique\/fpo-pull-tartan-beige\/","og_site_name":"L&#039;univers Animalier","article_publisher":"https:\/\/www.facebook.com\/lunivers.animalier","article_modified_time":"2024-10-01T17:29:45+00:00","og_image":[{"width":2480,"height":2480,"url":"https:\/\/wip.universanimalier.com\/wp-content\/uploads\/2018\/08\/3031DD52-19F2-411B-ACB5-29060177D63F.jpeg","type":"image\/jpeg"}],"twitter_card":"summary_large_image","schema":{"@context":"https:\/\/schema.org","@graph":[{"@type":"WebPage","@id":"https:\/\/wip.universanimalier.com\/boutique\/fpo-pull-tartan-beige\/","url":"https:\/\/wip.universanimalier.com\/boutique\/fpo-pull-tartan-beige\/","name":"FPO - Pull Tartan Beige - L&#039;univers Animalier","isPartOf":{"@id":"https:\/\/wip.universanimalier.com\/#website"},"primaryImageOfPage":{"@id":"https:\/\/wip.universanimalier.com\/boutique\/fpo-pull-tartan-beige\/#primaryimage"},"image":{"@id":"https:\/\/wip.universanimalier.com\/boutique\/fpo-pull-tartan-beige\/#primaryimage"},"thumbnailUrl":"https:\/\/universanimalier.com\/wp-content\/uploads\/2018\/08\/3031DD52-19F2-411B-ACB5-29060177D63F.jpeg","datePublished":"2018-08-30T19:58:50+00:00","dateModified":"2024-10-01T17:29:45+00:00","breadcrumb":{"@id":"https:\/\/wip.universanimalier.com\/boutique\/fpo-pull-tartan-beige\/#breadcrumb"},"inLanguage":"en-US","potentialAction":[{"@type":"ReadAction","target":["https:\/\/wip.universanimalier.com\/boutique\/fpo-pull-tartan-beige\/"]}]},{"@type":"ImageObject","inLanguage":"en-US","@id":"https:\/\/wip.universanimalier.com\/boutique\/fpo-pull-tartan-beige\/#primaryimage","url":"https:\/\/universanimalier.com\/wp-content\/uploads\/2018\/08\/3031DD52-19F2-411B-ACB5-29060177D63F.jpeg","contentUrl":"https:\/\/universanimalier.com\/wp-content\/uploads\/2018\/08\/3031DD52-19F2-411B-ACB5-29060177D63F.jpeg","width":2480,"height":2480,"caption":"Processed with MOLDIV"},{"@type":"BreadcrumbList","@id":"https:\/\/wip.universanimalier.com\/boutique\/fpo-pull-tartan-beige\/#breadcrumb","itemListElement":[{"@type":"ListItem","position":1,"name":"Accueil","item":"https:\/\/wip.universanimalier.com\/"},{"@type":"ListItem","position":2,"name":"Boutique","item":"https:\/\/wip.universanimalier.com\/boutique\/"},{"@type":"ListItem","position":3,"name":"FPO &#8211; Pull Tartan Beige"}]},{"@type":"WebSite","@id":"https:\/\/wip.universanimalier.com\/#website","url":"https:\/\/wip.universanimalier.com\/","name":"L'univers Animalier","description":"A paradise for spoiled dogs!","publisher":{"@id":"https:\/\/wip.universanimalier.com\/#organization"},"potentialAction":[{"@type":"SearchAction","target":{"@type":"EntryPoint","urlTemplate":"https:\/\/wip.universanimalier.com\/?s={search_term_string}"},"query-input":{"@type":"PropertyValueSpecification","valueRequired":true,"valueName":"search_term_string"}}],"inLanguage":"en-US"},{"@type":"Organization","@id":"https:\/\/wip.universanimalier.com\/#organization","name":"L'univers Animalier","url":"https:\/\/wip.universanimalier.com\/","logo":{"@type":"ImageObject","inLanguage":"en-US","@id":"https:\/\/wip.universanimalier.com\/#\/schema\/logo\/image\/","url":"https:\/\/universanimalier.com\/wp-content\/uploads\/2021\/06\/logo.jpg","contentUrl":"https:\/\/universanimalier.com\/wp-content\/uploads\/2021\/06\/logo.jpg","width":800,"height":200,"caption":"L'univers Animalier"},"image":{"@id":"https:\/\/wip.universanimalier.com\/#\/schema\/logo\/image\/"},"sameAs":["https:\/\/www.facebook.com\/lunivers.animalier"]}]}},"_links":{"self":[{"href":"https:\/\/universanimalier.com\/en\/wp-json\/wp\/v2\/product\/16459"}],"collection":[{"href":"https:\/\/universanimalier.com\/en\/wp-json\/wp\/v2\/product"}],"about":[{"href":"https:\/\/universanimalier.com\/en\/wp-json\/wp\/v2\/types\/product"}],"wp:featuredmedia":[{"embeddable":true,"href":"https:\/\/universanimalier.com\/en\/wp-json\/wp\/v2\/media\/16375"}],"wp:attachment":[{"href":"https:\/\/universanimalier.com\/en\/wp-json\/wp\/v2\/media?parent=16459"}],"wp:term":[{"taxonomy":"product_brand","embeddable":true,"href":"https:\/\/universanimalier.com\/en\/wp-json\/wp\/v2\/product_brand?post=16459"},{"taxonomy":"product_cat","embeddable":true,"href":"https:\/\/universanimalier.com\/en\/wp-json\/wp\/v2\/product_cat?post=16459"},{"taxonomy":"product_tag","embeddable":true,"href":"https:\/\/universanimalier.com\/en\/wp-json\/wp\/v2\/product_tag?post=16459"}],"curies":[{"name":"wp","href":"https:\/\/api.w.org\/{rel}","templated":true}]}}