{"id":17813,"date":"2018-12-18T19:27:34","date_gmt":"2018-12-18T18:27:34","guid":{"rendered":"https:\/\/universanimalier.com\/?post_type=product&#038;p=17813"},"modified":"2021-12-11T20:46:54","modified_gmt":"2021-12-11T19:46:54","slug":"mp-pull-narvik-christmas","status":"publish","type":"product","link":"https:\/\/universanimalier.com\/en\/boutique\/mp-pull-narvik-christmas\/","title":{"rendered":"Milk &amp; Pepper - Narvik Christmas Jumper"},"content":{"rendered":"","protected":false},"excerpt":{"rendered":"<p>\u2665 Milk and Pepper - Christmas \u2665<\/p>\n<ul>\n<li>Sweater created especially for small and medium dogs<\/li>\n<li>Motifs \u00ab\u00a0norv\u00e9giens\u00a0\u00bb<\/li>\n<li>Machine wash at 30 \u00b0<\/li>\n<\/ul>","protected":false},"featured_media":17796,"template":"","meta":[],"product_brand":[],"product_cat":[5583,1655,15],"product_tag":[707,1850,617,822,1851,120,212,134,654],"class_list":{"0":"post-17813","1":"product","2":"type-product","3":"status-publish","4":"has-post-thumbnail","6":"product_cat-noel","7":"product_cat-pulls-et-sweats","8":"product_cat-dressing","9":"product_tag-christmas","10":"product_tag-jacquart","11":"product_tag-mp","12":"product_tag-noel","13":"product_tag-norvegien","14":"product_tag-pull","15":"product_tag-red","16":"product_tag-rouge","17":"product_tag-winter","19":"first","20":"instock","21":"shipping-taxable","22":"purchasable","23":"product-type-variable"},"yoast_head":"<!-- This site is optimized with the Yoast SEO plugin v25.5 - https:\/\/yoast.com\/wordpress\/plugins\/seo\/ -->\n<title>Milk&amp;Pepper - Pull Narvik Christmas - L&#039;univers Animalier<\/title>\n<meta name=\"robots\" content=\"index, follow, max-snippet:-1, max-image-preview:large, max-video-preview:-1\" \/>\n<link rel=\"canonical\" href=\"https:\/\/universanimalier.com\/en\/boutique\/mp-pull-narvik-christmas\/\" \/>\n<meta property=\"og:locale\" content=\"en_US\" \/>\n<meta property=\"og:type\" content=\"article\" \/>\n<meta property=\"og:title\" content=\"Milk&amp;Pepper - Pull Narvik Christmas - L&#039;univers Animalier\" \/>\n<meta property=\"og:description\" content=\"\u2665\u00a0Milk and Pepper \u2013 Christmas \u2665   Pull cr\u00e9\u00e9 sp\u00e9cialement pour les petits chiens et les chiens moyens  Motifs &quot;norv\u00e9giens&quot;  Lavage en machine \u00e0 30\u00b0\" \/>\n<meta property=\"og:url\" content=\"https:\/\/universanimalier.com\/en\/boutique\/mp-pull-narvik-christmas\/\" \/>\n<meta property=\"og:site_name\" content=\"L&#039;univers Animalier\" \/>\n<meta property=\"article:publisher\" content=\"https:\/\/www.facebook.com\/lunivers.animalier\" \/>\n<meta property=\"article:modified_time\" content=\"2021-12-11T19:46:54+00:00\" \/>\n<meta property=\"og:image\" content=\"https:\/\/wip.universanimalier.com\/wp-content\/uploads\/2018\/12\/A3AEA875-3334-4C37-B72E-A6A515D53D7E.jpeg\" \/>\n\t<meta property=\"og:image:width\" content=\"480\" \/>\n\t<meta property=\"og:image:height\" content=\"585\" \/>\n\t<meta property=\"og:image:type\" content=\"image\/jpeg\" \/>\n<meta name=\"twitter:card\" content=\"summary_large_image\" \/>\n<script type=\"application\/ld+json\" class=\"yoast-schema-graph\">{\"@context\":\"https:\/\/schema.org\",\"@graph\":[{\"@type\":\"WebPage\",\"@id\":\"https:\/\/universanimalier.com\/en\/boutique\/mp-pull-narvik-christmas\/\",\"url\":\"https:\/\/universanimalier.com\/en\/boutique\/mp-pull-narvik-christmas\/\",\"name\":\"Milk&Pepper - Pull Narvik Christmas - L&#039;univers Animalier\",\"isPartOf\":{\"@id\":\"https:\/\/wip.universanimalier.com\/#website\"},\"primaryImageOfPage\":{\"@id\":\"https:\/\/universanimalier.com\/en\/boutique\/mp-pull-narvik-christmas\/#primaryimage\"},\"image\":{\"@id\":\"https:\/\/universanimalier.com\/en\/boutique\/mp-pull-narvik-christmas\/#primaryimage\"},\"thumbnailUrl\":\"https:\/\/universanimalier.com\/wp-content\/uploads\/2018\/12\/A3AEA875-3334-4C37-B72E-A6A515D53D7E.jpeg\",\"datePublished\":\"2018-12-18T18:27:34+00:00\",\"dateModified\":\"2021-12-11T19:46:54+00:00\",\"breadcrumb\":{\"@id\":\"https:\/\/universanimalier.com\/en\/boutique\/mp-pull-narvik-christmas\/#breadcrumb\"},\"inLanguage\":\"en-US\",\"potentialAction\":[{\"@type\":\"ReadAction\",\"target\":[\"https:\/\/universanimalier.com\/en\/boutique\/mp-pull-narvik-christmas\/\"]}]},{\"@type\":\"ImageObject\",\"inLanguage\":\"en-US\",\"@id\":\"https:\/\/universanimalier.com\/en\/boutique\/mp-pull-narvik-christmas\/#primaryimage\",\"url\":\"https:\/\/universanimalier.com\/wp-content\/uploads\/2018\/12\/A3AEA875-3334-4C37-B72E-A6A515D53D7E.jpeg\",\"contentUrl\":\"https:\/\/universanimalier.com\/wp-content\/uploads\/2018\/12\/A3AEA875-3334-4C37-B72E-A6A515D53D7E.jpeg\",\"width\":480,\"height\":585},{\"@type\":\"BreadcrumbList\",\"@id\":\"https:\/\/universanimalier.com\/en\/boutique\/mp-pull-narvik-christmas\/#breadcrumb\",\"itemListElement\":[{\"@type\":\"ListItem\",\"position\":1,\"name\":\"Accueil\",\"item\":\"https:\/\/wip.universanimalier.com\/\"},{\"@type\":\"ListItem\",\"position\":2,\"name\":\"Boutique\",\"item\":\"https:\/\/wip.universanimalier.com\/boutique\/\"},{\"@type\":\"ListItem\",\"position\":3,\"name\":\"Milk&#038;Pepper &#8211; Pull Narvik Christmas\"}]},{\"@type\":\"WebSite\",\"@id\":\"https:\/\/wip.universanimalier.com\/#website\",\"url\":\"https:\/\/wip.universanimalier.com\/\",\"name\":\"L'univers Animalier\",\"description\":\"Le paradis des chiens g\u00e2t\u00e9s !\",\"publisher\":{\"@id\":\"https:\/\/wip.universanimalier.com\/#organization\"},\"potentialAction\":[{\"@type\":\"SearchAction\",\"target\":{\"@type\":\"EntryPoint\",\"urlTemplate\":\"https:\/\/wip.universanimalier.com\/?s={search_term_string}\"},\"query-input\":{\"@type\":\"PropertyValueSpecification\",\"valueRequired\":true,\"valueName\":\"search_term_string\"}}],\"inLanguage\":\"en-US\"},{\"@type\":\"Organization\",\"@id\":\"https:\/\/wip.universanimalier.com\/#organization\",\"name\":\"L'univers Animalier\",\"url\":\"https:\/\/wip.universanimalier.com\/\",\"logo\":{\"@type\":\"ImageObject\",\"inLanguage\":\"en-US\",\"@id\":\"https:\/\/wip.universanimalier.com\/#\/schema\/logo\/image\/\",\"url\":\"https:\/\/universanimalier.com\/wp-content\/uploads\/2021\/06\/logo.jpg\",\"contentUrl\":\"https:\/\/universanimalier.com\/wp-content\/uploads\/2021\/06\/logo.jpg\",\"width\":800,\"height\":200,\"caption\":\"L'univers Animalier\"},\"image\":{\"@id\":\"https:\/\/wip.universanimalier.com\/#\/schema\/logo\/image\/\"},\"sameAs\":[\"https:\/\/www.facebook.com\/lunivers.animalier\"]}]}<\/script>\n<!-- \/ Yoast SEO plugin. -->","yoast_head_json":{"title":"Milk&Pepper - Pull Narvik Christmas - L&#039;univers Animalier","robots":{"index":"index","follow":"follow","max-snippet":"max-snippet:-1","max-image-preview":"max-image-preview:large","max-video-preview":"max-video-preview:-1"},"canonical":"https:\/\/universanimalier.com\/en\/boutique\/mp-pull-narvik-christmas\/","og_locale":"en_US","og_type":"article","og_title":"Milk&Pepper - Pull Narvik Christmas - L&#039;univers Animalier","og_description":"\u2665\u00a0Milk and Pepper \u2013 Christmas \u2665   Pull cr\u00e9\u00e9 sp\u00e9cialement pour les petits chiens et les chiens moyens  Motifs \"norv\u00e9giens\"  Lavage en machine \u00e0 30\u00b0","og_url":"https:\/\/universanimalier.com\/en\/boutique\/mp-pull-narvik-christmas\/","og_site_name":"L&#039;univers Animalier","article_publisher":"https:\/\/www.facebook.com\/lunivers.animalier","article_modified_time":"2021-12-11T19:46:54+00:00","og_image":[{"width":480,"height":585,"url":"https:\/\/wip.universanimalier.com\/wp-content\/uploads\/2018\/12\/A3AEA875-3334-4C37-B72E-A6A515D53D7E.jpeg","type":"image\/jpeg"}],"twitter_card":"summary_large_image","schema":{"@context":"https:\/\/schema.org","@graph":[{"@type":"WebPage","@id":"https:\/\/universanimalier.com\/en\/boutique\/mp-pull-narvik-christmas\/","url":"https:\/\/universanimalier.com\/en\/boutique\/mp-pull-narvik-christmas\/","name":"Milk&Pepper - Pull Narvik Christmas - L&#039;univers Animalier","isPartOf":{"@id":"https:\/\/wip.universanimalier.com\/#website"},"primaryImageOfPage":{"@id":"https:\/\/universanimalier.com\/en\/boutique\/mp-pull-narvik-christmas\/#primaryimage"},"image":{"@id":"https:\/\/universanimalier.com\/en\/boutique\/mp-pull-narvik-christmas\/#primaryimage"},"thumbnailUrl":"https:\/\/universanimalier.com\/wp-content\/uploads\/2018\/12\/A3AEA875-3334-4C37-B72E-A6A515D53D7E.jpeg","datePublished":"2018-12-18T18:27:34+00:00","dateModified":"2021-12-11T19:46:54+00:00","breadcrumb":{"@id":"https:\/\/universanimalier.com\/en\/boutique\/mp-pull-narvik-christmas\/#breadcrumb"},"inLanguage":"en-US","potentialAction":[{"@type":"ReadAction","target":["https:\/\/universanimalier.com\/en\/boutique\/mp-pull-narvik-christmas\/"]}]},{"@type":"ImageObject","inLanguage":"en-US","@id":"https:\/\/universanimalier.com\/en\/boutique\/mp-pull-narvik-christmas\/#primaryimage","url":"https:\/\/universanimalier.com\/wp-content\/uploads\/2018\/12\/A3AEA875-3334-4C37-B72E-A6A515D53D7E.jpeg","contentUrl":"https:\/\/universanimalier.com\/wp-content\/uploads\/2018\/12\/A3AEA875-3334-4C37-B72E-A6A515D53D7E.jpeg","width":480,"height":585},{"@type":"BreadcrumbList","@id":"https:\/\/universanimalier.com\/en\/boutique\/mp-pull-narvik-christmas\/#breadcrumb","itemListElement":[{"@type":"ListItem","position":1,"name":"Accueil","item":"https:\/\/wip.universanimalier.com\/"},{"@type":"ListItem","position":2,"name":"Boutique","item":"https:\/\/wip.universanimalier.com\/boutique\/"},{"@type":"ListItem","position":3,"name":"Milk&#038;Pepper &#8211; Pull Narvik Christmas"}]},{"@type":"WebSite","@id":"https:\/\/wip.universanimalier.com\/#website","url":"https:\/\/wip.universanimalier.com\/","name":"L'univers Animalier","description":"A paradise for spoiled dogs!","publisher":{"@id":"https:\/\/wip.universanimalier.com\/#organization"},"potentialAction":[{"@type":"SearchAction","target":{"@type":"EntryPoint","urlTemplate":"https:\/\/wip.universanimalier.com\/?s={search_term_string}"},"query-input":{"@type":"PropertyValueSpecification","valueRequired":true,"valueName":"search_term_string"}}],"inLanguage":"en-US"},{"@type":"Organization","@id":"https:\/\/wip.universanimalier.com\/#organization","name":"L'univers Animalier","url":"https:\/\/wip.universanimalier.com\/","logo":{"@type":"ImageObject","inLanguage":"en-US","@id":"https:\/\/wip.universanimalier.com\/#\/schema\/logo\/image\/","url":"https:\/\/universanimalier.com\/wp-content\/uploads\/2021\/06\/logo.jpg","contentUrl":"https:\/\/universanimalier.com\/wp-content\/uploads\/2021\/06\/logo.jpg","width":800,"height":200,"caption":"L'univers Animalier"},"image":{"@id":"https:\/\/wip.universanimalier.com\/#\/schema\/logo\/image\/"},"sameAs":["https:\/\/www.facebook.com\/lunivers.animalier"]}]}},"_links":{"self":[{"href":"https:\/\/universanimalier.com\/en\/wp-json\/wp\/v2\/product\/17813"}],"collection":[{"href":"https:\/\/universanimalier.com\/en\/wp-json\/wp\/v2\/product"}],"about":[{"href":"https:\/\/universanimalier.com\/en\/wp-json\/wp\/v2\/types\/product"}],"wp:featuredmedia":[{"embeddable":true,"href":"https:\/\/universanimalier.com\/en\/wp-json\/wp\/v2\/media\/17796"}],"wp:attachment":[{"href":"https:\/\/universanimalier.com\/en\/wp-json\/wp\/v2\/media?parent=17813"}],"wp:term":[{"taxonomy":"product_brand","embeddable":true,"href":"https:\/\/universanimalier.com\/en\/wp-json\/wp\/v2\/product_brand?post=17813"},{"taxonomy":"product_cat","embeddable":true,"href":"https:\/\/universanimalier.com\/en\/wp-json\/wp\/v2\/product_cat?post=17813"},{"taxonomy":"product_tag","embeddable":true,"href":"https:\/\/universanimalier.com\/en\/wp-json\/wp\/v2\/product_tag?post=17813"}],"curies":[{"name":"wp","href":"https:\/\/api.w.org\/{rel}","templated":true}]}}