{"id":21462,"date":"2019-06-23T09:39:50","date_gmt":"2019-06-23T07:39:50","guid":{"rendered":"https:\/\/universanimalier.com\/?post_type=product&#038;p=21462"},"modified":"2020-11-15T21:11:12","modified_gmt":"2020-11-15T20:11:12","slug":"malucchi-collier-collar-volcano-rose","status":"publish","type":"product","link":"https:\/\/universanimalier.com\/en\/boutique\/malucchi-collier-collar-volcano-rose\/","title":{"rendered":"Malucchi - Necklace \/ Collar Volcano Rose"},"content":{"rendered":"","protected":false},"excerpt":{"rendered":"<p>\u2665 Malucchi - Volcano Collection \u2665<\/p>\n<ul>\n<li>Necklace 100 % handmade in Italy<\/li>\n<li>Premium suede \/ suede leather<\/li>\n<li>Swarovski crystals changing color with light<\/li>\n<li>Pretty pink color<\/li>\n<li>Available in green, pink, orange, yellow, taupe and khaki<\/li>\n<\/ul>","protected":false},"featured_media":21450,"template":"","meta":[],"product_brand":[],"product_cat":[23],"product_tag":[363,2317,74,2320,2386,19,2319,2318,210,115,2316],"class_list":{"0":"post-21462","1":"product","2":"type-product","3":"status-publish","4":"has-post-thumbnail","6":"product_cat-colliers","7":"product_tag-collar","8":"product_tag-collection-volcano","9":"product_tag-collier","10":"product_tag-collier-malucchi","11":"product_tag-collier-rose","12":"product_tag-malucchi","13":"product_tag-malucchi-collar","14":"product_tag-malucchi-volcano","15":"product_tag-pink","16":"product_tag-rose","17":"product_tag-volcano","19":"first","20":"instock","21":"shipping-taxable","22":"purchasable","23":"product-type-variable"},"yoast_head":"<!-- This site is optimized with the Yoast SEO plugin v25.5 - https:\/\/yoast.com\/wordpress\/plugins\/seo\/ -->\n<title>Malucchi - Collier\/Collar Volcano Rose - L&#039;univers Animalier<\/title>\n<meta name=\"robots\" content=\"index, follow, max-snippet:-1, max-image-preview:large, max-video-preview:-1\" \/>\n<link rel=\"canonical\" href=\"https:\/\/wip.universanimalier.com\/boutique\/malucchi-collier-collar-volcano-rose\/\" \/>\n<meta property=\"og:locale\" content=\"en_US\" \/>\n<meta property=\"og:type\" content=\"article\" \/>\n<meta property=\"og:title\" content=\"Malucchi - Collier\/Collar Volcano Rose - L&#039;univers Animalier\" \/>\n<meta property=\"og:description\" content=\"\u2665 Malucchi - Collection Volcano\u00a0\u2665   Collier 100 % fait main en Italie  Cuir su\u00e9dine\/daim de qualit\u00e9 sup\u00e9rieure  Cristaux Swarovski changeant de couleur avec la lumi\u00e8re  Jolie couleur rose  Existe en vert, rose, orange, jaune, taupe et kaki\" \/>\n<meta property=\"og:url\" content=\"https:\/\/wip.universanimalier.com\/boutique\/malucchi-collier-collar-volcano-rose\/\" \/>\n<meta property=\"og:site_name\" content=\"L&#039;univers Animalier\" \/>\n<meta property=\"article:publisher\" content=\"https:\/\/www.facebook.com\/lunivers.animalier\" \/>\n<meta property=\"article:modified_time\" content=\"2020-11-15T20:11:12+00:00\" \/>\n<meta property=\"og:image\" content=\"https:\/\/wip.universanimalier.com\/wp-content\/uploads\/2019\/06\/DB876693-3312-41AC-B269-271E1F4BE817.jpeg\" \/>\n\t<meta property=\"og:image:width\" content=\"1200\" \/>\n\t<meta property=\"og:image:height\" content=\"1200\" \/>\n\t<meta property=\"og:image:type\" content=\"image\/jpeg\" \/>\n<meta name=\"twitter:card\" content=\"summary_large_image\" \/>\n<script type=\"application\/ld+json\" class=\"yoast-schema-graph\">{\"@context\":\"https:\/\/schema.org\",\"@graph\":[{\"@type\":\"WebPage\",\"@id\":\"https:\/\/wip.universanimalier.com\/boutique\/malucchi-collier-collar-volcano-rose\/\",\"url\":\"https:\/\/wip.universanimalier.com\/boutique\/malucchi-collier-collar-volcano-rose\/\",\"name\":\"Malucchi - Collier\/Collar Volcano Rose - L&#039;univers Animalier\",\"isPartOf\":{\"@id\":\"https:\/\/wip.universanimalier.com\/#website\"},\"primaryImageOfPage\":{\"@id\":\"https:\/\/wip.universanimalier.com\/boutique\/malucchi-collier-collar-volcano-rose\/#primaryimage\"},\"image\":{\"@id\":\"https:\/\/wip.universanimalier.com\/boutique\/malucchi-collier-collar-volcano-rose\/#primaryimage\"},\"thumbnailUrl\":\"https:\/\/universanimalier.com\/wp-content\/uploads\/2019\/06\/DB876693-3312-41AC-B269-271E1F4BE817.jpeg\",\"datePublished\":\"2019-06-23T07:39:50+00:00\",\"dateModified\":\"2020-11-15T20:11:12+00:00\",\"breadcrumb\":{\"@id\":\"https:\/\/wip.universanimalier.com\/boutique\/malucchi-collier-collar-volcano-rose\/#breadcrumb\"},\"inLanguage\":\"en-US\",\"potentialAction\":[{\"@type\":\"ReadAction\",\"target\":[\"https:\/\/wip.universanimalier.com\/boutique\/malucchi-collier-collar-volcano-rose\/\"]}]},{\"@type\":\"ImageObject\",\"inLanguage\":\"en-US\",\"@id\":\"https:\/\/wip.universanimalier.com\/boutique\/malucchi-collier-collar-volcano-rose\/#primaryimage\",\"url\":\"https:\/\/universanimalier.com\/wp-content\/uploads\/2019\/06\/DB876693-3312-41AC-B269-271E1F4BE817.jpeg\",\"contentUrl\":\"https:\/\/universanimalier.com\/wp-content\/uploads\/2019\/06\/DB876693-3312-41AC-B269-271E1F4BE817.jpeg\",\"width\":1200,\"height\":1200,\"caption\":\"Processed with MOLDIV\"},{\"@type\":\"BreadcrumbList\",\"@id\":\"https:\/\/wip.universanimalier.com\/boutique\/malucchi-collier-collar-volcano-rose\/#breadcrumb\",\"itemListElement\":[{\"@type\":\"ListItem\",\"position\":1,\"name\":\"Accueil\",\"item\":\"https:\/\/wip.universanimalier.com\/\"},{\"@type\":\"ListItem\",\"position\":2,\"name\":\"Boutique\",\"item\":\"https:\/\/wip.universanimalier.com\/boutique\/\"},{\"@type\":\"ListItem\",\"position\":3,\"name\":\"Malucchi &#8211; Collier\/Collar Volcano Rose\"}]},{\"@type\":\"WebSite\",\"@id\":\"https:\/\/wip.universanimalier.com\/#website\",\"url\":\"https:\/\/wip.universanimalier.com\/\",\"name\":\"L'univers Animalier\",\"description\":\"Le paradis des chiens g\u00e2t\u00e9s !\",\"publisher\":{\"@id\":\"https:\/\/wip.universanimalier.com\/#organization\"},\"potentialAction\":[{\"@type\":\"SearchAction\",\"target\":{\"@type\":\"EntryPoint\",\"urlTemplate\":\"https:\/\/wip.universanimalier.com\/?s={search_term_string}\"},\"query-input\":{\"@type\":\"PropertyValueSpecification\",\"valueRequired\":true,\"valueName\":\"search_term_string\"}}],\"inLanguage\":\"en-US\"},{\"@type\":\"Organization\",\"@id\":\"https:\/\/wip.universanimalier.com\/#organization\",\"name\":\"L'univers Animalier\",\"url\":\"https:\/\/wip.universanimalier.com\/\",\"logo\":{\"@type\":\"ImageObject\",\"inLanguage\":\"en-US\",\"@id\":\"https:\/\/wip.universanimalier.com\/#\/schema\/logo\/image\/\",\"url\":\"https:\/\/universanimalier.com\/wp-content\/uploads\/2021\/06\/logo.jpg\",\"contentUrl\":\"https:\/\/universanimalier.com\/wp-content\/uploads\/2021\/06\/logo.jpg\",\"width\":800,\"height\":200,\"caption\":\"L'univers Animalier\"},\"image\":{\"@id\":\"https:\/\/wip.universanimalier.com\/#\/schema\/logo\/image\/\"},\"sameAs\":[\"https:\/\/www.facebook.com\/lunivers.animalier\"]}]}<\/script>\n<!-- \/ Yoast SEO plugin. -->","yoast_head_json":{"title":"Malucchi - Collier\/Collar Volcano Rose - L&#039;univers Animalier","robots":{"index":"index","follow":"follow","max-snippet":"max-snippet:-1","max-image-preview":"max-image-preview:large","max-video-preview":"max-video-preview:-1"},"canonical":"https:\/\/wip.universanimalier.com\/boutique\/malucchi-collier-collar-volcano-rose\/","og_locale":"en_US","og_type":"article","og_title":"Malucchi - Collier\/Collar Volcano Rose - L&#039;univers Animalier","og_description":"\u2665 Malucchi - Collection Volcano\u00a0\u2665   Collier 100 % fait main en Italie  Cuir su\u00e9dine\/daim de qualit\u00e9 sup\u00e9rieure  Cristaux Swarovski changeant de couleur avec la lumi\u00e8re  Jolie couleur rose  Existe en vert, rose, orange, jaune, taupe et kaki","og_url":"https:\/\/wip.universanimalier.com\/boutique\/malucchi-collier-collar-volcano-rose\/","og_site_name":"L&#039;univers Animalier","article_publisher":"https:\/\/www.facebook.com\/lunivers.animalier","article_modified_time":"2020-11-15T20:11:12+00:00","og_image":[{"width":1200,"height":1200,"url":"https:\/\/wip.universanimalier.com\/wp-content\/uploads\/2019\/06\/DB876693-3312-41AC-B269-271E1F4BE817.jpeg","type":"image\/jpeg"}],"twitter_card":"summary_large_image","schema":{"@context":"https:\/\/schema.org","@graph":[{"@type":"WebPage","@id":"https:\/\/wip.universanimalier.com\/boutique\/malucchi-collier-collar-volcano-rose\/","url":"https:\/\/wip.universanimalier.com\/boutique\/malucchi-collier-collar-volcano-rose\/","name":"Malucchi - Collier\/Collar Volcano Rose - L&#039;univers Animalier","isPartOf":{"@id":"https:\/\/wip.universanimalier.com\/#website"},"primaryImageOfPage":{"@id":"https:\/\/wip.universanimalier.com\/boutique\/malucchi-collier-collar-volcano-rose\/#primaryimage"},"image":{"@id":"https:\/\/wip.universanimalier.com\/boutique\/malucchi-collier-collar-volcano-rose\/#primaryimage"},"thumbnailUrl":"https:\/\/universanimalier.com\/wp-content\/uploads\/2019\/06\/DB876693-3312-41AC-B269-271E1F4BE817.jpeg","datePublished":"2019-06-23T07:39:50+00:00","dateModified":"2020-11-15T20:11:12+00:00","breadcrumb":{"@id":"https:\/\/wip.universanimalier.com\/boutique\/malucchi-collier-collar-volcano-rose\/#breadcrumb"},"inLanguage":"en-US","potentialAction":[{"@type":"ReadAction","target":["https:\/\/wip.universanimalier.com\/boutique\/malucchi-collier-collar-volcano-rose\/"]}]},{"@type":"ImageObject","inLanguage":"en-US","@id":"https:\/\/wip.universanimalier.com\/boutique\/malucchi-collier-collar-volcano-rose\/#primaryimage","url":"https:\/\/universanimalier.com\/wp-content\/uploads\/2019\/06\/DB876693-3312-41AC-B269-271E1F4BE817.jpeg","contentUrl":"https:\/\/universanimalier.com\/wp-content\/uploads\/2019\/06\/DB876693-3312-41AC-B269-271E1F4BE817.jpeg","width":1200,"height":1200,"caption":"Processed with MOLDIV"},{"@type":"BreadcrumbList","@id":"https:\/\/wip.universanimalier.com\/boutique\/malucchi-collier-collar-volcano-rose\/#breadcrumb","itemListElement":[{"@type":"ListItem","position":1,"name":"Accueil","item":"https:\/\/wip.universanimalier.com\/"},{"@type":"ListItem","position":2,"name":"Boutique","item":"https:\/\/wip.universanimalier.com\/boutique\/"},{"@type":"ListItem","position":3,"name":"Malucchi &#8211; Collier\/Collar Volcano Rose"}]},{"@type":"WebSite","@id":"https:\/\/wip.universanimalier.com\/#website","url":"https:\/\/wip.universanimalier.com\/","name":"L'univers Animalier","description":"A paradise for spoiled dogs!","publisher":{"@id":"https:\/\/wip.universanimalier.com\/#organization"},"potentialAction":[{"@type":"SearchAction","target":{"@type":"EntryPoint","urlTemplate":"https:\/\/wip.universanimalier.com\/?s={search_term_string}"},"query-input":{"@type":"PropertyValueSpecification","valueRequired":true,"valueName":"search_term_string"}}],"inLanguage":"en-US"},{"@type":"Organization","@id":"https:\/\/wip.universanimalier.com\/#organization","name":"L'univers Animalier","url":"https:\/\/wip.universanimalier.com\/","logo":{"@type":"ImageObject","inLanguage":"en-US","@id":"https:\/\/wip.universanimalier.com\/#\/schema\/logo\/image\/","url":"https:\/\/universanimalier.com\/wp-content\/uploads\/2021\/06\/logo.jpg","contentUrl":"https:\/\/universanimalier.com\/wp-content\/uploads\/2021\/06\/logo.jpg","width":800,"height":200,"caption":"L'univers Animalier"},"image":{"@id":"https:\/\/wip.universanimalier.com\/#\/schema\/logo\/image\/"},"sameAs":["https:\/\/www.facebook.com\/lunivers.animalier"]}]}},"_links":{"self":[{"href":"https:\/\/universanimalier.com\/en\/wp-json\/wp\/v2\/product\/21462"}],"collection":[{"href":"https:\/\/universanimalier.com\/en\/wp-json\/wp\/v2\/product"}],"about":[{"href":"https:\/\/universanimalier.com\/en\/wp-json\/wp\/v2\/types\/product"}],"wp:featuredmedia":[{"embeddable":true,"href":"https:\/\/universanimalier.com\/en\/wp-json\/wp\/v2\/media\/21450"}],"wp:attachment":[{"href":"https:\/\/universanimalier.com\/en\/wp-json\/wp\/v2\/media?parent=21462"}],"wp:term":[{"taxonomy":"product_brand","embeddable":true,"href":"https:\/\/universanimalier.com\/en\/wp-json\/wp\/v2\/product_brand?post=21462"},{"taxonomy":"product_cat","embeddable":true,"href":"https:\/\/universanimalier.com\/en\/wp-json\/wp\/v2\/product_cat?post=21462"},{"taxonomy":"product_tag","embeddable":true,"href":"https:\/\/universanimalier.com\/en\/wp-json\/wp\/v2\/product_tag?post=21462"}],"curies":[{"name":"wp","href":"https:\/\/api.w.org\/{rel}","templated":true}]}}