{"id":23883,"date":"2019-09-28T16:27:16","date_gmt":"2019-09-28T14:27:16","guid":{"rendered":"https:\/\/universanimalier.com\/?post_type=product&#038;p=23883"},"modified":"2020-12-15T19:56:10","modified_gmt":"2020-12-15T18:56:10","slug":"ttb-manteau-veste-lullaby","status":"publish","type":"product","link":"https:\/\/universanimalier.com\/en\/boutique\/ttb-manteau-veste-lullaby\/","title":{"rendered":"TTB - Coat \/ Jacket Lullaby"},"content":{"rendered":"","protected":false},"excerpt":{"rendered":"<p>Very nice gray hooded sweatshirt style jacket, very thick and warm with a very soft faux fur interior and a felt exterior. Pretty little flowers and decorative bow \u2665 Velcro closure at the belly.<\/p>","protected":false},"featured_media":23881,"template":"","meta":[],"product_brand":[],"product_cat":[1659,1655,15],"product_tag":[2759,2216,20,217,2801,2772],"class_list":{"0":"post-23883","1":"product","2":"type-product","3":"status-publish","4":"has-post-thumbnail","6":"product_cat-manteaux","7":"product_cat-pulls-et-sweats","8":"product_cat-dressing","9":"product_tag-pull-pour-chien","10":"product_tag-trilly-tutti","11":"product_tag-trilly-tutti-brilli","12":"product_tag-ttb","13":"product_tag-veste-grise","14":"product_tag-veste-rose","16":"first","17":"instock","18":"shipping-taxable","19":"purchasable","20":"product-type-variable"},"yoast_head":"<!-- This site is optimized with the Yoast SEO plugin v25.5 - https:\/\/yoast.com\/wordpress\/plugins\/seo\/ -->\n<title>TTB - Manteau\/Veste Lullaby - L&#039;univers Animalier<\/title>\n<meta name=\"robots\" content=\"index, follow, max-snippet:-1, max-image-preview:large, max-video-preview:-1\" \/>\n<link rel=\"canonical\" href=\"https:\/\/wip.universanimalier.com\/boutique\/ttb-manteau-veste-lullaby\/\" \/>\n<meta property=\"og:locale\" content=\"en_US\" \/>\n<meta property=\"og:type\" content=\"article\" \/>\n<meta property=\"og:title\" content=\"TTB - Manteau\/Veste Lullaby - L&#039;univers Animalier\" \/>\n<meta property=\"og:description\" content=\"Tr\u00e8s jolie veste grise style sweat \u00e0 capuche, bien \u00e9paisse et chaude avec int\u00e9rieur en fausse fourrure toute douce et ext\u00e9rieur fa\u00e7on feutre. Jolies petites fleurs et noeud d\u00e9coratifs \u2665 Fermeture velcro au ventre.\" \/>\n<meta property=\"og:url\" content=\"https:\/\/wip.universanimalier.com\/boutique\/ttb-manteau-veste-lullaby\/\" \/>\n<meta property=\"og:site_name\" content=\"L&#039;univers Animalier\" \/>\n<meta property=\"article:publisher\" content=\"https:\/\/www.facebook.com\/lunivers.animalier\" \/>\n<meta property=\"article:modified_time\" content=\"2020-12-15T18:56:10+00:00\" \/>\n<meta property=\"og:image\" content=\"https:\/\/wip.universanimalier.com\/wp-content\/uploads\/2019\/09\/LULLABY.jpg\" \/>\n\t<meta property=\"og:image:width\" content=\"1512\" \/>\n\t<meta property=\"og:image:height\" content=\"2016\" \/>\n\t<meta property=\"og:image:type\" content=\"image\/jpeg\" \/>\n<meta name=\"twitter:card\" content=\"summary_large_image\" \/>\n<script type=\"application\/ld+json\" class=\"yoast-schema-graph\">{\"@context\":\"https:\/\/schema.org\",\"@graph\":[{\"@type\":\"WebPage\",\"@id\":\"https:\/\/wip.universanimalier.com\/boutique\/ttb-manteau-veste-lullaby\/\",\"url\":\"https:\/\/wip.universanimalier.com\/boutique\/ttb-manteau-veste-lullaby\/\",\"name\":\"TTB - Manteau\/Veste Lullaby - L&#039;univers Animalier\",\"isPartOf\":{\"@id\":\"https:\/\/wip.universanimalier.com\/#website\"},\"primaryImageOfPage\":{\"@id\":\"https:\/\/wip.universanimalier.com\/boutique\/ttb-manteau-veste-lullaby\/#primaryimage\"},\"image\":{\"@id\":\"https:\/\/wip.universanimalier.com\/boutique\/ttb-manteau-veste-lullaby\/#primaryimage\"},\"thumbnailUrl\":\"https:\/\/universanimalier.com\/wp-content\/uploads\/2019\/09\/LULLABY.jpg\",\"datePublished\":\"2019-09-28T14:27:16+00:00\",\"dateModified\":\"2020-12-15T18:56:10+00:00\",\"breadcrumb\":{\"@id\":\"https:\/\/wip.universanimalier.com\/boutique\/ttb-manteau-veste-lullaby\/#breadcrumb\"},\"inLanguage\":\"en-US\",\"potentialAction\":[{\"@type\":\"ReadAction\",\"target\":[\"https:\/\/wip.universanimalier.com\/boutique\/ttb-manteau-veste-lullaby\/\"]}]},{\"@type\":\"ImageObject\",\"inLanguage\":\"en-US\",\"@id\":\"https:\/\/wip.universanimalier.com\/boutique\/ttb-manteau-veste-lullaby\/#primaryimage\",\"url\":\"https:\/\/universanimalier.com\/wp-content\/uploads\/2019\/09\/LULLABY.jpg\",\"contentUrl\":\"https:\/\/universanimalier.com\/wp-content\/uploads\/2019\/09\/LULLABY.jpg\",\"width\":1512,\"height\":2016},{\"@type\":\"BreadcrumbList\",\"@id\":\"https:\/\/wip.universanimalier.com\/boutique\/ttb-manteau-veste-lullaby\/#breadcrumb\",\"itemListElement\":[{\"@type\":\"ListItem\",\"position\":1,\"name\":\"Accueil\",\"item\":\"https:\/\/wip.universanimalier.com\/\"},{\"@type\":\"ListItem\",\"position\":2,\"name\":\"Boutique\",\"item\":\"https:\/\/wip.universanimalier.com\/boutique\/\"},{\"@type\":\"ListItem\",\"position\":3,\"name\":\"TTB &#8211; Manteau\/Veste Lullaby\"}]},{\"@type\":\"WebSite\",\"@id\":\"https:\/\/wip.universanimalier.com\/#website\",\"url\":\"https:\/\/wip.universanimalier.com\/\",\"name\":\"L'univers Animalier\",\"description\":\"Le paradis des chiens g\u00e2t\u00e9s !\",\"publisher\":{\"@id\":\"https:\/\/wip.universanimalier.com\/#organization\"},\"potentialAction\":[{\"@type\":\"SearchAction\",\"target\":{\"@type\":\"EntryPoint\",\"urlTemplate\":\"https:\/\/wip.universanimalier.com\/?s={search_term_string}\"},\"query-input\":{\"@type\":\"PropertyValueSpecification\",\"valueRequired\":true,\"valueName\":\"search_term_string\"}}],\"inLanguage\":\"en-US\"},{\"@type\":\"Organization\",\"@id\":\"https:\/\/wip.universanimalier.com\/#organization\",\"name\":\"L'univers Animalier\",\"url\":\"https:\/\/wip.universanimalier.com\/\",\"logo\":{\"@type\":\"ImageObject\",\"inLanguage\":\"en-US\",\"@id\":\"https:\/\/wip.universanimalier.com\/#\/schema\/logo\/image\/\",\"url\":\"https:\/\/universanimalier.com\/wp-content\/uploads\/2021\/06\/logo.jpg\",\"contentUrl\":\"https:\/\/universanimalier.com\/wp-content\/uploads\/2021\/06\/logo.jpg\",\"width\":800,\"height\":200,\"caption\":\"L'univers Animalier\"},\"image\":{\"@id\":\"https:\/\/wip.universanimalier.com\/#\/schema\/logo\/image\/\"},\"sameAs\":[\"https:\/\/www.facebook.com\/lunivers.animalier\"]}]}<\/script>\n<!-- \/ Yoast SEO plugin. -->","yoast_head_json":{"title":"TTB - Manteau\/Veste Lullaby - L&#039;univers Animalier","robots":{"index":"index","follow":"follow","max-snippet":"max-snippet:-1","max-image-preview":"max-image-preview:large","max-video-preview":"max-video-preview:-1"},"canonical":"https:\/\/wip.universanimalier.com\/boutique\/ttb-manteau-veste-lullaby\/","og_locale":"en_US","og_type":"article","og_title":"TTB - Manteau\/Veste Lullaby - L&#039;univers Animalier","og_description":"Tr\u00e8s jolie veste grise style sweat \u00e0 capuche, bien \u00e9paisse et chaude avec int\u00e9rieur en fausse fourrure toute douce et ext\u00e9rieur fa\u00e7on feutre. Jolies petites fleurs et noeud d\u00e9coratifs \u2665 Fermeture velcro au ventre.","og_url":"https:\/\/wip.universanimalier.com\/boutique\/ttb-manteau-veste-lullaby\/","og_site_name":"L&#039;univers Animalier","article_publisher":"https:\/\/www.facebook.com\/lunivers.animalier","article_modified_time":"2020-12-15T18:56:10+00:00","og_image":[{"width":1512,"height":2016,"url":"https:\/\/wip.universanimalier.com\/wp-content\/uploads\/2019\/09\/LULLABY.jpg","type":"image\/jpeg"}],"twitter_card":"summary_large_image","schema":{"@context":"https:\/\/schema.org","@graph":[{"@type":"WebPage","@id":"https:\/\/wip.universanimalier.com\/boutique\/ttb-manteau-veste-lullaby\/","url":"https:\/\/wip.universanimalier.com\/boutique\/ttb-manteau-veste-lullaby\/","name":"TTB - Manteau\/Veste Lullaby - L&#039;univers Animalier","isPartOf":{"@id":"https:\/\/wip.universanimalier.com\/#website"},"primaryImageOfPage":{"@id":"https:\/\/wip.universanimalier.com\/boutique\/ttb-manteau-veste-lullaby\/#primaryimage"},"image":{"@id":"https:\/\/wip.universanimalier.com\/boutique\/ttb-manteau-veste-lullaby\/#primaryimage"},"thumbnailUrl":"https:\/\/universanimalier.com\/wp-content\/uploads\/2019\/09\/LULLABY.jpg","datePublished":"2019-09-28T14:27:16+00:00","dateModified":"2020-12-15T18:56:10+00:00","breadcrumb":{"@id":"https:\/\/wip.universanimalier.com\/boutique\/ttb-manteau-veste-lullaby\/#breadcrumb"},"inLanguage":"en-US","potentialAction":[{"@type":"ReadAction","target":["https:\/\/wip.universanimalier.com\/boutique\/ttb-manteau-veste-lullaby\/"]}]},{"@type":"ImageObject","inLanguage":"en-US","@id":"https:\/\/wip.universanimalier.com\/boutique\/ttb-manteau-veste-lullaby\/#primaryimage","url":"https:\/\/universanimalier.com\/wp-content\/uploads\/2019\/09\/LULLABY.jpg","contentUrl":"https:\/\/universanimalier.com\/wp-content\/uploads\/2019\/09\/LULLABY.jpg","width":1512,"height":2016},{"@type":"BreadcrumbList","@id":"https:\/\/wip.universanimalier.com\/boutique\/ttb-manteau-veste-lullaby\/#breadcrumb","itemListElement":[{"@type":"ListItem","position":1,"name":"Accueil","item":"https:\/\/wip.universanimalier.com\/"},{"@type":"ListItem","position":2,"name":"Boutique","item":"https:\/\/wip.universanimalier.com\/boutique\/"},{"@type":"ListItem","position":3,"name":"TTB &#8211; Manteau\/Veste Lullaby"}]},{"@type":"WebSite","@id":"https:\/\/wip.universanimalier.com\/#website","url":"https:\/\/wip.universanimalier.com\/","name":"L'univers Animalier","description":"A paradise for spoiled dogs!","publisher":{"@id":"https:\/\/wip.universanimalier.com\/#organization"},"potentialAction":[{"@type":"SearchAction","target":{"@type":"EntryPoint","urlTemplate":"https:\/\/wip.universanimalier.com\/?s={search_term_string}"},"query-input":{"@type":"PropertyValueSpecification","valueRequired":true,"valueName":"search_term_string"}}],"inLanguage":"en-US"},{"@type":"Organization","@id":"https:\/\/wip.universanimalier.com\/#organization","name":"L'univers Animalier","url":"https:\/\/wip.universanimalier.com\/","logo":{"@type":"ImageObject","inLanguage":"en-US","@id":"https:\/\/wip.universanimalier.com\/#\/schema\/logo\/image\/","url":"https:\/\/universanimalier.com\/wp-content\/uploads\/2021\/06\/logo.jpg","contentUrl":"https:\/\/universanimalier.com\/wp-content\/uploads\/2021\/06\/logo.jpg","width":800,"height":200,"caption":"L'univers Animalier"},"image":{"@id":"https:\/\/wip.universanimalier.com\/#\/schema\/logo\/image\/"},"sameAs":["https:\/\/www.facebook.com\/lunivers.animalier"]}]}},"_links":{"self":[{"href":"https:\/\/universanimalier.com\/en\/wp-json\/wp\/v2\/product\/23883"}],"collection":[{"href":"https:\/\/universanimalier.com\/en\/wp-json\/wp\/v2\/product"}],"about":[{"href":"https:\/\/universanimalier.com\/en\/wp-json\/wp\/v2\/types\/product"}],"wp:featuredmedia":[{"embeddable":true,"href":"https:\/\/universanimalier.com\/en\/wp-json\/wp\/v2\/media\/23881"}],"wp:attachment":[{"href":"https:\/\/universanimalier.com\/en\/wp-json\/wp\/v2\/media?parent=23883"}],"wp:term":[{"taxonomy":"product_brand","embeddable":true,"href":"https:\/\/universanimalier.com\/en\/wp-json\/wp\/v2\/product_brand?post=23883"},{"taxonomy":"product_cat","embeddable":true,"href":"https:\/\/universanimalier.com\/en\/wp-json\/wp\/v2\/product_cat?post=23883"},{"taxonomy":"product_tag","embeddable":true,"href":"https:\/\/universanimalier.com\/en\/wp-json\/wp\/v2\/product_tag?post=23883"}],"curies":[{"name":"wp","href":"https:\/\/api.w.org\/{rel}","templated":true}]}}