{"id":24317,"date":"2019-10-12T21:16:56","date_gmt":"2019-10-12T19:16:56","guid":{"rendered":"https:\/\/universanimalier.com\/?post_type=product&#038;p=24317"},"modified":"2022-12-27T17:13:57","modified_gmt":"2022-12-27T16:13:57","slug":"mp-manteau-campus-navy","status":"publish","type":"product","link":"https:\/\/universanimalier.com\/en\/boutique\/mp-manteau-campus-navy\/","title":{"rendered":"M&amp;P - Campus Navy Coat"},"content":{"rendered":"","protected":false},"excerpt":{"rendered":"<p>Navy nylon coat, very thick and comfortable \u2665<\/p>\n<ul>\n<li><strong>Coat available in large sizes, special large dog<\/strong><\/li>\n<li>Navy nylon down jacket<\/li>\n<li>Heather gray interlock lining<\/li>\n<li>Camel imitation leather trimmed collar<\/li>\n<li>Galon drapeau (Marine \/Blanc\/Rouge) \u00e0 l&rsquo;int\u00e9rieur du col<\/li>\n<li>Woven badge with camel imitation leather insert<\/li>\n<li>Zipped opening on the back for the passage of the leash<\/li>\n<li>Closure under the belly with a double row of titanium press studs engraved &quot;M&amp;P&quot;<\/li>\n<li>Water repellent coat<\/li>\n<li>Machine washable at 30 \u00b0<\/li>\n<\/ul>\n<p>Here are the first\u00a0<strong>coats for large dogs<\/strong>\u00a0Milk &amp; Pepper! This year, Milk &amp; Pepper has developed sizes for\u00a0<strong>big dogs<\/strong>\u00a0based on the Campus down jacket. Thus, on this model, you will find the sizes <strong>55, 65 and 75<\/strong> intended for large dogs such as Labrador, Le\u00a0<strong>Golden retriever<\/strong>, The\u00a0<strong>German shepherd<\/strong>, The\u00a0<strong>Australian shepherd<\/strong>, The\u00a0<strong>Beagle<\/strong>...<\/p>","protected":false},"featured_media":24325,"template":"","meta":[],"product_brand":[],"product_cat":[1659,5137,15],"product_tag":[1239,685,1634,617,131,2899,2898,2900],"class_list":{"0":"post-24317","1":"product","2":"type-product","3":"status-publish","4":"has-post-thumbnail","6":"product_cat-manteaux","7":"product_cat-special-grands-chiens","8":"product_cat-dressing","9":"product_tag-coat","10":"product_tag-doudoune","11":"product_tag-feutrine","12":"product_tag-mp","13":"product_tag-manteau","14":"product_tag-manteau-bleu","15":"product_tag-manteau-campus","16":"product_tag-manteau-marine","18":"first","19":"instock","20":"shipping-taxable","21":"purchasable","22":"product-type-variable"},"yoast_head":"<!-- This site is optimized with the Yoast SEO plugin v25.5 - https:\/\/yoast.com\/wordpress\/plugins\/seo\/ -->\n<title>M&amp;P - Manteau Campus Navy - L&#039;univers Animalier<\/title>\n<meta name=\"robots\" content=\"index, follow, max-snippet:-1, max-image-preview:large, max-video-preview:-1\" \/>\n<link rel=\"canonical\" href=\"https:\/\/universanimalier.com\/en\/boutique\/mp-manteau-campus-navy\/\" \/>\n<meta property=\"og:locale\" content=\"en_US\" \/>\n<meta property=\"og:type\" content=\"article\" \/>\n<meta property=\"og:title\" content=\"M&amp;P - Manteau Campus Navy - L&#039;univers Animalier\" \/>\n<meta property=\"og:description\" content=\"Manteau en nylon marine, bien \u00e9pais et confortable \u2665   Manteau disponible dans de grandes tailles, sp\u00e9cial grand chien  Doudoune en nylon marine  Doublure en interlock gris chin\u00e9  Col bord\u00e9 en imitation cuir camel  Galon drapeau (Marine \/Blanc\/Rouge) \u00e0 l&#039;int\u00e9rieur du col  Badge tiss\u00e9e avec empi\u00e8cement en imitation cuir camel  Ouverture zipp\u00e9e sur le dos pour le passage de la laisse  Fermeture sous le ventre par une double rang\u00e9e de boutons pressions titanes grav\u00e9s \u00ab M&amp;P \u00bb  Manteau trait\u00e9 d\u00e9perlant  Lavable en machine \u00e0 30\u00b0  Voici les premiers\u00a0manteaux pour grands chiens\u00a0Milk&amp;Pepper ! Cette ann\u00e9e, Milk&amp;Pepper a d\u00e9velopp\u00e9 des tailles pour\u00a0grands chiens\u00a0sur le mod\u00e8le de doudoune Campus. Ainsi, sur ce mod\u00e8le, vous retrouverez les tailles 55, 65 et 75 destin\u00e9es aux grands chiens comme le Labrador, Le\u00a0Golden Retriever, Le\u00a0Berger Allemand, Le\u00a0Berger Australien, Le\u00a0Beagle\u2026\" \/>\n<meta property=\"og:url\" content=\"https:\/\/universanimalier.com\/en\/boutique\/mp-manteau-campus-navy\/\" \/>\n<meta property=\"og:site_name\" content=\"L&#039;univers Animalier\" \/>\n<meta property=\"article:publisher\" content=\"https:\/\/www.facebook.com\/lunivers.animalier\" \/>\n<meta property=\"article:modified_time\" content=\"2022-12-27T16:13:57+00:00\" \/>\n<meta property=\"og:image\" content=\"https:\/\/wip.universanimalier.com\/wp-content\/uploads\/2019\/10\/manteau-campus-marine.jpg\" \/>\n\t<meta property=\"og:image:width\" content=\"480\" \/>\n\t<meta property=\"og:image:height\" content=\"585\" \/>\n\t<meta property=\"og:image:type\" content=\"image\/jpeg\" \/>\n<meta name=\"twitter:card\" content=\"summary_large_image\" \/>\n<script type=\"application\/ld+json\" class=\"yoast-schema-graph\">{\"@context\":\"https:\/\/schema.org\",\"@graph\":[{\"@type\":\"WebPage\",\"@id\":\"https:\/\/universanimalier.com\/en\/boutique\/mp-manteau-campus-navy\/\",\"url\":\"https:\/\/universanimalier.com\/en\/boutique\/mp-manteau-campus-navy\/\",\"name\":\"M&P - Manteau Campus Navy - L&#039;univers Animalier\",\"isPartOf\":{\"@id\":\"https:\/\/wip.universanimalier.com\/#website\"},\"primaryImageOfPage\":{\"@id\":\"https:\/\/universanimalier.com\/en\/boutique\/mp-manteau-campus-navy\/#primaryimage\"},\"image\":{\"@id\":\"https:\/\/universanimalier.com\/en\/boutique\/mp-manteau-campus-navy\/#primaryimage\"},\"thumbnailUrl\":\"https:\/\/universanimalier.com\/wp-content\/uploads\/2019\/10\/manteau-campus-marine.jpg\",\"datePublished\":\"2019-10-12T19:16:56+00:00\",\"dateModified\":\"2022-12-27T16:13:57+00:00\",\"breadcrumb\":{\"@id\":\"https:\/\/universanimalier.com\/en\/boutique\/mp-manteau-campus-navy\/#breadcrumb\"},\"inLanguage\":\"en-US\",\"potentialAction\":[{\"@type\":\"ReadAction\",\"target\":[\"https:\/\/universanimalier.com\/en\/boutique\/mp-manteau-campus-navy\/\"]}]},{\"@type\":\"ImageObject\",\"inLanguage\":\"en-US\",\"@id\":\"https:\/\/universanimalier.com\/en\/boutique\/mp-manteau-campus-navy\/#primaryimage\",\"url\":\"https:\/\/universanimalier.com\/wp-content\/uploads\/2019\/10\/manteau-campus-marine.jpg\",\"contentUrl\":\"https:\/\/universanimalier.com\/wp-content\/uploads\/2019\/10\/manteau-campus-marine.jpg\",\"width\":480,\"height\":585},{\"@type\":\"BreadcrumbList\",\"@id\":\"https:\/\/universanimalier.com\/en\/boutique\/mp-manteau-campus-navy\/#breadcrumb\",\"itemListElement\":[{\"@type\":\"ListItem\",\"position\":1,\"name\":\"Accueil\",\"item\":\"https:\/\/wip.universanimalier.com\/\"},{\"@type\":\"ListItem\",\"position\":2,\"name\":\"Boutique\",\"item\":\"https:\/\/wip.universanimalier.com\/boutique\/\"},{\"@type\":\"ListItem\",\"position\":3,\"name\":\"M&#038;P &#8211; Manteau Campus Navy\"}]},{\"@type\":\"WebSite\",\"@id\":\"https:\/\/wip.universanimalier.com\/#website\",\"url\":\"https:\/\/wip.universanimalier.com\/\",\"name\":\"L'univers Animalier\",\"description\":\"Le paradis des chiens g\u00e2t\u00e9s !\",\"publisher\":{\"@id\":\"https:\/\/wip.universanimalier.com\/#organization\"},\"potentialAction\":[{\"@type\":\"SearchAction\",\"target\":{\"@type\":\"EntryPoint\",\"urlTemplate\":\"https:\/\/wip.universanimalier.com\/?s={search_term_string}\"},\"query-input\":{\"@type\":\"PropertyValueSpecification\",\"valueRequired\":true,\"valueName\":\"search_term_string\"}}],\"inLanguage\":\"en-US\"},{\"@type\":\"Organization\",\"@id\":\"https:\/\/wip.universanimalier.com\/#organization\",\"name\":\"L'univers Animalier\",\"url\":\"https:\/\/wip.universanimalier.com\/\",\"logo\":{\"@type\":\"ImageObject\",\"inLanguage\":\"en-US\",\"@id\":\"https:\/\/wip.universanimalier.com\/#\/schema\/logo\/image\/\",\"url\":\"https:\/\/universanimalier.com\/wp-content\/uploads\/2021\/06\/logo.jpg\",\"contentUrl\":\"https:\/\/universanimalier.com\/wp-content\/uploads\/2021\/06\/logo.jpg\",\"width\":800,\"height\":200,\"caption\":\"L'univers Animalier\"},\"image\":{\"@id\":\"https:\/\/wip.universanimalier.com\/#\/schema\/logo\/image\/\"},\"sameAs\":[\"https:\/\/www.facebook.com\/lunivers.animalier\"]}]}<\/script>\n<!-- \/ Yoast SEO plugin. -->","yoast_head_json":{"title":"M&P - Manteau Campus Navy - L&#039;univers Animalier","robots":{"index":"index","follow":"follow","max-snippet":"max-snippet:-1","max-image-preview":"max-image-preview:large","max-video-preview":"max-video-preview:-1"},"canonical":"https:\/\/universanimalier.com\/en\/boutique\/mp-manteau-campus-navy\/","og_locale":"en_US","og_type":"article","og_title":"M&P - Manteau Campus Navy - L&#039;univers Animalier","og_description":"Manteau en nylon marine, bien \u00e9pais et confortable \u2665   Manteau disponible dans de grandes tailles, sp\u00e9cial grand chien  Doudoune en nylon marine  Doublure en interlock gris chin\u00e9  Col bord\u00e9 en imitation cuir camel  Galon drapeau (Marine \/Blanc\/Rouge) \u00e0 l'int\u00e9rieur du col  Badge tiss\u00e9e avec empi\u00e8cement en imitation cuir camel  Ouverture zipp\u00e9e sur le dos pour le passage de la laisse  Fermeture sous le ventre par une double rang\u00e9e de boutons pressions titanes grav\u00e9s \u00ab M&amp;P \u00bb  Manteau trait\u00e9 d\u00e9perlant  Lavable en machine \u00e0 30\u00b0  Voici les premiers\u00a0manteaux pour grands chiens\u00a0Milk&amp;Pepper ! Cette ann\u00e9e, Milk&amp;Pepper a d\u00e9velopp\u00e9 des tailles pour\u00a0grands chiens\u00a0sur le mod\u00e8le de doudoune Campus. Ainsi, sur ce mod\u00e8le, vous retrouverez les tailles 55, 65 et 75 destin\u00e9es aux grands chiens comme le Labrador, Le\u00a0Golden Retriever, Le\u00a0Berger Allemand, Le\u00a0Berger Australien, Le\u00a0Beagle\u2026","og_url":"https:\/\/universanimalier.com\/en\/boutique\/mp-manteau-campus-navy\/","og_site_name":"L&#039;univers Animalier","article_publisher":"https:\/\/www.facebook.com\/lunivers.animalier","article_modified_time":"2022-12-27T16:13:57+00:00","og_image":[{"width":480,"height":585,"url":"https:\/\/wip.universanimalier.com\/wp-content\/uploads\/2019\/10\/manteau-campus-marine.jpg","type":"image\/jpeg"}],"twitter_card":"summary_large_image","schema":{"@context":"https:\/\/schema.org","@graph":[{"@type":"WebPage","@id":"https:\/\/universanimalier.com\/en\/boutique\/mp-manteau-campus-navy\/","url":"https:\/\/universanimalier.com\/en\/boutique\/mp-manteau-campus-navy\/","name":"M&P - Manteau Campus Navy - L&#039;univers Animalier","isPartOf":{"@id":"https:\/\/wip.universanimalier.com\/#website"},"primaryImageOfPage":{"@id":"https:\/\/universanimalier.com\/en\/boutique\/mp-manteau-campus-navy\/#primaryimage"},"image":{"@id":"https:\/\/universanimalier.com\/en\/boutique\/mp-manteau-campus-navy\/#primaryimage"},"thumbnailUrl":"https:\/\/universanimalier.com\/wp-content\/uploads\/2019\/10\/manteau-campus-marine.jpg","datePublished":"2019-10-12T19:16:56+00:00","dateModified":"2022-12-27T16:13:57+00:00","breadcrumb":{"@id":"https:\/\/universanimalier.com\/en\/boutique\/mp-manteau-campus-navy\/#breadcrumb"},"inLanguage":"en-US","potentialAction":[{"@type":"ReadAction","target":["https:\/\/universanimalier.com\/en\/boutique\/mp-manteau-campus-navy\/"]}]},{"@type":"ImageObject","inLanguage":"en-US","@id":"https:\/\/universanimalier.com\/en\/boutique\/mp-manteau-campus-navy\/#primaryimage","url":"https:\/\/universanimalier.com\/wp-content\/uploads\/2019\/10\/manteau-campus-marine.jpg","contentUrl":"https:\/\/universanimalier.com\/wp-content\/uploads\/2019\/10\/manteau-campus-marine.jpg","width":480,"height":585},{"@type":"BreadcrumbList","@id":"https:\/\/universanimalier.com\/en\/boutique\/mp-manteau-campus-navy\/#breadcrumb","itemListElement":[{"@type":"ListItem","position":1,"name":"Accueil","item":"https:\/\/wip.universanimalier.com\/"},{"@type":"ListItem","position":2,"name":"Boutique","item":"https:\/\/wip.universanimalier.com\/boutique\/"},{"@type":"ListItem","position":3,"name":"M&#038;P &#8211; Manteau Campus Navy"}]},{"@type":"WebSite","@id":"https:\/\/wip.universanimalier.com\/#website","url":"https:\/\/wip.universanimalier.com\/","name":"L'univers Animalier","description":"A paradise for spoiled dogs!","publisher":{"@id":"https:\/\/wip.universanimalier.com\/#organization"},"potentialAction":[{"@type":"SearchAction","target":{"@type":"EntryPoint","urlTemplate":"https:\/\/wip.universanimalier.com\/?s={search_term_string}"},"query-input":{"@type":"PropertyValueSpecification","valueRequired":true,"valueName":"search_term_string"}}],"inLanguage":"en-US"},{"@type":"Organization","@id":"https:\/\/wip.universanimalier.com\/#organization","name":"L'univers Animalier","url":"https:\/\/wip.universanimalier.com\/","logo":{"@type":"ImageObject","inLanguage":"en-US","@id":"https:\/\/wip.universanimalier.com\/#\/schema\/logo\/image\/","url":"https:\/\/universanimalier.com\/wp-content\/uploads\/2021\/06\/logo.jpg","contentUrl":"https:\/\/universanimalier.com\/wp-content\/uploads\/2021\/06\/logo.jpg","width":800,"height":200,"caption":"L'univers Animalier"},"image":{"@id":"https:\/\/wip.universanimalier.com\/#\/schema\/logo\/image\/"},"sameAs":["https:\/\/www.facebook.com\/lunivers.animalier"]}]}},"_links":{"self":[{"href":"https:\/\/universanimalier.com\/en\/wp-json\/wp\/v2\/product\/24317"}],"collection":[{"href":"https:\/\/universanimalier.com\/en\/wp-json\/wp\/v2\/product"}],"about":[{"href":"https:\/\/universanimalier.com\/en\/wp-json\/wp\/v2\/types\/product"}],"wp:featuredmedia":[{"embeddable":true,"href":"https:\/\/universanimalier.com\/en\/wp-json\/wp\/v2\/media\/24325"}],"wp:attachment":[{"href":"https:\/\/universanimalier.com\/en\/wp-json\/wp\/v2\/media?parent=24317"}],"wp:term":[{"taxonomy":"product_brand","embeddable":true,"href":"https:\/\/universanimalier.com\/en\/wp-json\/wp\/v2\/product_brand?post=24317"},{"taxonomy":"product_cat","embeddable":true,"href":"https:\/\/universanimalier.com\/en\/wp-json\/wp\/v2\/product_cat?post=24317"},{"taxonomy":"product_tag","embeddable":true,"href":"https:\/\/universanimalier.com\/en\/wp-json\/wp\/v2\/product_tag?post=24317"}],"curies":[{"name":"wp","href":"https:\/\/api.w.org\/{rel}","templated":true}]}}