{"id":24397,"date":"2019-10-12T21:59:12","date_gmt":"2019-10-12T19:59:12","guid":{"rendered":"https:\/\/universanimalier.com\/?post_type=product&#038;p=24397"},"modified":"2025-11-27T15:24:45","modified_gmt":"2025-11-27T14:24:45","slug":"mp-manteau-doudoune-reversible-velvet","status":"publish","type":"product","link":"https:\/\/universanimalier.com\/en\/boutique\/mp-manteau-doudoune-reversible-velvet\/","title":{"rendered":"Milk &amp; Pepper - Velvet reversible coat \/ down jacket"},"content":{"rendered":"","protected":false},"excerpt":{"rendered":"<p>Coat <em><strong>reversible<\/strong><\/em> bien chaud et tr\u00e8s confortable. Avec du velours prune et de l&rsquo;agent\u00e9\u00a0\u2665<\/p>\n<ul>\n<li>Coat created especially for small dogs (Chihuahua, Yorkshire, Bichon, Shih-tzu, ...)<\/li>\n<li>Doudoune r\u00e9versible avec une face en velours prune et l&rsquo;autre en polyster argent\u00e9e (d\u00e9perlant)<\/li>\n<li>Col\u00a0 bord\u00e9 d&rsquo;une fine bande en imitation cuir argent\u00e9e<\/li>\n<li>Zipped opening on the back for the passage of the harness<\/li>\n<li>Closure under the belly with titanium press studs engraved &quot;M&amp;P&quot;<\/li>\n<li>Petites plaques titanes\u00a0 \u00ab\u00a0Milk&amp;Pepper\u00a0\u00bb en haut du dos<\/li>\n<li>Water repellent coat<\/li>\n<li>Machine washable at 30 \u00b0<\/li>\n<\/ul>","protected":false},"featured_media":24409,"template":"","meta":[],"product_brand":[],"product_cat":[1659,15],"product_tag":[1239,685,2910,617,131,2915,2914,2909,2916,808],"class_list":{"0":"post-24397","1":"product","2":"type-product","3":"status-publish","4":"has-post-thumbnail","6":"product_cat-manteaux","7":"product_cat-dressing","8":"product_tag-coat","9":"product_tag-doudoune","10":"product_tag-doudoune-reversible","11":"product_tag-mp","12":"product_tag-manteau","13":"product_tag-manteau-argente","14":"product_tag-manteau-bordeaux","15":"product_tag-manteau-reversible","16":"product_tag-manteau-velours","17":"product_tag-velvet","19":"first","20":"instock","21":"shipping-taxable","22":"purchasable","23":"product-type-variable"},"yoast_head":"<!-- This site is optimized with the Yoast SEO plugin v25.5 - https:\/\/yoast.com\/wordpress\/plugins\/seo\/ -->\n<title>Milk&amp;Pepper - Manteau\/Doudoune r\u00e9versible Velvet - L&#039;univers Animalier<\/title>\n<meta name=\"robots\" content=\"index, follow, max-snippet:-1, max-image-preview:large, max-video-preview:-1\" \/>\n<link rel=\"canonical\" href=\"https:\/\/universanimalier.com\/en\/boutique\/mp-manteau-doudoune-reversible-velvet\/\" \/>\n<meta property=\"og:locale\" content=\"en_US\" \/>\n<meta property=\"og:type\" content=\"article\" \/>\n<meta property=\"og:title\" content=\"Milk&amp;Pepper - Manteau\/Doudoune r\u00e9versible Velvet - L&#039;univers Animalier\" \/>\n<meta property=\"og:description\" content=\"Manteau r\u00e9versible bien chaud et tr\u00e8s confortable. Avec du velours prune et de l&#039;agent\u00e9\u00a0\u2665   Manteau cr\u00e9\u00e9 sp\u00e9cialement pour les petits chiens (Chihuahua, Yorkshire, Bichon, Shih-tzu, ...)  Doudoune r\u00e9versible avec une face en velours prune et l&#039;autre en polyster argent\u00e9e (d\u00e9perlant)  Col\u00a0 bord\u00e9 d&#039;une fine bande en imitation cuir argent\u00e9e  Ouverture zipp\u00e9e sur le dos pour le passage du harnais  Fermeture sous le ventre par boutons pressions titane grav\u00e9s \u00ab M&amp;P \u00bb  Petites plaques titanes\u00a0 &quot;Milk&amp;Pepper&quot; en haut du dos  Manteau trait\u00e9 d\u00e9perlant  Lavable en machine \u00e0 30\u00b0\" \/>\n<meta property=\"og:url\" content=\"https:\/\/universanimalier.com\/en\/boutique\/mp-manteau-doudoune-reversible-velvet\/\" \/>\n<meta property=\"og:site_name\" content=\"L&#039;univers Animalier\" \/>\n<meta property=\"article:publisher\" content=\"https:\/\/www.facebook.com\/lunivers.animalier\" \/>\n<meta property=\"article:modified_time\" content=\"2025-11-27T14:24:45+00:00\" \/>\n<meta property=\"og:image\" content=\"https:\/\/universanimalier.com\/wp-content\/uploads\/2019\/10\/doudoune-reversible-velvet.jpg\" \/>\n\t<meta property=\"og:image:width\" content=\"480\" \/>\n\t<meta property=\"og:image:height\" content=\"585\" \/>\n\t<meta property=\"og:image:type\" content=\"image\/jpeg\" \/>\n<meta name=\"twitter:card\" content=\"summary_large_image\" \/>\n<meta name=\"twitter:label1\" content=\"Est. reading time\" \/>\n\t<meta name=\"twitter:data1\" content=\"1 minute\" \/>\n<script type=\"application\/ld+json\" class=\"yoast-schema-graph\">{\"@context\":\"https:\/\/schema.org\",\"@graph\":[{\"@type\":\"WebPage\",\"@id\":\"https:\/\/universanimalier.com\/boutique\/mp-manteau-doudoune-reversible-velvet\/\",\"url\":\"https:\/\/universanimalier.com\/boutique\/mp-manteau-doudoune-reversible-velvet\/\",\"name\":\"Milk&Pepper - Manteau\/Doudoune r\u00e9versible Velvet - L&#039;univers Animalier\",\"isPartOf\":{\"@id\":\"https:\/\/wip.universanimalier.com\/#website\"},\"primaryImageOfPage\":{\"@id\":\"https:\/\/universanimalier.com\/boutique\/mp-manteau-doudoune-reversible-velvet\/#primaryimage\"},\"image\":{\"@id\":\"https:\/\/universanimalier.com\/boutique\/mp-manteau-doudoune-reversible-velvet\/#primaryimage\"},\"thumbnailUrl\":\"https:\/\/universanimalier.com\/wp-content\/uploads\/2019\/10\/doudoune-reversible-velvet.jpg\",\"datePublished\":\"2019-10-12T19:59:12+00:00\",\"dateModified\":\"2025-11-27T14:24:45+00:00\",\"breadcrumb\":{\"@id\":\"https:\/\/universanimalier.com\/boutique\/mp-manteau-doudoune-reversible-velvet\/#breadcrumb\"},\"inLanguage\":\"en-US\",\"potentialAction\":[{\"@type\":\"ReadAction\",\"target\":[\"https:\/\/universanimalier.com\/boutique\/mp-manteau-doudoune-reversible-velvet\/\"]}]},{\"@type\":\"ImageObject\",\"inLanguage\":\"en-US\",\"@id\":\"https:\/\/universanimalier.com\/boutique\/mp-manteau-doudoune-reversible-velvet\/#primaryimage\",\"url\":\"https:\/\/universanimalier.com\/wp-content\/uploads\/2019\/10\/doudoune-reversible-velvet.jpg\",\"contentUrl\":\"https:\/\/universanimalier.com\/wp-content\/uploads\/2019\/10\/doudoune-reversible-velvet.jpg\",\"width\":480,\"height\":585},{\"@type\":\"BreadcrumbList\",\"@id\":\"https:\/\/universanimalier.com\/boutique\/mp-manteau-doudoune-reversible-velvet\/#breadcrumb\",\"itemListElement\":[{\"@type\":\"ListItem\",\"position\":1,\"name\":\"Accueil\",\"item\":\"https:\/\/wip.universanimalier.com\/\"},{\"@type\":\"ListItem\",\"position\":2,\"name\":\"Boutique\",\"item\":\"https:\/\/wip.universanimalier.com\/boutique\/\"},{\"@type\":\"ListItem\",\"position\":3,\"name\":\"Milk&#038;Pepper &#8211; Manteau\/Doudoune r\u00e9versible Velvet\"}]},{\"@type\":\"WebSite\",\"@id\":\"https:\/\/wip.universanimalier.com\/#website\",\"url\":\"https:\/\/wip.universanimalier.com\/\",\"name\":\"L'univers Animalier\",\"description\":\"Le paradis des chiens g\u00e2t\u00e9s !\",\"publisher\":{\"@id\":\"https:\/\/wip.universanimalier.com\/#organization\"},\"potentialAction\":[{\"@type\":\"SearchAction\",\"target\":{\"@type\":\"EntryPoint\",\"urlTemplate\":\"https:\/\/wip.universanimalier.com\/?s={search_term_string}\"},\"query-input\":{\"@type\":\"PropertyValueSpecification\",\"valueRequired\":true,\"valueName\":\"search_term_string\"}}],\"inLanguage\":\"en-US\"},{\"@type\":\"Organization\",\"@id\":\"https:\/\/wip.universanimalier.com\/#organization\",\"name\":\"L'univers Animalier\",\"url\":\"https:\/\/wip.universanimalier.com\/\",\"logo\":{\"@type\":\"ImageObject\",\"inLanguage\":\"en-US\",\"@id\":\"https:\/\/wip.universanimalier.com\/#\/schema\/logo\/image\/\",\"url\":\"https:\/\/universanimalier.com\/wp-content\/uploads\/2021\/06\/logo.jpg\",\"contentUrl\":\"https:\/\/universanimalier.com\/wp-content\/uploads\/2021\/06\/logo.jpg\",\"width\":800,\"height\":200,\"caption\":\"L'univers Animalier\"},\"image\":{\"@id\":\"https:\/\/wip.universanimalier.com\/#\/schema\/logo\/image\/\"},\"sameAs\":[\"https:\/\/www.facebook.com\/lunivers.animalier\"]}]}<\/script>\n<!-- \/ Yoast SEO plugin. -->","yoast_head_json":{"title":"Milk&Pepper - Manteau\/Doudoune r\u00e9versible Velvet - L&#039;univers Animalier","robots":{"index":"index","follow":"follow","max-snippet":"max-snippet:-1","max-image-preview":"max-image-preview:large","max-video-preview":"max-video-preview:-1"},"canonical":"https:\/\/universanimalier.com\/en\/boutique\/mp-manteau-doudoune-reversible-velvet\/","og_locale":"en_US","og_type":"article","og_title":"Milk&Pepper - Manteau\/Doudoune r\u00e9versible Velvet - L&#039;univers Animalier","og_description":"Manteau r\u00e9versible bien chaud et tr\u00e8s confortable. Avec du velours prune et de l'agent\u00e9\u00a0\u2665   Manteau cr\u00e9\u00e9 sp\u00e9cialement pour les petits chiens (Chihuahua, Yorkshire, Bichon, Shih-tzu, ...)  Doudoune r\u00e9versible avec une face en velours prune et l'autre en polyster argent\u00e9e (d\u00e9perlant)  Col\u00a0 bord\u00e9 d'une fine bande en imitation cuir argent\u00e9e  Ouverture zipp\u00e9e sur le dos pour le passage du harnais  Fermeture sous le ventre par boutons pressions titane grav\u00e9s \u00ab M&amp;P \u00bb  Petites plaques titanes\u00a0 \"Milk&amp;Pepper\" en haut du dos  Manteau trait\u00e9 d\u00e9perlant  Lavable en machine \u00e0 30\u00b0","og_url":"https:\/\/universanimalier.com\/en\/boutique\/mp-manteau-doudoune-reversible-velvet\/","og_site_name":"L&#039;univers Animalier","article_publisher":"https:\/\/www.facebook.com\/lunivers.animalier","article_modified_time":"2025-11-27T14:24:45+00:00","og_image":[{"width":480,"height":585,"url":"https:\/\/universanimalier.com\/wp-content\/uploads\/2019\/10\/doudoune-reversible-velvet.jpg","type":"image\/jpeg"}],"twitter_card":"summary_large_image","twitter_misc":{"Est. reading time":"1 minute"},"schema":{"@context":"https:\/\/schema.org","@graph":[{"@type":"WebPage","@id":"https:\/\/universanimalier.com\/boutique\/mp-manteau-doudoune-reversible-velvet\/","url":"https:\/\/universanimalier.com\/boutique\/mp-manteau-doudoune-reversible-velvet\/","name":"Milk&Pepper - Manteau\/Doudoune r\u00e9versible Velvet - L&#039;univers Animalier","isPartOf":{"@id":"https:\/\/wip.universanimalier.com\/#website"},"primaryImageOfPage":{"@id":"https:\/\/universanimalier.com\/boutique\/mp-manteau-doudoune-reversible-velvet\/#primaryimage"},"image":{"@id":"https:\/\/universanimalier.com\/boutique\/mp-manteau-doudoune-reversible-velvet\/#primaryimage"},"thumbnailUrl":"https:\/\/universanimalier.com\/wp-content\/uploads\/2019\/10\/doudoune-reversible-velvet.jpg","datePublished":"2019-10-12T19:59:12+00:00","dateModified":"2025-11-27T14:24:45+00:00","breadcrumb":{"@id":"https:\/\/universanimalier.com\/boutique\/mp-manteau-doudoune-reversible-velvet\/#breadcrumb"},"inLanguage":"en-US","potentialAction":[{"@type":"ReadAction","target":["https:\/\/universanimalier.com\/boutique\/mp-manteau-doudoune-reversible-velvet\/"]}]},{"@type":"ImageObject","inLanguage":"en-US","@id":"https:\/\/universanimalier.com\/boutique\/mp-manteau-doudoune-reversible-velvet\/#primaryimage","url":"https:\/\/universanimalier.com\/wp-content\/uploads\/2019\/10\/doudoune-reversible-velvet.jpg","contentUrl":"https:\/\/universanimalier.com\/wp-content\/uploads\/2019\/10\/doudoune-reversible-velvet.jpg","width":480,"height":585},{"@type":"BreadcrumbList","@id":"https:\/\/universanimalier.com\/boutique\/mp-manteau-doudoune-reversible-velvet\/#breadcrumb","itemListElement":[{"@type":"ListItem","position":1,"name":"Accueil","item":"https:\/\/wip.universanimalier.com\/"},{"@type":"ListItem","position":2,"name":"Boutique","item":"https:\/\/wip.universanimalier.com\/boutique\/"},{"@type":"ListItem","position":3,"name":"Milk&#038;Pepper &#8211; Manteau\/Doudoune r\u00e9versible Velvet"}]},{"@type":"WebSite","@id":"https:\/\/wip.universanimalier.com\/#website","url":"https:\/\/wip.universanimalier.com\/","name":"L'univers Animalier","description":"A paradise for spoiled dogs!","publisher":{"@id":"https:\/\/wip.universanimalier.com\/#organization"},"potentialAction":[{"@type":"SearchAction","target":{"@type":"EntryPoint","urlTemplate":"https:\/\/wip.universanimalier.com\/?s={search_term_string}"},"query-input":{"@type":"PropertyValueSpecification","valueRequired":true,"valueName":"search_term_string"}}],"inLanguage":"en-US"},{"@type":"Organization","@id":"https:\/\/wip.universanimalier.com\/#organization","name":"L'univers Animalier","url":"https:\/\/wip.universanimalier.com\/","logo":{"@type":"ImageObject","inLanguage":"en-US","@id":"https:\/\/wip.universanimalier.com\/#\/schema\/logo\/image\/","url":"https:\/\/universanimalier.com\/wp-content\/uploads\/2021\/06\/logo.jpg","contentUrl":"https:\/\/universanimalier.com\/wp-content\/uploads\/2021\/06\/logo.jpg","width":800,"height":200,"caption":"L'univers Animalier"},"image":{"@id":"https:\/\/wip.universanimalier.com\/#\/schema\/logo\/image\/"},"sameAs":["https:\/\/www.facebook.com\/lunivers.animalier"]}]}},"_links":{"self":[{"href":"https:\/\/universanimalier.com\/en\/wp-json\/wp\/v2\/product\/24397"}],"collection":[{"href":"https:\/\/universanimalier.com\/en\/wp-json\/wp\/v2\/product"}],"about":[{"href":"https:\/\/universanimalier.com\/en\/wp-json\/wp\/v2\/types\/product"}],"wp:featuredmedia":[{"embeddable":true,"href":"https:\/\/universanimalier.com\/en\/wp-json\/wp\/v2\/media\/24409"}],"wp:attachment":[{"href":"https:\/\/universanimalier.com\/en\/wp-json\/wp\/v2\/media?parent=24397"}],"wp:term":[{"taxonomy":"product_brand","embeddable":true,"href":"https:\/\/universanimalier.com\/en\/wp-json\/wp\/v2\/product_brand?post=24397"},{"taxonomy":"product_cat","embeddable":true,"href":"https:\/\/universanimalier.com\/en\/wp-json\/wp\/v2\/product_cat?post=24397"},{"taxonomy":"product_tag","embeddable":true,"href":"https:\/\/universanimalier.com\/en\/wp-json\/wp\/v2\/product_tag?post=24397"}],"curies":[{"name":"wp","href":"https:\/\/api.w.org\/{rel}","templated":true}]}}