{"id":24428,"date":"2019-10-12T22:30:59","date_gmt":"2019-10-12T20:30:59","guid":{"rendered":"https:\/\/universanimalier.com\/?post_type=product&#038;p=24428"},"modified":"2026-04-11T21:57:09","modified_gmt":"2026-04-11T19:57:09","slug":"mp-manteau-veste-teddy","status":"publish","type":"product","link":"https:\/\/universanimalier.com\/en\/boutique\/mp-manteau-veste-teddy\/","title":{"rendered":"M&amp;P - Coat \/ Jacket Teddy"},"content":{"rendered":"","protected":false},"excerpt":{"rendered":"<p>Heather gray felt jacket in a stylish and very trendy little bomber style \u2665<\/p>\n<ul>\n<li>Coat created especially for small dogs (Chihuahua, Yorkshire, Bichon, Shih-tzu, ...)<\/li>\n<li>Teddy jacket in mottled gray felt with diamond stitching \/ back yoke in black imitation leather<\/li>\n<li>Ecru micro fur lining<\/li>\n<li>Black and ecru striped rib collar<\/li>\n<li>Zipped opening on the back for the passage of the harness<\/li>\n<li>Closure under the belly with titanium press studs engraved &quot;M&amp;P&quot;<\/li>\n<li>Petite plaque\u00a0 \u00ab\u00a0Milk&amp;Pepper\u00a0\u00bb titane et Badge en feutrine brod\u00e9e\u00a0 \u00ab\u00a0M\u00a0\u00bb en haut du dos<\/li>\n<li>small decorative pockets on the sides<\/li>\n<li>Water repellent coat<\/li>\n<li>Machine washable at 30 \u00b0<\/li>\n<\/ul>","protected":false},"featured_media":24437,"template":"","meta":[],"product_brand":[],"product_cat":[1659,15],"product_tag":[252,1239,685,617,131,1632],"class_list":{"0":"post-24428","1":"product","2":"type-product","3":"status-publish","4":"has-post-thumbnail","6":"product_cat-manteaux","7":"product_cat-dressing","8":"product_tag-black","9":"product_tag-coat","10":"product_tag-doudoune","11":"product_tag-mp","12":"product_tag-manteau","13":"product_tag-marlon","15":"first","16":"instock","17":"shipping-taxable","18":"purchasable","19":"product-type-variable"},"yoast_head":"<!-- This site is optimized with the Yoast SEO plugin v25.5 - https:\/\/yoast.com\/wordpress\/plugins\/seo\/ -->\n<title>M&amp;P - Manteau\/Veste Teddy - L&#039;univers Animalier<\/title>\n<meta name=\"robots\" content=\"index, follow, max-snippet:-1, max-image-preview:large, max-video-preview:-1\" \/>\n<link rel=\"canonical\" href=\"https:\/\/universanimalier.com\/en\/boutique\/mp-manteau-veste-teddy\/\" \/>\n<meta property=\"og:locale\" content=\"en_US\" \/>\n<meta property=\"og:type\" content=\"article\" \/>\n<meta property=\"og:title\" content=\"M&amp;P - Manteau\/Veste Teddy - L&#039;univers Animalier\" \/>\n<meta property=\"og:description\" content=\"Veste en feutrine gris chin\u00e9 style petit bomber styl\u00e9 et tr\u00e8s tendance \u2665   Manteau cr\u00e9\u00e9 sp\u00e9cialement pour les petits chiens (Chihuahua, Yorkshire, Bichon, Shih-tzu, ...)  Veste Teddy en feutrine gris chin\u00e9 piqu\u00e9 en losange \/ empi\u00e8cement dos en imitation cuir noir  Doublure en micro fourrure \u00e9crue  Col en c\u00f4te ray\u00e9e noir et \u00e9cru  Ouverture zipp\u00e9e sur le dos pour le passage du harnais  Fermeture sous le ventre par boutons pressions titanes grav\u00e9s \u00ab M&amp;P \u00bb  Petite plaque\u00a0 &quot;Milk&amp;Pepper&quot; titane et Badge en feutrine brod\u00e9e\u00a0 &quot;M&quot; en haut du dos  petites poches d\u00e9coratives sur les cot\u00e9s  Manteau trait\u00e9 d\u00e9perlant  Lavable en machine \u00e0 30\u00b0\" \/>\n<meta property=\"og:url\" content=\"https:\/\/universanimalier.com\/en\/boutique\/mp-manteau-veste-teddy\/\" \/>\n<meta property=\"og:site_name\" content=\"L&#039;univers Animalier\" \/>\n<meta property=\"article:publisher\" content=\"https:\/\/www.facebook.com\/lunivers.animalier\" \/>\n<meta property=\"article:modified_time\" content=\"2026-04-11T19:57:09+00:00\" \/>\n<meta property=\"og:image\" content=\"https:\/\/universanimalier.com\/wp-content\/uploads\/2019\/10\/veste-teddy.jpg\" \/>\n\t<meta property=\"og:image:width\" content=\"480\" \/>\n\t<meta property=\"og:image:height\" content=\"585\" \/>\n\t<meta property=\"og:image:type\" content=\"image\/jpeg\" \/>\n<meta name=\"twitter:card\" content=\"summary_large_image\" \/>\n<meta name=\"twitter:label1\" content=\"Est. reading time\" \/>\n\t<meta name=\"twitter:data1\" content=\"1 minute\" \/>\n<script type=\"application\/ld+json\" class=\"yoast-schema-graph\">{\"@context\":\"https:\/\/schema.org\",\"@graph\":[{\"@type\":\"WebPage\",\"@id\":\"https:\/\/universanimalier.com\/boutique\/mp-manteau-veste-teddy\/\",\"url\":\"https:\/\/universanimalier.com\/boutique\/mp-manteau-veste-teddy\/\",\"name\":\"M&P - Manteau\/Veste Teddy - L&#039;univers Animalier\",\"isPartOf\":{\"@id\":\"https:\/\/wip.universanimalier.com\/#website\"},\"primaryImageOfPage\":{\"@id\":\"https:\/\/universanimalier.com\/boutique\/mp-manteau-veste-teddy\/#primaryimage\"},\"image\":{\"@id\":\"https:\/\/universanimalier.com\/boutique\/mp-manteau-veste-teddy\/#primaryimage\"},\"thumbnailUrl\":\"https:\/\/universanimalier.com\/wp-content\/uploads\/2019\/10\/veste-teddy.jpg\",\"datePublished\":\"2019-10-12T20:30:59+00:00\",\"dateModified\":\"2026-04-11T19:57:09+00:00\",\"breadcrumb\":{\"@id\":\"https:\/\/universanimalier.com\/boutique\/mp-manteau-veste-teddy\/#breadcrumb\"},\"inLanguage\":\"en-US\",\"potentialAction\":[{\"@type\":\"ReadAction\",\"target\":[\"https:\/\/universanimalier.com\/boutique\/mp-manteau-veste-teddy\/\"]}]},{\"@type\":\"ImageObject\",\"inLanguage\":\"en-US\",\"@id\":\"https:\/\/universanimalier.com\/boutique\/mp-manteau-veste-teddy\/#primaryimage\",\"url\":\"https:\/\/universanimalier.com\/wp-content\/uploads\/2019\/10\/veste-teddy.jpg\",\"contentUrl\":\"https:\/\/universanimalier.com\/wp-content\/uploads\/2019\/10\/veste-teddy.jpg\",\"width\":480,\"height\":585},{\"@type\":\"BreadcrumbList\",\"@id\":\"https:\/\/universanimalier.com\/boutique\/mp-manteau-veste-teddy\/#breadcrumb\",\"itemListElement\":[{\"@type\":\"ListItem\",\"position\":1,\"name\":\"Accueil\",\"item\":\"https:\/\/wip.universanimalier.com\/\"},{\"@type\":\"ListItem\",\"position\":2,\"name\":\"Boutique\",\"item\":\"https:\/\/wip.universanimalier.com\/boutique\/\"},{\"@type\":\"ListItem\",\"position\":3,\"name\":\"M&#038;P &#8211; Manteau\/Veste Teddy\"}]},{\"@type\":\"WebSite\",\"@id\":\"https:\/\/wip.universanimalier.com\/#website\",\"url\":\"https:\/\/wip.universanimalier.com\/\",\"name\":\"L'univers Animalier\",\"description\":\"Le paradis des chiens g\u00e2t\u00e9s !\",\"publisher\":{\"@id\":\"https:\/\/wip.universanimalier.com\/#organization\"},\"potentialAction\":[{\"@type\":\"SearchAction\",\"target\":{\"@type\":\"EntryPoint\",\"urlTemplate\":\"https:\/\/wip.universanimalier.com\/?s={search_term_string}\"},\"query-input\":{\"@type\":\"PropertyValueSpecification\",\"valueRequired\":true,\"valueName\":\"search_term_string\"}}],\"inLanguage\":\"en-US\"},{\"@type\":\"Organization\",\"@id\":\"https:\/\/wip.universanimalier.com\/#organization\",\"name\":\"L'univers Animalier\",\"url\":\"https:\/\/wip.universanimalier.com\/\",\"logo\":{\"@type\":\"ImageObject\",\"inLanguage\":\"en-US\",\"@id\":\"https:\/\/wip.universanimalier.com\/#\/schema\/logo\/image\/\",\"url\":\"https:\/\/universanimalier.com\/wp-content\/uploads\/2021\/06\/logo.jpg\",\"contentUrl\":\"https:\/\/universanimalier.com\/wp-content\/uploads\/2021\/06\/logo.jpg\",\"width\":800,\"height\":200,\"caption\":\"L'univers Animalier\"},\"image\":{\"@id\":\"https:\/\/wip.universanimalier.com\/#\/schema\/logo\/image\/\"},\"sameAs\":[\"https:\/\/www.facebook.com\/lunivers.animalier\"]}]}<\/script>\n<!-- \/ Yoast SEO plugin. -->","yoast_head_json":{"title":"M&P - Manteau\/Veste Teddy - L&#039;univers Animalier","robots":{"index":"index","follow":"follow","max-snippet":"max-snippet:-1","max-image-preview":"max-image-preview:large","max-video-preview":"max-video-preview:-1"},"canonical":"https:\/\/universanimalier.com\/en\/boutique\/mp-manteau-veste-teddy\/","og_locale":"en_US","og_type":"article","og_title":"M&P - Manteau\/Veste Teddy - L&#039;univers Animalier","og_description":"Veste en feutrine gris chin\u00e9 style petit bomber styl\u00e9 et tr\u00e8s tendance \u2665   Manteau cr\u00e9\u00e9 sp\u00e9cialement pour les petits chiens (Chihuahua, Yorkshire, Bichon, Shih-tzu, ...)  Veste Teddy en feutrine gris chin\u00e9 piqu\u00e9 en losange \/ empi\u00e8cement dos en imitation cuir noir  Doublure en micro fourrure \u00e9crue  Col en c\u00f4te ray\u00e9e noir et \u00e9cru  Ouverture zipp\u00e9e sur le dos pour le passage du harnais  Fermeture sous le ventre par boutons pressions titanes grav\u00e9s \u00ab M&amp;P \u00bb  Petite plaque\u00a0 \"Milk&amp;Pepper\" titane et Badge en feutrine brod\u00e9e\u00a0 \"M\" en haut du dos  petites poches d\u00e9coratives sur les cot\u00e9s  Manteau trait\u00e9 d\u00e9perlant  Lavable en machine \u00e0 30\u00b0","og_url":"https:\/\/universanimalier.com\/en\/boutique\/mp-manteau-veste-teddy\/","og_site_name":"L&#039;univers Animalier","article_publisher":"https:\/\/www.facebook.com\/lunivers.animalier","article_modified_time":"2026-04-11T19:57:09+00:00","og_image":[{"width":480,"height":585,"url":"https:\/\/universanimalier.com\/wp-content\/uploads\/2019\/10\/veste-teddy.jpg","type":"image\/jpeg"}],"twitter_card":"summary_large_image","twitter_misc":{"Est. reading time":"1 minute"},"schema":{"@context":"https:\/\/schema.org","@graph":[{"@type":"WebPage","@id":"https:\/\/universanimalier.com\/boutique\/mp-manteau-veste-teddy\/","url":"https:\/\/universanimalier.com\/boutique\/mp-manteau-veste-teddy\/","name":"M&P - Manteau\/Veste Teddy - L&#039;univers Animalier","isPartOf":{"@id":"https:\/\/wip.universanimalier.com\/#website"},"primaryImageOfPage":{"@id":"https:\/\/universanimalier.com\/boutique\/mp-manteau-veste-teddy\/#primaryimage"},"image":{"@id":"https:\/\/universanimalier.com\/boutique\/mp-manteau-veste-teddy\/#primaryimage"},"thumbnailUrl":"https:\/\/universanimalier.com\/wp-content\/uploads\/2019\/10\/veste-teddy.jpg","datePublished":"2019-10-12T20:30:59+00:00","dateModified":"2026-04-11T19:57:09+00:00","breadcrumb":{"@id":"https:\/\/universanimalier.com\/boutique\/mp-manteau-veste-teddy\/#breadcrumb"},"inLanguage":"en-US","potentialAction":[{"@type":"ReadAction","target":["https:\/\/universanimalier.com\/boutique\/mp-manteau-veste-teddy\/"]}]},{"@type":"ImageObject","inLanguage":"en-US","@id":"https:\/\/universanimalier.com\/boutique\/mp-manteau-veste-teddy\/#primaryimage","url":"https:\/\/universanimalier.com\/wp-content\/uploads\/2019\/10\/veste-teddy.jpg","contentUrl":"https:\/\/universanimalier.com\/wp-content\/uploads\/2019\/10\/veste-teddy.jpg","width":480,"height":585},{"@type":"BreadcrumbList","@id":"https:\/\/universanimalier.com\/boutique\/mp-manteau-veste-teddy\/#breadcrumb","itemListElement":[{"@type":"ListItem","position":1,"name":"Accueil","item":"https:\/\/wip.universanimalier.com\/"},{"@type":"ListItem","position":2,"name":"Boutique","item":"https:\/\/wip.universanimalier.com\/boutique\/"},{"@type":"ListItem","position":3,"name":"M&#038;P &#8211; Manteau\/Veste Teddy"}]},{"@type":"WebSite","@id":"https:\/\/wip.universanimalier.com\/#website","url":"https:\/\/wip.universanimalier.com\/","name":"L'univers Animalier","description":"A paradise for spoiled dogs!","publisher":{"@id":"https:\/\/wip.universanimalier.com\/#organization"},"potentialAction":[{"@type":"SearchAction","target":{"@type":"EntryPoint","urlTemplate":"https:\/\/wip.universanimalier.com\/?s={search_term_string}"},"query-input":{"@type":"PropertyValueSpecification","valueRequired":true,"valueName":"search_term_string"}}],"inLanguage":"en-US"},{"@type":"Organization","@id":"https:\/\/wip.universanimalier.com\/#organization","name":"L'univers Animalier","url":"https:\/\/wip.universanimalier.com\/","logo":{"@type":"ImageObject","inLanguage":"en-US","@id":"https:\/\/wip.universanimalier.com\/#\/schema\/logo\/image\/","url":"https:\/\/universanimalier.com\/wp-content\/uploads\/2021\/06\/logo.jpg","contentUrl":"https:\/\/universanimalier.com\/wp-content\/uploads\/2021\/06\/logo.jpg","width":800,"height":200,"caption":"L'univers Animalier"},"image":{"@id":"https:\/\/wip.universanimalier.com\/#\/schema\/logo\/image\/"},"sameAs":["https:\/\/www.facebook.com\/lunivers.animalier"]}]}},"_links":{"self":[{"href":"https:\/\/universanimalier.com\/en\/wp-json\/wp\/v2\/product\/24428"}],"collection":[{"href":"https:\/\/universanimalier.com\/en\/wp-json\/wp\/v2\/product"}],"about":[{"href":"https:\/\/universanimalier.com\/en\/wp-json\/wp\/v2\/types\/product"}],"wp:featuredmedia":[{"embeddable":true,"href":"https:\/\/universanimalier.com\/en\/wp-json\/wp\/v2\/media\/24437"}],"wp:attachment":[{"href":"https:\/\/universanimalier.com\/en\/wp-json\/wp\/v2\/media?parent=24428"}],"wp:term":[{"taxonomy":"product_brand","embeddable":true,"href":"https:\/\/universanimalier.com\/en\/wp-json\/wp\/v2\/product_brand?post=24428"},{"taxonomy":"product_cat","embeddable":true,"href":"https:\/\/universanimalier.com\/en\/wp-json\/wp\/v2\/product_cat?post=24428"},{"taxonomy":"product_tag","embeddable":true,"href":"https:\/\/universanimalier.com\/en\/wp-json\/wp\/v2\/product_tag?post=24428"}],"curies":[{"name":"wp","href":"https:\/\/api.w.org\/{rel}","templated":true}]}}