{"id":24446,"date":"2019-10-12T22:45:01","date_gmt":"2019-10-12T20:45:01","guid":{"rendered":"https:\/\/universanimalier.com\/?post_type=product&#038;p=24446"},"modified":"2020-12-04T14:42:20","modified_gmt":"2020-12-04T13:42:20","slug":"mp-manteau-doudoune-commodore","status":"publish","type":"product","link":"https:\/\/universanimalier.com\/en\/boutique\/mp-manteau-doudoune-commodore\/","title":{"rendered":"M&amp;P - Commodore coat \/ down jacket"},"content":{"rendered":"","protected":false},"excerpt":{"rendered":"<p>Warm and very comfortable navy coat \u2665 for medium dogs.<\/p>\n<ul>\n<li>Coats in Classic sizes - Intended for medium dogs (Jack Russel, Boston terrier ...)<\/li>\n<li>Navy polyester down jacket \/ navy felt shoulder panels<\/li>\n<li>Ecru micro fur lining<\/li>\n<li>Zipped opening on the back for the passage of the harness<\/li>\n<li>Collar trimmed in vintage camel imitation leather<\/li>\n<li>Fermeture sous le ventre par boutons pressions bronze grav\u00e9s \u00ab\u00a0M&amp;P\u00a0\u00bb<\/li>\n<li>Badge tiss\u00e9 \u00ab\u00a0Yachting Milk&amp;Pepper\u00a0\u00bb piqu\u00e9 sur un patch en imitation cuir vintage camel<\/li>\n<li>Water repellent (waterproof) coat<\/li>\n<li>Petite plaque \u00ab\u00a0Milk&amp;Pepper\u00a0\u00bb bronze en haut du dos<\/li>\n<li>Machine washable at 30 \u00b0<\/li>\n<\/ul>","protected":false},"featured_media":24453,"template":"","meta":[],"product_brand":[],"product_cat":[1659,15],"product_tag":[1239,2924,685,617,131,2925,2921,2900],"class_list":{"0":"post-24446","1":"product","2":"type-product","3":"status-publish","4":"has-post-thumbnail","6":"product_cat-manteaux","7":"product_cat-dressing","8":"product_tag-coat","9":"product_tag-commodore","10":"product_tag-doudoune","11":"product_tag-mp","12":"product_tag-manteau","13":"product_tag-manteau-commodore","14":"product_tag-manteau-marin","15":"product_tag-manteau-marine","17":"first","18":"instock","19":"shipping-taxable","20":"purchasable","21":"product-type-variable"},"yoast_head":"<!-- This site is optimized with the Yoast SEO plugin v25.5 - https:\/\/yoast.com\/wordpress\/plugins\/seo\/ -->\n<title>M&amp;P - Manteau\/Doudoune Commodore - L&#039;univers Animalier<\/title>\n<meta name=\"robots\" content=\"index, follow, max-snippet:-1, max-image-preview:large, max-video-preview:-1\" \/>\n<link rel=\"canonical\" href=\"https:\/\/universanimalier.com\/en\/boutique\/mp-manteau-doudoune-commodore\/\" \/>\n<meta property=\"og:locale\" content=\"en_US\" \/>\n<meta property=\"og:type\" content=\"article\" \/>\n<meta property=\"og:title\" content=\"M&amp;P - Manteau\/Doudoune Commodore - L&#039;univers Animalier\" \/>\n<meta property=\"og:description\" content=\"Manteau marine bien chaud et tr\u00e8s confortable \u2665 pour chiens moyens.   Manteaux en tailles Classiques\u00a0 - Destin\u00e9s aux chiens moyens (Jack Russel, Boston terrier\u2026)  Doudoune en polyester marine \/ empi\u00e8cements \u00e9paule en feutrine marine  Doublure en micro fourrure \u00e9crue  Ouverture zipp\u00e9e sur le dos pour le passage du harnais  Col bord\u00e9 en imitation cuir vintage camel  Fermeture sous le ventre par boutons pressions bronze grav\u00e9s &quot;M&amp;P&quot;  Badge tiss\u00e9 &quot;Yachting Milk&amp;Pepper&quot; piqu\u00e9 sur un patch en imitation cuir vintage camel  Manteau trait\u00e9 d\u00e9perlant (imperm\u00e9able)  Petite plaque &quot;Milk&amp;Pepper&quot; bronze en haut du dos  Lavable en machine \u00e0 30\u00b0\" \/>\n<meta property=\"og:url\" content=\"https:\/\/universanimalier.com\/en\/boutique\/mp-manteau-doudoune-commodore\/\" \/>\n<meta property=\"og:site_name\" content=\"L&#039;univers Animalier\" \/>\n<meta property=\"article:publisher\" content=\"https:\/\/www.facebook.com\/lunivers.animalier\" \/>\n<meta property=\"article:modified_time\" content=\"2020-12-04T13:42:20+00:00\" \/>\n<meta property=\"og:image\" content=\"https:\/\/wip.universanimalier.com\/wp-content\/uploads\/2019\/10\/manteau-commodore.jpg\" \/>\n\t<meta property=\"og:image:width\" content=\"480\" \/>\n\t<meta property=\"og:image:height\" content=\"585\" \/>\n\t<meta property=\"og:image:type\" content=\"image\/jpeg\" \/>\n<meta name=\"twitter:card\" content=\"summary_large_image\" \/>\n<script type=\"application\/ld+json\" class=\"yoast-schema-graph\">{\"@context\":\"https:\/\/schema.org\",\"@graph\":[{\"@type\":\"WebPage\",\"@id\":\"https:\/\/universanimalier.com\/en\/boutique\/mp-manteau-doudoune-commodore\/\",\"url\":\"https:\/\/universanimalier.com\/en\/boutique\/mp-manteau-doudoune-commodore\/\",\"name\":\"M&P - Manteau\/Doudoune Commodore - L&#039;univers Animalier\",\"isPartOf\":{\"@id\":\"https:\/\/wip.universanimalier.com\/#website\"},\"primaryImageOfPage\":{\"@id\":\"https:\/\/universanimalier.com\/en\/boutique\/mp-manteau-doudoune-commodore\/#primaryimage\"},\"image\":{\"@id\":\"https:\/\/universanimalier.com\/en\/boutique\/mp-manteau-doudoune-commodore\/#primaryimage\"},\"thumbnailUrl\":\"https:\/\/universanimalier.com\/wp-content\/uploads\/2019\/10\/manteau-commodore.jpg\",\"datePublished\":\"2019-10-12T20:45:01+00:00\",\"dateModified\":\"2020-12-04T13:42:20+00:00\",\"breadcrumb\":{\"@id\":\"https:\/\/universanimalier.com\/en\/boutique\/mp-manteau-doudoune-commodore\/#breadcrumb\"},\"inLanguage\":\"en-US\",\"potentialAction\":[{\"@type\":\"ReadAction\",\"target\":[\"https:\/\/universanimalier.com\/en\/boutique\/mp-manteau-doudoune-commodore\/\"]}]},{\"@type\":\"ImageObject\",\"inLanguage\":\"en-US\",\"@id\":\"https:\/\/universanimalier.com\/en\/boutique\/mp-manteau-doudoune-commodore\/#primaryimage\",\"url\":\"https:\/\/universanimalier.com\/wp-content\/uploads\/2019\/10\/manteau-commodore.jpg\",\"contentUrl\":\"https:\/\/universanimalier.com\/wp-content\/uploads\/2019\/10\/manteau-commodore.jpg\",\"width\":480,\"height\":585},{\"@type\":\"BreadcrumbList\",\"@id\":\"https:\/\/universanimalier.com\/en\/boutique\/mp-manteau-doudoune-commodore\/#breadcrumb\",\"itemListElement\":[{\"@type\":\"ListItem\",\"position\":1,\"name\":\"Accueil\",\"item\":\"https:\/\/wip.universanimalier.com\/\"},{\"@type\":\"ListItem\",\"position\":2,\"name\":\"Boutique\",\"item\":\"https:\/\/wip.universanimalier.com\/boutique\/\"},{\"@type\":\"ListItem\",\"position\":3,\"name\":\"M&#038;P &#8211; Manteau\/Doudoune Commodore\"}]},{\"@type\":\"WebSite\",\"@id\":\"https:\/\/wip.universanimalier.com\/#website\",\"url\":\"https:\/\/wip.universanimalier.com\/\",\"name\":\"L'univers Animalier\",\"description\":\"Le paradis des chiens g\u00e2t\u00e9s !\",\"publisher\":{\"@id\":\"https:\/\/wip.universanimalier.com\/#organization\"},\"potentialAction\":[{\"@type\":\"SearchAction\",\"target\":{\"@type\":\"EntryPoint\",\"urlTemplate\":\"https:\/\/wip.universanimalier.com\/?s={search_term_string}\"},\"query-input\":{\"@type\":\"PropertyValueSpecification\",\"valueRequired\":true,\"valueName\":\"search_term_string\"}}],\"inLanguage\":\"en-US\"},{\"@type\":\"Organization\",\"@id\":\"https:\/\/wip.universanimalier.com\/#organization\",\"name\":\"L'univers Animalier\",\"url\":\"https:\/\/wip.universanimalier.com\/\",\"logo\":{\"@type\":\"ImageObject\",\"inLanguage\":\"en-US\",\"@id\":\"https:\/\/wip.universanimalier.com\/#\/schema\/logo\/image\/\",\"url\":\"https:\/\/universanimalier.com\/wp-content\/uploads\/2021\/06\/logo.jpg\",\"contentUrl\":\"https:\/\/universanimalier.com\/wp-content\/uploads\/2021\/06\/logo.jpg\",\"width\":800,\"height\":200,\"caption\":\"L'univers Animalier\"},\"image\":{\"@id\":\"https:\/\/wip.universanimalier.com\/#\/schema\/logo\/image\/\"},\"sameAs\":[\"https:\/\/www.facebook.com\/lunivers.animalier\"]}]}<\/script>\n<!-- \/ Yoast SEO plugin. -->","yoast_head_json":{"title":"M&P - Manteau\/Doudoune Commodore - L&#039;univers Animalier","robots":{"index":"index","follow":"follow","max-snippet":"max-snippet:-1","max-image-preview":"max-image-preview:large","max-video-preview":"max-video-preview:-1"},"canonical":"https:\/\/universanimalier.com\/en\/boutique\/mp-manteau-doudoune-commodore\/","og_locale":"en_US","og_type":"article","og_title":"M&P - Manteau\/Doudoune Commodore - L&#039;univers Animalier","og_description":"Manteau marine bien chaud et tr\u00e8s confortable \u2665 pour chiens moyens.   Manteaux en tailles Classiques\u00a0 - Destin\u00e9s aux chiens moyens (Jack Russel, Boston terrier\u2026)  Doudoune en polyester marine \/ empi\u00e8cements \u00e9paule en feutrine marine  Doublure en micro fourrure \u00e9crue  Ouverture zipp\u00e9e sur le dos pour le passage du harnais  Col bord\u00e9 en imitation cuir vintage camel  Fermeture sous le ventre par boutons pressions bronze grav\u00e9s \"M&amp;P\"  Badge tiss\u00e9 \"Yachting Milk&amp;Pepper\" piqu\u00e9 sur un patch en imitation cuir vintage camel  Manteau trait\u00e9 d\u00e9perlant (imperm\u00e9able)  Petite plaque \"Milk&amp;Pepper\" bronze en haut du dos  Lavable en machine \u00e0 30\u00b0","og_url":"https:\/\/universanimalier.com\/en\/boutique\/mp-manteau-doudoune-commodore\/","og_site_name":"L&#039;univers Animalier","article_publisher":"https:\/\/www.facebook.com\/lunivers.animalier","article_modified_time":"2020-12-04T13:42:20+00:00","og_image":[{"width":480,"height":585,"url":"https:\/\/wip.universanimalier.com\/wp-content\/uploads\/2019\/10\/manteau-commodore.jpg","type":"image\/jpeg"}],"twitter_card":"summary_large_image","schema":{"@context":"https:\/\/schema.org","@graph":[{"@type":"WebPage","@id":"https:\/\/universanimalier.com\/en\/boutique\/mp-manteau-doudoune-commodore\/","url":"https:\/\/universanimalier.com\/en\/boutique\/mp-manteau-doudoune-commodore\/","name":"M&P - Manteau\/Doudoune Commodore - L&#039;univers Animalier","isPartOf":{"@id":"https:\/\/wip.universanimalier.com\/#website"},"primaryImageOfPage":{"@id":"https:\/\/universanimalier.com\/en\/boutique\/mp-manteau-doudoune-commodore\/#primaryimage"},"image":{"@id":"https:\/\/universanimalier.com\/en\/boutique\/mp-manteau-doudoune-commodore\/#primaryimage"},"thumbnailUrl":"https:\/\/universanimalier.com\/wp-content\/uploads\/2019\/10\/manteau-commodore.jpg","datePublished":"2019-10-12T20:45:01+00:00","dateModified":"2020-12-04T13:42:20+00:00","breadcrumb":{"@id":"https:\/\/universanimalier.com\/en\/boutique\/mp-manteau-doudoune-commodore\/#breadcrumb"},"inLanguage":"en-US","potentialAction":[{"@type":"ReadAction","target":["https:\/\/universanimalier.com\/en\/boutique\/mp-manteau-doudoune-commodore\/"]}]},{"@type":"ImageObject","inLanguage":"en-US","@id":"https:\/\/universanimalier.com\/en\/boutique\/mp-manteau-doudoune-commodore\/#primaryimage","url":"https:\/\/universanimalier.com\/wp-content\/uploads\/2019\/10\/manteau-commodore.jpg","contentUrl":"https:\/\/universanimalier.com\/wp-content\/uploads\/2019\/10\/manteau-commodore.jpg","width":480,"height":585},{"@type":"BreadcrumbList","@id":"https:\/\/universanimalier.com\/en\/boutique\/mp-manteau-doudoune-commodore\/#breadcrumb","itemListElement":[{"@type":"ListItem","position":1,"name":"Accueil","item":"https:\/\/wip.universanimalier.com\/"},{"@type":"ListItem","position":2,"name":"Boutique","item":"https:\/\/wip.universanimalier.com\/boutique\/"},{"@type":"ListItem","position":3,"name":"M&#038;P &#8211; Manteau\/Doudoune Commodore"}]},{"@type":"WebSite","@id":"https:\/\/wip.universanimalier.com\/#website","url":"https:\/\/wip.universanimalier.com\/","name":"L'univers Animalier","description":"A paradise for spoiled dogs!","publisher":{"@id":"https:\/\/wip.universanimalier.com\/#organization"},"potentialAction":[{"@type":"SearchAction","target":{"@type":"EntryPoint","urlTemplate":"https:\/\/wip.universanimalier.com\/?s={search_term_string}"},"query-input":{"@type":"PropertyValueSpecification","valueRequired":true,"valueName":"search_term_string"}}],"inLanguage":"en-US"},{"@type":"Organization","@id":"https:\/\/wip.universanimalier.com\/#organization","name":"L'univers Animalier","url":"https:\/\/wip.universanimalier.com\/","logo":{"@type":"ImageObject","inLanguage":"en-US","@id":"https:\/\/wip.universanimalier.com\/#\/schema\/logo\/image\/","url":"https:\/\/universanimalier.com\/wp-content\/uploads\/2021\/06\/logo.jpg","contentUrl":"https:\/\/universanimalier.com\/wp-content\/uploads\/2021\/06\/logo.jpg","width":800,"height":200,"caption":"L'univers Animalier"},"image":{"@id":"https:\/\/wip.universanimalier.com\/#\/schema\/logo\/image\/"},"sameAs":["https:\/\/www.facebook.com\/lunivers.animalier"]}]}},"_links":{"self":[{"href":"https:\/\/universanimalier.com\/en\/wp-json\/wp\/v2\/product\/24446"}],"collection":[{"href":"https:\/\/universanimalier.com\/en\/wp-json\/wp\/v2\/product"}],"about":[{"href":"https:\/\/universanimalier.com\/en\/wp-json\/wp\/v2\/types\/product"}],"wp:featuredmedia":[{"embeddable":true,"href":"https:\/\/universanimalier.com\/en\/wp-json\/wp\/v2\/media\/24453"}],"wp:attachment":[{"href":"https:\/\/universanimalier.com\/en\/wp-json\/wp\/v2\/media?parent=24446"}],"wp:term":[{"taxonomy":"product_brand","embeddable":true,"href":"https:\/\/universanimalier.com\/en\/wp-json\/wp\/v2\/product_brand?post=24446"},{"taxonomy":"product_cat","embeddable":true,"href":"https:\/\/universanimalier.com\/en\/wp-json\/wp\/v2\/product_cat?post=24446"},{"taxonomy":"product_tag","embeddable":true,"href":"https:\/\/universanimalier.com\/en\/wp-json\/wp\/v2\/product_tag?post=24446"}],"curies":[{"name":"wp","href":"https:\/\/api.w.org\/{rel}","templated":true}]}}