{"id":24460,"date":"2019-10-12T22:50:40","date_gmt":"2019-10-12T20:50:40","guid":{"rendered":"https:\/\/universanimalier.com\/?post_type=product&#038;p=24460"},"modified":"2023-12-21T10:53:22","modified_gmt":"2023-12-21T09:53:22","slug":"mp-manteau-doudoune-bulldog-fjord","status":"publish","type":"product","link":"https:\/\/universanimalier.com\/en\/boutique\/mp-manteau-doudoune-bulldog-fjord\/","title":{"rendered":"M&amp;P - Bulldog Fjord coat \/ down jacket"},"content":{"rendered":"","protected":false},"excerpt":{"rendered":"<p>Chic coat in black nylon, warm and very comfortable \u2665 for bulldogs and pugs.<\/p>\n<ul>\n<li>Coats in sizes XL - Specially adapted to the morphologies of <strong>bulldogs<\/strong> and <strong>Pugs<\/strong><\/li>\n<li>Chic down jacket in black nylon<\/li>\n<li>Decorative belt with titanium metal buckle<\/li>\n<li>Black micro fur lining<\/li>\n<li>Long faux fur collar<\/li>\n<li>Zipped opening on the back for the passage of the leash<\/li>\n<li>Closure under the belly with a double row of titanium press studs engraved &quot;M&amp;P&quot;<\/li>\n<li>Petite plaque \u00ab\u00a0Milk&amp;Pepper\u00a0\u00bb titane en haut du dos<\/li>\n<li>Water repellent coat<\/li>\n<li>Machine washable at 30 \u00b0<\/li>\n<\/ul>","protected":false},"featured_media":24473,"template":"","meta":[],"product_brand":[],"product_cat":[1947,1659,5136,15],"product_tag":[114,1239,685,2928,617,131,2927,2929,2930,2926],"class_list":{"0":"post-24460","1":"product","2":"type-product","3":"status-publish","4":"has-post-thumbnail","6":"product_cat-bulldogs","7":"product_cat-manteaux","8":"product_cat-special-bulldogs","9":"product_cat-dressing","10":"product_tag-bulldog","11":"product_tag-coat","12":"product_tag-doudoune","13":"product_tag-fjord","14":"product_tag-mp","15":"product_tag-manteau","16":"product_tag-manteau-bulldog","17":"product_tag-manteau-fjord","18":"product_tag-manteau-noir","19":"product_tag-manteau-pour-bouledogue","21":"first","22":"instock","23":"shipping-taxable","24":"purchasable","25":"product-type-variable"},"yoast_head":"<!-- This site is optimized with the Yoast SEO plugin v25.5 - https:\/\/yoast.com\/wordpress\/plugins\/seo\/ -->\n<title>M&amp;P - Manteau\/Doudoune Bulldog Fjord - L&#039;univers Animalier<\/title>\n<meta name=\"robots\" content=\"index, follow, max-snippet:-1, max-image-preview:large, max-video-preview:-1\" \/>\n<link rel=\"canonical\" href=\"https:\/\/universanimalier.com\/en\/boutique\/mp-manteau-doudoune-bulldog-fjord\/\" \/>\n<meta property=\"og:locale\" content=\"en_US\" \/>\n<meta property=\"og:type\" content=\"article\" \/>\n<meta property=\"og:title\" content=\"M&amp;P - Manteau\/Doudoune Bulldog Fjord - L&#039;univers Animalier\" \/>\n<meta property=\"og:description\" content=\"Manteau chic en nylon noir, bien chaud et tr\u00e8s confortable \u2665 pour bouledogues et carlins.   Manteaux en tailles XL \u2013 Sp\u00e9cialement adapt\u00e9s aux morphologies des bouledogues et Carlins  Doudoune chic en nylon noir  Ceinture d\u00e9corative avec boucle en m\u00e9tal titane  Doublure en micro fourrure noire  Col en fausse fourrure longue  Ouverture zipp\u00e9e sur le dos pour le passage de la laisse  Fermeture sous le ventre par une double rang\u00e9e de boutons pressions titanes grav\u00e9s \u00ab M&amp;P \u00bb  Petite plaque &quot;Milk&amp;Pepper&quot; titane en haut du dos  Manteau trait\u00e9 d\u00e9perlant  Lavable en machine \u00e0 30\u00b0\" \/>\n<meta property=\"og:url\" content=\"https:\/\/universanimalier.com\/en\/boutique\/mp-manteau-doudoune-bulldog-fjord\/\" \/>\n<meta property=\"og:site_name\" content=\"L&#039;univers Animalier\" \/>\n<meta property=\"article:publisher\" content=\"https:\/\/www.facebook.com\/lunivers.animalier\" \/>\n<meta property=\"article:modified_time\" content=\"2023-12-21T09:53:22+00:00\" \/>\n<meta property=\"og:image\" content=\"https:\/\/wip.universanimalier.com\/wp-content\/uploads\/2019\/10\/manteau-fjord.jpg\" \/>\n\t<meta property=\"og:image:width\" content=\"480\" \/>\n\t<meta property=\"og:image:height\" content=\"585\" \/>\n\t<meta property=\"og:image:type\" content=\"image\/jpeg\" \/>\n<meta name=\"twitter:card\" content=\"summary_large_image\" \/>\n<script type=\"application\/ld+json\" class=\"yoast-schema-graph\">{\"@context\":\"https:\/\/schema.org\",\"@graph\":[{\"@type\":\"WebPage\",\"@id\":\"https:\/\/universanimalier.com\/en\/boutique\/mp-manteau-doudoune-bulldog-fjord\/\",\"url\":\"https:\/\/universanimalier.com\/en\/boutique\/mp-manteau-doudoune-bulldog-fjord\/\",\"name\":\"M&P - Manteau\/Doudoune Bulldog Fjord - L&#039;univers Animalier\",\"isPartOf\":{\"@id\":\"https:\/\/wip.universanimalier.com\/#website\"},\"primaryImageOfPage\":{\"@id\":\"https:\/\/universanimalier.com\/en\/boutique\/mp-manteau-doudoune-bulldog-fjord\/#primaryimage\"},\"image\":{\"@id\":\"https:\/\/universanimalier.com\/en\/boutique\/mp-manteau-doudoune-bulldog-fjord\/#primaryimage\"},\"thumbnailUrl\":\"https:\/\/universanimalier.com\/wp-content\/uploads\/2019\/10\/manteau-fjord.jpg\",\"datePublished\":\"2019-10-12T20:50:40+00:00\",\"dateModified\":\"2023-12-21T09:53:22+00:00\",\"breadcrumb\":{\"@id\":\"https:\/\/universanimalier.com\/en\/boutique\/mp-manteau-doudoune-bulldog-fjord\/#breadcrumb\"},\"inLanguage\":\"en-US\",\"potentialAction\":[{\"@type\":\"ReadAction\",\"target\":[\"https:\/\/universanimalier.com\/en\/boutique\/mp-manteau-doudoune-bulldog-fjord\/\"]}]},{\"@type\":\"ImageObject\",\"inLanguage\":\"en-US\",\"@id\":\"https:\/\/universanimalier.com\/en\/boutique\/mp-manteau-doudoune-bulldog-fjord\/#primaryimage\",\"url\":\"https:\/\/universanimalier.com\/wp-content\/uploads\/2019\/10\/manteau-fjord.jpg\",\"contentUrl\":\"https:\/\/universanimalier.com\/wp-content\/uploads\/2019\/10\/manteau-fjord.jpg\",\"width\":480,\"height\":585},{\"@type\":\"BreadcrumbList\",\"@id\":\"https:\/\/universanimalier.com\/en\/boutique\/mp-manteau-doudoune-bulldog-fjord\/#breadcrumb\",\"itemListElement\":[{\"@type\":\"ListItem\",\"position\":1,\"name\":\"Accueil\",\"item\":\"https:\/\/wip.universanimalier.com\/\"},{\"@type\":\"ListItem\",\"position\":2,\"name\":\"Boutique\",\"item\":\"https:\/\/wip.universanimalier.com\/boutique\/\"},{\"@type\":\"ListItem\",\"position\":3,\"name\":\"M&#038;P &#8211; Manteau\/Doudoune Bulldog Fjord\"}]},{\"@type\":\"WebSite\",\"@id\":\"https:\/\/wip.universanimalier.com\/#website\",\"url\":\"https:\/\/wip.universanimalier.com\/\",\"name\":\"L'univers Animalier\",\"description\":\"Le paradis des chiens g\u00e2t\u00e9s !\",\"publisher\":{\"@id\":\"https:\/\/wip.universanimalier.com\/#organization\"},\"potentialAction\":[{\"@type\":\"SearchAction\",\"target\":{\"@type\":\"EntryPoint\",\"urlTemplate\":\"https:\/\/wip.universanimalier.com\/?s={search_term_string}\"},\"query-input\":{\"@type\":\"PropertyValueSpecification\",\"valueRequired\":true,\"valueName\":\"search_term_string\"}}],\"inLanguage\":\"en-US\"},{\"@type\":\"Organization\",\"@id\":\"https:\/\/wip.universanimalier.com\/#organization\",\"name\":\"L'univers Animalier\",\"url\":\"https:\/\/wip.universanimalier.com\/\",\"logo\":{\"@type\":\"ImageObject\",\"inLanguage\":\"en-US\",\"@id\":\"https:\/\/wip.universanimalier.com\/#\/schema\/logo\/image\/\",\"url\":\"https:\/\/universanimalier.com\/wp-content\/uploads\/2021\/06\/logo.jpg\",\"contentUrl\":\"https:\/\/universanimalier.com\/wp-content\/uploads\/2021\/06\/logo.jpg\",\"width\":800,\"height\":200,\"caption\":\"L'univers Animalier\"},\"image\":{\"@id\":\"https:\/\/wip.universanimalier.com\/#\/schema\/logo\/image\/\"},\"sameAs\":[\"https:\/\/www.facebook.com\/lunivers.animalier\"]}]}<\/script>\n<!-- \/ Yoast SEO plugin. -->","yoast_head_json":{"title":"M&P - Manteau\/Doudoune Bulldog Fjord - L&#039;univers Animalier","robots":{"index":"index","follow":"follow","max-snippet":"max-snippet:-1","max-image-preview":"max-image-preview:large","max-video-preview":"max-video-preview:-1"},"canonical":"https:\/\/universanimalier.com\/en\/boutique\/mp-manteau-doudoune-bulldog-fjord\/","og_locale":"en_US","og_type":"article","og_title":"M&P - Manteau\/Doudoune Bulldog Fjord - L&#039;univers Animalier","og_description":"Manteau chic en nylon noir, bien chaud et tr\u00e8s confortable \u2665 pour bouledogues et carlins.   Manteaux en tailles XL \u2013 Sp\u00e9cialement adapt\u00e9s aux morphologies des bouledogues et Carlins  Doudoune chic en nylon noir  Ceinture d\u00e9corative avec boucle en m\u00e9tal titane  Doublure en micro fourrure noire  Col en fausse fourrure longue  Ouverture zipp\u00e9e sur le dos pour le passage de la laisse  Fermeture sous le ventre par une double rang\u00e9e de boutons pressions titanes grav\u00e9s \u00ab M&amp;P \u00bb  Petite plaque \"Milk&amp;Pepper\" titane en haut du dos  Manteau trait\u00e9 d\u00e9perlant  Lavable en machine \u00e0 30\u00b0","og_url":"https:\/\/universanimalier.com\/en\/boutique\/mp-manteau-doudoune-bulldog-fjord\/","og_site_name":"L&#039;univers Animalier","article_publisher":"https:\/\/www.facebook.com\/lunivers.animalier","article_modified_time":"2023-12-21T09:53:22+00:00","og_image":[{"width":480,"height":585,"url":"https:\/\/wip.universanimalier.com\/wp-content\/uploads\/2019\/10\/manteau-fjord.jpg","type":"image\/jpeg"}],"twitter_card":"summary_large_image","schema":{"@context":"https:\/\/schema.org","@graph":[{"@type":"WebPage","@id":"https:\/\/universanimalier.com\/en\/boutique\/mp-manteau-doudoune-bulldog-fjord\/","url":"https:\/\/universanimalier.com\/en\/boutique\/mp-manteau-doudoune-bulldog-fjord\/","name":"M&P - Manteau\/Doudoune Bulldog Fjord - L&#039;univers Animalier","isPartOf":{"@id":"https:\/\/wip.universanimalier.com\/#website"},"primaryImageOfPage":{"@id":"https:\/\/universanimalier.com\/en\/boutique\/mp-manteau-doudoune-bulldog-fjord\/#primaryimage"},"image":{"@id":"https:\/\/universanimalier.com\/en\/boutique\/mp-manteau-doudoune-bulldog-fjord\/#primaryimage"},"thumbnailUrl":"https:\/\/universanimalier.com\/wp-content\/uploads\/2019\/10\/manteau-fjord.jpg","datePublished":"2019-10-12T20:50:40+00:00","dateModified":"2023-12-21T09:53:22+00:00","breadcrumb":{"@id":"https:\/\/universanimalier.com\/en\/boutique\/mp-manteau-doudoune-bulldog-fjord\/#breadcrumb"},"inLanguage":"en-US","potentialAction":[{"@type":"ReadAction","target":["https:\/\/universanimalier.com\/en\/boutique\/mp-manteau-doudoune-bulldog-fjord\/"]}]},{"@type":"ImageObject","inLanguage":"en-US","@id":"https:\/\/universanimalier.com\/en\/boutique\/mp-manteau-doudoune-bulldog-fjord\/#primaryimage","url":"https:\/\/universanimalier.com\/wp-content\/uploads\/2019\/10\/manteau-fjord.jpg","contentUrl":"https:\/\/universanimalier.com\/wp-content\/uploads\/2019\/10\/manteau-fjord.jpg","width":480,"height":585},{"@type":"BreadcrumbList","@id":"https:\/\/universanimalier.com\/en\/boutique\/mp-manteau-doudoune-bulldog-fjord\/#breadcrumb","itemListElement":[{"@type":"ListItem","position":1,"name":"Accueil","item":"https:\/\/wip.universanimalier.com\/"},{"@type":"ListItem","position":2,"name":"Boutique","item":"https:\/\/wip.universanimalier.com\/boutique\/"},{"@type":"ListItem","position":3,"name":"M&#038;P &#8211; Manteau\/Doudoune Bulldog Fjord"}]},{"@type":"WebSite","@id":"https:\/\/wip.universanimalier.com\/#website","url":"https:\/\/wip.universanimalier.com\/","name":"L'univers Animalier","description":"A paradise for spoiled dogs!","publisher":{"@id":"https:\/\/wip.universanimalier.com\/#organization"},"potentialAction":[{"@type":"SearchAction","target":{"@type":"EntryPoint","urlTemplate":"https:\/\/wip.universanimalier.com\/?s={search_term_string}"},"query-input":{"@type":"PropertyValueSpecification","valueRequired":true,"valueName":"search_term_string"}}],"inLanguage":"en-US"},{"@type":"Organization","@id":"https:\/\/wip.universanimalier.com\/#organization","name":"L'univers Animalier","url":"https:\/\/wip.universanimalier.com\/","logo":{"@type":"ImageObject","inLanguage":"en-US","@id":"https:\/\/wip.universanimalier.com\/#\/schema\/logo\/image\/","url":"https:\/\/universanimalier.com\/wp-content\/uploads\/2021\/06\/logo.jpg","contentUrl":"https:\/\/universanimalier.com\/wp-content\/uploads\/2021\/06\/logo.jpg","width":800,"height":200,"caption":"L'univers Animalier"},"image":{"@id":"https:\/\/wip.universanimalier.com\/#\/schema\/logo\/image\/"},"sameAs":["https:\/\/www.facebook.com\/lunivers.animalier"]}]}},"_links":{"self":[{"href":"https:\/\/universanimalier.com\/en\/wp-json\/wp\/v2\/product\/24460"}],"collection":[{"href":"https:\/\/universanimalier.com\/en\/wp-json\/wp\/v2\/product"}],"about":[{"href":"https:\/\/universanimalier.com\/en\/wp-json\/wp\/v2\/types\/product"}],"wp:featuredmedia":[{"embeddable":true,"href":"https:\/\/universanimalier.com\/en\/wp-json\/wp\/v2\/media\/24473"}],"wp:attachment":[{"href":"https:\/\/universanimalier.com\/en\/wp-json\/wp\/v2\/media?parent=24460"}],"wp:term":[{"taxonomy":"product_brand","embeddable":true,"href":"https:\/\/universanimalier.com\/en\/wp-json\/wp\/v2\/product_brand?post=24460"},{"taxonomy":"product_cat","embeddable":true,"href":"https:\/\/universanimalier.com\/en\/wp-json\/wp\/v2\/product_cat?post=24460"},{"taxonomy":"product_tag","embeddable":true,"href":"https:\/\/universanimalier.com\/en\/wp-json\/wp\/v2\/product_tag?post=24460"}],"curies":[{"name":"wp","href":"https:\/\/api.w.org\/{rel}","templated":true}]}}