{"id":24474,"date":"2019-10-12T22:54:38","date_gmt":"2019-10-12T20:54:38","guid":{"rendered":"https:\/\/universanimalier.com\/?post_type=product&#038;p=24474"},"modified":"2021-05-24T21:17:47","modified_gmt":"2021-05-24T19:17:47","slug":"mp-manteau-veste-bulldog-legend","status":"publish","type":"product","link":"https:\/\/universanimalier.com\/en\/boutique\/mp-manteau-veste-bulldog-legend\/","title":{"rendered":"M&amp;P - Coat \/ Jacket Bulldog Legend"},"content":{"rendered":"","protected":false},"excerpt":{"rendered":"<p>Aviator style jacket, in camel imitation leather, very warm and very comfortable \u2665 for bulldogs and pugs.<\/p>\n<ul>\n<li>Coats in sizes XL - Specially adapted to the morphologies of <strong>bulldogs<\/strong> and <strong>Pugs<\/strong><\/li>\n<li>Veste \u00ab\u00a0Aviateur\u00a0\u00bb en imitation cuir vintage camel<\/li>\n<li>Col et doublure en imitation \u00a0\u00bb peau de mouton\u00a0\u00bb \u00e9crue<\/li>\n<li>Petites plaques titanes \u00ab\u00a0Milk&amp;Pepper en haut et en bas du dos<\/li>\n<li>Zipped opening on the back for the passage of the leash<\/li>\n<li>Closure under the belly with a double row of titanium press studs engraved &quot;M&amp;P&quot;<\/li>\n<li>Raincoat<\/li>\n<li>Machine washable at 30 \u00b0<\/li>\n<\/ul>","protected":false},"featured_media":24481,"template":"","meta":[],"product_brand":[],"product_cat":[1947,1659,5136,15],"product_tag":[114,1239,685,617,131,2933,2927,2931,2926,2932,159,2934],"class_list":{"0":"post-24474","1":"product","2":"type-product","3":"status-publish","4":"has-post-thumbnail","6":"product_cat-bulldogs","7":"product_cat-manteaux","8":"product_cat-special-bulldogs","9":"product_cat-dressing","10":"product_tag-bulldog","11":"product_tag-coat","12":"product_tag-doudoune","13":"product_tag-mp","14":"product_tag-manteau","15":"product_tag-manteau-aviateur","16":"product_tag-manteau-bulldog","17":"product_tag-manteau-legend","18":"product_tag-manteau-pour-bouledogue","19":"product_tag-manteau-vintage","20":"product_tag-veste","21":"product_tag-veste-aviateur","23":"first","24":"instock","25":"shipping-taxable","26":"purchasable","27":"product-type-variable"},"yoast_head":"<!-- This site is optimized with the Yoast SEO plugin v25.5 - https:\/\/yoast.com\/wordpress\/plugins\/seo\/ -->\n<title>M&amp;P - Manteau\/Veste Bulldog Legend - L&#039;univers Animalier<\/title>\n<meta name=\"robots\" content=\"index, follow, max-snippet:-1, max-image-preview:large, max-video-preview:-1\" \/>\n<link rel=\"canonical\" href=\"https:\/\/universanimalier.com\/en\/boutique\/mp-manteau-veste-bulldog-legend\/\" \/>\n<meta property=\"og:locale\" content=\"en_US\" \/>\n<meta property=\"og:type\" content=\"article\" \/>\n<meta property=\"og:title\" content=\"M&amp;P - Manteau\/Veste Bulldog Legend - L&#039;univers Animalier\" \/>\n<meta property=\"og:description\" content=\"Veste style aviateur, en simili cuir camel, bien chaud et tr\u00e8s confortable \u2665 pour bouledogues et carlins.   Manteaux en tailles XL \u2013 Sp\u00e9cialement adapt\u00e9s aux morphologies des bouledogues et Carlins  Veste &quot;Aviateur&quot; en imitation cuir vintage camel  Col et doublure en imitation &quot; peau de mouton&quot; \u00e9crue  Petites plaques titanes &quot;Milk&amp;Pepper en haut et en bas du dos  Ouverture zipp\u00e9e sur le dos pour le passage de la laisse  Fermeture sous le ventre par une double rang\u00e9e de boutons pressions titanes grav\u00e9s \u00ab M&amp;P \u00bb  Manteau imperm\u00e9able  Lavable en machine \u00e0 30\u00b0\" \/>\n<meta property=\"og:url\" content=\"https:\/\/universanimalier.com\/en\/boutique\/mp-manteau-veste-bulldog-legend\/\" \/>\n<meta property=\"og:site_name\" content=\"L&#039;univers Animalier\" \/>\n<meta property=\"article:publisher\" content=\"https:\/\/www.facebook.com\/lunivers.animalier\" \/>\n<meta property=\"article:modified_time\" content=\"2021-05-24T19:17:47+00:00\" \/>\n<meta property=\"og:image\" content=\"https:\/\/wip.universanimalier.com\/wp-content\/uploads\/2019\/10\/veste-aviateur-legend.jpg\" \/>\n\t<meta property=\"og:image:width\" content=\"480\" \/>\n\t<meta property=\"og:image:height\" content=\"585\" \/>\n\t<meta property=\"og:image:type\" content=\"image\/jpeg\" \/>\n<meta name=\"twitter:card\" content=\"summary_large_image\" \/>\n<script type=\"application\/ld+json\" class=\"yoast-schema-graph\">{\"@context\":\"https:\/\/schema.org\",\"@graph\":[{\"@type\":\"WebPage\",\"@id\":\"https:\/\/universanimalier.com\/en\/boutique\/mp-manteau-veste-bulldog-legend\/\",\"url\":\"https:\/\/universanimalier.com\/en\/boutique\/mp-manteau-veste-bulldog-legend\/\",\"name\":\"M&P - Manteau\/Veste Bulldog Legend - L&#039;univers Animalier\",\"isPartOf\":{\"@id\":\"https:\/\/wip.universanimalier.com\/#website\"},\"primaryImageOfPage\":{\"@id\":\"https:\/\/universanimalier.com\/en\/boutique\/mp-manteau-veste-bulldog-legend\/#primaryimage\"},\"image\":{\"@id\":\"https:\/\/universanimalier.com\/en\/boutique\/mp-manteau-veste-bulldog-legend\/#primaryimage\"},\"thumbnailUrl\":\"https:\/\/universanimalier.com\/wp-content\/uploads\/2019\/10\/veste-aviateur-legend.jpg\",\"datePublished\":\"2019-10-12T20:54:38+00:00\",\"dateModified\":\"2021-05-24T19:17:47+00:00\",\"breadcrumb\":{\"@id\":\"https:\/\/universanimalier.com\/en\/boutique\/mp-manteau-veste-bulldog-legend\/#breadcrumb\"},\"inLanguage\":\"en-US\",\"potentialAction\":[{\"@type\":\"ReadAction\",\"target\":[\"https:\/\/universanimalier.com\/en\/boutique\/mp-manteau-veste-bulldog-legend\/\"]}]},{\"@type\":\"ImageObject\",\"inLanguage\":\"en-US\",\"@id\":\"https:\/\/universanimalier.com\/en\/boutique\/mp-manteau-veste-bulldog-legend\/#primaryimage\",\"url\":\"https:\/\/universanimalier.com\/wp-content\/uploads\/2019\/10\/veste-aviateur-legend.jpg\",\"contentUrl\":\"https:\/\/universanimalier.com\/wp-content\/uploads\/2019\/10\/veste-aviateur-legend.jpg\",\"width\":480,\"height\":585},{\"@type\":\"BreadcrumbList\",\"@id\":\"https:\/\/universanimalier.com\/en\/boutique\/mp-manteau-veste-bulldog-legend\/#breadcrumb\",\"itemListElement\":[{\"@type\":\"ListItem\",\"position\":1,\"name\":\"Accueil\",\"item\":\"https:\/\/wip.universanimalier.com\/\"},{\"@type\":\"ListItem\",\"position\":2,\"name\":\"Boutique\",\"item\":\"https:\/\/wip.universanimalier.com\/boutique\/\"},{\"@type\":\"ListItem\",\"position\":3,\"name\":\"M&#038;P &#8211; Manteau\/Veste Bulldog Legend\"}]},{\"@type\":\"WebSite\",\"@id\":\"https:\/\/wip.universanimalier.com\/#website\",\"url\":\"https:\/\/wip.universanimalier.com\/\",\"name\":\"L'univers Animalier\",\"description\":\"Le paradis des chiens g\u00e2t\u00e9s !\",\"publisher\":{\"@id\":\"https:\/\/wip.universanimalier.com\/#organization\"},\"potentialAction\":[{\"@type\":\"SearchAction\",\"target\":{\"@type\":\"EntryPoint\",\"urlTemplate\":\"https:\/\/wip.universanimalier.com\/?s={search_term_string}\"},\"query-input\":{\"@type\":\"PropertyValueSpecification\",\"valueRequired\":true,\"valueName\":\"search_term_string\"}}],\"inLanguage\":\"en-US\"},{\"@type\":\"Organization\",\"@id\":\"https:\/\/wip.universanimalier.com\/#organization\",\"name\":\"L'univers Animalier\",\"url\":\"https:\/\/wip.universanimalier.com\/\",\"logo\":{\"@type\":\"ImageObject\",\"inLanguage\":\"en-US\",\"@id\":\"https:\/\/wip.universanimalier.com\/#\/schema\/logo\/image\/\",\"url\":\"https:\/\/universanimalier.com\/wp-content\/uploads\/2021\/06\/logo.jpg\",\"contentUrl\":\"https:\/\/universanimalier.com\/wp-content\/uploads\/2021\/06\/logo.jpg\",\"width\":800,\"height\":200,\"caption\":\"L'univers Animalier\"},\"image\":{\"@id\":\"https:\/\/wip.universanimalier.com\/#\/schema\/logo\/image\/\"},\"sameAs\":[\"https:\/\/www.facebook.com\/lunivers.animalier\"]}]}<\/script>\n<!-- \/ Yoast SEO plugin. -->","yoast_head_json":{"title":"M&P - Manteau\/Veste Bulldog Legend - L&#039;univers Animalier","robots":{"index":"index","follow":"follow","max-snippet":"max-snippet:-1","max-image-preview":"max-image-preview:large","max-video-preview":"max-video-preview:-1"},"canonical":"https:\/\/universanimalier.com\/en\/boutique\/mp-manteau-veste-bulldog-legend\/","og_locale":"en_US","og_type":"article","og_title":"M&P - Manteau\/Veste Bulldog Legend - L&#039;univers Animalier","og_description":"Veste style aviateur, en simili cuir camel, bien chaud et tr\u00e8s confortable \u2665 pour bouledogues et carlins.   Manteaux en tailles XL \u2013 Sp\u00e9cialement adapt\u00e9s aux morphologies des bouledogues et Carlins  Veste \"Aviateur\" en imitation cuir vintage camel  Col et doublure en imitation \" peau de mouton\" \u00e9crue  Petites plaques titanes \"Milk&amp;Pepper en haut et en bas du dos  Ouverture zipp\u00e9e sur le dos pour le passage de la laisse  Fermeture sous le ventre par une double rang\u00e9e de boutons pressions titanes grav\u00e9s \u00ab M&amp;P \u00bb  Manteau imperm\u00e9able  Lavable en machine \u00e0 30\u00b0","og_url":"https:\/\/universanimalier.com\/en\/boutique\/mp-manteau-veste-bulldog-legend\/","og_site_name":"L&#039;univers Animalier","article_publisher":"https:\/\/www.facebook.com\/lunivers.animalier","article_modified_time":"2021-05-24T19:17:47+00:00","og_image":[{"width":480,"height":585,"url":"https:\/\/wip.universanimalier.com\/wp-content\/uploads\/2019\/10\/veste-aviateur-legend.jpg","type":"image\/jpeg"}],"twitter_card":"summary_large_image","schema":{"@context":"https:\/\/schema.org","@graph":[{"@type":"WebPage","@id":"https:\/\/universanimalier.com\/en\/boutique\/mp-manteau-veste-bulldog-legend\/","url":"https:\/\/universanimalier.com\/en\/boutique\/mp-manteau-veste-bulldog-legend\/","name":"M&P - Manteau\/Veste Bulldog Legend - L&#039;univers Animalier","isPartOf":{"@id":"https:\/\/wip.universanimalier.com\/#website"},"primaryImageOfPage":{"@id":"https:\/\/universanimalier.com\/en\/boutique\/mp-manteau-veste-bulldog-legend\/#primaryimage"},"image":{"@id":"https:\/\/universanimalier.com\/en\/boutique\/mp-manteau-veste-bulldog-legend\/#primaryimage"},"thumbnailUrl":"https:\/\/universanimalier.com\/wp-content\/uploads\/2019\/10\/veste-aviateur-legend.jpg","datePublished":"2019-10-12T20:54:38+00:00","dateModified":"2021-05-24T19:17:47+00:00","breadcrumb":{"@id":"https:\/\/universanimalier.com\/en\/boutique\/mp-manteau-veste-bulldog-legend\/#breadcrumb"},"inLanguage":"en-US","potentialAction":[{"@type":"ReadAction","target":["https:\/\/universanimalier.com\/en\/boutique\/mp-manteau-veste-bulldog-legend\/"]}]},{"@type":"ImageObject","inLanguage":"en-US","@id":"https:\/\/universanimalier.com\/en\/boutique\/mp-manteau-veste-bulldog-legend\/#primaryimage","url":"https:\/\/universanimalier.com\/wp-content\/uploads\/2019\/10\/veste-aviateur-legend.jpg","contentUrl":"https:\/\/universanimalier.com\/wp-content\/uploads\/2019\/10\/veste-aviateur-legend.jpg","width":480,"height":585},{"@type":"BreadcrumbList","@id":"https:\/\/universanimalier.com\/en\/boutique\/mp-manteau-veste-bulldog-legend\/#breadcrumb","itemListElement":[{"@type":"ListItem","position":1,"name":"Accueil","item":"https:\/\/wip.universanimalier.com\/"},{"@type":"ListItem","position":2,"name":"Boutique","item":"https:\/\/wip.universanimalier.com\/boutique\/"},{"@type":"ListItem","position":3,"name":"M&#038;P &#8211; Manteau\/Veste Bulldog Legend"}]},{"@type":"WebSite","@id":"https:\/\/wip.universanimalier.com\/#website","url":"https:\/\/wip.universanimalier.com\/","name":"L'univers Animalier","description":"A paradise for spoiled dogs!","publisher":{"@id":"https:\/\/wip.universanimalier.com\/#organization"},"potentialAction":[{"@type":"SearchAction","target":{"@type":"EntryPoint","urlTemplate":"https:\/\/wip.universanimalier.com\/?s={search_term_string}"},"query-input":{"@type":"PropertyValueSpecification","valueRequired":true,"valueName":"search_term_string"}}],"inLanguage":"en-US"},{"@type":"Organization","@id":"https:\/\/wip.universanimalier.com\/#organization","name":"L'univers Animalier","url":"https:\/\/wip.universanimalier.com\/","logo":{"@type":"ImageObject","inLanguage":"en-US","@id":"https:\/\/wip.universanimalier.com\/#\/schema\/logo\/image\/","url":"https:\/\/universanimalier.com\/wp-content\/uploads\/2021\/06\/logo.jpg","contentUrl":"https:\/\/universanimalier.com\/wp-content\/uploads\/2021\/06\/logo.jpg","width":800,"height":200,"caption":"L'univers Animalier"},"image":{"@id":"https:\/\/wip.universanimalier.com\/#\/schema\/logo\/image\/"},"sameAs":["https:\/\/www.facebook.com\/lunivers.animalier"]}]}},"_links":{"self":[{"href":"https:\/\/universanimalier.com\/en\/wp-json\/wp\/v2\/product\/24474"}],"collection":[{"href":"https:\/\/universanimalier.com\/en\/wp-json\/wp\/v2\/product"}],"about":[{"href":"https:\/\/universanimalier.com\/en\/wp-json\/wp\/v2\/types\/product"}],"wp:featuredmedia":[{"embeddable":true,"href":"https:\/\/universanimalier.com\/en\/wp-json\/wp\/v2\/media\/24481"}],"wp:attachment":[{"href":"https:\/\/universanimalier.com\/en\/wp-json\/wp\/v2\/media?parent=24474"}],"wp:term":[{"taxonomy":"product_brand","embeddable":true,"href":"https:\/\/universanimalier.com\/en\/wp-json\/wp\/v2\/product_brand?post=24474"},{"taxonomy":"product_cat","embeddable":true,"href":"https:\/\/universanimalier.com\/en\/wp-json\/wp\/v2\/product_cat?post=24474"},{"taxonomy":"product_tag","embeddable":true,"href":"https:\/\/universanimalier.com\/en\/wp-json\/wp\/v2\/product_tag?post=24474"}],"curies":[{"name":"wp","href":"https:\/\/api.w.org\/{rel}","templated":true}]}}