{"id":24577,"date":"2019-10-13T10:22:19","date_gmt":"2019-10-13T08:22:19","guid":{"rendered":"https:\/\/universanimalier.com\/?post_type=product&#038;p=24577"},"modified":"2021-02-11T13:10:21","modified_gmt":"2021-02-11T12:10:21","slug":"mp-pull-matelot","status":"publish","type":"product","link":"https:\/\/universanimalier.com\/en\/boutique\/mp-pull-matelot\/","title":{"rendered":"Milk and Pepper - Matelot Sweater"},"content":{"rendered":"","protected":false},"excerpt":{"rendered":"<p>Sailor sweater with turtleneck, very soft, warm and comfortable \u2665<\/p>\n<ul>\n<li>Sweater created especially for small and medium dogs<\/li>\n<li>Ecru and navy sailor sweater with turtleneck<\/li>\n<li>Badge tiss\u00e9 en bas du dos \u00ab\u00a0Yachting Milk&amp;Pepper\u00a0\u00bb<\/li>\n<li>Petite plaque \u00ab\u00a0Milk&amp;Pepper\u00a0\u00bb bronze en haut du dos<\/li>\n<li>Small bronze buttons on the collar<\/li>\n<li>Machine washable at 30 \u00b0<\/li>\n<\/ul>","protected":false},"featured_media":24584,"template":"","meta":[],"product_brand":[],"product_cat":[1655,15],"product_tag":[617,1764,995,2957,2958],"class_list":{"0":"post-24577","1":"product","2":"type-product","3":"status-publish","4":"has-post-thumbnail","6":"product_cat-pulls-et-sweats","7":"product_cat-dressing","8":"product_tag-mp","9":"product_tag-milk-and-pepper","10":"product_tag-milkandpepper","11":"product_tag-pull-marin","12":"product_tag-pull-matelot","14":"first","15":"instock","16":"shipping-taxable","17":"purchasable","18":"product-type-variable"},"yoast_head":"<!-- This site is optimized with the Yoast SEO plugin v25.5 - https:\/\/yoast.com\/wordpress\/plugins\/seo\/ -->\n<title>Milk and Pepper - Pull Matelot - L&#039;univers Animalier<\/title>\n<meta name=\"robots\" content=\"index, follow, max-snippet:-1, max-image-preview:large, max-video-preview:-1\" \/>\n<link rel=\"canonical\" href=\"https:\/\/wip.universanimalier.com\/boutique\/mp-pull-matelot\/\" \/>\n<meta property=\"og:locale\" content=\"en_US\" \/>\n<meta property=\"og:type\" content=\"article\" \/>\n<meta property=\"og:title\" content=\"Milk and Pepper - Pull Matelot - L&#039;univers Animalier\" \/>\n<meta property=\"og:description\" content=\"Pull marin \u00e0 col roul\u00e9, bien doux, chaud et confortable \u2665   Pull cr\u00e9\u00e9 sp\u00e9cialement pour les petits chiens et les chiens moyens  Pull marin \u00e9cru et marine \u00e0 col roul\u00e9  Badge tiss\u00e9 en bas du dos &quot;Yachting Milk&amp;Pepper&quot;  Petite plaque &quot;Milk&amp;Pepper&quot; bronze en haut du dos  Petits boutons bronze sur le col  Lavable en machine \u00e0 30\u00b0\" \/>\n<meta property=\"og:url\" content=\"https:\/\/wip.universanimalier.com\/boutique\/mp-pull-matelot\/\" \/>\n<meta property=\"og:site_name\" content=\"L&#039;univers Animalier\" \/>\n<meta property=\"article:publisher\" content=\"https:\/\/www.facebook.com\/lunivers.animalier\" \/>\n<meta property=\"article:modified_time\" content=\"2021-02-11T12:10:21+00:00\" \/>\n<meta property=\"og:image\" content=\"https:\/\/wip.universanimalier.com\/wp-content\/uploads\/2019\/10\/pull-matelot.jpg\" \/>\n\t<meta property=\"og:image:width\" content=\"480\" \/>\n\t<meta property=\"og:image:height\" content=\"585\" \/>\n\t<meta property=\"og:image:type\" content=\"image\/jpeg\" \/>\n<meta name=\"twitter:card\" content=\"summary_large_image\" \/>\n<script type=\"application\/ld+json\" class=\"yoast-schema-graph\">{\"@context\":\"https:\/\/schema.org\",\"@graph\":[{\"@type\":\"WebPage\",\"@id\":\"https:\/\/wip.universanimalier.com\/boutique\/mp-pull-matelot\/\",\"url\":\"https:\/\/wip.universanimalier.com\/boutique\/mp-pull-matelot\/\",\"name\":\"Milk and Pepper - Pull Matelot - L&#039;univers Animalier\",\"isPartOf\":{\"@id\":\"https:\/\/wip.universanimalier.com\/#website\"},\"primaryImageOfPage\":{\"@id\":\"https:\/\/wip.universanimalier.com\/boutique\/mp-pull-matelot\/#primaryimage\"},\"image\":{\"@id\":\"https:\/\/wip.universanimalier.com\/boutique\/mp-pull-matelot\/#primaryimage\"},\"thumbnailUrl\":\"https:\/\/universanimalier.com\/wp-content\/uploads\/2019\/10\/pull-matelot.jpg\",\"datePublished\":\"2019-10-13T08:22:19+00:00\",\"dateModified\":\"2021-02-11T12:10:21+00:00\",\"breadcrumb\":{\"@id\":\"https:\/\/wip.universanimalier.com\/boutique\/mp-pull-matelot\/#breadcrumb\"},\"inLanguage\":\"en-US\",\"potentialAction\":[{\"@type\":\"ReadAction\",\"target\":[\"https:\/\/wip.universanimalier.com\/boutique\/mp-pull-matelot\/\"]}]},{\"@type\":\"ImageObject\",\"inLanguage\":\"en-US\",\"@id\":\"https:\/\/wip.universanimalier.com\/boutique\/mp-pull-matelot\/#primaryimage\",\"url\":\"https:\/\/universanimalier.com\/wp-content\/uploads\/2019\/10\/pull-matelot.jpg\",\"contentUrl\":\"https:\/\/universanimalier.com\/wp-content\/uploads\/2019\/10\/pull-matelot.jpg\",\"width\":480,\"height\":585},{\"@type\":\"BreadcrumbList\",\"@id\":\"https:\/\/wip.universanimalier.com\/boutique\/mp-pull-matelot\/#breadcrumb\",\"itemListElement\":[{\"@type\":\"ListItem\",\"position\":1,\"name\":\"Accueil\",\"item\":\"https:\/\/wip.universanimalier.com\/\"},{\"@type\":\"ListItem\",\"position\":2,\"name\":\"Boutique\",\"item\":\"https:\/\/wip.universanimalier.com\/boutique\/\"},{\"@type\":\"ListItem\",\"position\":3,\"name\":\"Milk and Pepper &#8211; Pull Matelot\"}]},{\"@type\":\"WebSite\",\"@id\":\"https:\/\/wip.universanimalier.com\/#website\",\"url\":\"https:\/\/wip.universanimalier.com\/\",\"name\":\"L'univers Animalier\",\"description\":\"Le paradis des chiens g\u00e2t\u00e9s !\",\"publisher\":{\"@id\":\"https:\/\/wip.universanimalier.com\/#organization\"},\"potentialAction\":[{\"@type\":\"SearchAction\",\"target\":{\"@type\":\"EntryPoint\",\"urlTemplate\":\"https:\/\/wip.universanimalier.com\/?s={search_term_string}\"},\"query-input\":{\"@type\":\"PropertyValueSpecification\",\"valueRequired\":true,\"valueName\":\"search_term_string\"}}],\"inLanguage\":\"en-US\"},{\"@type\":\"Organization\",\"@id\":\"https:\/\/wip.universanimalier.com\/#organization\",\"name\":\"L'univers Animalier\",\"url\":\"https:\/\/wip.universanimalier.com\/\",\"logo\":{\"@type\":\"ImageObject\",\"inLanguage\":\"en-US\",\"@id\":\"https:\/\/wip.universanimalier.com\/#\/schema\/logo\/image\/\",\"url\":\"https:\/\/universanimalier.com\/wp-content\/uploads\/2021\/06\/logo.jpg\",\"contentUrl\":\"https:\/\/universanimalier.com\/wp-content\/uploads\/2021\/06\/logo.jpg\",\"width\":800,\"height\":200,\"caption\":\"L'univers Animalier\"},\"image\":{\"@id\":\"https:\/\/wip.universanimalier.com\/#\/schema\/logo\/image\/\"},\"sameAs\":[\"https:\/\/www.facebook.com\/lunivers.animalier\"]}]}<\/script>\n<!-- \/ Yoast SEO plugin. -->","yoast_head_json":{"title":"Milk and Pepper - Pull Matelot - L&#039;univers Animalier","robots":{"index":"index","follow":"follow","max-snippet":"max-snippet:-1","max-image-preview":"max-image-preview:large","max-video-preview":"max-video-preview:-1"},"canonical":"https:\/\/wip.universanimalier.com\/boutique\/mp-pull-matelot\/","og_locale":"en_US","og_type":"article","og_title":"Milk and Pepper - Pull Matelot - L&#039;univers Animalier","og_description":"Pull marin \u00e0 col roul\u00e9, bien doux, chaud et confortable \u2665   Pull cr\u00e9\u00e9 sp\u00e9cialement pour les petits chiens et les chiens moyens  Pull marin \u00e9cru et marine \u00e0 col roul\u00e9  Badge tiss\u00e9 en bas du dos \"Yachting Milk&amp;Pepper\"  Petite plaque \"Milk&amp;Pepper\" bronze en haut du dos  Petits boutons bronze sur le col  Lavable en machine \u00e0 30\u00b0","og_url":"https:\/\/wip.universanimalier.com\/boutique\/mp-pull-matelot\/","og_site_name":"L&#039;univers Animalier","article_publisher":"https:\/\/www.facebook.com\/lunivers.animalier","article_modified_time":"2021-02-11T12:10:21+00:00","og_image":[{"width":480,"height":585,"url":"https:\/\/wip.universanimalier.com\/wp-content\/uploads\/2019\/10\/pull-matelot.jpg","type":"image\/jpeg"}],"twitter_card":"summary_large_image","schema":{"@context":"https:\/\/schema.org","@graph":[{"@type":"WebPage","@id":"https:\/\/wip.universanimalier.com\/boutique\/mp-pull-matelot\/","url":"https:\/\/wip.universanimalier.com\/boutique\/mp-pull-matelot\/","name":"Milk and Pepper - Pull Matelot - L&#039;univers Animalier","isPartOf":{"@id":"https:\/\/wip.universanimalier.com\/#website"},"primaryImageOfPage":{"@id":"https:\/\/wip.universanimalier.com\/boutique\/mp-pull-matelot\/#primaryimage"},"image":{"@id":"https:\/\/wip.universanimalier.com\/boutique\/mp-pull-matelot\/#primaryimage"},"thumbnailUrl":"https:\/\/universanimalier.com\/wp-content\/uploads\/2019\/10\/pull-matelot.jpg","datePublished":"2019-10-13T08:22:19+00:00","dateModified":"2021-02-11T12:10:21+00:00","breadcrumb":{"@id":"https:\/\/wip.universanimalier.com\/boutique\/mp-pull-matelot\/#breadcrumb"},"inLanguage":"en-US","potentialAction":[{"@type":"ReadAction","target":["https:\/\/wip.universanimalier.com\/boutique\/mp-pull-matelot\/"]}]},{"@type":"ImageObject","inLanguage":"en-US","@id":"https:\/\/wip.universanimalier.com\/boutique\/mp-pull-matelot\/#primaryimage","url":"https:\/\/universanimalier.com\/wp-content\/uploads\/2019\/10\/pull-matelot.jpg","contentUrl":"https:\/\/universanimalier.com\/wp-content\/uploads\/2019\/10\/pull-matelot.jpg","width":480,"height":585},{"@type":"BreadcrumbList","@id":"https:\/\/wip.universanimalier.com\/boutique\/mp-pull-matelot\/#breadcrumb","itemListElement":[{"@type":"ListItem","position":1,"name":"Accueil","item":"https:\/\/wip.universanimalier.com\/"},{"@type":"ListItem","position":2,"name":"Boutique","item":"https:\/\/wip.universanimalier.com\/boutique\/"},{"@type":"ListItem","position":3,"name":"Milk and Pepper &#8211; Pull Matelot"}]},{"@type":"WebSite","@id":"https:\/\/wip.universanimalier.com\/#website","url":"https:\/\/wip.universanimalier.com\/","name":"L'univers Animalier","description":"A paradise for spoiled dogs!","publisher":{"@id":"https:\/\/wip.universanimalier.com\/#organization"},"potentialAction":[{"@type":"SearchAction","target":{"@type":"EntryPoint","urlTemplate":"https:\/\/wip.universanimalier.com\/?s={search_term_string}"},"query-input":{"@type":"PropertyValueSpecification","valueRequired":true,"valueName":"search_term_string"}}],"inLanguage":"en-US"},{"@type":"Organization","@id":"https:\/\/wip.universanimalier.com\/#organization","name":"L'univers Animalier","url":"https:\/\/wip.universanimalier.com\/","logo":{"@type":"ImageObject","inLanguage":"en-US","@id":"https:\/\/wip.universanimalier.com\/#\/schema\/logo\/image\/","url":"https:\/\/universanimalier.com\/wp-content\/uploads\/2021\/06\/logo.jpg","contentUrl":"https:\/\/universanimalier.com\/wp-content\/uploads\/2021\/06\/logo.jpg","width":800,"height":200,"caption":"L'univers Animalier"},"image":{"@id":"https:\/\/wip.universanimalier.com\/#\/schema\/logo\/image\/"},"sameAs":["https:\/\/www.facebook.com\/lunivers.animalier"]}]}},"_links":{"self":[{"href":"https:\/\/universanimalier.com\/en\/wp-json\/wp\/v2\/product\/24577"}],"collection":[{"href":"https:\/\/universanimalier.com\/en\/wp-json\/wp\/v2\/product"}],"about":[{"href":"https:\/\/universanimalier.com\/en\/wp-json\/wp\/v2\/types\/product"}],"wp:featuredmedia":[{"embeddable":true,"href":"https:\/\/universanimalier.com\/en\/wp-json\/wp\/v2\/media\/24584"}],"wp:attachment":[{"href":"https:\/\/universanimalier.com\/en\/wp-json\/wp\/v2\/media?parent=24577"}],"wp:term":[{"taxonomy":"product_brand","embeddable":true,"href":"https:\/\/universanimalier.com\/en\/wp-json\/wp\/v2\/product_brand?post=24577"},{"taxonomy":"product_cat","embeddable":true,"href":"https:\/\/universanimalier.com\/en\/wp-json\/wp\/v2\/product_cat?post=24577"},{"taxonomy":"product_tag","embeddable":true,"href":"https:\/\/universanimalier.com\/en\/wp-json\/wp\/v2\/product_tag?post=24577"}],"curies":[{"name":"wp","href":"https:\/\/api.w.org\/{rel}","templated":true}]}}