{"id":24995,"date":"2019-10-29T07:02:44","date_gmt":"2019-10-29T06:02:44","guid":{"rendered":"https:\/\/universanimalier.com\/?post_type=product&#038;p=24995"},"modified":"2021-05-22T17:04:41","modified_gmt":"2021-05-22T15:04:41","slug":"malucchi-laisse-leash-volcano-noir","status":"publish","type":"product","link":"https:\/\/universanimalier.com\/en\/boutique\/malucchi-laisse-leash-volcano-noir\/","title":{"rendered":"Malucchi - Black Volcano Leash \/ Leash"},"content":{"rendered":"","protected":false},"excerpt":{"rendered":"<p>\u2665 Malucchi - Volcano Collection \u2665<\/p>\n<ul>\n<li>Necklace 100 % handmade in Italy<\/li>\n<li>Premium suede \/ suede leather<\/li>\n<li>Swarovski crystals changing color with light<\/li>\n<li>Nice black \/ very dark brown color<\/li>\n<li>120 cm<\/li>\n<\/ul>\n<p>To match with <a href=\"https:\/\/universanimalier.com\/en\/boutique\/malucchi-collier-collar-volcano-fin-noir\/\">Black Volcano necklace<\/a> \u2665<\/p>","protected":false},"featured_media":24986,"template":"","meta":[],"product_brand":[],"product_cat":[54],"product_tag":[2317,2328,3033,19,2318,2316],"class_list":{"0":"post-24995","1":"product","2":"type-product","3":"status-publish","4":"has-post-thumbnail","6":"product_cat-laisses","7":"product_tag-collection-volcano","8":"product_tag-laisse-malucchi","9":"product_tag-laisse-noire","10":"product_tag-malucchi","11":"product_tag-malucchi-volcano","12":"product_tag-volcano","14":"first","15":"instock","16":"shipping-taxable","17":"purchasable","18":"product-type-simple"},"yoast_head":"<!-- This site is optimized with the Yoast SEO plugin v25.5 - https:\/\/yoast.com\/wordpress\/plugins\/seo\/ -->\n<title>Malucchi - Laisse\/Leash Volcano Noir - L&#039;univers Animalier<\/title>\n<meta name=\"robots\" content=\"index, follow, max-snippet:-1, max-image-preview:large, max-video-preview:-1\" \/>\n<link rel=\"canonical\" href=\"https:\/\/universanimalier.com\/en\/boutique\/malucchi-laisse-leash-volcano-noir\/\" \/>\n<meta property=\"og:locale\" content=\"en_US\" \/>\n<meta property=\"og:type\" content=\"article\" \/>\n<meta property=\"og:title\" content=\"Malucchi - Laisse\/Leash Volcano Noir - L&#039;univers Animalier\" \/>\n<meta property=\"og:description\" content=\"\u2665 Malucchi - Collection Volcano\u00a0\u2665   Collier 100 % fait main en Italie  Cuir su\u00e9dine\/daim de qualit\u00e9 sup\u00e9rieure  Cristaux Swarovski changeant de couleur avec la lumi\u00e8re  Jolie couleur noir \/ marron tr\u00e8s fonc\u00e9  120 cm  A assortir au collier Volcano Noir \u2665\" \/>\n<meta property=\"og:url\" content=\"https:\/\/universanimalier.com\/en\/boutique\/malucchi-laisse-leash-volcano-noir\/\" \/>\n<meta property=\"og:site_name\" content=\"L&#039;univers Animalier\" \/>\n<meta property=\"article:publisher\" content=\"https:\/\/www.facebook.com\/lunivers.animalier\" \/>\n<meta property=\"article:modified_time\" content=\"2021-05-22T15:04:41+00:00\" \/>\n<meta property=\"og:image\" content=\"https:\/\/wip.universanimalier.com\/wp-content\/uploads\/2019\/10\/621140F6-BB71-41C7-9579-30444591914A.jpeg\" \/>\n\t<meta property=\"og:image:width\" content=\"1200\" \/>\n\t<meta property=\"og:image:height\" content=\"1200\" \/>\n\t<meta property=\"og:image:type\" content=\"image\/jpeg\" \/>\n<meta name=\"twitter:card\" content=\"summary_large_image\" \/>\n<script type=\"application\/ld+json\" class=\"yoast-schema-graph\">{\"@context\":\"https:\/\/schema.org\",\"@graph\":[{\"@type\":\"WebPage\",\"@id\":\"https:\/\/universanimalier.com\/en\/boutique\/malucchi-laisse-leash-volcano-noir\/\",\"url\":\"https:\/\/universanimalier.com\/en\/boutique\/malucchi-laisse-leash-volcano-noir\/\",\"name\":\"Malucchi - Laisse\/Leash Volcano Noir - L&#039;univers Animalier\",\"isPartOf\":{\"@id\":\"https:\/\/wip.universanimalier.com\/#website\"},\"primaryImageOfPage\":{\"@id\":\"https:\/\/universanimalier.com\/en\/boutique\/malucchi-laisse-leash-volcano-noir\/#primaryimage\"},\"image\":{\"@id\":\"https:\/\/universanimalier.com\/en\/boutique\/malucchi-laisse-leash-volcano-noir\/#primaryimage\"},\"thumbnailUrl\":\"https:\/\/universanimalier.com\/wp-content\/uploads\/2019\/10\/621140F6-BB71-41C7-9579-30444591914A.jpeg\",\"datePublished\":\"2019-10-29T06:02:44+00:00\",\"dateModified\":\"2021-05-22T15:04:41+00:00\",\"breadcrumb\":{\"@id\":\"https:\/\/universanimalier.com\/en\/boutique\/malucchi-laisse-leash-volcano-noir\/#breadcrumb\"},\"inLanguage\":\"en-US\",\"potentialAction\":[{\"@type\":\"ReadAction\",\"target\":[\"https:\/\/universanimalier.com\/en\/boutique\/malucchi-laisse-leash-volcano-noir\/\"]}]},{\"@type\":\"ImageObject\",\"inLanguage\":\"en-US\",\"@id\":\"https:\/\/universanimalier.com\/en\/boutique\/malucchi-laisse-leash-volcano-noir\/#primaryimage\",\"url\":\"https:\/\/universanimalier.com\/wp-content\/uploads\/2019\/10\/621140F6-BB71-41C7-9579-30444591914A.jpeg\",\"contentUrl\":\"https:\/\/universanimalier.com\/wp-content\/uploads\/2019\/10\/621140F6-BB71-41C7-9579-30444591914A.jpeg\",\"width\":1200,\"height\":1200,\"caption\":\"Processed with MOLDIV\"},{\"@type\":\"BreadcrumbList\",\"@id\":\"https:\/\/universanimalier.com\/en\/boutique\/malucchi-laisse-leash-volcano-noir\/#breadcrumb\",\"itemListElement\":[{\"@type\":\"ListItem\",\"position\":1,\"name\":\"Accueil\",\"item\":\"https:\/\/wip.universanimalier.com\/\"},{\"@type\":\"ListItem\",\"position\":2,\"name\":\"Boutique\",\"item\":\"https:\/\/wip.universanimalier.com\/boutique\/\"},{\"@type\":\"ListItem\",\"position\":3,\"name\":\"Malucchi &#8211; Laisse\/Leash Volcano Noir\"}]},{\"@type\":\"WebSite\",\"@id\":\"https:\/\/wip.universanimalier.com\/#website\",\"url\":\"https:\/\/wip.universanimalier.com\/\",\"name\":\"L'univers Animalier\",\"description\":\"Le paradis des chiens g\u00e2t\u00e9s !\",\"publisher\":{\"@id\":\"https:\/\/wip.universanimalier.com\/#organization\"},\"potentialAction\":[{\"@type\":\"SearchAction\",\"target\":{\"@type\":\"EntryPoint\",\"urlTemplate\":\"https:\/\/wip.universanimalier.com\/?s={search_term_string}\"},\"query-input\":{\"@type\":\"PropertyValueSpecification\",\"valueRequired\":true,\"valueName\":\"search_term_string\"}}],\"inLanguage\":\"en-US\"},{\"@type\":\"Organization\",\"@id\":\"https:\/\/wip.universanimalier.com\/#organization\",\"name\":\"L'univers Animalier\",\"url\":\"https:\/\/wip.universanimalier.com\/\",\"logo\":{\"@type\":\"ImageObject\",\"inLanguage\":\"en-US\",\"@id\":\"https:\/\/wip.universanimalier.com\/#\/schema\/logo\/image\/\",\"url\":\"https:\/\/universanimalier.com\/wp-content\/uploads\/2021\/06\/logo.jpg\",\"contentUrl\":\"https:\/\/universanimalier.com\/wp-content\/uploads\/2021\/06\/logo.jpg\",\"width\":800,\"height\":200,\"caption\":\"L'univers Animalier\"},\"image\":{\"@id\":\"https:\/\/wip.universanimalier.com\/#\/schema\/logo\/image\/\"},\"sameAs\":[\"https:\/\/www.facebook.com\/lunivers.animalier\"]}]}<\/script>\n<!-- \/ Yoast SEO plugin. -->","yoast_head_json":{"title":"Malucchi - Laisse\/Leash Volcano Noir - L&#039;univers Animalier","robots":{"index":"index","follow":"follow","max-snippet":"max-snippet:-1","max-image-preview":"max-image-preview:large","max-video-preview":"max-video-preview:-1"},"canonical":"https:\/\/universanimalier.com\/en\/boutique\/malucchi-laisse-leash-volcano-noir\/","og_locale":"en_US","og_type":"article","og_title":"Malucchi - Laisse\/Leash Volcano Noir - L&#039;univers Animalier","og_description":"\u2665 Malucchi - Collection Volcano\u00a0\u2665   Collier 100 % fait main en Italie  Cuir su\u00e9dine\/daim de qualit\u00e9 sup\u00e9rieure  Cristaux Swarovski changeant de couleur avec la lumi\u00e8re  Jolie couleur noir \/ marron tr\u00e8s fonc\u00e9  120 cm  A assortir au collier Volcano Noir \u2665","og_url":"https:\/\/universanimalier.com\/en\/boutique\/malucchi-laisse-leash-volcano-noir\/","og_site_name":"L&#039;univers Animalier","article_publisher":"https:\/\/www.facebook.com\/lunivers.animalier","article_modified_time":"2021-05-22T15:04:41+00:00","og_image":[{"width":1200,"height":1200,"url":"https:\/\/wip.universanimalier.com\/wp-content\/uploads\/2019\/10\/621140F6-BB71-41C7-9579-30444591914A.jpeg","type":"image\/jpeg"}],"twitter_card":"summary_large_image","schema":{"@context":"https:\/\/schema.org","@graph":[{"@type":"WebPage","@id":"https:\/\/universanimalier.com\/en\/boutique\/malucchi-laisse-leash-volcano-noir\/","url":"https:\/\/universanimalier.com\/en\/boutique\/malucchi-laisse-leash-volcano-noir\/","name":"Malucchi - Laisse\/Leash Volcano Noir - L&#039;univers Animalier","isPartOf":{"@id":"https:\/\/wip.universanimalier.com\/#website"},"primaryImageOfPage":{"@id":"https:\/\/universanimalier.com\/en\/boutique\/malucchi-laisse-leash-volcano-noir\/#primaryimage"},"image":{"@id":"https:\/\/universanimalier.com\/en\/boutique\/malucchi-laisse-leash-volcano-noir\/#primaryimage"},"thumbnailUrl":"https:\/\/universanimalier.com\/wp-content\/uploads\/2019\/10\/621140F6-BB71-41C7-9579-30444591914A.jpeg","datePublished":"2019-10-29T06:02:44+00:00","dateModified":"2021-05-22T15:04:41+00:00","breadcrumb":{"@id":"https:\/\/universanimalier.com\/en\/boutique\/malucchi-laisse-leash-volcano-noir\/#breadcrumb"},"inLanguage":"en-US","potentialAction":[{"@type":"ReadAction","target":["https:\/\/universanimalier.com\/en\/boutique\/malucchi-laisse-leash-volcano-noir\/"]}]},{"@type":"ImageObject","inLanguage":"en-US","@id":"https:\/\/universanimalier.com\/en\/boutique\/malucchi-laisse-leash-volcano-noir\/#primaryimage","url":"https:\/\/universanimalier.com\/wp-content\/uploads\/2019\/10\/621140F6-BB71-41C7-9579-30444591914A.jpeg","contentUrl":"https:\/\/universanimalier.com\/wp-content\/uploads\/2019\/10\/621140F6-BB71-41C7-9579-30444591914A.jpeg","width":1200,"height":1200,"caption":"Processed with MOLDIV"},{"@type":"BreadcrumbList","@id":"https:\/\/universanimalier.com\/en\/boutique\/malucchi-laisse-leash-volcano-noir\/#breadcrumb","itemListElement":[{"@type":"ListItem","position":1,"name":"Accueil","item":"https:\/\/wip.universanimalier.com\/"},{"@type":"ListItem","position":2,"name":"Boutique","item":"https:\/\/wip.universanimalier.com\/boutique\/"},{"@type":"ListItem","position":3,"name":"Malucchi &#8211; Laisse\/Leash Volcano Noir"}]},{"@type":"WebSite","@id":"https:\/\/wip.universanimalier.com\/#website","url":"https:\/\/wip.universanimalier.com\/","name":"L'univers Animalier","description":"A paradise for spoiled dogs!","publisher":{"@id":"https:\/\/wip.universanimalier.com\/#organization"},"potentialAction":[{"@type":"SearchAction","target":{"@type":"EntryPoint","urlTemplate":"https:\/\/wip.universanimalier.com\/?s={search_term_string}"},"query-input":{"@type":"PropertyValueSpecification","valueRequired":true,"valueName":"search_term_string"}}],"inLanguage":"en-US"},{"@type":"Organization","@id":"https:\/\/wip.universanimalier.com\/#organization","name":"L'univers Animalier","url":"https:\/\/wip.universanimalier.com\/","logo":{"@type":"ImageObject","inLanguage":"en-US","@id":"https:\/\/wip.universanimalier.com\/#\/schema\/logo\/image\/","url":"https:\/\/universanimalier.com\/wp-content\/uploads\/2021\/06\/logo.jpg","contentUrl":"https:\/\/universanimalier.com\/wp-content\/uploads\/2021\/06\/logo.jpg","width":800,"height":200,"caption":"L'univers Animalier"},"image":{"@id":"https:\/\/wip.universanimalier.com\/#\/schema\/logo\/image\/"},"sameAs":["https:\/\/www.facebook.com\/lunivers.animalier"]}]}},"_links":{"self":[{"href":"https:\/\/universanimalier.com\/en\/wp-json\/wp\/v2\/product\/24995"}],"collection":[{"href":"https:\/\/universanimalier.com\/en\/wp-json\/wp\/v2\/product"}],"about":[{"href":"https:\/\/universanimalier.com\/en\/wp-json\/wp\/v2\/types\/product"}],"wp:featuredmedia":[{"embeddable":true,"href":"https:\/\/universanimalier.com\/en\/wp-json\/wp\/v2\/media\/24986"}],"wp:attachment":[{"href":"https:\/\/universanimalier.com\/en\/wp-json\/wp\/v2\/media?parent=24995"}],"wp:term":[{"taxonomy":"product_brand","embeddable":true,"href":"https:\/\/universanimalier.com\/en\/wp-json\/wp\/v2\/product_brand?post=24995"},{"taxonomy":"product_cat","embeddable":true,"href":"https:\/\/universanimalier.com\/en\/wp-json\/wp\/v2\/product_cat?post=24995"},{"taxonomy":"product_tag","embeddable":true,"href":"https:\/\/universanimalier.com\/en\/wp-json\/wp\/v2\/product_tag?post=24995"}],"curies":[{"name":"wp","href":"https:\/\/api.w.org\/{rel}","templated":true}]}}