{"id":25823,"date":"2019-12-22T20:49:53","date_gmt":"2019-12-22T19:49:53","guid":{"rendered":"https:\/\/universanimalier.com\/?post_type=product&#038;p=25823"},"modified":"2020-11-25T23:11:57","modified_gmt":"2020-11-25T22:11:57","slug":"mbb-harnais-harness-pumpkin-black","status":"publish","type":"product","link":"https:\/\/universanimalier.com\/en\/boutique\/mbb-harnais-harness-pumpkin-black\/","title":{"rendered":"Mon Bonbon - Harnais \/ Harness Pumpkin Black"},"content":{"rendered":"","protected":false},"excerpt":{"rendered":"<p>Harnais fa\u00e7on petite veste en mati\u00e8re effet su\u00e9dine noire, avec \u00ab\u00a0clous\u00a0\u00bb ronds, pour un look rock \u2665<\/p>\n<ul>\n<li>Suede material<\/li>\n<li>Very soft gray faux fur collar and bottom<\/li>\n<li>Velcro closure on the top (very easy and practical to put on)<\/li>\n<li>Silver ties for the leash<\/li>\n<\/ul>","protected":false},"featured_media":25779,"template":"","meta":[],"product_brand":[],"product_cat":[1659,52,15],"product_tag":[228,3206,2596,3205,354,806,22,1801],"class_list":{"0":"post-25823","1":"product","2":"type-product","3":"status-publish","4":"has-post-thumbnail","6":"product_cat-manteaux","7":"product_cat-harnais","8":"product_cat-dressing","9":"product_tag-harnais","10":"product_tag-harnais-mon-bonbon-noir","11":"product_tag-harnais-noir","12":"product_tag-harnais-pumpkin","13":"product_tag-harness","14":"product_tag-mbb","15":"product_tag-mon-bonbon","16":"product_tag-mon-bonbon-milano","18":"first","19":"instock","20":"shipping-taxable","21":"purchasable","22":"product-type-variable"},"yoast_head":"<!-- This site is optimized with the Yoast SEO plugin v25.5 - https:\/\/yoast.com\/wordpress\/plugins\/seo\/ -->\n<title>Mon Bonbon - Harnais\/Harness Pumpkin Black - L&#039;univers Animalier<\/title>\n<meta name=\"robots\" content=\"index, follow, max-snippet:-1, max-image-preview:large, max-video-preview:-1\" \/>\n<link rel=\"canonical\" href=\"https:\/\/wip.universanimalier.com\/boutique\/mbb-harnais-harness-pumpkin-black\/\" \/>\n<meta property=\"og:locale\" content=\"en_US\" \/>\n<meta property=\"og:type\" content=\"article\" \/>\n<meta property=\"og:title\" content=\"Mon Bonbon - Harnais\/Harness Pumpkin Black - L&#039;univers Animalier\" \/>\n<meta property=\"og:description\" content=\"Harnais fa\u00e7on petite veste en mati\u00e8re effet su\u00e9dine noire, avec &quot;clous&quot; ronds, pour un look rock \u2665   Mati\u00e8re su\u00e9dine  Col et bas en fausse fourrure grise tr\u00e8s douce  Fermeture velcro sur le dessus (tr\u00e8s facile et pratique \u00e0 enfiler)  Attaches argent\u00e9es pour la laisse\" \/>\n<meta property=\"og:url\" content=\"https:\/\/wip.universanimalier.com\/boutique\/mbb-harnais-harness-pumpkin-black\/\" \/>\n<meta property=\"og:site_name\" content=\"L&#039;univers Animalier\" \/>\n<meta property=\"article:publisher\" content=\"https:\/\/www.facebook.com\/lunivers.animalier\" \/>\n<meta property=\"article:modified_time\" content=\"2020-11-25T22:11:57+00:00\" \/>\n<meta property=\"og:image\" content=\"https:\/\/wip.universanimalier.com\/wp-content\/uploads\/2019\/12\/5CE12E0F-70F5-4E7E-9B23-604E01813B66.jpeg\" \/>\n\t<meta property=\"og:image:width\" content=\"1200\" \/>\n\t<meta property=\"og:image:height\" content=\"1200\" \/>\n\t<meta property=\"og:image:type\" content=\"image\/jpeg\" \/>\n<meta name=\"twitter:card\" content=\"summary_large_image\" \/>\n<script type=\"application\/ld+json\" class=\"yoast-schema-graph\">{\"@context\":\"https:\/\/schema.org\",\"@graph\":[{\"@type\":\"WebPage\",\"@id\":\"https:\/\/wip.universanimalier.com\/boutique\/mbb-harnais-harness-pumpkin-black\/\",\"url\":\"https:\/\/wip.universanimalier.com\/boutique\/mbb-harnais-harness-pumpkin-black\/\",\"name\":\"Mon Bonbon - Harnais\/Harness Pumpkin Black - L&#039;univers Animalier\",\"isPartOf\":{\"@id\":\"https:\/\/wip.universanimalier.com\/#website\"},\"primaryImageOfPage\":{\"@id\":\"https:\/\/wip.universanimalier.com\/boutique\/mbb-harnais-harness-pumpkin-black\/#primaryimage\"},\"image\":{\"@id\":\"https:\/\/wip.universanimalier.com\/boutique\/mbb-harnais-harness-pumpkin-black\/#primaryimage\"},\"thumbnailUrl\":\"https:\/\/universanimalier.com\/wp-content\/uploads\/2019\/12\/5CE12E0F-70F5-4E7E-9B23-604E01813B66.jpeg\",\"datePublished\":\"2019-12-22T19:49:53+00:00\",\"dateModified\":\"2020-11-25T22:11:57+00:00\",\"breadcrumb\":{\"@id\":\"https:\/\/wip.universanimalier.com\/boutique\/mbb-harnais-harness-pumpkin-black\/#breadcrumb\"},\"inLanguage\":\"en-US\",\"potentialAction\":[{\"@type\":\"ReadAction\",\"target\":[\"https:\/\/wip.universanimalier.com\/boutique\/mbb-harnais-harness-pumpkin-black\/\"]}]},{\"@type\":\"ImageObject\",\"inLanguage\":\"en-US\",\"@id\":\"https:\/\/wip.universanimalier.com\/boutique\/mbb-harnais-harness-pumpkin-black\/#primaryimage\",\"url\":\"https:\/\/universanimalier.com\/wp-content\/uploads\/2019\/12\/5CE12E0F-70F5-4E7E-9B23-604E01813B66.jpeg\",\"contentUrl\":\"https:\/\/universanimalier.com\/wp-content\/uploads\/2019\/12\/5CE12E0F-70F5-4E7E-9B23-604E01813B66.jpeg\",\"width\":1200,\"height\":1200,\"caption\":\"Processed with MOLDIV\"},{\"@type\":\"BreadcrumbList\",\"@id\":\"https:\/\/wip.universanimalier.com\/boutique\/mbb-harnais-harness-pumpkin-black\/#breadcrumb\",\"itemListElement\":[{\"@type\":\"ListItem\",\"position\":1,\"name\":\"Accueil\",\"item\":\"https:\/\/wip.universanimalier.com\/\"},{\"@type\":\"ListItem\",\"position\":2,\"name\":\"Boutique\",\"item\":\"https:\/\/wip.universanimalier.com\/boutique\/\"},{\"@type\":\"ListItem\",\"position\":3,\"name\":\"Mon Bonbon &#8211; Harnais\/Harness Pumpkin Black\"}]},{\"@type\":\"WebSite\",\"@id\":\"https:\/\/wip.universanimalier.com\/#website\",\"url\":\"https:\/\/wip.universanimalier.com\/\",\"name\":\"L'univers Animalier\",\"description\":\"Le paradis des chiens g\u00e2t\u00e9s !\",\"publisher\":{\"@id\":\"https:\/\/wip.universanimalier.com\/#organization\"},\"potentialAction\":[{\"@type\":\"SearchAction\",\"target\":{\"@type\":\"EntryPoint\",\"urlTemplate\":\"https:\/\/wip.universanimalier.com\/?s={search_term_string}\"},\"query-input\":{\"@type\":\"PropertyValueSpecification\",\"valueRequired\":true,\"valueName\":\"search_term_string\"}}],\"inLanguage\":\"en-US\"},{\"@type\":\"Organization\",\"@id\":\"https:\/\/wip.universanimalier.com\/#organization\",\"name\":\"L'univers Animalier\",\"url\":\"https:\/\/wip.universanimalier.com\/\",\"logo\":{\"@type\":\"ImageObject\",\"inLanguage\":\"en-US\",\"@id\":\"https:\/\/wip.universanimalier.com\/#\/schema\/logo\/image\/\",\"url\":\"https:\/\/universanimalier.com\/wp-content\/uploads\/2021\/06\/logo.jpg\",\"contentUrl\":\"https:\/\/universanimalier.com\/wp-content\/uploads\/2021\/06\/logo.jpg\",\"width\":800,\"height\":200,\"caption\":\"L'univers Animalier\"},\"image\":{\"@id\":\"https:\/\/wip.universanimalier.com\/#\/schema\/logo\/image\/\"},\"sameAs\":[\"https:\/\/www.facebook.com\/lunivers.animalier\"]}]}<\/script>\n<!-- \/ Yoast SEO plugin. -->","yoast_head_json":{"title":"Mon Bonbon - Harnais\/Harness Pumpkin Black - L&#039;univers Animalier","robots":{"index":"index","follow":"follow","max-snippet":"max-snippet:-1","max-image-preview":"max-image-preview:large","max-video-preview":"max-video-preview:-1"},"canonical":"https:\/\/wip.universanimalier.com\/boutique\/mbb-harnais-harness-pumpkin-black\/","og_locale":"en_US","og_type":"article","og_title":"Mon Bonbon - Harnais\/Harness Pumpkin Black - L&#039;univers Animalier","og_description":"Harnais fa\u00e7on petite veste en mati\u00e8re effet su\u00e9dine noire, avec \"clous\" ronds, pour un look rock \u2665   Mati\u00e8re su\u00e9dine  Col et bas en fausse fourrure grise tr\u00e8s douce  Fermeture velcro sur le dessus (tr\u00e8s facile et pratique \u00e0 enfiler)  Attaches argent\u00e9es pour la laisse","og_url":"https:\/\/wip.universanimalier.com\/boutique\/mbb-harnais-harness-pumpkin-black\/","og_site_name":"L&#039;univers Animalier","article_publisher":"https:\/\/www.facebook.com\/lunivers.animalier","article_modified_time":"2020-11-25T22:11:57+00:00","og_image":[{"width":1200,"height":1200,"url":"https:\/\/wip.universanimalier.com\/wp-content\/uploads\/2019\/12\/5CE12E0F-70F5-4E7E-9B23-604E01813B66.jpeg","type":"image\/jpeg"}],"twitter_card":"summary_large_image","schema":{"@context":"https:\/\/schema.org","@graph":[{"@type":"WebPage","@id":"https:\/\/wip.universanimalier.com\/boutique\/mbb-harnais-harness-pumpkin-black\/","url":"https:\/\/wip.universanimalier.com\/boutique\/mbb-harnais-harness-pumpkin-black\/","name":"Mon Bonbon - Harnais\/Harness Pumpkin Black - L&#039;univers Animalier","isPartOf":{"@id":"https:\/\/wip.universanimalier.com\/#website"},"primaryImageOfPage":{"@id":"https:\/\/wip.universanimalier.com\/boutique\/mbb-harnais-harness-pumpkin-black\/#primaryimage"},"image":{"@id":"https:\/\/wip.universanimalier.com\/boutique\/mbb-harnais-harness-pumpkin-black\/#primaryimage"},"thumbnailUrl":"https:\/\/universanimalier.com\/wp-content\/uploads\/2019\/12\/5CE12E0F-70F5-4E7E-9B23-604E01813B66.jpeg","datePublished":"2019-12-22T19:49:53+00:00","dateModified":"2020-11-25T22:11:57+00:00","breadcrumb":{"@id":"https:\/\/wip.universanimalier.com\/boutique\/mbb-harnais-harness-pumpkin-black\/#breadcrumb"},"inLanguage":"en-US","potentialAction":[{"@type":"ReadAction","target":["https:\/\/wip.universanimalier.com\/boutique\/mbb-harnais-harness-pumpkin-black\/"]}]},{"@type":"ImageObject","inLanguage":"en-US","@id":"https:\/\/wip.universanimalier.com\/boutique\/mbb-harnais-harness-pumpkin-black\/#primaryimage","url":"https:\/\/universanimalier.com\/wp-content\/uploads\/2019\/12\/5CE12E0F-70F5-4E7E-9B23-604E01813B66.jpeg","contentUrl":"https:\/\/universanimalier.com\/wp-content\/uploads\/2019\/12\/5CE12E0F-70F5-4E7E-9B23-604E01813B66.jpeg","width":1200,"height":1200,"caption":"Processed with MOLDIV"},{"@type":"BreadcrumbList","@id":"https:\/\/wip.universanimalier.com\/boutique\/mbb-harnais-harness-pumpkin-black\/#breadcrumb","itemListElement":[{"@type":"ListItem","position":1,"name":"Accueil","item":"https:\/\/wip.universanimalier.com\/"},{"@type":"ListItem","position":2,"name":"Boutique","item":"https:\/\/wip.universanimalier.com\/boutique\/"},{"@type":"ListItem","position":3,"name":"Mon Bonbon &#8211; Harnais\/Harness Pumpkin Black"}]},{"@type":"WebSite","@id":"https:\/\/wip.universanimalier.com\/#website","url":"https:\/\/wip.universanimalier.com\/","name":"L'univers Animalier","description":"A paradise for spoiled dogs!","publisher":{"@id":"https:\/\/wip.universanimalier.com\/#organization"},"potentialAction":[{"@type":"SearchAction","target":{"@type":"EntryPoint","urlTemplate":"https:\/\/wip.universanimalier.com\/?s={search_term_string}"},"query-input":{"@type":"PropertyValueSpecification","valueRequired":true,"valueName":"search_term_string"}}],"inLanguage":"en-US"},{"@type":"Organization","@id":"https:\/\/wip.universanimalier.com\/#organization","name":"L'univers Animalier","url":"https:\/\/wip.universanimalier.com\/","logo":{"@type":"ImageObject","inLanguage":"en-US","@id":"https:\/\/wip.universanimalier.com\/#\/schema\/logo\/image\/","url":"https:\/\/universanimalier.com\/wp-content\/uploads\/2021\/06\/logo.jpg","contentUrl":"https:\/\/universanimalier.com\/wp-content\/uploads\/2021\/06\/logo.jpg","width":800,"height":200,"caption":"L'univers Animalier"},"image":{"@id":"https:\/\/wip.universanimalier.com\/#\/schema\/logo\/image\/"},"sameAs":["https:\/\/www.facebook.com\/lunivers.animalier"]}]}},"_links":{"self":[{"href":"https:\/\/universanimalier.com\/en\/wp-json\/wp\/v2\/product\/25823"}],"collection":[{"href":"https:\/\/universanimalier.com\/en\/wp-json\/wp\/v2\/product"}],"about":[{"href":"https:\/\/universanimalier.com\/en\/wp-json\/wp\/v2\/types\/product"}],"wp:featuredmedia":[{"embeddable":true,"href":"https:\/\/universanimalier.com\/en\/wp-json\/wp\/v2\/media\/25779"}],"wp:attachment":[{"href":"https:\/\/universanimalier.com\/en\/wp-json\/wp\/v2\/media?parent=25823"}],"wp:term":[{"taxonomy":"product_brand","embeddable":true,"href":"https:\/\/universanimalier.com\/en\/wp-json\/wp\/v2\/product_brand?post=25823"},{"taxonomy":"product_cat","embeddable":true,"href":"https:\/\/universanimalier.com\/en\/wp-json\/wp\/v2\/product_cat?post=25823"},{"taxonomy":"product_tag","embeddable":true,"href":"https:\/\/universanimalier.com\/en\/wp-json\/wp\/v2\/product_tag?post=25823"}],"curies":[{"name":"wp","href":"https:\/\/api.w.org\/{rel}","templated":true}]}}