{"id":25829,"date":"2019-12-22T20:55:09","date_gmt":"2019-12-22T19:55:09","guid":{"rendered":"https:\/\/universanimalier.com\/?post_type=product&#038;p=25829"},"modified":"2020-11-25T23:11:56","modified_gmt":"2020-11-25T22:11:56","slug":"mbb-harnais-harness-montreal-beige","status":"publish","type":"product","link":"https:\/\/universanimalier.com\/en\/boutique\/mbb-harnais-harness-montreal-beige\/","title":{"rendered":"Mon Bonbon - Harness \/ Harness Montreal Beige"},"content":{"rendered":"","protected":false},"excerpt":{"rendered":"<p>Harnais fa\u00e7on petite veste en nylon beige\/gris clair, avec petit \u00ab\u00a0clous\u00a0\u00bb argent\u00e9s \u2665<\/p>\n<ul>\n<li>Interior satin effect, soft<\/li>\n<li>Very soft faux fur collar and bottom<\/li>\n<li>Velcro closure on the top (very easy and practical to put on)<\/li>\n<li>Silver ties for the leash<\/li>\n<\/ul>","protected":false},"featured_media":25784,"template":"","meta":[],"product_brand":[],"product_cat":[1659,52,15],"product_tag":[228,2601,3208,354,806,22,1801],"class_list":{"0":"post-25829","1":"product","2":"type-product","3":"status-publish","4":"has-post-thumbnail","6":"product_cat-manteaux","7":"product_cat-harnais","8":"product_cat-dressing","9":"product_tag-harnais","10":"product_tag-harnais-beige","11":"product_tag-harnais-montreal","12":"product_tag-harness","13":"product_tag-mbb","14":"product_tag-mon-bonbon","15":"product_tag-mon-bonbon-milano","17":"first","18":"instock","19":"shipping-taxable","20":"purchasable","21":"product-type-variable"},"yoast_head":"<!-- This site is optimized with the Yoast SEO plugin v25.5 - https:\/\/yoast.com\/wordpress\/plugins\/seo\/ -->\n<title>Mon Bonbon - Harnais\/Harness Montr\u00e9al Beige - L&#039;univers Animalier<\/title>\n<meta name=\"robots\" content=\"index, follow, max-snippet:-1, max-image-preview:large, max-video-preview:-1\" \/>\n<link rel=\"canonical\" href=\"https:\/\/wip.universanimalier.com\/boutique\/mbb-harnais-harness-montreal-beige\/\" \/>\n<meta property=\"og:locale\" content=\"en_US\" \/>\n<meta property=\"og:type\" content=\"article\" \/>\n<meta property=\"og:title\" content=\"Mon Bonbon - Harnais\/Harness Montr\u00e9al Beige - L&#039;univers Animalier\" \/>\n<meta property=\"og:description\" content=\"Harnais fa\u00e7on petite veste en nylon beige\/gris clair, avec petit &quot;clous&quot; argent\u00e9s \u2665   Int\u00e9rieur effet satin, doux  Col et bas en fausse fourrure tr\u00e8s douce  Fermeture velcro sur le dessus (tr\u00e8s facile et pratique \u00e0 enfiler)  Attaches argent\u00e9es pour la laisse\" \/>\n<meta property=\"og:url\" content=\"https:\/\/wip.universanimalier.com\/boutique\/mbb-harnais-harness-montreal-beige\/\" \/>\n<meta property=\"og:site_name\" content=\"L&#039;univers Animalier\" \/>\n<meta property=\"article:publisher\" content=\"https:\/\/www.facebook.com\/lunivers.animalier\" \/>\n<meta property=\"article:modified_time\" content=\"2020-11-25T22:11:56+00:00\" \/>\n<meta property=\"og:image\" content=\"https:\/\/wip.universanimalier.com\/wp-content\/uploads\/2019\/12\/58E2393F-C4FF-44DF-92BF-3A036F2CE130.jpeg\" \/>\n\t<meta property=\"og:image:width\" content=\"1200\" \/>\n\t<meta property=\"og:image:height\" content=\"1200\" \/>\n\t<meta property=\"og:image:type\" content=\"image\/jpeg\" \/>\n<meta name=\"twitter:card\" content=\"summary_large_image\" \/>\n<script type=\"application\/ld+json\" class=\"yoast-schema-graph\">{\"@context\":\"https:\/\/schema.org\",\"@graph\":[{\"@type\":\"WebPage\",\"@id\":\"https:\/\/wip.universanimalier.com\/boutique\/mbb-harnais-harness-montreal-beige\/\",\"url\":\"https:\/\/wip.universanimalier.com\/boutique\/mbb-harnais-harness-montreal-beige\/\",\"name\":\"Mon Bonbon - Harnais\/Harness Montr\u00e9al Beige - L&#039;univers Animalier\",\"isPartOf\":{\"@id\":\"https:\/\/wip.universanimalier.com\/#website\"},\"primaryImageOfPage\":{\"@id\":\"https:\/\/wip.universanimalier.com\/boutique\/mbb-harnais-harness-montreal-beige\/#primaryimage\"},\"image\":{\"@id\":\"https:\/\/wip.universanimalier.com\/boutique\/mbb-harnais-harness-montreal-beige\/#primaryimage\"},\"thumbnailUrl\":\"https:\/\/universanimalier.com\/wp-content\/uploads\/2019\/12\/58E2393F-C4FF-44DF-92BF-3A036F2CE130.jpeg\",\"datePublished\":\"2019-12-22T19:55:09+00:00\",\"dateModified\":\"2020-11-25T22:11:56+00:00\",\"breadcrumb\":{\"@id\":\"https:\/\/wip.universanimalier.com\/boutique\/mbb-harnais-harness-montreal-beige\/#breadcrumb\"},\"inLanguage\":\"en-US\",\"potentialAction\":[{\"@type\":\"ReadAction\",\"target\":[\"https:\/\/wip.universanimalier.com\/boutique\/mbb-harnais-harness-montreal-beige\/\"]}]},{\"@type\":\"ImageObject\",\"inLanguage\":\"en-US\",\"@id\":\"https:\/\/wip.universanimalier.com\/boutique\/mbb-harnais-harness-montreal-beige\/#primaryimage\",\"url\":\"https:\/\/universanimalier.com\/wp-content\/uploads\/2019\/12\/58E2393F-C4FF-44DF-92BF-3A036F2CE130.jpeg\",\"contentUrl\":\"https:\/\/universanimalier.com\/wp-content\/uploads\/2019\/12\/58E2393F-C4FF-44DF-92BF-3A036F2CE130.jpeg\",\"width\":1200,\"height\":1200,\"caption\":\"Processed with MOLDIV\"},{\"@type\":\"BreadcrumbList\",\"@id\":\"https:\/\/wip.universanimalier.com\/boutique\/mbb-harnais-harness-montreal-beige\/#breadcrumb\",\"itemListElement\":[{\"@type\":\"ListItem\",\"position\":1,\"name\":\"Accueil\",\"item\":\"https:\/\/wip.universanimalier.com\/\"},{\"@type\":\"ListItem\",\"position\":2,\"name\":\"Boutique\",\"item\":\"https:\/\/wip.universanimalier.com\/boutique\/\"},{\"@type\":\"ListItem\",\"position\":3,\"name\":\"Mon Bonbon &#8211; Harnais\/Harness Montr\u00e9al Beige\"}]},{\"@type\":\"WebSite\",\"@id\":\"https:\/\/wip.universanimalier.com\/#website\",\"url\":\"https:\/\/wip.universanimalier.com\/\",\"name\":\"L'univers Animalier\",\"description\":\"Le paradis des chiens g\u00e2t\u00e9s !\",\"publisher\":{\"@id\":\"https:\/\/wip.universanimalier.com\/#organization\"},\"potentialAction\":[{\"@type\":\"SearchAction\",\"target\":{\"@type\":\"EntryPoint\",\"urlTemplate\":\"https:\/\/wip.universanimalier.com\/?s={search_term_string}\"},\"query-input\":{\"@type\":\"PropertyValueSpecification\",\"valueRequired\":true,\"valueName\":\"search_term_string\"}}],\"inLanguage\":\"en-US\"},{\"@type\":\"Organization\",\"@id\":\"https:\/\/wip.universanimalier.com\/#organization\",\"name\":\"L'univers Animalier\",\"url\":\"https:\/\/wip.universanimalier.com\/\",\"logo\":{\"@type\":\"ImageObject\",\"inLanguage\":\"en-US\",\"@id\":\"https:\/\/wip.universanimalier.com\/#\/schema\/logo\/image\/\",\"url\":\"https:\/\/universanimalier.com\/wp-content\/uploads\/2021\/06\/logo.jpg\",\"contentUrl\":\"https:\/\/universanimalier.com\/wp-content\/uploads\/2021\/06\/logo.jpg\",\"width\":800,\"height\":200,\"caption\":\"L'univers Animalier\"},\"image\":{\"@id\":\"https:\/\/wip.universanimalier.com\/#\/schema\/logo\/image\/\"},\"sameAs\":[\"https:\/\/www.facebook.com\/lunivers.animalier\"]}]}<\/script>\n<!-- \/ Yoast SEO plugin. -->","yoast_head_json":{"title":"Mon Bonbon - Harnais\/Harness Montr\u00e9al Beige - L&#039;univers Animalier","robots":{"index":"index","follow":"follow","max-snippet":"max-snippet:-1","max-image-preview":"max-image-preview:large","max-video-preview":"max-video-preview:-1"},"canonical":"https:\/\/wip.universanimalier.com\/boutique\/mbb-harnais-harness-montreal-beige\/","og_locale":"en_US","og_type":"article","og_title":"Mon Bonbon - Harnais\/Harness Montr\u00e9al Beige - L&#039;univers Animalier","og_description":"Harnais fa\u00e7on petite veste en nylon beige\/gris clair, avec petit \"clous\" argent\u00e9s \u2665   Int\u00e9rieur effet satin, doux  Col et bas en fausse fourrure tr\u00e8s douce  Fermeture velcro sur le dessus (tr\u00e8s facile et pratique \u00e0 enfiler)  Attaches argent\u00e9es pour la laisse","og_url":"https:\/\/wip.universanimalier.com\/boutique\/mbb-harnais-harness-montreal-beige\/","og_site_name":"L&#039;univers Animalier","article_publisher":"https:\/\/www.facebook.com\/lunivers.animalier","article_modified_time":"2020-11-25T22:11:56+00:00","og_image":[{"width":1200,"height":1200,"url":"https:\/\/wip.universanimalier.com\/wp-content\/uploads\/2019\/12\/58E2393F-C4FF-44DF-92BF-3A036F2CE130.jpeg","type":"image\/jpeg"}],"twitter_card":"summary_large_image","schema":{"@context":"https:\/\/schema.org","@graph":[{"@type":"WebPage","@id":"https:\/\/wip.universanimalier.com\/boutique\/mbb-harnais-harness-montreal-beige\/","url":"https:\/\/wip.universanimalier.com\/boutique\/mbb-harnais-harness-montreal-beige\/","name":"Mon Bonbon - Harnais\/Harness Montr\u00e9al Beige - L&#039;univers Animalier","isPartOf":{"@id":"https:\/\/wip.universanimalier.com\/#website"},"primaryImageOfPage":{"@id":"https:\/\/wip.universanimalier.com\/boutique\/mbb-harnais-harness-montreal-beige\/#primaryimage"},"image":{"@id":"https:\/\/wip.universanimalier.com\/boutique\/mbb-harnais-harness-montreal-beige\/#primaryimage"},"thumbnailUrl":"https:\/\/universanimalier.com\/wp-content\/uploads\/2019\/12\/58E2393F-C4FF-44DF-92BF-3A036F2CE130.jpeg","datePublished":"2019-12-22T19:55:09+00:00","dateModified":"2020-11-25T22:11:56+00:00","breadcrumb":{"@id":"https:\/\/wip.universanimalier.com\/boutique\/mbb-harnais-harness-montreal-beige\/#breadcrumb"},"inLanguage":"en-US","potentialAction":[{"@type":"ReadAction","target":["https:\/\/wip.universanimalier.com\/boutique\/mbb-harnais-harness-montreal-beige\/"]}]},{"@type":"ImageObject","inLanguage":"en-US","@id":"https:\/\/wip.universanimalier.com\/boutique\/mbb-harnais-harness-montreal-beige\/#primaryimage","url":"https:\/\/universanimalier.com\/wp-content\/uploads\/2019\/12\/58E2393F-C4FF-44DF-92BF-3A036F2CE130.jpeg","contentUrl":"https:\/\/universanimalier.com\/wp-content\/uploads\/2019\/12\/58E2393F-C4FF-44DF-92BF-3A036F2CE130.jpeg","width":1200,"height":1200,"caption":"Processed with MOLDIV"},{"@type":"BreadcrumbList","@id":"https:\/\/wip.universanimalier.com\/boutique\/mbb-harnais-harness-montreal-beige\/#breadcrumb","itemListElement":[{"@type":"ListItem","position":1,"name":"Accueil","item":"https:\/\/wip.universanimalier.com\/"},{"@type":"ListItem","position":2,"name":"Boutique","item":"https:\/\/wip.universanimalier.com\/boutique\/"},{"@type":"ListItem","position":3,"name":"Mon Bonbon &#8211; Harnais\/Harness Montr\u00e9al Beige"}]},{"@type":"WebSite","@id":"https:\/\/wip.universanimalier.com\/#website","url":"https:\/\/wip.universanimalier.com\/","name":"L'univers Animalier","description":"A paradise for spoiled dogs!","publisher":{"@id":"https:\/\/wip.universanimalier.com\/#organization"},"potentialAction":[{"@type":"SearchAction","target":{"@type":"EntryPoint","urlTemplate":"https:\/\/wip.universanimalier.com\/?s={search_term_string}"},"query-input":{"@type":"PropertyValueSpecification","valueRequired":true,"valueName":"search_term_string"}}],"inLanguage":"en-US"},{"@type":"Organization","@id":"https:\/\/wip.universanimalier.com\/#organization","name":"L'univers Animalier","url":"https:\/\/wip.universanimalier.com\/","logo":{"@type":"ImageObject","inLanguage":"en-US","@id":"https:\/\/wip.universanimalier.com\/#\/schema\/logo\/image\/","url":"https:\/\/universanimalier.com\/wp-content\/uploads\/2021\/06\/logo.jpg","contentUrl":"https:\/\/universanimalier.com\/wp-content\/uploads\/2021\/06\/logo.jpg","width":800,"height":200,"caption":"L'univers Animalier"},"image":{"@id":"https:\/\/wip.universanimalier.com\/#\/schema\/logo\/image\/"},"sameAs":["https:\/\/www.facebook.com\/lunivers.animalier"]}]}},"_links":{"self":[{"href":"https:\/\/universanimalier.com\/en\/wp-json\/wp\/v2\/product\/25829"}],"collection":[{"href":"https:\/\/universanimalier.com\/en\/wp-json\/wp\/v2\/product"}],"about":[{"href":"https:\/\/universanimalier.com\/en\/wp-json\/wp\/v2\/types\/product"}],"wp:featuredmedia":[{"embeddable":true,"href":"https:\/\/universanimalier.com\/en\/wp-json\/wp\/v2\/media\/25784"}],"wp:attachment":[{"href":"https:\/\/universanimalier.com\/en\/wp-json\/wp\/v2\/media?parent=25829"}],"wp:term":[{"taxonomy":"product_brand","embeddable":true,"href":"https:\/\/universanimalier.com\/en\/wp-json\/wp\/v2\/product_brand?post=25829"},{"taxonomy":"product_cat","embeddable":true,"href":"https:\/\/universanimalier.com\/en\/wp-json\/wp\/v2\/product_cat?post=25829"},{"taxonomy":"product_tag","embeddable":true,"href":"https:\/\/universanimalier.com\/en\/wp-json\/wp\/v2\/product_tag?post=25829"}],"curies":[{"name":"wp","href":"https:\/\/api.w.org\/{rel}","templated":true}]}}