{"id":27392,"date":"2020-04-03T14:51:27","date_gmt":"2020-04-03T12:51:27","guid":{"rendered":"https:\/\/universanimalier.com\/?post_type=product&#038;p=27392"},"modified":"2020-05-22T17:28:40","modified_gmt":"2020-05-22T15:28:40","slug":"ttb-collier-collar-babs-bianco","status":"publish","type":"product","link":"https:\/\/universanimalier.com\/en\/boutique\/ttb-collier-collar-babs-bianco\/","title":{"rendered":"TTB - Necklace \/ Collar Babs Bianco"},"content":{"rendered":"","protected":false},"excerpt":{"rendered":"<p>Pretty white collar with a cream-colored bow and floral and embroidered decoration.<\/p>\n<p>To match the <a href=\"https:\/\/universanimalier.com\/en\/boutique\/ttb-laisse-leash-babs-bianco\/\">let babs<\/a>.<\/p>\n<p>&nbsp;<\/p>","protected":false},"featured_media":27383,"template":"","meta":[],"product_brand":[],"product_cat":[23],"product_tag":[2006,3553,2581,20,217],"class_list":{"0":"post-27392","1":"product","2":"type-product","3":"status-publish","4":"has-post-thumbnail","6":"product_cat-colliers","7":"product_tag-collier-blanc","8":"product_tag-collier-blanc-pour-chien","9":"product_tag-trilli-tutti","10":"product_tag-trilly-tutti-brilli","11":"product_tag-ttb","13":"first","14":"instock","15":"shipping-taxable","16":"purchasable","17":"product-type-variable"},"yoast_head":"<!-- This site is optimized with the Yoast SEO plugin v25.5 - https:\/\/yoast.com\/wordpress\/plugins\/seo\/ -->\n<title>TTB - Collier\/Collar Babs Bianco - L&#039;univers Animalier<\/title>\n<meta name=\"robots\" content=\"index, follow, max-snippet:-1, max-image-preview:large, max-video-preview:-1\" \/>\n<link rel=\"canonical\" href=\"https:\/\/wip.universanimalier.com\/boutique\/ttb-collier-collar-babs-bianco\/\" \/>\n<meta property=\"og:locale\" content=\"en_US\" \/>\n<meta property=\"og:type\" content=\"article\" \/>\n<meta property=\"og:title\" content=\"TTB - Collier\/Collar Babs Bianco - L&#039;univers Animalier\" \/>\n<meta property=\"og:description\" content=\"Joli collier blanc avec un noeud couleur cr\u00e8me et une d\u00e9coration fleurie et brod\u00e9e.  A assortir \u00e0 la laisse Babs.  &nbsp;\" \/>\n<meta property=\"og:url\" content=\"https:\/\/wip.universanimalier.com\/boutique\/ttb-collier-collar-babs-bianco\/\" \/>\n<meta property=\"og:site_name\" content=\"L&#039;univers Animalier\" \/>\n<meta property=\"article:publisher\" content=\"https:\/\/www.facebook.com\/lunivers.animalier\" \/>\n<meta property=\"article:modified_time\" content=\"2020-05-22T15:28:40+00:00\" \/>\n<meta property=\"og:image\" content=\"https:\/\/wip.universanimalier.com\/wp-content\/uploads\/2020\/04\/Capture-d\u2019\u00e9cran-2020-04-03-\u00e0-14.43.17.png\" \/>\n\t<meta property=\"og:image:width\" content=\"766\" \/>\n\t<meta property=\"og:image:height\" content=\"996\" \/>\n\t<meta property=\"og:image:type\" content=\"image\/png\" \/>\n<meta name=\"twitter:card\" content=\"summary_large_image\" \/>\n<script type=\"application\/ld+json\" class=\"yoast-schema-graph\">{\"@context\":\"https:\/\/schema.org\",\"@graph\":[{\"@type\":\"WebPage\",\"@id\":\"https:\/\/wip.universanimalier.com\/boutique\/ttb-collier-collar-babs-bianco\/\",\"url\":\"https:\/\/wip.universanimalier.com\/boutique\/ttb-collier-collar-babs-bianco\/\",\"name\":\"TTB - Collier\/Collar Babs Bianco - L&#039;univers Animalier\",\"isPartOf\":{\"@id\":\"https:\/\/wip.universanimalier.com\/#website\"},\"primaryImageOfPage\":{\"@id\":\"https:\/\/wip.universanimalier.com\/boutique\/ttb-collier-collar-babs-bianco\/#primaryimage\"},\"image\":{\"@id\":\"https:\/\/wip.universanimalier.com\/boutique\/ttb-collier-collar-babs-bianco\/#primaryimage\"},\"thumbnailUrl\":\"https:\/\/universanimalier.com\/wp-content\/uploads\/2020\/04\/Capture-d\u2019\u00e9cran-2020-04-03-\u00e0-14.43.17.png\",\"datePublished\":\"2020-04-03T12:51:27+00:00\",\"dateModified\":\"2020-05-22T15:28:40+00:00\",\"breadcrumb\":{\"@id\":\"https:\/\/wip.universanimalier.com\/boutique\/ttb-collier-collar-babs-bianco\/#breadcrumb\"},\"inLanguage\":\"en-US\",\"potentialAction\":[{\"@type\":\"ReadAction\",\"target\":[\"https:\/\/wip.universanimalier.com\/boutique\/ttb-collier-collar-babs-bianco\/\"]}]},{\"@type\":\"ImageObject\",\"inLanguage\":\"en-US\",\"@id\":\"https:\/\/wip.universanimalier.com\/boutique\/ttb-collier-collar-babs-bianco\/#primaryimage\",\"url\":\"https:\/\/universanimalier.com\/wp-content\/uploads\/2020\/04\/Capture-d\u2019\u00e9cran-2020-04-03-\u00e0-14.43.17.png\",\"contentUrl\":\"https:\/\/universanimalier.com\/wp-content\/uploads\/2020\/04\/Capture-d\u2019\u00e9cran-2020-04-03-\u00e0-14.43.17.png\",\"width\":766,\"height\":996},{\"@type\":\"BreadcrumbList\",\"@id\":\"https:\/\/wip.universanimalier.com\/boutique\/ttb-collier-collar-babs-bianco\/#breadcrumb\",\"itemListElement\":[{\"@type\":\"ListItem\",\"position\":1,\"name\":\"Accueil\",\"item\":\"https:\/\/wip.universanimalier.com\/\"},{\"@type\":\"ListItem\",\"position\":2,\"name\":\"Boutique\",\"item\":\"https:\/\/wip.universanimalier.com\/boutique\/\"},{\"@type\":\"ListItem\",\"position\":3,\"name\":\"TTB &#8211; Collier\/Collar Babs Bianco\"}]},{\"@type\":\"WebSite\",\"@id\":\"https:\/\/wip.universanimalier.com\/#website\",\"url\":\"https:\/\/wip.universanimalier.com\/\",\"name\":\"L'univers Animalier\",\"description\":\"Le paradis des chiens g\u00e2t\u00e9s !\",\"publisher\":{\"@id\":\"https:\/\/wip.universanimalier.com\/#organization\"},\"potentialAction\":[{\"@type\":\"SearchAction\",\"target\":{\"@type\":\"EntryPoint\",\"urlTemplate\":\"https:\/\/wip.universanimalier.com\/?s={search_term_string}\"},\"query-input\":{\"@type\":\"PropertyValueSpecification\",\"valueRequired\":true,\"valueName\":\"search_term_string\"}}],\"inLanguage\":\"en-US\"},{\"@type\":\"Organization\",\"@id\":\"https:\/\/wip.universanimalier.com\/#organization\",\"name\":\"L'univers Animalier\",\"url\":\"https:\/\/wip.universanimalier.com\/\",\"logo\":{\"@type\":\"ImageObject\",\"inLanguage\":\"en-US\",\"@id\":\"https:\/\/wip.universanimalier.com\/#\/schema\/logo\/image\/\",\"url\":\"https:\/\/universanimalier.com\/wp-content\/uploads\/2021\/06\/logo.jpg\",\"contentUrl\":\"https:\/\/universanimalier.com\/wp-content\/uploads\/2021\/06\/logo.jpg\",\"width\":800,\"height\":200,\"caption\":\"L'univers Animalier\"},\"image\":{\"@id\":\"https:\/\/wip.universanimalier.com\/#\/schema\/logo\/image\/\"},\"sameAs\":[\"https:\/\/www.facebook.com\/lunivers.animalier\"]}]}<\/script>\n<!-- \/ Yoast SEO plugin. -->","yoast_head_json":{"title":"TTB - Collier\/Collar Babs Bianco - L&#039;univers Animalier","robots":{"index":"index","follow":"follow","max-snippet":"max-snippet:-1","max-image-preview":"max-image-preview:large","max-video-preview":"max-video-preview:-1"},"canonical":"https:\/\/wip.universanimalier.com\/boutique\/ttb-collier-collar-babs-bianco\/","og_locale":"en_US","og_type":"article","og_title":"TTB - Collier\/Collar Babs Bianco - L&#039;univers Animalier","og_description":"Joli collier blanc avec un noeud couleur cr\u00e8me et une d\u00e9coration fleurie et brod\u00e9e.  A assortir \u00e0 la laisse Babs.  &nbsp;","og_url":"https:\/\/wip.universanimalier.com\/boutique\/ttb-collier-collar-babs-bianco\/","og_site_name":"L&#039;univers Animalier","article_publisher":"https:\/\/www.facebook.com\/lunivers.animalier","article_modified_time":"2020-05-22T15:28:40+00:00","og_image":[{"width":766,"height":996,"url":"https:\/\/wip.universanimalier.com\/wp-content\/uploads\/2020\/04\/Capture-d\u2019\u00e9cran-2020-04-03-\u00e0-14.43.17.png","type":"image\/png"}],"twitter_card":"summary_large_image","schema":{"@context":"https:\/\/schema.org","@graph":[{"@type":"WebPage","@id":"https:\/\/wip.universanimalier.com\/boutique\/ttb-collier-collar-babs-bianco\/","url":"https:\/\/wip.universanimalier.com\/boutique\/ttb-collier-collar-babs-bianco\/","name":"TTB - Collier\/Collar Babs Bianco - L&#039;univers Animalier","isPartOf":{"@id":"https:\/\/wip.universanimalier.com\/#website"},"primaryImageOfPage":{"@id":"https:\/\/wip.universanimalier.com\/boutique\/ttb-collier-collar-babs-bianco\/#primaryimage"},"image":{"@id":"https:\/\/wip.universanimalier.com\/boutique\/ttb-collier-collar-babs-bianco\/#primaryimage"},"thumbnailUrl":"https:\/\/universanimalier.com\/wp-content\/uploads\/2020\/04\/Capture-d\u2019\u00e9cran-2020-04-03-\u00e0-14.43.17.png","datePublished":"2020-04-03T12:51:27+00:00","dateModified":"2020-05-22T15:28:40+00:00","breadcrumb":{"@id":"https:\/\/wip.universanimalier.com\/boutique\/ttb-collier-collar-babs-bianco\/#breadcrumb"},"inLanguage":"en-US","potentialAction":[{"@type":"ReadAction","target":["https:\/\/wip.universanimalier.com\/boutique\/ttb-collier-collar-babs-bianco\/"]}]},{"@type":"ImageObject","inLanguage":"en-US","@id":"https:\/\/wip.universanimalier.com\/boutique\/ttb-collier-collar-babs-bianco\/#primaryimage","url":"https:\/\/universanimalier.com\/wp-content\/uploads\/2020\/04\/Capture-d\u2019\u00e9cran-2020-04-03-\u00e0-14.43.17.png","contentUrl":"https:\/\/universanimalier.com\/wp-content\/uploads\/2020\/04\/Capture-d\u2019\u00e9cran-2020-04-03-\u00e0-14.43.17.png","width":766,"height":996},{"@type":"BreadcrumbList","@id":"https:\/\/wip.universanimalier.com\/boutique\/ttb-collier-collar-babs-bianco\/#breadcrumb","itemListElement":[{"@type":"ListItem","position":1,"name":"Accueil","item":"https:\/\/wip.universanimalier.com\/"},{"@type":"ListItem","position":2,"name":"Boutique","item":"https:\/\/wip.universanimalier.com\/boutique\/"},{"@type":"ListItem","position":3,"name":"TTB &#8211; Collier\/Collar Babs Bianco"}]},{"@type":"WebSite","@id":"https:\/\/wip.universanimalier.com\/#website","url":"https:\/\/wip.universanimalier.com\/","name":"L'univers Animalier","description":"A paradise for spoiled dogs!","publisher":{"@id":"https:\/\/wip.universanimalier.com\/#organization"},"potentialAction":[{"@type":"SearchAction","target":{"@type":"EntryPoint","urlTemplate":"https:\/\/wip.universanimalier.com\/?s={search_term_string}"},"query-input":{"@type":"PropertyValueSpecification","valueRequired":true,"valueName":"search_term_string"}}],"inLanguage":"en-US"},{"@type":"Organization","@id":"https:\/\/wip.universanimalier.com\/#organization","name":"L'univers Animalier","url":"https:\/\/wip.universanimalier.com\/","logo":{"@type":"ImageObject","inLanguage":"en-US","@id":"https:\/\/wip.universanimalier.com\/#\/schema\/logo\/image\/","url":"https:\/\/universanimalier.com\/wp-content\/uploads\/2021\/06\/logo.jpg","contentUrl":"https:\/\/universanimalier.com\/wp-content\/uploads\/2021\/06\/logo.jpg","width":800,"height":200,"caption":"L'univers Animalier"},"image":{"@id":"https:\/\/wip.universanimalier.com\/#\/schema\/logo\/image\/"},"sameAs":["https:\/\/www.facebook.com\/lunivers.animalier"]}]}},"_links":{"self":[{"href":"https:\/\/universanimalier.com\/en\/wp-json\/wp\/v2\/product\/27392"}],"collection":[{"href":"https:\/\/universanimalier.com\/en\/wp-json\/wp\/v2\/product"}],"about":[{"href":"https:\/\/universanimalier.com\/en\/wp-json\/wp\/v2\/types\/product"}],"wp:featuredmedia":[{"embeddable":true,"href":"https:\/\/universanimalier.com\/en\/wp-json\/wp\/v2\/media\/27383"}],"wp:attachment":[{"href":"https:\/\/universanimalier.com\/en\/wp-json\/wp\/v2\/media?parent=27392"}],"wp:term":[{"taxonomy":"product_brand","embeddable":true,"href":"https:\/\/universanimalier.com\/en\/wp-json\/wp\/v2\/product_brand?post=27392"},{"taxonomy":"product_cat","embeddable":true,"href":"https:\/\/universanimalier.com\/en\/wp-json\/wp\/v2\/product_cat?post=27392"},{"taxonomy":"product_tag","embeddable":true,"href":"https:\/\/universanimalier.com\/en\/wp-json\/wp\/v2\/product_tag?post=27392"}],"curies":[{"name":"wp","href":"https:\/\/api.w.org\/{rel}","templated":true}]}}