{"id":27395,"date":"2020-04-03T14:53:23","date_gmt":"2020-04-03T12:53:23","guid":{"rendered":"https:\/\/universanimalier.com\/?post_type=product&#038;p=27395"},"modified":"2021-04-09T16:34:09","modified_gmt":"2021-04-09T14:34:09","slug":"ttb-harnais-harness-babs-bianco","status":"publish","type":"product","link":"https:\/\/universanimalier.com\/en\/boutique\/ttb-harnais-harness-babs-bianco\/","title":{"rendered":"TTB - Harness Babs Bianco"},"content":{"rendered":"","protected":false},"excerpt":{"rendered":"<p>Joli harnais blanc avec perles et un joli noeud beige orn\u00e9 d&rsquo;une d\u00e9coration fleurie brod\u00e9e \u2665<\/p>\n<p>To match the <a href=\"https:\/\/universanimalier.com\/en\/boutique\/ttb-laisse-leash-babs-bianco\/\">let babs<\/a>.<\/p>\n<p>&nbsp;<\/p>","protected":false},"featured_media":27384,"template":"","meta":[],"product_brand":[],"product_cat":[52],"product_tag":[3562,2238,3554,2216,20,217],"class_list":{"0":"post-27395","1":"product","2":"type-product","3":"status-publish","4":"has-post-thumbnail","6":"product_cat-harnais","7":"product_tag-babs","8":"product_tag-harnais-blanc","9":"product_tag-harnais-blanc-pour-chien","10":"product_tag-trilly-tutti","11":"product_tag-trilly-tutti-brilli","12":"product_tag-ttb","14":"first","15":"instock","16":"shipping-taxable","17":"purchasable","18":"product-type-variable"},"yoast_head":"<!-- This site is optimized with the Yoast SEO plugin v25.5 - https:\/\/yoast.com\/wordpress\/plugins\/seo\/ -->\n<title>TTB - Harnais\/Harness Babs Bianco - L&#039;univers Animalier<\/title>\n<meta name=\"robots\" content=\"index, follow, max-snippet:-1, max-image-preview:large, max-video-preview:-1\" \/>\n<link rel=\"canonical\" href=\"https:\/\/wip.universanimalier.com\/boutique\/ttb-harnais-harness-babs-bianco\/\" \/>\n<meta property=\"og:locale\" content=\"en_US\" \/>\n<meta property=\"og:type\" content=\"article\" \/>\n<meta property=\"og:title\" content=\"TTB - Harnais\/Harness Babs Bianco - L&#039;univers Animalier\" \/>\n<meta property=\"og:description\" content=\"Joli harnais blanc avec perles et un joli noeud beige orn\u00e9 d&#039;une d\u00e9coration fleurie brod\u00e9e \u2665  A assortir \u00e0 la laisse Babs.  &nbsp;\" \/>\n<meta property=\"og:url\" content=\"https:\/\/wip.universanimalier.com\/boutique\/ttb-harnais-harness-babs-bianco\/\" \/>\n<meta property=\"og:site_name\" content=\"L&#039;univers Animalier\" \/>\n<meta property=\"article:publisher\" content=\"https:\/\/www.facebook.com\/lunivers.animalier\" \/>\n<meta property=\"article:modified_time\" content=\"2021-04-09T14:34:09+00:00\" \/>\n<meta property=\"og:image\" content=\"https:\/\/wip.universanimalier.com\/wp-content\/uploads\/2020\/04\/Capture-d\u2019\u00e9cran-2020-04-03-\u00e0-14.43.58.png\" \/>\n\t<meta property=\"og:image:width\" content=\"766\" \/>\n\t<meta property=\"og:image:height\" content=\"920\" \/>\n\t<meta property=\"og:image:type\" content=\"image\/png\" \/>\n<meta name=\"twitter:card\" content=\"summary_large_image\" \/>\n<script type=\"application\/ld+json\" class=\"yoast-schema-graph\">{\"@context\":\"https:\/\/schema.org\",\"@graph\":[{\"@type\":\"WebPage\",\"@id\":\"https:\/\/wip.universanimalier.com\/boutique\/ttb-harnais-harness-babs-bianco\/\",\"url\":\"https:\/\/wip.universanimalier.com\/boutique\/ttb-harnais-harness-babs-bianco\/\",\"name\":\"TTB - Harnais\/Harness Babs Bianco - L&#039;univers Animalier\",\"isPartOf\":{\"@id\":\"https:\/\/wip.universanimalier.com\/#website\"},\"primaryImageOfPage\":{\"@id\":\"https:\/\/wip.universanimalier.com\/boutique\/ttb-harnais-harness-babs-bianco\/#primaryimage\"},\"image\":{\"@id\":\"https:\/\/wip.universanimalier.com\/boutique\/ttb-harnais-harness-babs-bianco\/#primaryimage\"},\"thumbnailUrl\":\"https:\/\/universanimalier.com\/wp-content\/uploads\/2020\/04\/Capture-d\u2019\u00e9cran-2020-04-03-\u00e0-14.43.58.png\",\"datePublished\":\"2020-04-03T12:53:23+00:00\",\"dateModified\":\"2021-04-09T14:34:09+00:00\",\"breadcrumb\":{\"@id\":\"https:\/\/wip.universanimalier.com\/boutique\/ttb-harnais-harness-babs-bianco\/#breadcrumb\"},\"inLanguage\":\"en-US\",\"potentialAction\":[{\"@type\":\"ReadAction\",\"target\":[\"https:\/\/wip.universanimalier.com\/boutique\/ttb-harnais-harness-babs-bianco\/\"]}]},{\"@type\":\"ImageObject\",\"inLanguage\":\"en-US\",\"@id\":\"https:\/\/wip.universanimalier.com\/boutique\/ttb-harnais-harness-babs-bianco\/#primaryimage\",\"url\":\"https:\/\/universanimalier.com\/wp-content\/uploads\/2020\/04\/Capture-d\u2019\u00e9cran-2020-04-03-\u00e0-14.43.58.png\",\"contentUrl\":\"https:\/\/universanimalier.com\/wp-content\/uploads\/2020\/04\/Capture-d\u2019\u00e9cran-2020-04-03-\u00e0-14.43.58.png\",\"width\":766,\"height\":920},{\"@type\":\"BreadcrumbList\",\"@id\":\"https:\/\/wip.universanimalier.com\/boutique\/ttb-harnais-harness-babs-bianco\/#breadcrumb\",\"itemListElement\":[{\"@type\":\"ListItem\",\"position\":1,\"name\":\"Accueil\",\"item\":\"https:\/\/wip.universanimalier.com\/\"},{\"@type\":\"ListItem\",\"position\":2,\"name\":\"Boutique\",\"item\":\"https:\/\/wip.universanimalier.com\/boutique\/\"},{\"@type\":\"ListItem\",\"position\":3,\"name\":\"TTB &#8211; Harnais\/Harness Babs Bianco\"}]},{\"@type\":\"WebSite\",\"@id\":\"https:\/\/wip.universanimalier.com\/#website\",\"url\":\"https:\/\/wip.universanimalier.com\/\",\"name\":\"L'univers Animalier\",\"description\":\"Le paradis des chiens g\u00e2t\u00e9s !\",\"publisher\":{\"@id\":\"https:\/\/wip.universanimalier.com\/#organization\"},\"potentialAction\":[{\"@type\":\"SearchAction\",\"target\":{\"@type\":\"EntryPoint\",\"urlTemplate\":\"https:\/\/wip.universanimalier.com\/?s={search_term_string}\"},\"query-input\":{\"@type\":\"PropertyValueSpecification\",\"valueRequired\":true,\"valueName\":\"search_term_string\"}}],\"inLanguage\":\"en-US\"},{\"@type\":\"Organization\",\"@id\":\"https:\/\/wip.universanimalier.com\/#organization\",\"name\":\"L'univers Animalier\",\"url\":\"https:\/\/wip.universanimalier.com\/\",\"logo\":{\"@type\":\"ImageObject\",\"inLanguage\":\"en-US\",\"@id\":\"https:\/\/wip.universanimalier.com\/#\/schema\/logo\/image\/\",\"url\":\"https:\/\/universanimalier.com\/wp-content\/uploads\/2021\/06\/logo.jpg\",\"contentUrl\":\"https:\/\/universanimalier.com\/wp-content\/uploads\/2021\/06\/logo.jpg\",\"width\":800,\"height\":200,\"caption\":\"L'univers Animalier\"},\"image\":{\"@id\":\"https:\/\/wip.universanimalier.com\/#\/schema\/logo\/image\/\"},\"sameAs\":[\"https:\/\/www.facebook.com\/lunivers.animalier\"]}]}<\/script>\n<!-- \/ Yoast SEO plugin. -->","yoast_head_json":{"title":"TTB - Harnais\/Harness Babs Bianco - L&#039;univers Animalier","robots":{"index":"index","follow":"follow","max-snippet":"max-snippet:-1","max-image-preview":"max-image-preview:large","max-video-preview":"max-video-preview:-1"},"canonical":"https:\/\/wip.universanimalier.com\/boutique\/ttb-harnais-harness-babs-bianco\/","og_locale":"en_US","og_type":"article","og_title":"TTB - Harnais\/Harness Babs Bianco - L&#039;univers Animalier","og_description":"Joli harnais blanc avec perles et un joli noeud beige orn\u00e9 d'une d\u00e9coration fleurie brod\u00e9e \u2665  A assortir \u00e0 la laisse Babs.  &nbsp;","og_url":"https:\/\/wip.universanimalier.com\/boutique\/ttb-harnais-harness-babs-bianco\/","og_site_name":"L&#039;univers Animalier","article_publisher":"https:\/\/www.facebook.com\/lunivers.animalier","article_modified_time":"2021-04-09T14:34:09+00:00","og_image":[{"width":766,"height":920,"url":"https:\/\/wip.universanimalier.com\/wp-content\/uploads\/2020\/04\/Capture-d\u2019\u00e9cran-2020-04-03-\u00e0-14.43.58.png","type":"image\/png"}],"twitter_card":"summary_large_image","schema":{"@context":"https:\/\/schema.org","@graph":[{"@type":"WebPage","@id":"https:\/\/wip.universanimalier.com\/boutique\/ttb-harnais-harness-babs-bianco\/","url":"https:\/\/wip.universanimalier.com\/boutique\/ttb-harnais-harness-babs-bianco\/","name":"TTB - Harnais\/Harness Babs Bianco - L&#039;univers Animalier","isPartOf":{"@id":"https:\/\/wip.universanimalier.com\/#website"},"primaryImageOfPage":{"@id":"https:\/\/wip.universanimalier.com\/boutique\/ttb-harnais-harness-babs-bianco\/#primaryimage"},"image":{"@id":"https:\/\/wip.universanimalier.com\/boutique\/ttb-harnais-harness-babs-bianco\/#primaryimage"},"thumbnailUrl":"https:\/\/universanimalier.com\/wp-content\/uploads\/2020\/04\/Capture-d\u2019\u00e9cran-2020-04-03-\u00e0-14.43.58.png","datePublished":"2020-04-03T12:53:23+00:00","dateModified":"2021-04-09T14:34:09+00:00","breadcrumb":{"@id":"https:\/\/wip.universanimalier.com\/boutique\/ttb-harnais-harness-babs-bianco\/#breadcrumb"},"inLanguage":"en-US","potentialAction":[{"@type":"ReadAction","target":["https:\/\/wip.universanimalier.com\/boutique\/ttb-harnais-harness-babs-bianco\/"]}]},{"@type":"ImageObject","inLanguage":"en-US","@id":"https:\/\/wip.universanimalier.com\/boutique\/ttb-harnais-harness-babs-bianco\/#primaryimage","url":"https:\/\/universanimalier.com\/wp-content\/uploads\/2020\/04\/Capture-d\u2019\u00e9cran-2020-04-03-\u00e0-14.43.58.png","contentUrl":"https:\/\/universanimalier.com\/wp-content\/uploads\/2020\/04\/Capture-d\u2019\u00e9cran-2020-04-03-\u00e0-14.43.58.png","width":766,"height":920},{"@type":"BreadcrumbList","@id":"https:\/\/wip.universanimalier.com\/boutique\/ttb-harnais-harness-babs-bianco\/#breadcrumb","itemListElement":[{"@type":"ListItem","position":1,"name":"Accueil","item":"https:\/\/wip.universanimalier.com\/"},{"@type":"ListItem","position":2,"name":"Boutique","item":"https:\/\/wip.universanimalier.com\/boutique\/"},{"@type":"ListItem","position":3,"name":"TTB &#8211; Harnais\/Harness Babs Bianco"}]},{"@type":"WebSite","@id":"https:\/\/wip.universanimalier.com\/#website","url":"https:\/\/wip.universanimalier.com\/","name":"L'univers Animalier","description":"A paradise for spoiled dogs!","publisher":{"@id":"https:\/\/wip.universanimalier.com\/#organization"},"potentialAction":[{"@type":"SearchAction","target":{"@type":"EntryPoint","urlTemplate":"https:\/\/wip.universanimalier.com\/?s={search_term_string}"},"query-input":{"@type":"PropertyValueSpecification","valueRequired":true,"valueName":"search_term_string"}}],"inLanguage":"en-US"},{"@type":"Organization","@id":"https:\/\/wip.universanimalier.com\/#organization","name":"L'univers Animalier","url":"https:\/\/wip.universanimalier.com\/","logo":{"@type":"ImageObject","inLanguage":"en-US","@id":"https:\/\/wip.universanimalier.com\/#\/schema\/logo\/image\/","url":"https:\/\/universanimalier.com\/wp-content\/uploads\/2021\/06\/logo.jpg","contentUrl":"https:\/\/universanimalier.com\/wp-content\/uploads\/2021\/06\/logo.jpg","width":800,"height":200,"caption":"L'univers Animalier"},"image":{"@id":"https:\/\/wip.universanimalier.com\/#\/schema\/logo\/image\/"},"sameAs":["https:\/\/www.facebook.com\/lunivers.animalier"]}]}},"_links":{"self":[{"href":"https:\/\/universanimalier.com\/en\/wp-json\/wp\/v2\/product\/27395"}],"collection":[{"href":"https:\/\/universanimalier.com\/en\/wp-json\/wp\/v2\/product"}],"about":[{"href":"https:\/\/universanimalier.com\/en\/wp-json\/wp\/v2\/types\/product"}],"wp:featuredmedia":[{"embeddable":true,"href":"https:\/\/universanimalier.com\/en\/wp-json\/wp\/v2\/media\/27384"}],"wp:attachment":[{"href":"https:\/\/universanimalier.com\/en\/wp-json\/wp\/v2\/media?parent=27395"}],"wp:term":[{"taxonomy":"product_brand","embeddable":true,"href":"https:\/\/universanimalier.com\/en\/wp-json\/wp\/v2\/product_brand?post=27395"},{"taxonomy":"product_cat","embeddable":true,"href":"https:\/\/universanimalier.com\/en\/wp-json\/wp\/v2\/product_cat?post=27395"},{"taxonomy":"product_tag","embeddable":true,"href":"https:\/\/universanimalier.com\/en\/wp-json\/wp\/v2\/product_tag?post=27395"}],"curies":[{"name":"wp","href":"https:\/\/api.w.org\/{rel}","templated":true}]}}