{"id":27455,"date":"2020-04-03T16:09:45","date_gmt":"2020-04-03T14:09:45","guid":{"rendered":"https:\/\/universanimalier.com\/?post_type=product&#038;p=27455"},"modified":"2021-06-01T22:14:56","modified_gmt":"2021-06-01T20:14:56","slug":"mp-t-shirt-mariniere","status":"publish","type":"product","link":"https:\/\/universanimalier.com\/en\/boutique\/mp-t-shirt-mariniere\/","title":{"rendered":"Milk and Pepper - Sailor T-shirt"},"content":{"rendered":"","protected":false},"excerpt":{"rendered":"<ul>\n<li>L&rsquo;incontournable T-shirt esprit marini\u00e8re<\/li>\n<li>Ecru woven stripes<\/li>\n<li>Ecru back yoke<\/li>\n<li>MILK &amp; PEPPER printed braid with small bronze buttons<\/li>\n<li>Machine washable at 30 \u00b0<\/li>\n<\/ul>\n<p>The Sailor theme, with vast horizons whose inspirations resonate in Brittany and beyond its salty shores, offers you, in particular with this striped dog t-shirt, a range of iconic marine models for your long walks.<\/p>","protected":false},"featured_media":27461,"template":"","meta":[],"product_brand":[],"product_cat":[1654,15],"product_tag":[617,1410,3580,1764,116,995,153,3581],"class_list":{"0":"post-27455","1":"product","2":"type-product","3":"status-publish","4":"has-post-thumbnail","6":"product_cat-t-shirts","7":"product_cat-dressing","8":"product_tag-mp","9":"product_tag-mariniere","10":"product_tag-mariniere-pour-chien","11":"product_tag-milk-and-pepper","12":"product_tag-milkpepper","13":"product_tag-milkandpepper","14":"product_tag-t-shirt","15":"product_tag-t-shirt-mariniere","17":"first","18":"instock","19":"shipping-taxable","20":"purchasable","21":"product-type-variable"},"yoast_head":"<!-- This site is optimized with the Yoast SEO plugin v25.5 - https:\/\/yoast.com\/wordpress\/plugins\/seo\/ -->\n<title>Milk and Pepper - T-shirt Marini\u00e8re - L&#039;univers Animalier<\/title>\n<meta name=\"robots\" content=\"index, follow, max-snippet:-1, max-image-preview:large, max-video-preview:-1\" \/>\n<link rel=\"canonical\" href=\"https:\/\/universanimalier.com\/en\/boutique\/mp-t-shirt-mariniere\/\" \/>\n<meta property=\"og:locale\" content=\"en_US\" \/>\n<meta property=\"og:type\" content=\"article\" \/>\n<meta property=\"og:title\" content=\"Milk and Pepper - T-shirt Marini\u00e8re - L&#039;univers Animalier\" \/>\n<meta property=\"og:description\" content=\"L&#039;incontournable T-shirt esprit marini\u00e8re  Rayures tiss\u00e9es \u00e9crues  Empi\u00e8cement dos \u00e9cru  Galon imprim\u00e9 MILK &amp; PEPPER avec petits boutons en bronze  Lavable en machine \u00e0 30\u00b0  Le th\u00e8me Matelot, aux vastes horizons dont les inspirations r\u00e9sonnent en Bretagne et au-del\u00e0 de ses rivages sal\u00e9s, vous propose, notamment avec ce t-shirt pour chien marini\u00e8re, une gamme de mod\u00e8le marins iconiques pour vos longues balades.\" \/>\n<meta property=\"og:url\" content=\"https:\/\/universanimalier.com\/en\/boutique\/mp-t-shirt-mariniere\/\" \/>\n<meta property=\"og:site_name\" content=\"L&#039;univers Animalier\" \/>\n<meta property=\"article:publisher\" content=\"https:\/\/www.facebook.com\/lunivers.animalier\" \/>\n<meta property=\"article:modified_time\" content=\"2021-06-01T20:14:56+00:00\" \/>\n<meta property=\"og:image\" content=\"https:\/\/wip.universanimalier.com\/wp-content\/uploads\/2020\/04\/t-shirt-mariniere.jpg\" \/>\n\t<meta property=\"og:image:width\" content=\"480\" \/>\n\t<meta property=\"og:image:height\" content=\"585\" \/>\n\t<meta property=\"og:image:type\" content=\"image\/jpeg\" \/>\n<meta name=\"twitter:card\" content=\"summary_large_image\" \/>\n<script type=\"application\/ld+json\" class=\"yoast-schema-graph\">{\"@context\":\"https:\/\/schema.org\",\"@graph\":[{\"@type\":\"WebPage\",\"@id\":\"https:\/\/universanimalier.com\/en\/boutique\/mp-t-shirt-mariniere\/\",\"url\":\"https:\/\/universanimalier.com\/en\/boutique\/mp-t-shirt-mariniere\/\",\"name\":\"Milk and Pepper - T-shirt Marini\u00e8re - L&#039;univers Animalier\",\"isPartOf\":{\"@id\":\"https:\/\/wip.universanimalier.com\/#website\"},\"primaryImageOfPage\":{\"@id\":\"https:\/\/universanimalier.com\/en\/boutique\/mp-t-shirt-mariniere\/#primaryimage\"},\"image\":{\"@id\":\"https:\/\/universanimalier.com\/en\/boutique\/mp-t-shirt-mariniere\/#primaryimage\"},\"thumbnailUrl\":\"https:\/\/universanimalier.com\/wp-content\/uploads\/2020\/04\/t-shirt-mariniere.jpg\",\"datePublished\":\"2020-04-03T14:09:45+00:00\",\"dateModified\":\"2021-06-01T20:14:56+00:00\",\"breadcrumb\":{\"@id\":\"https:\/\/universanimalier.com\/en\/boutique\/mp-t-shirt-mariniere\/#breadcrumb\"},\"inLanguage\":\"en-US\",\"potentialAction\":[{\"@type\":\"ReadAction\",\"target\":[\"https:\/\/universanimalier.com\/en\/boutique\/mp-t-shirt-mariniere\/\"]}]},{\"@type\":\"ImageObject\",\"inLanguage\":\"en-US\",\"@id\":\"https:\/\/universanimalier.com\/en\/boutique\/mp-t-shirt-mariniere\/#primaryimage\",\"url\":\"https:\/\/universanimalier.com\/wp-content\/uploads\/2020\/04\/t-shirt-mariniere.jpg\",\"contentUrl\":\"https:\/\/universanimalier.com\/wp-content\/uploads\/2020\/04\/t-shirt-mariniere.jpg\",\"width\":480,\"height\":585},{\"@type\":\"BreadcrumbList\",\"@id\":\"https:\/\/universanimalier.com\/en\/boutique\/mp-t-shirt-mariniere\/#breadcrumb\",\"itemListElement\":[{\"@type\":\"ListItem\",\"position\":1,\"name\":\"Accueil\",\"item\":\"https:\/\/wip.universanimalier.com\/\"},{\"@type\":\"ListItem\",\"position\":2,\"name\":\"Boutique\",\"item\":\"https:\/\/wip.universanimalier.com\/boutique\/\"},{\"@type\":\"ListItem\",\"position\":3,\"name\":\"Milk and Pepper &#8211; T-shirt Marini\u00e8re\"}]},{\"@type\":\"WebSite\",\"@id\":\"https:\/\/wip.universanimalier.com\/#website\",\"url\":\"https:\/\/wip.universanimalier.com\/\",\"name\":\"L'univers Animalier\",\"description\":\"Le paradis des chiens g\u00e2t\u00e9s !\",\"publisher\":{\"@id\":\"https:\/\/wip.universanimalier.com\/#organization\"},\"potentialAction\":[{\"@type\":\"SearchAction\",\"target\":{\"@type\":\"EntryPoint\",\"urlTemplate\":\"https:\/\/wip.universanimalier.com\/?s={search_term_string}\"},\"query-input\":{\"@type\":\"PropertyValueSpecification\",\"valueRequired\":true,\"valueName\":\"search_term_string\"}}],\"inLanguage\":\"en-US\"},{\"@type\":\"Organization\",\"@id\":\"https:\/\/wip.universanimalier.com\/#organization\",\"name\":\"L'univers Animalier\",\"url\":\"https:\/\/wip.universanimalier.com\/\",\"logo\":{\"@type\":\"ImageObject\",\"inLanguage\":\"en-US\",\"@id\":\"https:\/\/wip.universanimalier.com\/#\/schema\/logo\/image\/\",\"url\":\"https:\/\/universanimalier.com\/wp-content\/uploads\/2021\/06\/logo.jpg\",\"contentUrl\":\"https:\/\/universanimalier.com\/wp-content\/uploads\/2021\/06\/logo.jpg\",\"width\":800,\"height\":200,\"caption\":\"L'univers Animalier\"},\"image\":{\"@id\":\"https:\/\/wip.universanimalier.com\/#\/schema\/logo\/image\/\"},\"sameAs\":[\"https:\/\/www.facebook.com\/lunivers.animalier\"]}]}<\/script>\n<!-- \/ Yoast SEO plugin. -->","yoast_head_json":{"title":"Milk and Pepper - T-shirt Marini\u00e8re - L&#039;univers Animalier","robots":{"index":"index","follow":"follow","max-snippet":"max-snippet:-1","max-image-preview":"max-image-preview:large","max-video-preview":"max-video-preview:-1"},"canonical":"https:\/\/universanimalier.com\/en\/boutique\/mp-t-shirt-mariniere\/","og_locale":"en_US","og_type":"article","og_title":"Milk and Pepper - T-shirt Marini\u00e8re - L&#039;univers Animalier","og_description":"L'incontournable T-shirt esprit marini\u00e8re  Rayures tiss\u00e9es \u00e9crues  Empi\u00e8cement dos \u00e9cru  Galon imprim\u00e9 MILK &amp; PEPPER avec petits boutons en bronze  Lavable en machine \u00e0 30\u00b0  Le th\u00e8me Matelot, aux vastes horizons dont les inspirations r\u00e9sonnent en Bretagne et au-del\u00e0 de ses rivages sal\u00e9s, vous propose, notamment avec ce t-shirt pour chien marini\u00e8re, une gamme de mod\u00e8le marins iconiques pour vos longues balades.","og_url":"https:\/\/universanimalier.com\/en\/boutique\/mp-t-shirt-mariniere\/","og_site_name":"L&#039;univers Animalier","article_publisher":"https:\/\/www.facebook.com\/lunivers.animalier","article_modified_time":"2021-06-01T20:14:56+00:00","og_image":[{"width":480,"height":585,"url":"https:\/\/wip.universanimalier.com\/wp-content\/uploads\/2020\/04\/t-shirt-mariniere.jpg","type":"image\/jpeg"}],"twitter_card":"summary_large_image","schema":{"@context":"https:\/\/schema.org","@graph":[{"@type":"WebPage","@id":"https:\/\/universanimalier.com\/en\/boutique\/mp-t-shirt-mariniere\/","url":"https:\/\/universanimalier.com\/en\/boutique\/mp-t-shirt-mariniere\/","name":"Milk and Pepper - T-shirt Marini\u00e8re - L&#039;univers Animalier","isPartOf":{"@id":"https:\/\/wip.universanimalier.com\/#website"},"primaryImageOfPage":{"@id":"https:\/\/universanimalier.com\/en\/boutique\/mp-t-shirt-mariniere\/#primaryimage"},"image":{"@id":"https:\/\/universanimalier.com\/en\/boutique\/mp-t-shirt-mariniere\/#primaryimage"},"thumbnailUrl":"https:\/\/universanimalier.com\/wp-content\/uploads\/2020\/04\/t-shirt-mariniere.jpg","datePublished":"2020-04-03T14:09:45+00:00","dateModified":"2021-06-01T20:14:56+00:00","breadcrumb":{"@id":"https:\/\/universanimalier.com\/en\/boutique\/mp-t-shirt-mariniere\/#breadcrumb"},"inLanguage":"en-US","potentialAction":[{"@type":"ReadAction","target":["https:\/\/universanimalier.com\/en\/boutique\/mp-t-shirt-mariniere\/"]}]},{"@type":"ImageObject","inLanguage":"en-US","@id":"https:\/\/universanimalier.com\/en\/boutique\/mp-t-shirt-mariniere\/#primaryimage","url":"https:\/\/universanimalier.com\/wp-content\/uploads\/2020\/04\/t-shirt-mariniere.jpg","contentUrl":"https:\/\/universanimalier.com\/wp-content\/uploads\/2020\/04\/t-shirt-mariniere.jpg","width":480,"height":585},{"@type":"BreadcrumbList","@id":"https:\/\/universanimalier.com\/en\/boutique\/mp-t-shirt-mariniere\/#breadcrumb","itemListElement":[{"@type":"ListItem","position":1,"name":"Accueil","item":"https:\/\/wip.universanimalier.com\/"},{"@type":"ListItem","position":2,"name":"Boutique","item":"https:\/\/wip.universanimalier.com\/boutique\/"},{"@type":"ListItem","position":3,"name":"Milk and Pepper &#8211; T-shirt Marini\u00e8re"}]},{"@type":"WebSite","@id":"https:\/\/wip.universanimalier.com\/#website","url":"https:\/\/wip.universanimalier.com\/","name":"L'univers Animalier","description":"A paradise for spoiled dogs!","publisher":{"@id":"https:\/\/wip.universanimalier.com\/#organization"},"potentialAction":[{"@type":"SearchAction","target":{"@type":"EntryPoint","urlTemplate":"https:\/\/wip.universanimalier.com\/?s={search_term_string}"},"query-input":{"@type":"PropertyValueSpecification","valueRequired":true,"valueName":"search_term_string"}}],"inLanguage":"en-US"},{"@type":"Organization","@id":"https:\/\/wip.universanimalier.com\/#organization","name":"L'univers Animalier","url":"https:\/\/wip.universanimalier.com\/","logo":{"@type":"ImageObject","inLanguage":"en-US","@id":"https:\/\/wip.universanimalier.com\/#\/schema\/logo\/image\/","url":"https:\/\/universanimalier.com\/wp-content\/uploads\/2021\/06\/logo.jpg","contentUrl":"https:\/\/universanimalier.com\/wp-content\/uploads\/2021\/06\/logo.jpg","width":800,"height":200,"caption":"L'univers Animalier"},"image":{"@id":"https:\/\/wip.universanimalier.com\/#\/schema\/logo\/image\/"},"sameAs":["https:\/\/www.facebook.com\/lunivers.animalier"]}]}},"_links":{"self":[{"href":"https:\/\/universanimalier.com\/en\/wp-json\/wp\/v2\/product\/27455"}],"collection":[{"href":"https:\/\/universanimalier.com\/en\/wp-json\/wp\/v2\/product"}],"about":[{"href":"https:\/\/universanimalier.com\/en\/wp-json\/wp\/v2\/types\/product"}],"wp:featuredmedia":[{"embeddable":true,"href":"https:\/\/universanimalier.com\/en\/wp-json\/wp\/v2\/media\/27461"}],"wp:attachment":[{"href":"https:\/\/universanimalier.com\/en\/wp-json\/wp\/v2\/media?parent=27455"}],"wp:term":[{"taxonomy":"product_brand","embeddable":true,"href":"https:\/\/universanimalier.com\/en\/wp-json\/wp\/v2\/product_brand?post=27455"},{"taxonomy":"product_cat","embeddable":true,"href":"https:\/\/universanimalier.com\/en\/wp-json\/wp\/v2\/product_cat?post=27455"},{"taxonomy":"product_tag","embeddable":true,"href":"https:\/\/universanimalier.com\/en\/wp-json\/wp\/v2\/product_tag?post=27455"}],"curies":[{"name":"wp","href":"https:\/\/api.w.org\/{rel}","templated":true}]}}