{"id":27877,"date":"2020-05-03T14:17:21","date_gmt":"2020-05-03T12:17:21","guid":{"rendered":"https:\/\/universanimalier.com\/?post_type=product&#038;p=27877"},"modified":"2021-10-06T07:19:15","modified_gmt":"2021-10-06T05:19:15","slug":"wooflink-t-shirt-turtleneck","status":"publish","type":"product","link":"https:\/\/universanimalier.com\/en\/boutique\/wooflink-t-shirt-turtleneck\/","title":{"rendered":"Wooflink - Turtleneck T-shirt"},"content":{"rendered":"","protected":false},"excerpt":{"rendered":"<p>Nice t-shirt with high neck and small sleeves, with shiny ribbed fabric \u2665 Available in silver and gold.<\/p>\n<p>Sizes:<\/p>\n<ul>\n<li>1 - XS<\/li>\n<li>2 - S<\/li>\n<li>3 - M<\/li>\n<li>4 - L<\/li>\n<\/ul>\n<p><a href=\"https:\/\/universanimalier.com\/wp-content\/uploads\/2019\/10\/Capture-d\u2019\u00e9cran-2019-10-07-\u00e0-22.42.08.png\"><img loading=\"lazy\" decoding=\"async\" class=\"alignnone size-medium wp-image-24205\" src=\"https:\/\/universanimalier.com\/wp-content\/uploads\/2019\/10\/Capture-d\u2019\u00e9cran-2019-10-07-\u00e0-22.42.08-300x248.png\" alt=\"\" width=\"300\" height=\"248\" srcset=\"https:\/\/universanimalier.com\/wp-content\/uploads\/2019\/10\/Capture-d\u2019\u00e9cran-2019-10-07-\u00e0-22.42.08-300x248.png 300w, https:\/\/universanimalier.com\/wp-content\/uploads\/2019\/10\/Capture-d\u2019\u00e9cran-2019-10-07-\u00e0-22.42.08-510x421.png 510w, https:\/\/universanimalier.com\/wp-content\/uploads\/2019\/10\/Capture-d\u2019\u00e9cran-2019-10-07-\u00e0-22.42.08-100x83.png 100w, https:\/\/universanimalier.com\/wp-content\/uploads\/2019\/10\/Capture-d\u2019\u00e9cran-2019-10-07-\u00e0-22.42.08.png 642w\" sizes=\"(max-width: 300px) 100vw, 300px\" \/><\/a><\/p>","protected":false},"featured_media":27886,"template":"","meta":[],"product_brand":[],"product_cat":[1654,15],"product_tag":[3680,3679,3674,1438,503],"class_list":{"0":"post-27877","1":"product","2":"type-product","3":"status-publish","4":"has-post-thumbnail","6":"product_cat-t-shirts","7":"product_cat-dressing","8":"product_tag-blouse-brillante","9":"product_tag-blouse-wooflink","10":"product_tag-t-shirt-wooflink","11":"product_tag-turtleneck","12":"product_tag-wooflink","14":"first","15":"instock","16":"shipping-taxable","17":"purchasable","18":"product-type-variable"},"yoast_head":"<!-- This site is optimized with the Yoast SEO plugin v25.5 - https:\/\/yoast.com\/wordpress\/plugins\/seo\/ -->\n<title>Wooflink - T-shirt Turtleneck - L&#039;univers Animalier<\/title>\n<meta name=\"robots\" content=\"index, follow, max-snippet:-1, max-image-preview:large, max-video-preview:-1\" \/>\n<link rel=\"canonical\" href=\"https:\/\/universanimalier.com\/en\/boutique\/wooflink-t-shirt-turtleneck\/\" \/>\n<meta property=\"og:locale\" content=\"en_US\" \/>\n<meta property=\"og:type\" content=\"article\" \/>\n<meta property=\"og:title\" content=\"Wooflink - T-shirt Turtleneck - L&#039;univers Animalier\" \/>\n<meta property=\"og:description\" content=\"Joli t-shirt \u00e0 col montant et petites manches, avec tissu c\u00f4tel\u00e9 brillant \u2665 Existe en argent\u00e9 et en dor\u00e9.  Tailles:   1 \u2013 XS  2 \u2013 S  3 \u2013 M  4 - L\" \/>\n<meta property=\"og:url\" content=\"https:\/\/universanimalier.com\/en\/boutique\/wooflink-t-shirt-turtleneck\/\" \/>\n<meta property=\"og:site_name\" content=\"L&#039;univers Animalier\" \/>\n<meta property=\"article:publisher\" content=\"https:\/\/www.facebook.com\/lunivers.animalier\" \/>\n<meta property=\"article:modified_time\" content=\"2021-10-06T05:19:15+00:00\" \/>\n<meta property=\"og:image\" content=\"https:\/\/wip.universanimalier.com\/wp-content\/uploads\/2020\/05\/IMG_4591__20276.1587711808.1280.1280.jpg\" \/>\n\t<meta property=\"og:image:width\" content=\"850\" \/>\n\t<meta property=\"og:image:height\" content=\"850\" \/>\n\t<meta property=\"og:image:type\" content=\"image\/jpeg\" \/>\n<meta name=\"twitter:card\" content=\"summary_large_image\" \/>\n<script type=\"application\/ld+json\" class=\"yoast-schema-graph\">{\"@context\":\"https:\/\/schema.org\",\"@graph\":[{\"@type\":\"WebPage\",\"@id\":\"https:\/\/universanimalier.com\/en\/boutique\/wooflink-t-shirt-turtleneck\/\",\"url\":\"https:\/\/universanimalier.com\/en\/boutique\/wooflink-t-shirt-turtleneck\/\",\"name\":\"Wooflink - T-shirt Turtleneck - L&#039;univers Animalier\",\"isPartOf\":{\"@id\":\"https:\/\/wip.universanimalier.com\/#website\"},\"primaryImageOfPage\":{\"@id\":\"https:\/\/universanimalier.com\/en\/boutique\/wooflink-t-shirt-turtleneck\/#primaryimage\"},\"image\":{\"@id\":\"https:\/\/universanimalier.com\/en\/boutique\/wooflink-t-shirt-turtleneck\/#primaryimage\"},\"thumbnailUrl\":\"https:\/\/universanimalier.com\/wp-content\/uploads\/2020\/05\/IMG_4591__20276.1587711808.1280.1280.jpg\",\"datePublished\":\"2020-05-03T12:17:21+00:00\",\"dateModified\":\"2021-10-06T05:19:15+00:00\",\"breadcrumb\":{\"@id\":\"https:\/\/universanimalier.com\/en\/boutique\/wooflink-t-shirt-turtleneck\/#breadcrumb\"},\"inLanguage\":\"en-US\",\"potentialAction\":[{\"@type\":\"ReadAction\",\"target\":[\"https:\/\/universanimalier.com\/en\/boutique\/wooflink-t-shirt-turtleneck\/\"]}]},{\"@type\":\"ImageObject\",\"inLanguage\":\"en-US\",\"@id\":\"https:\/\/universanimalier.com\/en\/boutique\/wooflink-t-shirt-turtleneck\/#primaryimage\",\"url\":\"https:\/\/universanimalier.com\/wp-content\/uploads\/2020\/05\/IMG_4591__20276.1587711808.1280.1280.jpg\",\"contentUrl\":\"https:\/\/universanimalier.com\/wp-content\/uploads\/2020\/05\/IMG_4591__20276.1587711808.1280.1280.jpg\",\"width\":850,\"height\":850},{\"@type\":\"BreadcrumbList\",\"@id\":\"https:\/\/universanimalier.com\/en\/boutique\/wooflink-t-shirt-turtleneck\/#breadcrumb\",\"itemListElement\":[{\"@type\":\"ListItem\",\"position\":1,\"name\":\"Accueil\",\"item\":\"https:\/\/wip.universanimalier.com\/\"},{\"@type\":\"ListItem\",\"position\":2,\"name\":\"Boutique\",\"item\":\"https:\/\/wip.universanimalier.com\/boutique\/\"},{\"@type\":\"ListItem\",\"position\":3,\"name\":\"Wooflink &#8211; T-shirt Turtleneck\"}]},{\"@type\":\"WebSite\",\"@id\":\"https:\/\/wip.universanimalier.com\/#website\",\"url\":\"https:\/\/wip.universanimalier.com\/\",\"name\":\"L'univers Animalier\",\"description\":\"Le paradis des chiens g\u00e2t\u00e9s !\",\"publisher\":{\"@id\":\"https:\/\/wip.universanimalier.com\/#organization\"},\"potentialAction\":[{\"@type\":\"SearchAction\",\"target\":{\"@type\":\"EntryPoint\",\"urlTemplate\":\"https:\/\/wip.universanimalier.com\/?s={search_term_string}\"},\"query-input\":{\"@type\":\"PropertyValueSpecification\",\"valueRequired\":true,\"valueName\":\"search_term_string\"}}],\"inLanguage\":\"en-US\"},{\"@type\":\"Organization\",\"@id\":\"https:\/\/wip.universanimalier.com\/#organization\",\"name\":\"L'univers Animalier\",\"url\":\"https:\/\/wip.universanimalier.com\/\",\"logo\":{\"@type\":\"ImageObject\",\"inLanguage\":\"en-US\",\"@id\":\"https:\/\/wip.universanimalier.com\/#\/schema\/logo\/image\/\",\"url\":\"https:\/\/universanimalier.com\/wp-content\/uploads\/2021\/06\/logo.jpg\",\"contentUrl\":\"https:\/\/universanimalier.com\/wp-content\/uploads\/2021\/06\/logo.jpg\",\"width\":800,\"height\":200,\"caption\":\"L'univers Animalier\"},\"image\":{\"@id\":\"https:\/\/wip.universanimalier.com\/#\/schema\/logo\/image\/\"},\"sameAs\":[\"https:\/\/www.facebook.com\/lunivers.animalier\"]}]}<\/script>\n<!-- \/ Yoast SEO plugin. -->","yoast_head_json":{"title":"Wooflink - T-shirt Turtleneck - L&#039;univers Animalier","robots":{"index":"index","follow":"follow","max-snippet":"max-snippet:-1","max-image-preview":"max-image-preview:large","max-video-preview":"max-video-preview:-1"},"canonical":"https:\/\/universanimalier.com\/en\/boutique\/wooflink-t-shirt-turtleneck\/","og_locale":"en_US","og_type":"article","og_title":"Wooflink - T-shirt Turtleneck - L&#039;univers Animalier","og_description":"Joli t-shirt \u00e0 col montant et petites manches, avec tissu c\u00f4tel\u00e9 brillant \u2665 Existe en argent\u00e9 et en dor\u00e9.  Tailles:   1 \u2013 XS  2 \u2013 S  3 \u2013 M  4 - L","og_url":"https:\/\/universanimalier.com\/en\/boutique\/wooflink-t-shirt-turtleneck\/","og_site_name":"L&#039;univers Animalier","article_publisher":"https:\/\/www.facebook.com\/lunivers.animalier","article_modified_time":"2021-10-06T05:19:15+00:00","og_image":[{"width":850,"height":850,"url":"https:\/\/wip.universanimalier.com\/wp-content\/uploads\/2020\/05\/IMG_4591__20276.1587711808.1280.1280.jpg","type":"image\/jpeg"}],"twitter_card":"summary_large_image","schema":{"@context":"https:\/\/schema.org","@graph":[{"@type":"WebPage","@id":"https:\/\/universanimalier.com\/en\/boutique\/wooflink-t-shirt-turtleneck\/","url":"https:\/\/universanimalier.com\/en\/boutique\/wooflink-t-shirt-turtleneck\/","name":"Wooflink - T-shirt Turtleneck - L&#039;univers Animalier","isPartOf":{"@id":"https:\/\/wip.universanimalier.com\/#website"},"primaryImageOfPage":{"@id":"https:\/\/universanimalier.com\/en\/boutique\/wooflink-t-shirt-turtleneck\/#primaryimage"},"image":{"@id":"https:\/\/universanimalier.com\/en\/boutique\/wooflink-t-shirt-turtleneck\/#primaryimage"},"thumbnailUrl":"https:\/\/universanimalier.com\/wp-content\/uploads\/2020\/05\/IMG_4591__20276.1587711808.1280.1280.jpg","datePublished":"2020-05-03T12:17:21+00:00","dateModified":"2021-10-06T05:19:15+00:00","breadcrumb":{"@id":"https:\/\/universanimalier.com\/en\/boutique\/wooflink-t-shirt-turtleneck\/#breadcrumb"},"inLanguage":"en-US","potentialAction":[{"@type":"ReadAction","target":["https:\/\/universanimalier.com\/en\/boutique\/wooflink-t-shirt-turtleneck\/"]}]},{"@type":"ImageObject","inLanguage":"en-US","@id":"https:\/\/universanimalier.com\/en\/boutique\/wooflink-t-shirt-turtleneck\/#primaryimage","url":"https:\/\/universanimalier.com\/wp-content\/uploads\/2020\/05\/IMG_4591__20276.1587711808.1280.1280.jpg","contentUrl":"https:\/\/universanimalier.com\/wp-content\/uploads\/2020\/05\/IMG_4591__20276.1587711808.1280.1280.jpg","width":850,"height":850},{"@type":"BreadcrumbList","@id":"https:\/\/universanimalier.com\/en\/boutique\/wooflink-t-shirt-turtleneck\/#breadcrumb","itemListElement":[{"@type":"ListItem","position":1,"name":"Accueil","item":"https:\/\/wip.universanimalier.com\/"},{"@type":"ListItem","position":2,"name":"Boutique","item":"https:\/\/wip.universanimalier.com\/boutique\/"},{"@type":"ListItem","position":3,"name":"Wooflink &#8211; T-shirt Turtleneck"}]},{"@type":"WebSite","@id":"https:\/\/wip.universanimalier.com\/#website","url":"https:\/\/wip.universanimalier.com\/","name":"L'univers Animalier","description":"A paradise for spoiled dogs!","publisher":{"@id":"https:\/\/wip.universanimalier.com\/#organization"},"potentialAction":[{"@type":"SearchAction","target":{"@type":"EntryPoint","urlTemplate":"https:\/\/wip.universanimalier.com\/?s={search_term_string}"},"query-input":{"@type":"PropertyValueSpecification","valueRequired":true,"valueName":"search_term_string"}}],"inLanguage":"en-US"},{"@type":"Organization","@id":"https:\/\/wip.universanimalier.com\/#organization","name":"L'univers Animalier","url":"https:\/\/wip.universanimalier.com\/","logo":{"@type":"ImageObject","inLanguage":"en-US","@id":"https:\/\/wip.universanimalier.com\/#\/schema\/logo\/image\/","url":"https:\/\/universanimalier.com\/wp-content\/uploads\/2021\/06\/logo.jpg","contentUrl":"https:\/\/universanimalier.com\/wp-content\/uploads\/2021\/06\/logo.jpg","width":800,"height":200,"caption":"L'univers Animalier"},"image":{"@id":"https:\/\/wip.universanimalier.com\/#\/schema\/logo\/image\/"},"sameAs":["https:\/\/www.facebook.com\/lunivers.animalier"]}]}},"_links":{"self":[{"href":"https:\/\/universanimalier.com\/en\/wp-json\/wp\/v2\/product\/27877"}],"collection":[{"href":"https:\/\/universanimalier.com\/en\/wp-json\/wp\/v2\/product"}],"about":[{"href":"https:\/\/universanimalier.com\/en\/wp-json\/wp\/v2\/types\/product"}],"wp:featuredmedia":[{"embeddable":true,"href":"https:\/\/universanimalier.com\/en\/wp-json\/wp\/v2\/media\/27886"}],"wp:attachment":[{"href":"https:\/\/universanimalier.com\/en\/wp-json\/wp\/v2\/media?parent=27877"}],"wp:term":[{"taxonomy":"product_brand","embeddable":true,"href":"https:\/\/universanimalier.com\/en\/wp-json\/wp\/v2\/product_brand?post=27877"},{"taxonomy":"product_cat","embeddable":true,"href":"https:\/\/universanimalier.com\/en\/wp-json\/wp\/v2\/product_cat?post=27877"},{"taxonomy":"product_tag","embeddable":true,"href":"https:\/\/universanimalier.com\/en\/wp-json\/wp\/v2\/product_tag?post=27877"}],"curies":[{"name":"wp","href":"https:\/\/api.w.org\/{rel}","templated":true}]}}