{"id":29506,"date":"2020-07-25T17:47:41","date_gmt":"2020-07-25T15:47:41","guid":{"rendered":"https:\/\/universanimalier.com\/?post_type=product&#038;p=29506"},"modified":"2024-01-01T22:56:28","modified_gmt":"2024-01-01T21:56:28","slug":"for-pets-only-manteau-raincoat-blush","status":"publish","type":"product","link":"https:\/\/universanimalier.com\/en\/boutique\/for-pets-only-manteau-raincoat-blush\/","title":{"rendered":"For Pets Only - Manteau \/ Raincoat Blush"},"content":{"rendered":"","protected":false},"excerpt":{"rendered":"<p>Warm and comfortable rain jacket, blush pink color.<\/p>\n<ul>\n<li>Avec une capuche amovible d\u00e9cor\u00e9e d&rsquo;un joli noeud<\/li>\n<li>Soft faux fur hood collar<\/li>\n<li>can be worn with or without the hood<\/li>\n<li>Waterproof and warm<\/li>\n<\/ul>","protected":false},"featured_media":30177,"template":"","meta":[],"product_brand":[],"product_cat":[1660,1659,15],"product_tag":[990,4020,12,140,131,308,2851],"class_list":{"0":"post-29506","1":"product","2":"type-product","3":"status-publish","4":"has-post-thumbnail","6":"product_cat-impers","7":"product_cat-manteaux","8":"product_cat-dressing","9":"product_tag-blush","10":"product_tag-blush-raincoat","11":"product_tag-for-pets-only","12":"product_tag-fpo","13":"product_tag-manteau","14":"product_tag-raincoat","15":"product_tag-veste-pour-chien","17":"first","18":"instock","19":"shipping-taxable","20":"purchasable","21":"product-type-variable"},"yoast_head":"<!-- This site is optimized with the Yoast SEO plugin v25.5 - https:\/\/yoast.com\/wordpress\/plugins\/seo\/ -->\n<title>For Pets Only - Manteau\/Raincoat Blush - L&#039;univers Animalier<\/title>\n<meta name=\"robots\" content=\"index, follow, max-snippet:-1, max-image-preview:large, max-video-preview:-1\" \/>\n<link rel=\"canonical\" href=\"https:\/\/wip.universanimalier.com\/boutique\/for-pets-only-manteau-raincoat-blush\/\" \/>\n<meta property=\"og:locale\" content=\"en_US\" \/>\n<meta property=\"og:type\" content=\"article\" \/>\n<meta property=\"og:title\" content=\"For Pets Only - Manteau\/Raincoat Blush - L&#039;univers Animalier\" \/>\n<meta property=\"og:description\" content=\"Doudoune de pluie chaude et confortable, couleur rose blush.   Avec une capuche amovible d\u00e9cor\u00e9e d&#039;un joli noeud  Col de la capuche en fausse fourrure douce  se porte avec ou sans la capuche  Imperm\u00e9able et chaud\" \/>\n<meta property=\"og:url\" content=\"https:\/\/wip.universanimalier.com\/boutique\/for-pets-only-manteau-raincoat-blush\/\" \/>\n<meta property=\"og:site_name\" content=\"L&#039;univers Animalier\" \/>\n<meta property=\"article:publisher\" content=\"https:\/\/www.facebook.com\/lunivers.animalier\" \/>\n<meta property=\"article:modified_time\" content=\"2024-01-01T21:56:28+00:00\" \/>\n<meta property=\"og:image\" content=\"https:\/\/wip.universanimalier.com\/wp-content\/uploads\/2020\/07\/AI2020-P8-.jpg\" \/>\n\t<meta property=\"og:image:width\" content=\"633\" \/>\n\t<meta property=\"og:image:height\" content=\"950\" \/>\n\t<meta property=\"og:image:type\" content=\"image\/jpeg\" \/>\n<meta name=\"twitter:card\" content=\"summary_large_image\" \/>\n<script type=\"application\/ld+json\" class=\"yoast-schema-graph\">{\"@context\":\"https:\/\/schema.org\",\"@graph\":[{\"@type\":\"WebPage\",\"@id\":\"https:\/\/wip.universanimalier.com\/boutique\/for-pets-only-manteau-raincoat-blush\/\",\"url\":\"https:\/\/wip.universanimalier.com\/boutique\/for-pets-only-manteau-raincoat-blush\/\",\"name\":\"For Pets Only - Manteau\/Raincoat Blush - L&#039;univers Animalier\",\"isPartOf\":{\"@id\":\"https:\/\/wip.universanimalier.com\/#website\"},\"primaryImageOfPage\":{\"@id\":\"https:\/\/wip.universanimalier.com\/boutique\/for-pets-only-manteau-raincoat-blush\/#primaryimage\"},\"image\":{\"@id\":\"https:\/\/wip.universanimalier.com\/boutique\/for-pets-only-manteau-raincoat-blush\/#primaryimage\"},\"thumbnailUrl\":\"https:\/\/universanimalier.com\/wp-content\/uploads\/2020\/07\/AI2020-P8-.jpg\",\"datePublished\":\"2020-07-25T15:47:41+00:00\",\"dateModified\":\"2024-01-01T21:56:28+00:00\",\"breadcrumb\":{\"@id\":\"https:\/\/wip.universanimalier.com\/boutique\/for-pets-only-manteau-raincoat-blush\/#breadcrumb\"},\"inLanguage\":\"en-US\",\"potentialAction\":[{\"@type\":\"ReadAction\",\"target\":[\"https:\/\/wip.universanimalier.com\/boutique\/for-pets-only-manteau-raincoat-blush\/\"]}]},{\"@type\":\"ImageObject\",\"inLanguage\":\"en-US\",\"@id\":\"https:\/\/wip.universanimalier.com\/boutique\/for-pets-only-manteau-raincoat-blush\/#primaryimage\",\"url\":\"https:\/\/universanimalier.com\/wp-content\/uploads\/2020\/07\/AI2020-P8-.jpg\",\"contentUrl\":\"https:\/\/universanimalier.com\/wp-content\/uploads\/2020\/07\/AI2020-P8-.jpg\",\"width\":633,\"height\":950},{\"@type\":\"BreadcrumbList\",\"@id\":\"https:\/\/wip.universanimalier.com\/boutique\/for-pets-only-manteau-raincoat-blush\/#breadcrumb\",\"itemListElement\":[{\"@type\":\"ListItem\",\"position\":1,\"name\":\"Accueil\",\"item\":\"https:\/\/wip.universanimalier.com\/\"},{\"@type\":\"ListItem\",\"position\":2,\"name\":\"Boutique\",\"item\":\"https:\/\/wip.universanimalier.com\/boutique\/\"},{\"@type\":\"ListItem\",\"position\":3,\"name\":\"For Pets Only &#8211; Manteau\/Raincoat Blush\"}]},{\"@type\":\"WebSite\",\"@id\":\"https:\/\/wip.universanimalier.com\/#website\",\"url\":\"https:\/\/wip.universanimalier.com\/\",\"name\":\"L'univers Animalier\",\"description\":\"Le paradis des chiens g\u00e2t\u00e9s !\",\"publisher\":{\"@id\":\"https:\/\/wip.universanimalier.com\/#organization\"},\"potentialAction\":[{\"@type\":\"SearchAction\",\"target\":{\"@type\":\"EntryPoint\",\"urlTemplate\":\"https:\/\/wip.universanimalier.com\/?s={search_term_string}\"},\"query-input\":{\"@type\":\"PropertyValueSpecification\",\"valueRequired\":true,\"valueName\":\"search_term_string\"}}],\"inLanguage\":\"en-US\"},{\"@type\":\"Organization\",\"@id\":\"https:\/\/wip.universanimalier.com\/#organization\",\"name\":\"L'univers Animalier\",\"url\":\"https:\/\/wip.universanimalier.com\/\",\"logo\":{\"@type\":\"ImageObject\",\"inLanguage\":\"en-US\",\"@id\":\"https:\/\/wip.universanimalier.com\/#\/schema\/logo\/image\/\",\"url\":\"https:\/\/universanimalier.com\/wp-content\/uploads\/2021\/06\/logo.jpg\",\"contentUrl\":\"https:\/\/universanimalier.com\/wp-content\/uploads\/2021\/06\/logo.jpg\",\"width\":800,\"height\":200,\"caption\":\"L'univers Animalier\"},\"image\":{\"@id\":\"https:\/\/wip.universanimalier.com\/#\/schema\/logo\/image\/\"},\"sameAs\":[\"https:\/\/www.facebook.com\/lunivers.animalier\"]}]}<\/script>\n<!-- \/ Yoast SEO plugin. -->","yoast_head_json":{"title":"For Pets Only - Manteau\/Raincoat Blush - L&#039;univers Animalier","robots":{"index":"index","follow":"follow","max-snippet":"max-snippet:-1","max-image-preview":"max-image-preview:large","max-video-preview":"max-video-preview:-1"},"canonical":"https:\/\/wip.universanimalier.com\/boutique\/for-pets-only-manteau-raincoat-blush\/","og_locale":"en_US","og_type":"article","og_title":"For Pets Only - Manteau\/Raincoat Blush - L&#039;univers Animalier","og_description":"Doudoune de pluie chaude et confortable, couleur rose blush.   Avec une capuche amovible d\u00e9cor\u00e9e d'un joli noeud  Col de la capuche en fausse fourrure douce  se porte avec ou sans la capuche  Imperm\u00e9able et chaud","og_url":"https:\/\/wip.universanimalier.com\/boutique\/for-pets-only-manteau-raincoat-blush\/","og_site_name":"L&#039;univers Animalier","article_publisher":"https:\/\/www.facebook.com\/lunivers.animalier","article_modified_time":"2024-01-01T21:56:28+00:00","og_image":[{"width":633,"height":950,"url":"https:\/\/wip.universanimalier.com\/wp-content\/uploads\/2020\/07\/AI2020-P8-.jpg","type":"image\/jpeg"}],"twitter_card":"summary_large_image","schema":{"@context":"https:\/\/schema.org","@graph":[{"@type":"WebPage","@id":"https:\/\/wip.universanimalier.com\/boutique\/for-pets-only-manteau-raincoat-blush\/","url":"https:\/\/wip.universanimalier.com\/boutique\/for-pets-only-manteau-raincoat-blush\/","name":"For Pets Only - Manteau\/Raincoat Blush - L&#039;univers Animalier","isPartOf":{"@id":"https:\/\/wip.universanimalier.com\/#website"},"primaryImageOfPage":{"@id":"https:\/\/wip.universanimalier.com\/boutique\/for-pets-only-manteau-raincoat-blush\/#primaryimage"},"image":{"@id":"https:\/\/wip.universanimalier.com\/boutique\/for-pets-only-manteau-raincoat-blush\/#primaryimage"},"thumbnailUrl":"https:\/\/universanimalier.com\/wp-content\/uploads\/2020\/07\/AI2020-P8-.jpg","datePublished":"2020-07-25T15:47:41+00:00","dateModified":"2024-01-01T21:56:28+00:00","breadcrumb":{"@id":"https:\/\/wip.universanimalier.com\/boutique\/for-pets-only-manteau-raincoat-blush\/#breadcrumb"},"inLanguage":"en-US","potentialAction":[{"@type":"ReadAction","target":["https:\/\/wip.universanimalier.com\/boutique\/for-pets-only-manteau-raincoat-blush\/"]}]},{"@type":"ImageObject","inLanguage":"en-US","@id":"https:\/\/wip.universanimalier.com\/boutique\/for-pets-only-manteau-raincoat-blush\/#primaryimage","url":"https:\/\/universanimalier.com\/wp-content\/uploads\/2020\/07\/AI2020-P8-.jpg","contentUrl":"https:\/\/universanimalier.com\/wp-content\/uploads\/2020\/07\/AI2020-P8-.jpg","width":633,"height":950},{"@type":"BreadcrumbList","@id":"https:\/\/wip.universanimalier.com\/boutique\/for-pets-only-manteau-raincoat-blush\/#breadcrumb","itemListElement":[{"@type":"ListItem","position":1,"name":"Accueil","item":"https:\/\/wip.universanimalier.com\/"},{"@type":"ListItem","position":2,"name":"Boutique","item":"https:\/\/wip.universanimalier.com\/boutique\/"},{"@type":"ListItem","position":3,"name":"For Pets Only &#8211; Manteau\/Raincoat Blush"}]},{"@type":"WebSite","@id":"https:\/\/wip.universanimalier.com\/#website","url":"https:\/\/wip.universanimalier.com\/","name":"L'univers Animalier","description":"A paradise for spoiled dogs!","publisher":{"@id":"https:\/\/wip.universanimalier.com\/#organization"},"potentialAction":[{"@type":"SearchAction","target":{"@type":"EntryPoint","urlTemplate":"https:\/\/wip.universanimalier.com\/?s={search_term_string}"},"query-input":{"@type":"PropertyValueSpecification","valueRequired":true,"valueName":"search_term_string"}}],"inLanguage":"en-US"},{"@type":"Organization","@id":"https:\/\/wip.universanimalier.com\/#organization","name":"L'univers Animalier","url":"https:\/\/wip.universanimalier.com\/","logo":{"@type":"ImageObject","inLanguage":"en-US","@id":"https:\/\/wip.universanimalier.com\/#\/schema\/logo\/image\/","url":"https:\/\/universanimalier.com\/wp-content\/uploads\/2021\/06\/logo.jpg","contentUrl":"https:\/\/universanimalier.com\/wp-content\/uploads\/2021\/06\/logo.jpg","width":800,"height":200,"caption":"L'univers Animalier"},"image":{"@id":"https:\/\/wip.universanimalier.com\/#\/schema\/logo\/image\/"},"sameAs":["https:\/\/www.facebook.com\/lunivers.animalier"]}]}},"_links":{"self":[{"href":"https:\/\/universanimalier.com\/en\/wp-json\/wp\/v2\/product\/29506"}],"collection":[{"href":"https:\/\/universanimalier.com\/en\/wp-json\/wp\/v2\/product"}],"about":[{"href":"https:\/\/universanimalier.com\/en\/wp-json\/wp\/v2\/types\/product"}],"wp:featuredmedia":[{"embeddable":true,"href":"https:\/\/universanimalier.com\/en\/wp-json\/wp\/v2\/media\/30177"}],"wp:attachment":[{"href":"https:\/\/universanimalier.com\/en\/wp-json\/wp\/v2\/media?parent=29506"}],"wp:term":[{"taxonomy":"product_brand","embeddable":true,"href":"https:\/\/universanimalier.com\/en\/wp-json\/wp\/v2\/product_brand?post=29506"},{"taxonomy":"product_cat","embeddable":true,"href":"https:\/\/universanimalier.com\/en\/wp-json\/wp\/v2\/product_cat?post=29506"},{"taxonomy":"product_tag","embeddable":true,"href":"https:\/\/universanimalier.com\/en\/wp-json\/wp\/v2\/product_tag?post=29506"}],"curies":[{"name":"wp","href":"https:\/\/api.w.org\/{rel}","templated":true}]}}