{"id":29539,"date":"2020-07-25T18:49:39","date_gmt":"2020-07-25T16:49:39","guid":{"rendered":"https:\/\/universanimalier.com\/?post_type=product&#038;p=29539"},"modified":"2025-07-05T13:59:15","modified_gmt":"2025-07-05T11:59:15","slug":"for-pets-only-collier-collar-charm-topomio-camel","status":"publish","type":"product","link":"https:\/\/universanimalier.com\/en\/boutique\/for-pets-only-collier-collar-charm-topomio-camel\/","title":{"rendered":"For Pets Only - Necklace \/ Collar Topomio Charm Camel"},"content":{"rendered":"","protected":false},"excerpt":{"rendered":"<pre>\r\nPretty camel necklace, golden details and very beautiful medal with very cute Topomio pattern.<\/pre>\n<ul>\n<li>Usual sizes 25, 30, 35 and also <strong>40 and 45 cm<\/strong>.<\/li>\n<\/ul>\n<p><span style=\"color: #ff0000;\">Cet article n&rsquo;est plus de stock? Une taille manque? N&rsquo;h\u00e9sitez pas \u00e0 <\/span><a href=\"https:\/\/universanimalier.com\/en\/contact\/\">Contact us<\/a><span style=\"color: #ff0000;\"> to order.<\/span><\/p>","protected":false},"featured_media":29797,"template":"","meta":[],"product_brand":[],"product_cat":[23],"product_tag":[4028,2045,3308,4025,12,140],"class_list":{"0":"post-29539","1":"product","2":"type-product","3":"status-publish","4":"has-post-thumbnail","6":"product_cat-colliers","7":"product_tag-camel-collar","8":"product_tag-collier-camel","9":"product_tag-collier-for-pets-only","10":"product_tag-collier-topomio","11":"product_tag-for-pets-only","12":"product_tag-fpo","14":"first","15":"instock","16":"shipping-taxable","17":"purchasable","18":"product-type-variable"},"yoast_head":"<!-- This site is optimized with the Yoast SEO plugin v25.5 - https:\/\/yoast.com\/wordpress\/plugins\/seo\/ -->\n<title>For Pets Only - Collier\/Collar Topomio Charm Camel - L&#039;univers Animalier<\/title>\n<meta name=\"robots\" content=\"index, follow, max-snippet:-1, max-image-preview:large, max-video-preview:-1\" \/>\n<link rel=\"canonical\" href=\"https:\/\/universanimalier.com\/en\/boutique\/for-pets-only-collier-collar-charm-topomio-camel\/\" \/>\n<meta property=\"og:locale\" content=\"en_US\" \/>\n<meta property=\"og:type\" content=\"article\" \/>\n<meta property=\"og:title\" content=\"For Pets Only - Collier\/Collar Topomio Charm Camel - L&#039;univers Animalier\" \/>\n<meta property=\"og:description\" content=\"Joli collier camel, d\u00e9tails dor\u00e9s et tr\u00e8s belle m\u00e9daille avec motif Topomio tr\u00e8s mignon.   Tailles habituelles 25, 30, 35 et \u00e9galement 40 et 45 cm.  Cet article n&#039;est plus de stock? Une taille manque? N&#039;h\u00e9sitez pas \u00e0 nous contacter pour passer commande.\" \/>\n<meta property=\"og:url\" content=\"https:\/\/universanimalier.com\/en\/boutique\/for-pets-only-collier-collar-charm-topomio-camel\/\" \/>\n<meta property=\"og:site_name\" content=\"L&#039;univers Animalier\" \/>\n<meta property=\"article:publisher\" content=\"https:\/\/www.facebook.com\/lunivers.animalier\" \/>\n<meta property=\"article:modified_time\" content=\"2025-07-05T11:59:15+00:00\" \/>\n<meta property=\"og:image\" content=\"https:\/\/universanimalier.com\/wp-content\/uploads\/2020\/07\/AI2020-CO16-.jpg\" \/>\n\t<meta property=\"og:image:width\" content=\"950\" \/>\n\t<meta property=\"og:image:height\" content=\"651\" \/>\n\t<meta property=\"og:image:type\" content=\"image\/jpeg\" \/>\n<meta name=\"twitter:card\" content=\"summary_large_image\" \/>\n<meta name=\"twitter:label1\" content=\"Est. reading time\" \/>\n\t<meta name=\"twitter:data1\" content=\"1 minute\" \/>\n<script type=\"application\/ld+json\" class=\"yoast-schema-graph\">{\"@context\":\"https:\/\/schema.org\",\"@graph\":[{\"@type\":\"WebPage\",\"@id\":\"https:\/\/universanimalier.com\/boutique\/for-pets-only-collier-collar-charm-topomio-camel\/\",\"url\":\"https:\/\/universanimalier.com\/boutique\/for-pets-only-collier-collar-charm-topomio-camel\/\",\"name\":\"For Pets Only - Collier\/Collar Topomio Charm Camel - L&#039;univers Animalier\",\"isPartOf\":{\"@id\":\"https:\/\/wip.universanimalier.com\/#website\"},\"primaryImageOfPage\":{\"@id\":\"https:\/\/universanimalier.com\/boutique\/for-pets-only-collier-collar-charm-topomio-camel\/#primaryimage\"},\"image\":{\"@id\":\"https:\/\/universanimalier.com\/boutique\/for-pets-only-collier-collar-charm-topomio-camel\/#primaryimage\"},\"thumbnailUrl\":\"https:\/\/universanimalier.com\/wp-content\/uploads\/2020\/07\/AI2020-CO16-.jpg\",\"datePublished\":\"2020-07-25T16:49:39+00:00\",\"dateModified\":\"2025-07-05T11:59:15+00:00\",\"breadcrumb\":{\"@id\":\"https:\/\/universanimalier.com\/boutique\/for-pets-only-collier-collar-charm-topomio-camel\/#breadcrumb\"},\"inLanguage\":\"en-US\",\"potentialAction\":[{\"@type\":\"ReadAction\",\"target\":[\"https:\/\/universanimalier.com\/boutique\/for-pets-only-collier-collar-charm-topomio-camel\/\"]}]},{\"@type\":\"ImageObject\",\"inLanguage\":\"en-US\",\"@id\":\"https:\/\/universanimalier.com\/boutique\/for-pets-only-collier-collar-charm-topomio-camel\/#primaryimage\",\"url\":\"https:\/\/universanimalier.com\/wp-content\/uploads\/2020\/07\/AI2020-CO16-.jpg\",\"contentUrl\":\"https:\/\/universanimalier.com\/wp-content\/uploads\/2020\/07\/AI2020-CO16-.jpg\",\"width\":950,\"height\":651},{\"@type\":\"BreadcrumbList\",\"@id\":\"https:\/\/universanimalier.com\/boutique\/for-pets-only-collier-collar-charm-topomio-camel\/#breadcrumb\",\"itemListElement\":[{\"@type\":\"ListItem\",\"position\":1,\"name\":\"Accueil\",\"item\":\"https:\/\/wip.universanimalier.com\/\"},{\"@type\":\"ListItem\",\"position\":2,\"name\":\"Boutique\",\"item\":\"https:\/\/wip.universanimalier.com\/boutique\/\"},{\"@type\":\"ListItem\",\"position\":3,\"name\":\"For Pets Only &#8211; Collier\/Collar Topomio Charm Camel\"}]},{\"@type\":\"WebSite\",\"@id\":\"https:\/\/wip.universanimalier.com\/#website\",\"url\":\"https:\/\/wip.universanimalier.com\/\",\"name\":\"L'univers Animalier\",\"description\":\"Le paradis des chiens g\u00e2t\u00e9s !\",\"publisher\":{\"@id\":\"https:\/\/wip.universanimalier.com\/#organization\"},\"potentialAction\":[{\"@type\":\"SearchAction\",\"target\":{\"@type\":\"EntryPoint\",\"urlTemplate\":\"https:\/\/wip.universanimalier.com\/?s={search_term_string}\"},\"query-input\":{\"@type\":\"PropertyValueSpecification\",\"valueRequired\":true,\"valueName\":\"search_term_string\"}}],\"inLanguage\":\"en-US\"},{\"@type\":\"Organization\",\"@id\":\"https:\/\/wip.universanimalier.com\/#organization\",\"name\":\"L'univers Animalier\",\"url\":\"https:\/\/wip.universanimalier.com\/\",\"logo\":{\"@type\":\"ImageObject\",\"inLanguage\":\"en-US\",\"@id\":\"https:\/\/wip.universanimalier.com\/#\/schema\/logo\/image\/\",\"url\":\"https:\/\/universanimalier.com\/wp-content\/uploads\/2021\/06\/logo.jpg\",\"contentUrl\":\"https:\/\/universanimalier.com\/wp-content\/uploads\/2021\/06\/logo.jpg\",\"width\":800,\"height\":200,\"caption\":\"L'univers Animalier\"},\"image\":{\"@id\":\"https:\/\/wip.universanimalier.com\/#\/schema\/logo\/image\/\"},\"sameAs\":[\"https:\/\/www.facebook.com\/lunivers.animalier\"]}]}<\/script>\n<!-- \/ Yoast SEO plugin. -->","yoast_head_json":{"title":"For Pets Only - Collier\/Collar Topomio Charm Camel - L&#039;univers Animalier","robots":{"index":"index","follow":"follow","max-snippet":"max-snippet:-1","max-image-preview":"max-image-preview:large","max-video-preview":"max-video-preview:-1"},"canonical":"https:\/\/universanimalier.com\/en\/boutique\/for-pets-only-collier-collar-charm-topomio-camel\/","og_locale":"en_US","og_type":"article","og_title":"For Pets Only - Collier\/Collar Topomio Charm Camel - L&#039;univers Animalier","og_description":"Joli collier camel, d\u00e9tails dor\u00e9s et tr\u00e8s belle m\u00e9daille avec motif Topomio tr\u00e8s mignon.   Tailles habituelles 25, 30, 35 et \u00e9galement 40 et 45 cm.  Cet article n'est plus de stock? Une taille manque? N'h\u00e9sitez pas \u00e0 nous contacter pour passer commande.","og_url":"https:\/\/universanimalier.com\/en\/boutique\/for-pets-only-collier-collar-charm-topomio-camel\/","og_site_name":"L&#039;univers Animalier","article_publisher":"https:\/\/www.facebook.com\/lunivers.animalier","article_modified_time":"2025-07-05T11:59:15+00:00","og_image":[{"width":950,"height":651,"url":"https:\/\/universanimalier.com\/wp-content\/uploads\/2020\/07\/AI2020-CO16-.jpg","type":"image\/jpeg"}],"twitter_card":"summary_large_image","twitter_misc":{"Est. reading time":"1 minute"},"schema":{"@context":"https:\/\/schema.org","@graph":[{"@type":"WebPage","@id":"https:\/\/universanimalier.com\/boutique\/for-pets-only-collier-collar-charm-topomio-camel\/","url":"https:\/\/universanimalier.com\/boutique\/for-pets-only-collier-collar-charm-topomio-camel\/","name":"For Pets Only - Collier\/Collar Topomio Charm Camel - L&#039;univers Animalier","isPartOf":{"@id":"https:\/\/wip.universanimalier.com\/#website"},"primaryImageOfPage":{"@id":"https:\/\/universanimalier.com\/boutique\/for-pets-only-collier-collar-charm-topomio-camel\/#primaryimage"},"image":{"@id":"https:\/\/universanimalier.com\/boutique\/for-pets-only-collier-collar-charm-topomio-camel\/#primaryimage"},"thumbnailUrl":"https:\/\/universanimalier.com\/wp-content\/uploads\/2020\/07\/AI2020-CO16-.jpg","datePublished":"2020-07-25T16:49:39+00:00","dateModified":"2025-07-05T11:59:15+00:00","breadcrumb":{"@id":"https:\/\/universanimalier.com\/boutique\/for-pets-only-collier-collar-charm-topomio-camel\/#breadcrumb"},"inLanguage":"en-US","potentialAction":[{"@type":"ReadAction","target":["https:\/\/universanimalier.com\/boutique\/for-pets-only-collier-collar-charm-topomio-camel\/"]}]},{"@type":"ImageObject","inLanguage":"en-US","@id":"https:\/\/universanimalier.com\/boutique\/for-pets-only-collier-collar-charm-topomio-camel\/#primaryimage","url":"https:\/\/universanimalier.com\/wp-content\/uploads\/2020\/07\/AI2020-CO16-.jpg","contentUrl":"https:\/\/universanimalier.com\/wp-content\/uploads\/2020\/07\/AI2020-CO16-.jpg","width":950,"height":651},{"@type":"BreadcrumbList","@id":"https:\/\/universanimalier.com\/boutique\/for-pets-only-collier-collar-charm-topomio-camel\/#breadcrumb","itemListElement":[{"@type":"ListItem","position":1,"name":"Accueil","item":"https:\/\/wip.universanimalier.com\/"},{"@type":"ListItem","position":2,"name":"Boutique","item":"https:\/\/wip.universanimalier.com\/boutique\/"},{"@type":"ListItem","position":3,"name":"For Pets Only &#8211; Collier\/Collar Topomio Charm Camel"}]},{"@type":"WebSite","@id":"https:\/\/wip.universanimalier.com\/#website","url":"https:\/\/wip.universanimalier.com\/","name":"L'univers Animalier","description":"A paradise for spoiled dogs!","publisher":{"@id":"https:\/\/wip.universanimalier.com\/#organization"},"potentialAction":[{"@type":"SearchAction","target":{"@type":"EntryPoint","urlTemplate":"https:\/\/wip.universanimalier.com\/?s={search_term_string}"},"query-input":{"@type":"PropertyValueSpecification","valueRequired":true,"valueName":"search_term_string"}}],"inLanguage":"en-US"},{"@type":"Organization","@id":"https:\/\/wip.universanimalier.com\/#organization","name":"L'univers Animalier","url":"https:\/\/wip.universanimalier.com\/","logo":{"@type":"ImageObject","inLanguage":"en-US","@id":"https:\/\/wip.universanimalier.com\/#\/schema\/logo\/image\/","url":"https:\/\/universanimalier.com\/wp-content\/uploads\/2021\/06\/logo.jpg","contentUrl":"https:\/\/universanimalier.com\/wp-content\/uploads\/2021\/06\/logo.jpg","width":800,"height":200,"caption":"L'univers Animalier"},"image":{"@id":"https:\/\/wip.universanimalier.com\/#\/schema\/logo\/image\/"},"sameAs":["https:\/\/www.facebook.com\/lunivers.animalier"]}]}},"_links":{"self":[{"href":"https:\/\/universanimalier.com\/en\/wp-json\/wp\/v2\/product\/29539"}],"collection":[{"href":"https:\/\/universanimalier.com\/en\/wp-json\/wp\/v2\/product"}],"about":[{"href":"https:\/\/universanimalier.com\/en\/wp-json\/wp\/v2\/types\/product"}],"wp:featuredmedia":[{"embeddable":true,"href":"https:\/\/universanimalier.com\/en\/wp-json\/wp\/v2\/media\/29797"}],"wp:attachment":[{"href":"https:\/\/universanimalier.com\/en\/wp-json\/wp\/v2\/media?parent=29539"}],"wp:term":[{"taxonomy":"product_brand","embeddable":true,"href":"https:\/\/universanimalier.com\/en\/wp-json\/wp\/v2\/product_brand?post=29539"},{"taxonomy":"product_cat","embeddable":true,"href":"https:\/\/universanimalier.com\/en\/wp-json\/wp\/v2\/product_cat?post=29539"},{"taxonomy":"product_tag","embeddable":true,"href":"https:\/\/universanimalier.com\/en\/wp-json\/wp\/v2\/product_tag?post=29539"}],"curies":[{"name":"wp","href":"https:\/\/api.w.org\/{rel}","templated":true}]}}