{"id":29812,"date":"2020-08-03T22:12:10","date_gmt":"2020-08-03T20:12:10","guid":{"rendered":"https:\/\/universanimalier.com\/?post_type=product&#038;p=29812"},"modified":"2020-09-04T23:32:56","modified_gmt":"2020-09-04T21:32:56","slug":"for-pets-only-collier-collar-get-the-vibe-camel","status":"publish","type":"product","link":"https:\/\/universanimalier.com\/en\/boutique\/for-pets-only-collier-collar-get-the-vibe-camel\/","title":{"rendered":"For Pets Only - Collier \/ Collar Get The Vibe Camel"},"content":{"rendered":"","protected":false},"excerpt":{"rendered":"<pre>Available direct.<\/pre>\n<p><span style=\"color: #bf842c;\"><strong><em>For Pets Only 2020\/2021 - Camel Capsule\u00a0<\/em><\/strong><\/span><\/p>\n<ul>\n<li>Pretty camel necklace, adorned with multicolored Swarovski crystals.<\/li>\n<\/ul>\n<p><span style=\"color: #ff0000;\">Cet article n&rsquo;est plus de stock? Une taille manque? N&rsquo;h\u00e9sitez pas \u00e0 <\/span><a href=\"https:\/\/universanimalier.com\/en\/contact\/\">Contact us<\/a><span style=\"color: #ff0000;\"> to order.<\/span><\/p>","protected":false},"featured_media":29806,"template":"","meta":[],"product_brand":[],"product_cat":[23],"product_tag":[4028,2045,3308,12,140,4089],"class_list":{"0":"post-29812","1":"product","2":"type-product","3":"status-publish","4":"has-post-thumbnail","6":"product_cat-colliers","7":"product_tag-camel-collar","8":"product_tag-collier-camel","9":"product_tag-collier-for-pets-only","10":"product_tag-for-pets-only","11":"product_tag-fpo","12":"product_tag-green-forest","14":"first","15":"instock","16":"shipping-taxable","17":"purchasable","18":"product-type-variable"},"yoast_head":"<!-- This site is optimized with the Yoast SEO plugin v25.5 - https:\/\/yoast.com\/wordpress\/plugins\/seo\/ -->\n<title>For Pets Only - Collier\/Collar Get The Vibe Camel - L&#039;univers Animalier<\/title>\n<meta name=\"robots\" content=\"index, follow, max-snippet:-1, max-image-preview:large, max-video-preview:-1\" \/>\n<link rel=\"canonical\" href=\"https:\/\/universanimalier.com\/en\/boutique\/for-pets-only-collier-collar-get-the-vibe-camel\/\" \/>\n<meta property=\"og:locale\" content=\"en_US\" \/>\n<meta property=\"og:type\" content=\"article\" \/>\n<meta property=\"og:title\" content=\"For Pets Only - Collier\/Collar Get The Vibe Camel - L&#039;univers Animalier\" \/>\n<meta property=\"og:description\" content=\"Disponible directement. For Pets Only 2020\/2021 - Camel Capsule\u00a0   Joli collier camel, orn\u00e9 de cristaux Swarovski multicolores.  Cet article n&#039;est plus de stock? Une taille manque? N&#039;h\u00e9sitez pas \u00e0 nous contacter pour passer commande.\" \/>\n<meta property=\"og:url\" content=\"https:\/\/universanimalier.com\/en\/boutique\/for-pets-only-collier-collar-get-the-vibe-camel\/\" \/>\n<meta property=\"og:site_name\" content=\"L&#039;univers Animalier\" \/>\n<meta property=\"article:publisher\" content=\"https:\/\/www.facebook.com\/lunivers.animalier\" \/>\n<meta property=\"article:modified_time\" content=\"2020-09-04T21:32:56+00:00\" \/>\n<meta property=\"og:image\" content=\"https:\/\/wip.universanimalier.com\/wp-content\/uploads\/2020\/08\/AI2020-CO19-.jpg\" \/>\n\t<meta property=\"og:image:width\" content=\"950\" \/>\n\t<meta property=\"og:image:height\" content=\"651\" \/>\n\t<meta property=\"og:image:type\" content=\"image\/jpeg\" \/>\n<meta name=\"twitter:card\" content=\"summary_large_image\" \/>\n<script type=\"application\/ld+json\" class=\"yoast-schema-graph\">{\"@context\":\"https:\/\/schema.org\",\"@graph\":[{\"@type\":\"WebPage\",\"@id\":\"https:\/\/universanimalier.com\/en\/boutique\/for-pets-only-collier-collar-get-the-vibe-camel\/\",\"url\":\"https:\/\/universanimalier.com\/en\/boutique\/for-pets-only-collier-collar-get-the-vibe-camel\/\",\"name\":\"For Pets Only - Collier\/Collar Get The Vibe Camel - L&#039;univers Animalier\",\"isPartOf\":{\"@id\":\"https:\/\/wip.universanimalier.com\/#website\"},\"primaryImageOfPage\":{\"@id\":\"https:\/\/universanimalier.com\/en\/boutique\/for-pets-only-collier-collar-get-the-vibe-camel\/#primaryimage\"},\"image\":{\"@id\":\"https:\/\/universanimalier.com\/en\/boutique\/for-pets-only-collier-collar-get-the-vibe-camel\/#primaryimage\"},\"thumbnailUrl\":\"https:\/\/universanimalier.com\/wp-content\/uploads\/2020\/08\/AI2020-CO19-.jpg\",\"datePublished\":\"2020-08-03T20:12:10+00:00\",\"dateModified\":\"2020-09-04T21:32:56+00:00\",\"breadcrumb\":{\"@id\":\"https:\/\/universanimalier.com\/en\/boutique\/for-pets-only-collier-collar-get-the-vibe-camel\/#breadcrumb\"},\"inLanguage\":\"en-US\",\"potentialAction\":[{\"@type\":\"ReadAction\",\"target\":[\"https:\/\/universanimalier.com\/en\/boutique\/for-pets-only-collier-collar-get-the-vibe-camel\/\"]}]},{\"@type\":\"ImageObject\",\"inLanguage\":\"en-US\",\"@id\":\"https:\/\/universanimalier.com\/en\/boutique\/for-pets-only-collier-collar-get-the-vibe-camel\/#primaryimage\",\"url\":\"https:\/\/universanimalier.com\/wp-content\/uploads\/2020\/08\/AI2020-CO19-.jpg\",\"contentUrl\":\"https:\/\/universanimalier.com\/wp-content\/uploads\/2020\/08\/AI2020-CO19-.jpg\",\"width\":950,\"height\":651},{\"@type\":\"BreadcrumbList\",\"@id\":\"https:\/\/universanimalier.com\/en\/boutique\/for-pets-only-collier-collar-get-the-vibe-camel\/#breadcrumb\",\"itemListElement\":[{\"@type\":\"ListItem\",\"position\":1,\"name\":\"Accueil\",\"item\":\"https:\/\/wip.universanimalier.com\/\"},{\"@type\":\"ListItem\",\"position\":2,\"name\":\"Boutique\",\"item\":\"https:\/\/wip.universanimalier.com\/boutique\/\"},{\"@type\":\"ListItem\",\"position\":3,\"name\":\"For Pets Only &#8211; Collier\/Collar Get The Vibe Camel\"}]},{\"@type\":\"WebSite\",\"@id\":\"https:\/\/wip.universanimalier.com\/#website\",\"url\":\"https:\/\/wip.universanimalier.com\/\",\"name\":\"L'univers Animalier\",\"description\":\"Le paradis des chiens g\u00e2t\u00e9s !\",\"publisher\":{\"@id\":\"https:\/\/wip.universanimalier.com\/#organization\"},\"potentialAction\":[{\"@type\":\"SearchAction\",\"target\":{\"@type\":\"EntryPoint\",\"urlTemplate\":\"https:\/\/wip.universanimalier.com\/?s={search_term_string}\"},\"query-input\":{\"@type\":\"PropertyValueSpecification\",\"valueRequired\":true,\"valueName\":\"search_term_string\"}}],\"inLanguage\":\"en-US\"},{\"@type\":\"Organization\",\"@id\":\"https:\/\/wip.universanimalier.com\/#organization\",\"name\":\"L'univers Animalier\",\"url\":\"https:\/\/wip.universanimalier.com\/\",\"logo\":{\"@type\":\"ImageObject\",\"inLanguage\":\"en-US\",\"@id\":\"https:\/\/wip.universanimalier.com\/#\/schema\/logo\/image\/\",\"url\":\"https:\/\/universanimalier.com\/wp-content\/uploads\/2021\/06\/logo.jpg\",\"contentUrl\":\"https:\/\/universanimalier.com\/wp-content\/uploads\/2021\/06\/logo.jpg\",\"width\":800,\"height\":200,\"caption\":\"L'univers Animalier\"},\"image\":{\"@id\":\"https:\/\/wip.universanimalier.com\/#\/schema\/logo\/image\/\"},\"sameAs\":[\"https:\/\/www.facebook.com\/lunivers.animalier\"]}]}<\/script>\n<!-- \/ Yoast SEO plugin. -->","yoast_head_json":{"title":"For Pets Only - Collier\/Collar Get The Vibe Camel - L&#039;univers Animalier","robots":{"index":"index","follow":"follow","max-snippet":"max-snippet:-1","max-image-preview":"max-image-preview:large","max-video-preview":"max-video-preview:-1"},"canonical":"https:\/\/universanimalier.com\/en\/boutique\/for-pets-only-collier-collar-get-the-vibe-camel\/","og_locale":"en_US","og_type":"article","og_title":"For Pets Only - Collier\/Collar Get The Vibe Camel - L&#039;univers Animalier","og_description":"Disponible directement. For Pets Only 2020\/2021 - Camel Capsule\u00a0   Joli collier camel, orn\u00e9 de cristaux Swarovski multicolores.  Cet article n'est plus de stock? Une taille manque? N'h\u00e9sitez pas \u00e0 nous contacter pour passer commande.","og_url":"https:\/\/universanimalier.com\/en\/boutique\/for-pets-only-collier-collar-get-the-vibe-camel\/","og_site_name":"L&#039;univers Animalier","article_publisher":"https:\/\/www.facebook.com\/lunivers.animalier","article_modified_time":"2020-09-04T21:32:56+00:00","og_image":[{"width":950,"height":651,"url":"https:\/\/wip.universanimalier.com\/wp-content\/uploads\/2020\/08\/AI2020-CO19-.jpg","type":"image\/jpeg"}],"twitter_card":"summary_large_image","schema":{"@context":"https:\/\/schema.org","@graph":[{"@type":"WebPage","@id":"https:\/\/universanimalier.com\/en\/boutique\/for-pets-only-collier-collar-get-the-vibe-camel\/","url":"https:\/\/universanimalier.com\/en\/boutique\/for-pets-only-collier-collar-get-the-vibe-camel\/","name":"For Pets Only - Collier\/Collar Get The Vibe Camel - L&#039;univers Animalier","isPartOf":{"@id":"https:\/\/wip.universanimalier.com\/#website"},"primaryImageOfPage":{"@id":"https:\/\/universanimalier.com\/en\/boutique\/for-pets-only-collier-collar-get-the-vibe-camel\/#primaryimage"},"image":{"@id":"https:\/\/universanimalier.com\/en\/boutique\/for-pets-only-collier-collar-get-the-vibe-camel\/#primaryimage"},"thumbnailUrl":"https:\/\/universanimalier.com\/wp-content\/uploads\/2020\/08\/AI2020-CO19-.jpg","datePublished":"2020-08-03T20:12:10+00:00","dateModified":"2020-09-04T21:32:56+00:00","breadcrumb":{"@id":"https:\/\/universanimalier.com\/en\/boutique\/for-pets-only-collier-collar-get-the-vibe-camel\/#breadcrumb"},"inLanguage":"en-US","potentialAction":[{"@type":"ReadAction","target":["https:\/\/universanimalier.com\/en\/boutique\/for-pets-only-collier-collar-get-the-vibe-camel\/"]}]},{"@type":"ImageObject","inLanguage":"en-US","@id":"https:\/\/universanimalier.com\/en\/boutique\/for-pets-only-collier-collar-get-the-vibe-camel\/#primaryimage","url":"https:\/\/universanimalier.com\/wp-content\/uploads\/2020\/08\/AI2020-CO19-.jpg","contentUrl":"https:\/\/universanimalier.com\/wp-content\/uploads\/2020\/08\/AI2020-CO19-.jpg","width":950,"height":651},{"@type":"BreadcrumbList","@id":"https:\/\/universanimalier.com\/en\/boutique\/for-pets-only-collier-collar-get-the-vibe-camel\/#breadcrumb","itemListElement":[{"@type":"ListItem","position":1,"name":"Accueil","item":"https:\/\/wip.universanimalier.com\/"},{"@type":"ListItem","position":2,"name":"Boutique","item":"https:\/\/wip.universanimalier.com\/boutique\/"},{"@type":"ListItem","position":3,"name":"For Pets Only &#8211; Collier\/Collar Get The Vibe Camel"}]},{"@type":"WebSite","@id":"https:\/\/wip.universanimalier.com\/#website","url":"https:\/\/wip.universanimalier.com\/","name":"L'univers Animalier","description":"A paradise for spoiled dogs!","publisher":{"@id":"https:\/\/wip.universanimalier.com\/#organization"},"potentialAction":[{"@type":"SearchAction","target":{"@type":"EntryPoint","urlTemplate":"https:\/\/wip.universanimalier.com\/?s={search_term_string}"},"query-input":{"@type":"PropertyValueSpecification","valueRequired":true,"valueName":"search_term_string"}}],"inLanguage":"en-US"},{"@type":"Organization","@id":"https:\/\/wip.universanimalier.com\/#organization","name":"L'univers Animalier","url":"https:\/\/wip.universanimalier.com\/","logo":{"@type":"ImageObject","inLanguage":"en-US","@id":"https:\/\/wip.universanimalier.com\/#\/schema\/logo\/image\/","url":"https:\/\/universanimalier.com\/wp-content\/uploads\/2021\/06\/logo.jpg","contentUrl":"https:\/\/universanimalier.com\/wp-content\/uploads\/2021\/06\/logo.jpg","width":800,"height":200,"caption":"L'univers Animalier"},"image":{"@id":"https:\/\/wip.universanimalier.com\/#\/schema\/logo\/image\/"},"sameAs":["https:\/\/www.facebook.com\/lunivers.animalier"]}]}},"_links":{"self":[{"href":"https:\/\/universanimalier.com\/en\/wp-json\/wp\/v2\/product\/29812"}],"collection":[{"href":"https:\/\/universanimalier.com\/en\/wp-json\/wp\/v2\/product"}],"about":[{"href":"https:\/\/universanimalier.com\/en\/wp-json\/wp\/v2\/types\/product"}],"wp:featuredmedia":[{"embeddable":true,"href":"https:\/\/universanimalier.com\/en\/wp-json\/wp\/v2\/media\/29806"}],"wp:attachment":[{"href":"https:\/\/universanimalier.com\/en\/wp-json\/wp\/v2\/media?parent=29812"}],"wp:term":[{"taxonomy":"product_brand","embeddable":true,"href":"https:\/\/universanimalier.com\/en\/wp-json\/wp\/v2\/product_brand?post=29812"},{"taxonomy":"product_cat","embeddable":true,"href":"https:\/\/universanimalier.com\/en\/wp-json\/wp\/v2\/product_cat?post=29812"},{"taxonomy":"product_tag","embeddable":true,"href":"https:\/\/universanimalier.com\/en\/wp-json\/wp\/v2\/product_tag?post=29812"}],"curies":[{"name":"wp","href":"https:\/\/api.w.org\/{rel}","templated":true}]}}