{"id":30109,"date":"2020-08-17T19:04:44","date_gmt":"2020-08-17T17:04:44","guid":{"rendered":"https:\/\/universanimalier.com\/?post_type=product&#038;p=30109"},"modified":"2025-02-01T10:52:34","modified_gmt":"2025-02-01T09:52:34","slug":"for-pets-only-limited-pull-topomio-camel-blue-touch","status":"publish","type":"product","link":"https:\/\/universanimalier.com\/en\/boutique\/for-pets-only-limited-pull-topomio-camel-blue-touch\/","title":{"rendered":"For Pets Only Limited - TopoMio Camel Blue Touch Sweater"},"content":{"rendered":"","protected":false},"excerpt":{"rendered":"<p><em>\u2665 For Pets Only - Limited Edition \u2665<\/em><\/p>\n<p>Pretty camel sweater in cashmere and very soft and warm wool, <em>of superior quality<\/em> with a V-neck, navy blue details \u2665 With a small TopoMio and a satin bow, with Swarovski details \u2665<\/p>","protected":false},"featured_media":17742,"template":"","meta":[],"product_brand":[],"product_cat":[1655,77,15],"product_tag":[233,169,707,12,140,316,860,967,822,120,128,83],"class_list":{"0":"post-30109","1":"product","2":"type-product","3":"status-publish","4":"has-post-thumbnail","6":"product_cat-pulls-et-sweats","7":"product_cat-editionslimitees","8":"product_cat-dressing","9":"product_tag-blue","10":"product_tag-camel","11":"product_tag-christmas","12":"product_tag-for-pets-only","13":"product_tag-fpo","14":"product_tag-gold","15":"product_tag-limited-edition","16":"product_tag-mouse","17":"product_tag-noel","18":"product_tag-pull","19":"product_tag-sweat","20":"product_tag-topomio","22":"first","23":"instock","24":"featured","25":"shipping-taxable","26":"purchasable","27":"product-type-variable"},"yoast_head":"<!-- This site is optimized with the Yoast SEO plugin v25.5 - https:\/\/yoast.com\/wordpress\/plugins\/seo\/ -->\n<title>For Pets Only Limited - Pull TopoMio Camel Blue Touch - L&#039;univers Animalier<\/title>\n<meta name=\"robots\" content=\"index, follow, max-snippet:-1, max-image-preview:large, max-video-preview:-1\" \/>\n<link rel=\"canonical\" href=\"https:\/\/universanimalier.com\/en\/boutique\/for-pets-only-limited-pull-topomio-camel-blue-touch\/\" \/>\n<meta property=\"og:locale\" content=\"en_US\" \/>\n<meta property=\"og:type\" content=\"article\" \/>\n<meta property=\"og:title\" content=\"For Pets Only Limited - Pull TopoMio Camel Blue Touch - L&#039;univers Animalier\" \/>\n<meta property=\"og:description\" content=\"\u2665 For Pets Only - Limited Edition\u00a0\u2665  Joli pull camel en cachemire et laine toute douce et bien chaude, de qualit\u00e9 sup\u00e9rieure avec un col en V, aux d\u00e9tails bleu marine \u2665 Avec une petite TopoMio et un noeud en satin, avec d\u00e9tails Swarovski\u00a0\u2665\" \/>\n<meta property=\"og:url\" content=\"https:\/\/universanimalier.com\/en\/boutique\/for-pets-only-limited-pull-topomio-camel-blue-touch\/\" \/>\n<meta property=\"og:site_name\" content=\"L&#039;univers Animalier\" \/>\n<meta property=\"article:publisher\" content=\"https:\/\/www.facebook.com\/lunivers.animalier\" \/>\n<meta property=\"article:modified_time\" content=\"2025-02-01T09:52:34+00:00\" \/>\n<meta property=\"og:image\" content=\"https:\/\/universanimalier.com\/wp-content\/uploads\/2018\/12\/774716FA-E27F-4E7E-98AE-374717FCC527.jpeg\" \/>\n\t<meta property=\"og:image:width\" content=\"1600\" \/>\n\t<meta property=\"og:image:height\" content=\"1600\" \/>\n\t<meta property=\"og:image:type\" content=\"image\/jpeg\" \/>\n<meta name=\"twitter:card\" content=\"summary_large_image\" \/>\n<meta name=\"twitter:label1\" content=\"Est. reading time\" \/>\n\t<meta name=\"twitter:data1\" content=\"1 minute\" \/>\n<script type=\"application\/ld+json\" class=\"yoast-schema-graph\">{\"@context\":\"https:\/\/schema.org\",\"@graph\":[{\"@type\":\"WebPage\",\"@id\":\"https:\/\/universanimalier.com\/boutique\/for-pets-only-limited-pull-topomio-camel-blue-touch\/\",\"url\":\"https:\/\/universanimalier.com\/boutique\/for-pets-only-limited-pull-topomio-camel-blue-touch\/\",\"name\":\"For Pets Only Limited - Pull TopoMio Camel Blue Touch - L&#039;univers Animalier\",\"isPartOf\":{\"@id\":\"https:\/\/wip.universanimalier.com\/#website\"},\"primaryImageOfPage\":{\"@id\":\"https:\/\/universanimalier.com\/boutique\/for-pets-only-limited-pull-topomio-camel-blue-touch\/#primaryimage\"},\"image\":{\"@id\":\"https:\/\/universanimalier.com\/boutique\/for-pets-only-limited-pull-topomio-camel-blue-touch\/#primaryimage\"},\"thumbnailUrl\":\"https:\/\/universanimalier.com\/wp-content\/uploads\/2018\/12\/774716FA-E27F-4E7E-98AE-374717FCC527.jpeg\",\"datePublished\":\"2020-08-17T17:04:44+00:00\",\"dateModified\":\"2025-02-01T09:52:34+00:00\",\"breadcrumb\":{\"@id\":\"https:\/\/universanimalier.com\/boutique\/for-pets-only-limited-pull-topomio-camel-blue-touch\/#breadcrumb\"},\"inLanguage\":\"en-US\",\"potentialAction\":[{\"@type\":\"ReadAction\",\"target\":[\"https:\/\/universanimalier.com\/boutique\/for-pets-only-limited-pull-topomio-camel-blue-touch\/\"]}]},{\"@type\":\"ImageObject\",\"inLanguage\":\"en-US\",\"@id\":\"https:\/\/universanimalier.com\/boutique\/for-pets-only-limited-pull-topomio-camel-blue-touch\/#primaryimage\",\"url\":\"https:\/\/universanimalier.com\/wp-content\/uploads\/2018\/12\/774716FA-E27F-4E7E-98AE-374717FCC527.jpeg\",\"contentUrl\":\"https:\/\/universanimalier.com\/wp-content\/uploads\/2018\/12\/774716FA-E27F-4E7E-98AE-374717FCC527.jpeg\",\"width\":1600,\"height\":1600,\"caption\":\"Processed with MOLDIV\"},{\"@type\":\"BreadcrumbList\",\"@id\":\"https:\/\/universanimalier.com\/boutique\/for-pets-only-limited-pull-topomio-camel-blue-touch\/#breadcrumb\",\"itemListElement\":[{\"@type\":\"ListItem\",\"position\":1,\"name\":\"Accueil\",\"item\":\"https:\/\/wip.universanimalier.com\/\"},{\"@type\":\"ListItem\",\"position\":2,\"name\":\"Boutique\",\"item\":\"https:\/\/wip.universanimalier.com\/boutique\/\"},{\"@type\":\"ListItem\",\"position\":3,\"name\":\"For Pets Only Limited &#8211; Pull TopoMio Camel Blue Touch\"}]},{\"@type\":\"WebSite\",\"@id\":\"https:\/\/wip.universanimalier.com\/#website\",\"url\":\"https:\/\/wip.universanimalier.com\/\",\"name\":\"L'univers Animalier\",\"description\":\"Le paradis des chiens g\u00e2t\u00e9s !\",\"publisher\":{\"@id\":\"https:\/\/wip.universanimalier.com\/#organization\"},\"potentialAction\":[{\"@type\":\"SearchAction\",\"target\":{\"@type\":\"EntryPoint\",\"urlTemplate\":\"https:\/\/wip.universanimalier.com\/?s={search_term_string}\"},\"query-input\":{\"@type\":\"PropertyValueSpecification\",\"valueRequired\":true,\"valueName\":\"search_term_string\"}}],\"inLanguage\":\"en-US\"},{\"@type\":\"Organization\",\"@id\":\"https:\/\/wip.universanimalier.com\/#organization\",\"name\":\"L'univers Animalier\",\"url\":\"https:\/\/wip.universanimalier.com\/\",\"logo\":{\"@type\":\"ImageObject\",\"inLanguage\":\"en-US\",\"@id\":\"https:\/\/wip.universanimalier.com\/#\/schema\/logo\/image\/\",\"url\":\"https:\/\/universanimalier.com\/wp-content\/uploads\/2021\/06\/logo.jpg\",\"contentUrl\":\"https:\/\/universanimalier.com\/wp-content\/uploads\/2021\/06\/logo.jpg\",\"width\":800,\"height\":200,\"caption\":\"L'univers Animalier\"},\"image\":{\"@id\":\"https:\/\/wip.universanimalier.com\/#\/schema\/logo\/image\/\"},\"sameAs\":[\"https:\/\/www.facebook.com\/lunivers.animalier\"]}]}<\/script>\n<!-- \/ Yoast SEO plugin. -->","yoast_head_json":{"title":"For Pets Only Limited - Pull TopoMio Camel Blue Touch - L&#039;univers Animalier","robots":{"index":"index","follow":"follow","max-snippet":"max-snippet:-1","max-image-preview":"max-image-preview:large","max-video-preview":"max-video-preview:-1"},"canonical":"https:\/\/universanimalier.com\/en\/boutique\/for-pets-only-limited-pull-topomio-camel-blue-touch\/","og_locale":"en_US","og_type":"article","og_title":"For Pets Only Limited - Pull TopoMio Camel Blue Touch - L&#039;univers Animalier","og_description":"\u2665 For Pets Only - Limited Edition\u00a0\u2665  Joli pull camel en cachemire et laine toute douce et bien chaude, de qualit\u00e9 sup\u00e9rieure avec un col en V, aux d\u00e9tails bleu marine \u2665 Avec une petite TopoMio et un noeud en satin, avec d\u00e9tails Swarovski\u00a0\u2665","og_url":"https:\/\/universanimalier.com\/en\/boutique\/for-pets-only-limited-pull-topomio-camel-blue-touch\/","og_site_name":"L&#039;univers Animalier","article_publisher":"https:\/\/www.facebook.com\/lunivers.animalier","article_modified_time":"2025-02-01T09:52:34+00:00","og_image":[{"width":1600,"height":1600,"url":"https:\/\/universanimalier.com\/wp-content\/uploads\/2018\/12\/774716FA-E27F-4E7E-98AE-374717FCC527.jpeg","type":"image\/jpeg"}],"twitter_card":"summary_large_image","twitter_misc":{"Est. reading time":"1 minute"},"schema":{"@context":"https:\/\/schema.org","@graph":[{"@type":"WebPage","@id":"https:\/\/universanimalier.com\/boutique\/for-pets-only-limited-pull-topomio-camel-blue-touch\/","url":"https:\/\/universanimalier.com\/boutique\/for-pets-only-limited-pull-topomio-camel-blue-touch\/","name":"For Pets Only Limited - Pull TopoMio Camel Blue Touch - L&#039;univers Animalier","isPartOf":{"@id":"https:\/\/wip.universanimalier.com\/#website"},"primaryImageOfPage":{"@id":"https:\/\/universanimalier.com\/boutique\/for-pets-only-limited-pull-topomio-camel-blue-touch\/#primaryimage"},"image":{"@id":"https:\/\/universanimalier.com\/boutique\/for-pets-only-limited-pull-topomio-camel-blue-touch\/#primaryimage"},"thumbnailUrl":"https:\/\/universanimalier.com\/wp-content\/uploads\/2018\/12\/774716FA-E27F-4E7E-98AE-374717FCC527.jpeg","datePublished":"2020-08-17T17:04:44+00:00","dateModified":"2025-02-01T09:52:34+00:00","breadcrumb":{"@id":"https:\/\/universanimalier.com\/boutique\/for-pets-only-limited-pull-topomio-camel-blue-touch\/#breadcrumb"},"inLanguage":"en-US","potentialAction":[{"@type":"ReadAction","target":["https:\/\/universanimalier.com\/boutique\/for-pets-only-limited-pull-topomio-camel-blue-touch\/"]}]},{"@type":"ImageObject","inLanguage":"en-US","@id":"https:\/\/universanimalier.com\/boutique\/for-pets-only-limited-pull-topomio-camel-blue-touch\/#primaryimage","url":"https:\/\/universanimalier.com\/wp-content\/uploads\/2018\/12\/774716FA-E27F-4E7E-98AE-374717FCC527.jpeg","contentUrl":"https:\/\/universanimalier.com\/wp-content\/uploads\/2018\/12\/774716FA-E27F-4E7E-98AE-374717FCC527.jpeg","width":1600,"height":1600,"caption":"Processed with MOLDIV"},{"@type":"BreadcrumbList","@id":"https:\/\/universanimalier.com\/boutique\/for-pets-only-limited-pull-topomio-camel-blue-touch\/#breadcrumb","itemListElement":[{"@type":"ListItem","position":1,"name":"Accueil","item":"https:\/\/wip.universanimalier.com\/"},{"@type":"ListItem","position":2,"name":"Boutique","item":"https:\/\/wip.universanimalier.com\/boutique\/"},{"@type":"ListItem","position":3,"name":"For Pets Only Limited &#8211; Pull TopoMio Camel Blue Touch"}]},{"@type":"WebSite","@id":"https:\/\/wip.universanimalier.com\/#website","url":"https:\/\/wip.universanimalier.com\/","name":"L'univers Animalier","description":"A paradise for spoiled dogs!","publisher":{"@id":"https:\/\/wip.universanimalier.com\/#organization"},"potentialAction":[{"@type":"SearchAction","target":{"@type":"EntryPoint","urlTemplate":"https:\/\/wip.universanimalier.com\/?s={search_term_string}"},"query-input":{"@type":"PropertyValueSpecification","valueRequired":true,"valueName":"search_term_string"}}],"inLanguage":"en-US"},{"@type":"Organization","@id":"https:\/\/wip.universanimalier.com\/#organization","name":"L'univers Animalier","url":"https:\/\/wip.universanimalier.com\/","logo":{"@type":"ImageObject","inLanguage":"en-US","@id":"https:\/\/wip.universanimalier.com\/#\/schema\/logo\/image\/","url":"https:\/\/universanimalier.com\/wp-content\/uploads\/2021\/06\/logo.jpg","contentUrl":"https:\/\/universanimalier.com\/wp-content\/uploads\/2021\/06\/logo.jpg","width":800,"height":200,"caption":"L'univers Animalier"},"image":{"@id":"https:\/\/wip.universanimalier.com\/#\/schema\/logo\/image\/"},"sameAs":["https:\/\/www.facebook.com\/lunivers.animalier"]}]}},"_links":{"self":[{"href":"https:\/\/universanimalier.com\/en\/wp-json\/wp\/v2\/product\/30109"}],"collection":[{"href":"https:\/\/universanimalier.com\/en\/wp-json\/wp\/v2\/product"}],"about":[{"href":"https:\/\/universanimalier.com\/en\/wp-json\/wp\/v2\/types\/product"}],"wp:featuredmedia":[{"embeddable":true,"href":"https:\/\/universanimalier.com\/en\/wp-json\/wp\/v2\/media\/17742"}],"wp:attachment":[{"href":"https:\/\/universanimalier.com\/en\/wp-json\/wp\/v2\/media?parent=30109"}],"wp:term":[{"taxonomy":"product_brand","embeddable":true,"href":"https:\/\/universanimalier.com\/en\/wp-json\/wp\/v2\/product_brand?post=30109"},{"taxonomy":"product_cat","embeddable":true,"href":"https:\/\/universanimalier.com\/en\/wp-json\/wp\/v2\/product_cat?post=30109"},{"taxonomy":"product_tag","embeddable":true,"href":"https:\/\/universanimalier.com\/en\/wp-json\/wp\/v2\/product_tag?post=30109"}],"curies":[{"name":"wp","href":"https:\/\/api.w.org\/{rel}","templated":true}]}}