{"id":30686,"date":"2020-09-26T18:11:15","date_gmt":"2020-09-26T16:11:15","guid":{"rendered":"https:\/\/universanimalier.com\/?post_type=product&#038;p=30686"},"modified":"2024-10-05T19:54:15","modified_gmt":"2024-10-05T17:54:15","slug":"eh-gia-panier-bed-morbidoni-camel-33","status":"publish","type":"product","link":"https:\/\/universanimalier.com\/en\/boutique\/eh-gia-panier-bed-morbidoni-camel-33\/","title":{"rendered":"Eh Gia - Cart \/ Bed Morbidoni Camel 33"},"content":{"rendered":"","protected":false},"excerpt":{"rendered":"<p>Morbidoni basket camel \/ brown with golden glitter \u2665<\/p>\n<ul>\n<li>Very comfortable and soft<\/li>\n<li>Soft and warm faux fur<\/li>\n<li>Coussin amovible et r\u00e9versible (avec paillettes d&rsquo;un c\u00f4t\u00e9 et sans de l&rsquo;autre)<\/li>\n<li>Machine washable at 30 \u00b0<\/li>\n<li>2 sizes available:\n<ul>\n<li>Size 1: about 50cm<\/li>\n<li>Size 2: about 62 cm<\/li>\n<\/ul>\n<\/li>\n<\/ul>","protected":false},"featured_media":30682,"template":"","meta":[],"product_brand":[],"product_cat":[24,26],"product_tag":[235,666,4229,3192,3945],"class_list":{"0":"post-30686","1":"product","2":"type-product","3":"status-publish","4":"has-post-thumbnail","6":"product_cat-a-la-maison","7":"product_cat-paniers","8":"product_tag-eh-gia","9":"product_tag-marron","10":"product_tag-morbidoni","11":"product_tag-panier-eh-gia","12":"product_tag-panier-marron","14":"first","15":"instock","16":"shipping-taxable","17":"purchasable","18":"product-type-variable"},"yoast_head":"<!-- This site is optimized with the Yoast SEO plugin v25.5 - https:\/\/yoast.com\/wordpress\/plugins\/seo\/ -->\n<title>Eh Gia - Panier\/Bed Morbidoni Camel 33 - L&#039;univers Animalier<\/title>\n<meta name=\"robots\" content=\"index, follow, max-snippet:-1, max-image-preview:large, max-video-preview:-1\" \/>\n<link rel=\"canonical\" href=\"https:\/\/wip.universanimalier.com\/boutique\/eh-gia-panier-bed-morbidoni-camel-33\/\" \/>\n<meta property=\"og:locale\" content=\"en_US\" \/>\n<meta property=\"og:type\" content=\"article\" \/>\n<meta property=\"og:title\" content=\"Eh Gia - Panier\/Bed Morbidoni Camel 33 - L&#039;univers Animalier\" \/>\n<meta property=\"og:description\" content=\"Panier Morbidoni camel\/marron avec paillettes dor\u00e9es \u2665   Tr\u00e8s confortable et doux  En fausse fourrure douce et chaude  Coussin amovible et r\u00e9versible (avec paillettes d&#039;un c\u00f4t\u00e9 et sans de l&#039;autre)  Lavable en machine \u00e0 30\u00b0  2 tailles disponibles:   Taille 1: environ 50 cm  Taille 2: environ 62 cm\" \/>\n<meta property=\"og:url\" content=\"https:\/\/wip.universanimalier.com\/boutique\/eh-gia-panier-bed-morbidoni-camel-33\/\" \/>\n<meta property=\"og:site_name\" content=\"L&#039;univers Animalier\" \/>\n<meta property=\"article:publisher\" content=\"https:\/\/www.facebook.com\/lunivers.animalier\" \/>\n<meta property=\"article:modified_time\" content=\"2024-10-05T17:54:15+00:00\" \/>\n<meta property=\"og:image\" content=\"https:\/\/wip.universanimalier.com\/wp-content\/uploads\/2020\/09\/BBAA8720-6086-43F7-B6EF-C57B6FEC0A50.jpeg\" \/>\n\t<meta property=\"og:image:width\" content=\"2048\" \/>\n\t<meta property=\"og:image:height\" content=\"2048\" \/>\n\t<meta property=\"og:image:type\" content=\"image\/jpeg\" \/>\n<meta name=\"twitter:card\" content=\"summary_large_image\" \/>\n<script type=\"application\/ld+json\" class=\"yoast-schema-graph\">{\"@context\":\"https:\/\/schema.org\",\"@graph\":[{\"@type\":\"WebPage\",\"@id\":\"https:\/\/wip.universanimalier.com\/boutique\/eh-gia-panier-bed-morbidoni-camel-33\/\",\"url\":\"https:\/\/wip.universanimalier.com\/boutique\/eh-gia-panier-bed-morbidoni-camel-33\/\",\"name\":\"Eh Gia - Panier\/Bed Morbidoni Camel 33 - L&#039;univers Animalier\",\"isPartOf\":{\"@id\":\"https:\/\/wip.universanimalier.com\/#website\"},\"primaryImageOfPage\":{\"@id\":\"https:\/\/wip.universanimalier.com\/boutique\/eh-gia-panier-bed-morbidoni-camel-33\/#primaryimage\"},\"image\":{\"@id\":\"https:\/\/wip.universanimalier.com\/boutique\/eh-gia-panier-bed-morbidoni-camel-33\/#primaryimage\"},\"thumbnailUrl\":\"https:\/\/universanimalier.com\/wp-content\/uploads\/2020\/09\/BBAA8720-6086-43F7-B6EF-C57B6FEC0A50.jpeg\",\"datePublished\":\"2020-09-26T16:11:15+00:00\",\"dateModified\":\"2024-10-05T17:54:15+00:00\",\"breadcrumb\":{\"@id\":\"https:\/\/wip.universanimalier.com\/boutique\/eh-gia-panier-bed-morbidoni-camel-33\/#breadcrumb\"},\"inLanguage\":\"en-US\",\"potentialAction\":[{\"@type\":\"ReadAction\",\"target\":[\"https:\/\/wip.universanimalier.com\/boutique\/eh-gia-panier-bed-morbidoni-camel-33\/\"]}]},{\"@type\":\"ImageObject\",\"inLanguage\":\"en-US\",\"@id\":\"https:\/\/wip.universanimalier.com\/boutique\/eh-gia-panier-bed-morbidoni-camel-33\/#primaryimage\",\"url\":\"https:\/\/universanimalier.com\/wp-content\/uploads\/2020\/09\/BBAA8720-6086-43F7-B6EF-C57B6FEC0A50.jpeg\",\"contentUrl\":\"https:\/\/universanimalier.com\/wp-content\/uploads\/2020\/09\/BBAA8720-6086-43F7-B6EF-C57B6FEC0A50.jpeg\",\"width\":2048,\"height\":2048,\"caption\":\"Processed with MOLDIV\"},{\"@type\":\"BreadcrumbList\",\"@id\":\"https:\/\/wip.universanimalier.com\/boutique\/eh-gia-panier-bed-morbidoni-camel-33\/#breadcrumb\",\"itemListElement\":[{\"@type\":\"ListItem\",\"position\":1,\"name\":\"Accueil\",\"item\":\"https:\/\/wip.universanimalier.com\/\"},{\"@type\":\"ListItem\",\"position\":2,\"name\":\"Boutique\",\"item\":\"https:\/\/wip.universanimalier.com\/boutique\/\"},{\"@type\":\"ListItem\",\"position\":3,\"name\":\"Eh Gia &#8211; Panier\/Bed Morbidoni Camel 33\"}]},{\"@type\":\"WebSite\",\"@id\":\"https:\/\/wip.universanimalier.com\/#website\",\"url\":\"https:\/\/wip.universanimalier.com\/\",\"name\":\"L'univers Animalier\",\"description\":\"Le paradis des chiens g\u00e2t\u00e9s !\",\"publisher\":{\"@id\":\"https:\/\/wip.universanimalier.com\/#organization\"},\"potentialAction\":[{\"@type\":\"SearchAction\",\"target\":{\"@type\":\"EntryPoint\",\"urlTemplate\":\"https:\/\/wip.universanimalier.com\/?s={search_term_string}\"},\"query-input\":{\"@type\":\"PropertyValueSpecification\",\"valueRequired\":true,\"valueName\":\"search_term_string\"}}],\"inLanguage\":\"en-US\"},{\"@type\":\"Organization\",\"@id\":\"https:\/\/wip.universanimalier.com\/#organization\",\"name\":\"L'univers Animalier\",\"url\":\"https:\/\/wip.universanimalier.com\/\",\"logo\":{\"@type\":\"ImageObject\",\"inLanguage\":\"en-US\",\"@id\":\"https:\/\/wip.universanimalier.com\/#\/schema\/logo\/image\/\",\"url\":\"https:\/\/universanimalier.com\/wp-content\/uploads\/2021\/06\/logo.jpg\",\"contentUrl\":\"https:\/\/universanimalier.com\/wp-content\/uploads\/2021\/06\/logo.jpg\",\"width\":800,\"height\":200,\"caption\":\"L'univers Animalier\"},\"image\":{\"@id\":\"https:\/\/wip.universanimalier.com\/#\/schema\/logo\/image\/\"},\"sameAs\":[\"https:\/\/www.facebook.com\/lunivers.animalier\"]}]}<\/script>\n<!-- \/ Yoast SEO plugin. -->","yoast_head_json":{"title":"Eh Gia - Panier\/Bed Morbidoni Camel 33 - L&#039;univers Animalier","robots":{"index":"index","follow":"follow","max-snippet":"max-snippet:-1","max-image-preview":"max-image-preview:large","max-video-preview":"max-video-preview:-1"},"canonical":"https:\/\/wip.universanimalier.com\/boutique\/eh-gia-panier-bed-morbidoni-camel-33\/","og_locale":"en_US","og_type":"article","og_title":"Eh Gia - Panier\/Bed Morbidoni Camel 33 - L&#039;univers Animalier","og_description":"Panier Morbidoni camel\/marron avec paillettes dor\u00e9es \u2665   Tr\u00e8s confortable et doux  En fausse fourrure douce et chaude  Coussin amovible et r\u00e9versible (avec paillettes d'un c\u00f4t\u00e9 et sans de l'autre)  Lavable en machine \u00e0 30\u00b0  2 tailles disponibles:   Taille 1: environ 50 cm  Taille 2: environ 62 cm","og_url":"https:\/\/wip.universanimalier.com\/boutique\/eh-gia-panier-bed-morbidoni-camel-33\/","og_site_name":"L&#039;univers Animalier","article_publisher":"https:\/\/www.facebook.com\/lunivers.animalier","article_modified_time":"2024-10-05T17:54:15+00:00","og_image":[{"width":2048,"height":2048,"url":"https:\/\/wip.universanimalier.com\/wp-content\/uploads\/2020\/09\/BBAA8720-6086-43F7-B6EF-C57B6FEC0A50.jpeg","type":"image\/jpeg"}],"twitter_card":"summary_large_image","schema":{"@context":"https:\/\/schema.org","@graph":[{"@type":"WebPage","@id":"https:\/\/wip.universanimalier.com\/boutique\/eh-gia-panier-bed-morbidoni-camel-33\/","url":"https:\/\/wip.universanimalier.com\/boutique\/eh-gia-panier-bed-morbidoni-camel-33\/","name":"Eh Gia - Panier\/Bed Morbidoni Camel 33 - L&#039;univers Animalier","isPartOf":{"@id":"https:\/\/wip.universanimalier.com\/#website"},"primaryImageOfPage":{"@id":"https:\/\/wip.universanimalier.com\/boutique\/eh-gia-panier-bed-morbidoni-camel-33\/#primaryimage"},"image":{"@id":"https:\/\/wip.universanimalier.com\/boutique\/eh-gia-panier-bed-morbidoni-camel-33\/#primaryimage"},"thumbnailUrl":"https:\/\/universanimalier.com\/wp-content\/uploads\/2020\/09\/BBAA8720-6086-43F7-B6EF-C57B6FEC0A50.jpeg","datePublished":"2020-09-26T16:11:15+00:00","dateModified":"2024-10-05T17:54:15+00:00","breadcrumb":{"@id":"https:\/\/wip.universanimalier.com\/boutique\/eh-gia-panier-bed-morbidoni-camel-33\/#breadcrumb"},"inLanguage":"en-US","potentialAction":[{"@type":"ReadAction","target":["https:\/\/wip.universanimalier.com\/boutique\/eh-gia-panier-bed-morbidoni-camel-33\/"]}]},{"@type":"ImageObject","inLanguage":"en-US","@id":"https:\/\/wip.universanimalier.com\/boutique\/eh-gia-panier-bed-morbidoni-camel-33\/#primaryimage","url":"https:\/\/universanimalier.com\/wp-content\/uploads\/2020\/09\/BBAA8720-6086-43F7-B6EF-C57B6FEC0A50.jpeg","contentUrl":"https:\/\/universanimalier.com\/wp-content\/uploads\/2020\/09\/BBAA8720-6086-43F7-B6EF-C57B6FEC0A50.jpeg","width":2048,"height":2048,"caption":"Processed with MOLDIV"},{"@type":"BreadcrumbList","@id":"https:\/\/wip.universanimalier.com\/boutique\/eh-gia-panier-bed-morbidoni-camel-33\/#breadcrumb","itemListElement":[{"@type":"ListItem","position":1,"name":"Accueil","item":"https:\/\/wip.universanimalier.com\/"},{"@type":"ListItem","position":2,"name":"Boutique","item":"https:\/\/wip.universanimalier.com\/boutique\/"},{"@type":"ListItem","position":3,"name":"Eh Gia &#8211; Panier\/Bed Morbidoni Camel 33"}]},{"@type":"WebSite","@id":"https:\/\/wip.universanimalier.com\/#website","url":"https:\/\/wip.universanimalier.com\/","name":"L'univers Animalier","description":"A paradise for spoiled dogs!","publisher":{"@id":"https:\/\/wip.universanimalier.com\/#organization"},"potentialAction":[{"@type":"SearchAction","target":{"@type":"EntryPoint","urlTemplate":"https:\/\/wip.universanimalier.com\/?s={search_term_string}"},"query-input":{"@type":"PropertyValueSpecification","valueRequired":true,"valueName":"search_term_string"}}],"inLanguage":"en-US"},{"@type":"Organization","@id":"https:\/\/wip.universanimalier.com\/#organization","name":"L'univers Animalier","url":"https:\/\/wip.universanimalier.com\/","logo":{"@type":"ImageObject","inLanguage":"en-US","@id":"https:\/\/wip.universanimalier.com\/#\/schema\/logo\/image\/","url":"https:\/\/universanimalier.com\/wp-content\/uploads\/2021\/06\/logo.jpg","contentUrl":"https:\/\/universanimalier.com\/wp-content\/uploads\/2021\/06\/logo.jpg","width":800,"height":200,"caption":"L'univers Animalier"},"image":{"@id":"https:\/\/wip.universanimalier.com\/#\/schema\/logo\/image\/"},"sameAs":["https:\/\/www.facebook.com\/lunivers.animalier"]}]}},"_links":{"self":[{"href":"https:\/\/universanimalier.com\/en\/wp-json\/wp\/v2\/product\/30686"}],"collection":[{"href":"https:\/\/universanimalier.com\/en\/wp-json\/wp\/v2\/product"}],"about":[{"href":"https:\/\/universanimalier.com\/en\/wp-json\/wp\/v2\/types\/product"}],"wp:featuredmedia":[{"embeddable":true,"href":"https:\/\/universanimalier.com\/en\/wp-json\/wp\/v2\/media\/30682"}],"wp:attachment":[{"href":"https:\/\/universanimalier.com\/en\/wp-json\/wp\/v2\/media?parent=30686"}],"wp:term":[{"taxonomy":"product_brand","embeddable":true,"href":"https:\/\/universanimalier.com\/en\/wp-json\/wp\/v2\/product_brand?post=30686"},{"taxonomy":"product_cat","embeddable":true,"href":"https:\/\/universanimalier.com\/en\/wp-json\/wp\/v2\/product_cat?post=30686"},{"taxonomy":"product_tag","embeddable":true,"href":"https:\/\/universanimalier.com\/en\/wp-json\/wp\/v2\/product_tag?post=30686"}],"curies":[{"name":"wp","href":"https:\/\/api.w.org\/{rel}","templated":true}]}}