{"id":30696,"date":"2020-09-26T20:00:22","date_gmt":"2020-09-26T18:00:22","guid":{"rendered":"https:\/\/universanimalier.com\/?post_type=product&#038;p=30696"},"modified":"2023-01-05T23:07:42","modified_gmt":"2023-01-05T22:07:42","slug":"milkpepper-manteau-doudoune-reversible-kalahari-leopard","status":"publish","type":"product","link":"https:\/\/universanimalier.com\/en\/boutique\/milkpepper-manteau-doudoune-reversible-kalahari-leopard\/","title":{"rendered":"Milk &amp; Pepper - Reversible Kalahari Leopard Coat \/ Down Jacket"},"content":{"rendered":"","protected":false},"excerpt":{"rendered":"<p>Coat <em><strong>reversible<\/strong><\/em> warm and very comfortable.<\/p>\n<ul>\n<li>Coat created especially for small dogs (Chihuahua, Yorkshire, Bichon, Shih-tzu, ...)<\/li>\n<li>Puffy jacket <strong>reversible<\/strong> avec une face en polyester\u00a0 imprim\u00e9 l\u00e9opard (Imprim\u00e9 exclusif) et l&rsquo;autre en polyester taupe uni<\/li>\n<li>Col\u00a0 bord\u00e9 d&rsquo;une fine bande en imtation cuir dor\u00e9e<\/li>\n<li>Zipped opening on the back for the passage of the harness<\/li>\n<li>Closure under the belly with golden press studs engraved with &quot;M&amp;P&quot;<\/li>\n<li>Petite plaque dor\u00e9e \u00ab\u00a0M\u00a0\u00bb et en bas du dos c\u00f4t\u00e9 l\u00e9opard<\/li>\n<li>Petites plaques dor\u00e9es\u00a0 \u00ab\u00a0Milk&amp;Pepper\u00a0\u00bb en haut du dos<\/li>\n<li>Water repellent coat<\/li>\n<li>Machine washable at 30 \u00b0<\/li>\n<\/ul>","protected":false},"featured_media":24394,"template":"","meta":[],"product_brand":[],"product_cat":[1659,15],"product_tag":[1239,685,2910,2912,617,131,2913,2909],"class_list":{"0":"post-30696","1":"product","2":"type-product","3":"status-publish","4":"has-post-thumbnail","6":"product_cat-manteaux","7":"product_cat-dressing","8":"product_tag-coat","9":"product_tag-doudoune","10":"product_tag-doudoune-reversible","11":"product_tag-kalahari","12":"product_tag-mp","13":"product_tag-manteau","14":"product_tag-manteau-leopard","15":"product_tag-manteau-reversible","17":"first","18":"instock","19":"featured","20":"shipping-taxable","21":"purchasable","22":"product-type-variable"},"yoast_head":"<!-- This site is optimized with the Yoast SEO plugin v25.5 - https:\/\/yoast.com\/wordpress\/plugins\/seo\/ -->\n<title>Milk&amp;Pepper - Manteau\/Doudoune r\u00e9versible Kalahari L\u00e9opard - L&#039;univers Animalier<\/title>\n<meta name=\"robots\" content=\"index, follow, max-snippet:-1, max-image-preview:large, max-video-preview:-1\" \/>\n<link rel=\"canonical\" href=\"https:\/\/universanimalier.com\/en\/boutique\/milkpepper-manteau-doudoune-reversible-kalahari-leopard\/\" \/>\n<meta property=\"og:locale\" content=\"en_US\" \/>\n<meta property=\"og:type\" content=\"article\" \/>\n<meta property=\"og:title\" content=\"Milk&amp;Pepper - Manteau\/Doudoune r\u00e9versible Kalahari L\u00e9opard - L&#039;univers Animalier\" \/>\n<meta property=\"og:description\" content=\"Manteau r\u00e9versible bien chaud et tr\u00e8s confortable.   Manteau cr\u00e9\u00e9 sp\u00e9cialement pour les petits chiens (Chihuahua, Yorkshire, Bichon, Shih-tzu, ...)  Doudoune r\u00e9versible avec une face en polyester\u00a0 imprim\u00e9 l\u00e9opard (Imprim\u00e9 exclusif) et l&#039;autre en polyester taupe uni  Col\u00a0 bord\u00e9 d&#039;une fine bande en imtation cuir dor\u00e9e  Ouverture zipp\u00e9e sur le dos pour le passage du harnais  Fermeture sous le ventre par boutons pressions dor\u00e9s grav\u00e9s \u00ab M&amp;P \u00bb  Petite plaque dor\u00e9e &quot;M&quot; et en bas du dos c\u00f4t\u00e9 l\u00e9opard  Petites plaques dor\u00e9es\u00a0 &quot;Milk&amp;Pepper&quot; en haut du dos  Manteau trait\u00e9 d\u00e9perlant  Lavable en machine \u00e0 30\u00b0\" \/>\n<meta property=\"og:url\" content=\"https:\/\/universanimalier.com\/en\/boutique\/milkpepper-manteau-doudoune-reversible-kalahari-leopard\/\" \/>\n<meta property=\"og:site_name\" content=\"L&#039;univers Animalier\" \/>\n<meta property=\"article:publisher\" content=\"https:\/\/www.facebook.com\/lunivers.animalier\" \/>\n<meta property=\"article:modified_time\" content=\"2023-01-05T22:07:42+00:00\" \/>\n<meta property=\"og:image\" content=\"https:\/\/wip.universanimalier.com\/wp-content\/uploads\/2019\/10\/doudoune-reversible-kalahari.jpg\" \/>\n\t<meta property=\"og:image:width\" content=\"480\" \/>\n\t<meta property=\"og:image:height\" content=\"585\" \/>\n\t<meta property=\"og:image:type\" content=\"image\/jpeg\" \/>\n<meta name=\"twitter:card\" content=\"summary_large_image\" \/>\n<script type=\"application\/ld+json\" class=\"yoast-schema-graph\">{\"@context\":\"https:\/\/schema.org\",\"@graph\":[{\"@type\":\"WebPage\",\"@id\":\"https:\/\/universanimalier.com\/en\/boutique\/milkpepper-manteau-doudoune-reversible-kalahari-leopard\/\",\"url\":\"https:\/\/universanimalier.com\/en\/boutique\/milkpepper-manteau-doudoune-reversible-kalahari-leopard\/\",\"name\":\"Milk&Pepper - Manteau\/Doudoune r\u00e9versible Kalahari L\u00e9opard - L&#039;univers Animalier\",\"isPartOf\":{\"@id\":\"https:\/\/wip.universanimalier.com\/#website\"},\"primaryImageOfPage\":{\"@id\":\"https:\/\/universanimalier.com\/en\/boutique\/milkpepper-manteau-doudoune-reversible-kalahari-leopard\/#primaryimage\"},\"image\":{\"@id\":\"https:\/\/universanimalier.com\/en\/boutique\/milkpepper-manteau-doudoune-reversible-kalahari-leopard\/#primaryimage\"},\"thumbnailUrl\":\"https:\/\/universanimalier.com\/wp-content\/uploads\/2019\/10\/doudoune-reversible-kalahari.jpg\",\"datePublished\":\"2020-09-26T18:00:22+00:00\",\"dateModified\":\"2023-01-05T22:07:42+00:00\",\"breadcrumb\":{\"@id\":\"https:\/\/universanimalier.com\/en\/boutique\/milkpepper-manteau-doudoune-reversible-kalahari-leopard\/#breadcrumb\"},\"inLanguage\":\"en-US\",\"potentialAction\":[{\"@type\":\"ReadAction\",\"target\":[\"https:\/\/universanimalier.com\/en\/boutique\/milkpepper-manteau-doudoune-reversible-kalahari-leopard\/\"]}]},{\"@type\":\"ImageObject\",\"inLanguage\":\"en-US\",\"@id\":\"https:\/\/universanimalier.com\/en\/boutique\/milkpepper-manteau-doudoune-reversible-kalahari-leopard\/#primaryimage\",\"url\":\"https:\/\/universanimalier.com\/wp-content\/uploads\/2019\/10\/doudoune-reversible-kalahari.jpg\",\"contentUrl\":\"https:\/\/universanimalier.com\/wp-content\/uploads\/2019\/10\/doudoune-reversible-kalahari.jpg\",\"width\":480,\"height\":585},{\"@type\":\"BreadcrumbList\",\"@id\":\"https:\/\/universanimalier.com\/en\/boutique\/milkpepper-manteau-doudoune-reversible-kalahari-leopard\/#breadcrumb\",\"itemListElement\":[{\"@type\":\"ListItem\",\"position\":1,\"name\":\"Accueil\",\"item\":\"https:\/\/wip.universanimalier.com\/\"},{\"@type\":\"ListItem\",\"position\":2,\"name\":\"Boutique\",\"item\":\"https:\/\/wip.universanimalier.com\/boutique\/\"},{\"@type\":\"ListItem\",\"position\":3,\"name\":\"Milk&#038;Pepper &#8211; Manteau\/Doudoune r\u00e9versible Kalahari L\u00e9opard\"}]},{\"@type\":\"WebSite\",\"@id\":\"https:\/\/wip.universanimalier.com\/#website\",\"url\":\"https:\/\/wip.universanimalier.com\/\",\"name\":\"L'univers Animalier\",\"description\":\"Le paradis des chiens g\u00e2t\u00e9s !\",\"publisher\":{\"@id\":\"https:\/\/wip.universanimalier.com\/#organization\"},\"potentialAction\":[{\"@type\":\"SearchAction\",\"target\":{\"@type\":\"EntryPoint\",\"urlTemplate\":\"https:\/\/wip.universanimalier.com\/?s={search_term_string}\"},\"query-input\":{\"@type\":\"PropertyValueSpecification\",\"valueRequired\":true,\"valueName\":\"search_term_string\"}}],\"inLanguage\":\"en-US\"},{\"@type\":\"Organization\",\"@id\":\"https:\/\/wip.universanimalier.com\/#organization\",\"name\":\"L'univers Animalier\",\"url\":\"https:\/\/wip.universanimalier.com\/\",\"logo\":{\"@type\":\"ImageObject\",\"inLanguage\":\"en-US\",\"@id\":\"https:\/\/wip.universanimalier.com\/#\/schema\/logo\/image\/\",\"url\":\"https:\/\/universanimalier.com\/wp-content\/uploads\/2021\/06\/logo.jpg\",\"contentUrl\":\"https:\/\/universanimalier.com\/wp-content\/uploads\/2021\/06\/logo.jpg\",\"width\":800,\"height\":200,\"caption\":\"L'univers Animalier\"},\"image\":{\"@id\":\"https:\/\/wip.universanimalier.com\/#\/schema\/logo\/image\/\"},\"sameAs\":[\"https:\/\/www.facebook.com\/lunivers.animalier\"]}]}<\/script>\n<!-- \/ Yoast SEO plugin. -->","yoast_head_json":{"title":"Milk&Pepper - Manteau\/Doudoune r\u00e9versible Kalahari L\u00e9opard - L&#039;univers Animalier","robots":{"index":"index","follow":"follow","max-snippet":"max-snippet:-1","max-image-preview":"max-image-preview:large","max-video-preview":"max-video-preview:-1"},"canonical":"https:\/\/universanimalier.com\/en\/boutique\/milkpepper-manteau-doudoune-reversible-kalahari-leopard\/","og_locale":"en_US","og_type":"article","og_title":"Milk&Pepper - Manteau\/Doudoune r\u00e9versible Kalahari L\u00e9opard - L&#039;univers Animalier","og_description":"Manteau r\u00e9versible bien chaud et tr\u00e8s confortable.   Manteau cr\u00e9\u00e9 sp\u00e9cialement pour les petits chiens (Chihuahua, Yorkshire, Bichon, Shih-tzu, ...)  Doudoune r\u00e9versible avec une face en polyester\u00a0 imprim\u00e9 l\u00e9opard (Imprim\u00e9 exclusif) et l'autre en polyester taupe uni  Col\u00a0 bord\u00e9 d'une fine bande en imtation cuir dor\u00e9e  Ouverture zipp\u00e9e sur le dos pour le passage du harnais  Fermeture sous le ventre par boutons pressions dor\u00e9s grav\u00e9s \u00ab M&amp;P \u00bb  Petite plaque dor\u00e9e \"M\" et en bas du dos c\u00f4t\u00e9 l\u00e9opard  Petites plaques dor\u00e9es\u00a0 \"Milk&amp;Pepper\" en haut du dos  Manteau trait\u00e9 d\u00e9perlant  Lavable en machine \u00e0 30\u00b0","og_url":"https:\/\/universanimalier.com\/en\/boutique\/milkpepper-manteau-doudoune-reversible-kalahari-leopard\/","og_site_name":"L&#039;univers Animalier","article_publisher":"https:\/\/www.facebook.com\/lunivers.animalier","article_modified_time":"2023-01-05T22:07:42+00:00","og_image":[{"width":480,"height":585,"url":"https:\/\/wip.universanimalier.com\/wp-content\/uploads\/2019\/10\/doudoune-reversible-kalahari.jpg","type":"image\/jpeg"}],"twitter_card":"summary_large_image","schema":{"@context":"https:\/\/schema.org","@graph":[{"@type":"WebPage","@id":"https:\/\/universanimalier.com\/en\/boutique\/milkpepper-manteau-doudoune-reversible-kalahari-leopard\/","url":"https:\/\/universanimalier.com\/en\/boutique\/milkpepper-manteau-doudoune-reversible-kalahari-leopard\/","name":"Milk&Pepper - Manteau\/Doudoune r\u00e9versible Kalahari L\u00e9opard - L&#039;univers Animalier","isPartOf":{"@id":"https:\/\/wip.universanimalier.com\/#website"},"primaryImageOfPage":{"@id":"https:\/\/universanimalier.com\/en\/boutique\/milkpepper-manteau-doudoune-reversible-kalahari-leopard\/#primaryimage"},"image":{"@id":"https:\/\/universanimalier.com\/en\/boutique\/milkpepper-manteau-doudoune-reversible-kalahari-leopard\/#primaryimage"},"thumbnailUrl":"https:\/\/universanimalier.com\/wp-content\/uploads\/2019\/10\/doudoune-reversible-kalahari.jpg","datePublished":"2020-09-26T18:00:22+00:00","dateModified":"2023-01-05T22:07:42+00:00","breadcrumb":{"@id":"https:\/\/universanimalier.com\/en\/boutique\/milkpepper-manteau-doudoune-reversible-kalahari-leopard\/#breadcrumb"},"inLanguage":"en-US","potentialAction":[{"@type":"ReadAction","target":["https:\/\/universanimalier.com\/en\/boutique\/milkpepper-manteau-doudoune-reversible-kalahari-leopard\/"]}]},{"@type":"ImageObject","inLanguage":"en-US","@id":"https:\/\/universanimalier.com\/en\/boutique\/milkpepper-manteau-doudoune-reversible-kalahari-leopard\/#primaryimage","url":"https:\/\/universanimalier.com\/wp-content\/uploads\/2019\/10\/doudoune-reversible-kalahari.jpg","contentUrl":"https:\/\/universanimalier.com\/wp-content\/uploads\/2019\/10\/doudoune-reversible-kalahari.jpg","width":480,"height":585},{"@type":"BreadcrumbList","@id":"https:\/\/universanimalier.com\/en\/boutique\/milkpepper-manteau-doudoune-reversible-kalahari-leopard\/#breadcrumb","itemListElement":[{"@type":"ListItem","position":1,"name":"Accueil","item":"https:\/\/wip.universanimalier.com\/"},{"@type":"ListItem","position":2,"name":"Boutique","item":"https:\/\/wip.universanimalier.com\/boutique\/"},{"@type":"ListItem","position":3,"name":"Milk&#038;Pepper &#8211; Manteau\/Doudoune r\u00e9versible Kalahari L\u00e9opard"}]},{"@type":"WebSite","@id":"https:\/\/wip.universanimalier.com\/#website","url":"https:\/\/wip.universanimalier.com\/","name":"L'univers Animalier","description":"A paradise for spoiled dogs!","publisher":{"@id":"https:\/\/wip.universanimalier.com\/#organization"},"potentialAction":[{"@type":"SearchAction","target":{"@type":"EntryPoint","urlTemplate":"https:\/\/wip.universanimalier.com\/?s={search_term_string}"},"query-input":{"@type":"PropertyValueSpecification","valueRequired":true,"valueName":"search_term_string"}}],"inLanguage":"en-US"},{"@type":"Organization","@id":"https:\/\/wip.universanimalier.com\/#organization","name":"L'univers Animalier","url":"https:\/\/wip.universanimalier.com\/","logo":{"@type":"ImageObject","inLanguage":"en-US","@id":"https:\/\/wip.universanimalier.com\/#\/schema\/logo\/image\/","url":"https:\/\/universanimalier.com\/wp-content\/uploads\/2021\/06\/logo.jpg","contentUrl":"https:\/\/universanimalier.com\/wp-content\/uploads\/2021\/06\/logo.jpg","width":800,"height":200,"caption":"L'univers Animalier"},"image":{"@id":"https:\/\/wip.universanimalier.com\/#\/schema\/logo\/image\/"},"sameAs":["https:\/\/www.facebook.com\/lunivers.animalier"]}]}},"_links":{"self":[{"href":"https:\/\/universanimalier.com\/en\/wp-json\/wp\/v2\/product\/30696"}],"collection":[{"href":"https:\/\/universanimalier.com\/en\/wp-json\/wp\/v2\/product"}],"about":[{"href":"https:\/\/universanimalier.com\/en\/wp-json\/wp\/v2\/types\/product"}],"wp:featuredmedia":[{"embeddable":true,"href":"https:\/\/universanimalier.com\/en\/wp-json\/wp\/v2\/media\/24394"}],"wp:attachment":[{"href":"https:\/\/universanimalier.com\/en\/wp-json\/wp\/v2\/media?parent=30696"}],"wp:term":[{"taxonomy":"product_brand","embeddable":true,"href":"https:\/\/universanimalier.com\/en\/wp-json\/wp\/v2\/product_brand?post=30696"},{"taxonomy":"product_cat","embeddable":true,"href":"https:\/\/universanimalier.com\/en\/wp-json\/wp\/v2\/product_cat?post=30696"},{"taxonomy":"product_tag","embeddable":true,"href":"https:\/\/universanimalier.com\/en\/wp-json\/wp\/v2\/product_tag?post=30696"}],"curies":[{"name":"wp","href":"https:\/\/api.w.org\/{rel}","templated":true}]}}