{"id":30752,"date":"2020-09-26T20:38:23","date_gmt":"2020-09-26T18:38:23","guid":{"rendered":"https:\/\/universanimalier.com\/?post_type=product&#038;p=30752"},"modified":"2022-11-09T23:18:40","modified_gmt":"2022-11-09T22:18:40","slug":"milkpepper-manteau-doudoune-reversible-taipan-serpent","status":"publish","type":"product","link":"https:\/\/universanimalier.com\/en\/boutique\/milkpepper-manteau-doudoune-reversible-taipan-serpent\/","title":{"rendered":"Milk &amp; Pepper - Ta\u00efpan Serpent reversible coat \/ down jacket"},"content":{"rendered":"","protected":false},"excerpt":{"rendered":"<ul>\n<li>Coat created especially for small dogs (Chihuahua, Yorkshire, Bichon, Shih-tzu)<\/li>\n<li>Puffy jacket <strong>reversible<\/strong> with one side in an exclusive gray \/ taupe &quot;snake&quot; print <strong>(water repellent)<\/strong> et l&rsquo;autre en satin polyester noir <strong>(water repellent)<\/strong><\/li>\n<li>Col bord\u00e9 d&rsquo;une fine bande en imitation cuir dor\u00e9<\/li>\n<li>Zipped opening on the back for the passage of the harness<\/li>\n<li>Closure under the belly with a double row of gold press studs engraved &quot;M&amp;P&quot;<\/li>\n<li>Petites plaques dor\u00e9es\u00a0 \u00ab\u00a0Milk&amp;Pepper\u00a0\u00bb en haut du dos<\/li>\n<li>Elastic for tail passage<\/li>\n<li>Machine washable at 30 \u00b0<\/li>\n<\/ul>\n<p>Size guide: see photos.<\/p>","protected":false},"featured_media":30763,"template":"","meta":[],"product_brand":[],"product_cat":[1659,15],"product_tag":[1239,685,2910,617,131,2909,1764,4241,4240],"class_list":{"0":"post-30752","1":"product","2":"type-product","3":"status-publish","4":"has-post-thumbnail","6":"product_cat-manteaux","7":"product_cat-dressing","8":"product_tag-coat","9":"product_tag-doudoune","10":"product_tag-doudoune-reversible","11":"product_tag-mp","12":"product_tag-manteau","13":"product_tag-manteau-reversible","14":"product_tag-milk-and-pepper","15":"product_tag-serpent","16":"product_tag-taipan","18":"first","19":"instock","20":"shipping-taxable","21":"purchasable","22":"product-type-variable"},"yoast_head":"<!-- This site is optimized with the Yoast SEO plugin v25.5 - https:\/\/yoast.com\/wordpress\/plugins\/seo\/ -->\n<title>Milk&amp;Pepper - Manteau\/Doudoune r\u00e9versible Ta\u00efpan Serpent - L&#039;univers Animalier<\/title>\n<meta name=\"robots\" content=\"index, follow, max-snippet:-1, max-image-preview:large, max-video-preview:-1\" \/>\n<link rel=\"canonical\" href=\"https:\/\/universanimalier.com\/en\/boutique\/milkpepper-manteau-doudoune-reversible-taipan-serpent\/\" \/>\n<meta property=\"og:locale\" content=\"en_US\" \/>\n<meta property=\"og:type\" content=\"article\" \/>\n<meta property=\"og:title\" content=\"Milk&amp;Pepper - Manteau\/Doudoune r\u00e9versible Ta\u00efpan Serpent - L&#039;univers Animalier\" \/>\n<meta property=\"og:description\" content=\"Manteau cr\u00e9\u00e9 sp\u00e9cialement pour les petits chiens (Chihuahua, Yorkshire, Bichon, Shih-tzu)  Doudoune r\u00e9versible avec une face en imprim\u00e9 exclusif \u00ab serpent \u00bb gris\/ taupe (trait\u00e9 d\u00e9perlant) et l&#039;autre en satin polyester noir (trait\u00e9 d\u00e9perlant)  Col bord\u00e9 d&#039;une fine bande en imitation cuir dor\u00e9  Ouverture zipp\u00e9e sur le dos pour le passage du harnais  Fermeture sous le ventre avec une double rang\u00e9e de boutons pressions dor\u00e9s grav\u00e9s\u00a0 \u00abM&amp;P \u00bb  Petites plaques dor\u00e9es\u00a0 &quot;Milk&amp;Pepper&quot; en haut du dos  \u00c9lastique pour passage queue  Lavable en machine \u00e0 30\u00b0  Guide des tailles: voir photos.\" \/>\n<meta property=\"og:url\" content=\"https:\/\/universanimalier.com\/en\/boutique\/milkpepper-manteau-doudoune-reversible-taipan-serpent\/\" \/>\n<meta property=\"og:site_name\" content=\"L&#039;univers Animalier\" \/>\n<meta property=\"article:publisher\" content=\"https:\/\/www.facebook.com\/lunivers.animalier\" \/>\n<meta property=\"article:modified_time\" content=\"2022-11-09T22:18:40+00:00\" \/>\n<meta property=\"og:image\" content=\"https:\/\/wip.universanimalier.com\/wp-content\/uploads\/2020\/09\/doudoune-reversible-serpent-taipan.jpg\" \/>\n\t<meta property=\"og:image:width\" content=\"480\" \/>\n\t<meta property=\"og:image:height\" content=\"585\" \/>\n\t<meta property=\"og:image:type\" content=\"image\/jpeg\" \/>\n<meta name=\"twitter:card\" content=\"summary_large_image\" \/>\n<script type=\"application\/ld+json\" class=\"yoast-schema-graph\">{\"@context\":\"https:\/\/schema.org\",\"@graph\":[{\"@type\":\"WebPage\",\"@id\":\"https:\/\/universanimalier.com\/en\/boutique\/milkpepper-manteau-doudoune-reversible-taipan-serpent\/\",\"url\":\"https:\/\/universanimalier.com\/en\/boutique\/milkpepper-manteau-doudoune-reversible-taipan-serpent\/\",\"name\":\"Milk&Pepper - Manteau\/Doudoune r\u00e9versible Ta\u00efpan Serpent - L&#039;univers Animalier\",\"isPartOf\":{\"@id\":\"https:\/\/wip.universanimalier.com\/#website\"},\"primaryImageOfPage\":{\"@id\":\"https:\/\/universanimalier.com\/en\/boutique\/milkpepper-manteau-doudoune-reversible-taipan-serpent\/#primaryimage\"},\"image\":{\"@id\":\"https:\/\/universanimalier.com\/en\/boutique\/milkpepper-manteau-doudoune-reversible-taipan-serpent\/#primaryimage\"},\"thumbnailUrl\":\"https:\/\/universanimalier.com\/wp-content\/uploads\/2020\/09\/doudoune-reversible-serpent-taipan.jpg\",\"datePublished\":\"2020-09-26T18:38:23+00:00\",\"dateModified\":\"2022-11-09T22:18:40+00:00\",\"breadcrumb\":{\"@id\":\"https:\/\/universanimalier.com\/en\/boutique\/milkpepper-manteau-doudoune-reversible-taipan-serpent\/#breadcrumb\"},\"inLanguage\":\"en-US\",\"potentialAction\":[{\"@type\":\"ReadAction\",\"target\":[\"https:\/\/universanimalier.com\/en\/boutique\/milkpepper-manteau-doudoune-reversible-taipan-serpent\/\"]}]},{\"@type\":\"ImageObject\",\"inLanguage\":\"en-US\",\"@id\":\"https:\/\/universanimalier.com\/en\/boutique\/milkpepper-manteau-doudoune-reversible-taipan-serpent\/#primaryimage\",\"url\":\"https:\/\/universanimalier.com\/wp-content\/uploads\/2020\/09\/doudoune-reversible-serpent-taipan.jpg\",\"contentUrl\":\"https:\/\/universanimalier.com\/wp-content\/uploads\/2020\/09\/doudoune-reversible-serpent-taipan.jpg\",\"width\":480,\"height\":585},{\"@type\":\"BreadcrumbList\",\"@id\":\"https:\/\/universanimalier.com\/en\/boutique\/milkpepper-manteau-doudoune-reversible-taipan-serpent\/#breadcrumb\",\"itemListElement\":[{\"@type\":\"ListItem\",\"position\":1,\"name\":\"Accueil\",\"item\":\"https:\/\/wip.universanimalier.com\/\"},{\"@type\":\"ListItem\",\"position\":2,\"name\":\"Boutique\",\"item\":\"https:\/\/wip.universanimalier.com\/boutique\/\"},{\"@type\":\"ListItem\",\"position\":3,\"name\":\"Milk&#038;Pepper &#8211; Manteau\/Doudoune r\u00e9versible Ta\u00efpan Serpent\"}]},{\"@type\":\"WebSite\",\"@id\":\"https:\/\/wip.universanimalier.com\/#website\",\"url\":\"https:\/\/wip.universanimalier.com\/\",\"name\":\"L'univers Animalier\",\"description\":\"Le paradis des chiens g\u00e2t\u00e9s !\",\"publisher\":{\"@id\":\"https:\/\/wip.universanimalier.com\/#organization\"},\"potentialAction\":[{\"@type\":\"SearchAction\",\"target\":{\"@type\":\"EntryPoint\",\"urlTemplate\":\"https:\/\/wip.universanimalier.com\/?s={search_term_string}\"},\"query-input\":{\"@type\":\"PropertyValueSpecification\",\"valueRequired\":true,\"valueName\":\"search_term_string\"}}],\"inLanguage\":\"en-US\"},{\"@type\":\"Organization\",\"@id\":\"https:\/\/wip.universanimalier.com\/#organization\",\"name\":\"L'univers Animalier\",\"url\":\"https:\/\/wip.universanimalier.com\/\",\"logo\":{\"@type\":\"ImageObject\",\"inLanguage\":\"en-US\",\"@id\":\"https:\/\/wip.universanimalier.com\/#\/schema\/logo\/image\/\",\"url\":\"https:\/\/universanimalier.com\/wp-content\/uploads\/2021\/06\/logo.jpg\",\"contentUrl\":\"https:\/\/universanimalier.com\/wp-content\/uploads\/2021\/06\/logo.jpg\",\"width\":800,\"height\":200,\"caption\":\"L'univers Animalier\"},\"image\":{\"@id\":\"https:\/\/wip.universanimalier.com\/#\/schema\/logo\/image\/\"},\"sameAs\":[\"https:\/\/www.facebook.com\/lunivers.animalier\"]}]}<\/script>\n<!-- \/ Yoast SEO plugin. -->","yoast_head_json":{"title":"Milk&Pepper - Manteau\/Doudoune r\u00e9versible Ta\u00efpan Serpent - L&#039;univers Animalier","robots":{"index":"index","follow":"follow","max-snippet":"max-snippet:-1","max-image-preview":"max-image-preview:large","max-video-preview":"max-video-preview:-1"},"canonical":"https:\/\/universanimalier.com\/en\/boutique\/milkpepper-manteau-doudoune-reversible-taipan-serpent\/","og_locale":"en_US","og_type":"article","og_title":"Milk&Pepper - Manteau\/Doudoune r\u00e9versible Ta\u00efpan Serpent - L&#039;univers Animalier","og_description":"Manteau cr\u00e9\u00e9 sp\u00e9cialement pour les petits chiens (Chihuahua, Yorkshire, Bichon, Shih-tzu)  Doudoune r\u00e9versible avec une face en imprim\u00e9 exclusif \u00ab serpent \u00bb gris\/ taupe (trait\u00e9 d\u00e9perlant) et l'autre en satin polyester noir (trait\u00e9 d\u00e9perlant)  Col bord\u00e9 d'une fine bande en imitation cuir dor\u00e9  Ouverture zipp\u00e9e sur le dos pour le passage du harnais  Fermeture sous le ventre avec une double rang\u00e9e de boutons pressions dor\u00e9s grav\u00e9s\u00a0 \u00abM&amp;P \u00bb  Petites plaques dor\u00e9es\u00a0 \"Milk&amp;Pepper\" en haut du dos  \u00c9lastique pour passage queue  Lavable en machine \u00e0 30\u00b0  Guide des tailles: voir photos.","og_url":"https:\/\/universanimalier.com\/en\/boutique\/milkpepper-manteau-doudoune-reversible-taipan-serpent\/","og_site_name":"L&#039;univers Animalier","article_publisher":"https:\/\/www.facebook.com\/lunivers.animalier","article_modified_time":"2022-11-09T22:18:40+00:00","og_image":[{"width":480,"height":585,"url":"https:\/\/wip.universanimalier.com\/wp-content\/uploads\/2020\/09\/doudoune-reversible-serpent-taipan.jpg","type":"image\/jpeg"}],"twitter_card":"summary_large_image","schema":{"@context":"https:\/\/schema.org","@graph":[{"@type":"WebPage","@id":"https:\/\/universanimalier.com\/en\/boutique\/milkpepper-manteau-doudoune-reversible-taipan-serpent\/","url":"https:\/\/universanimalier.com\/en\/boutique\/milkpepper-manteau-doudoune-reversible-taipan-serpent\/","name":"Milk&Pepper - Manteau\/Doudoune r\u00e9versible Ta\u00efpan Serpent - L&#039;univers Animalier","isPartOf":{"@id":"https:\/\/wip.universanimalier.com\/#website"},"primaryImageOfPage":{"@id":"https:\/\/universanimalier.com\/en\/boutique\/milkpepper-manteau-doudoune-reversible-taipan-serpent\/#primaryimage"},"image":{"@id":"https:\/\/universanimalier.com\/en\/boutique\/milkpepper-manteau-doudoune-reversible-taipan-serpent\/#primaryimage"},"thumbnailUrl":"https:\/\/universanimalier.com\/wp-content\/uploads\/2020\/09\/doudoune-reversible-serpent-taipan.jpg","datePublished":"2020-09-26T18:38:23+00:00","dateModified":"2022-11-09T22:18:40+00:00","breadcrumb":{"@id":"https:\/\/universanimalier.com\/en\/boutique\/milkpepper-manteau-doudoune-reversible-taipan-serpent\/#breadcrumb"},"inLanguage":"en-US","potentialAction":[{"@type":"ReadAction","target":["https:\/\/universanimalier.com\/en\/boutique\/milkpepper-manteau-doudoune-reversible-taipan-serpent\/"]}]},{"@type":"ImageObject","inLanguage":"en-US","@id":"https:\/\/universanimalier.com\/en\/boutique\/milkpepper-manteau-doudoune-reversible-taipan-serpent\/#primaryimage","url":"https:\/\/universanimalier.com\/wp-content\/uploads\/2020\/09\/doudoune-reversible-serpent-taipan.jpg","contentUrl":"https:\/\/universanimalier.com\/wp-content\/uploads\/2020\/09\/doudoune-reversible-serpent-taipan.jpg","width":480,"height":585},{"@type":"BreadcrumbList","@id":"https:\/\/universanimalier.com\/en\/boutique\/milkpepper-manteau-doudoune-reversible-taipan-serpent\/#breadcrumb","itemListElement":[{"@type":"ListItem","position":1,"name":"Accueil","item":"https:\/\/wip.universanimalier.com\/"},{"@type":"ListItem","position":2,"name":"Boutique","item":"https:\/\/wip.universanimalier.com\/boutique\/"},{"@type":"ListItem","position":3,"name":"Milk&#038;Pepper &#8211; Manteau\/Doudoune r\u00e9versible Ta\u00efpan Serpent"}]},{"@type":"WebSite","@id":"https:\/\/wip.universanimalier.com\/#website","url":"https:\/\/wip.universanimalier.com\/","name":"L'univers Animalier","description":"A paradise for spoiled dogs!","publisher":{"@id":"https:\/\/wip.universanimalier.com\/#organization"},"potentialAction":[{"@type":"SearchAction","target":{"@type":"EntryPoint","urlTemplate":"https:\/\/wip.universanimalier.com\/?s={search_term_string}"},"query-input":{"@type":"PropertyValueSpecification","valueRequired":true,"valueName":"search_term_string"}}],"inLanguage":"en-US"},{"@type":"Organization","@id":"https:\/\/wip.universanimalier.com\/#organization","name":"L'univers Animalier","url":"https:\/\/wip.universanimalier.com\/","logo":{"@type":"ImageObject","inLanguage":"en-US","@id":"https:\/\/wip.universanimalier.com\/#\/schema\/logo\/image\/","url":"https:\/\/universanimalier.com\/wp-content\/uploads\/2021\/06\/logo.jpg","contentUrl":"https:\/\/universanimalier.com\/wp-content\/uploads\/2021\/06\/logo.jpg","width":800,"height":200,"caption":"L'univers Animalier"},"image":{"@id":"https:\/\/wip.universanimalier.com\/#\/schema\/logo\/image\/"},"sameAs":["https:\/\/www.facebook.com\/lunivers.animalier"]}]}},"_links":{"self":[{"href":"https:\/\/universanimalier.com\/en\/wp-json\/wp\/v2\/product\/30752"}],"collection":[{"href":"https:\/\/universanimalier.com\/en\/wp-json\/wp\/v2\/product"}],"about":[{"href":"https:\/\/universanimalier.com\/en\/wp-json\/wp\/v2\/types\/product"}],"wp:featuredmedia":[{"embeddable":true,"href":"https:\/\/universanimalier.com\/en\/wp-json\/wp\/v2\/media\/30763"}],"wp:attachment":[{"href":"https:\/\/universanimalier.com\/en\/wp-json\/wp\/v2\/media?parent=30752"}],"wp:term":[{"taxonomy":"product_brand","embeddable":true,"href":"https:\/\/universanimalier.com\/en\/wp-json\/wp\/v2\/product_brand?post=30752"},{"taxonomy":"product_cat","embeddable":true,"href":"https:\/\/universanimalier.com\/en\/wp-json\/wp\/v2\/product_cat?post=30752"},{"taxonomy":"product_tag","embeddable":true,"href":"https:\/\/universanimalier.com\/en\/wp-json\/wp\/v2\/product_tag?post=30752"}],"curies":[{"name":"wp","href":"https:\/\/api.w.org\/{rel}","templated":true}]}}