{"id":30776,"date":"2020-09-26T20:46:07","date_gmt":"2020-09-26T18:46:07","guid":{"rendered":"https:\/\/universanimalier.com\/?post_type=product&#038;p=30776"},"modified":"2021-10-30T09:08:48","modified_gmt":"2021-10-30T07:08:48","slug":"milkpepper-manteau-doudoune-reversible-cardiff-carreaux","status":"publish","type":"product","link":"https:\/\/universanimalier.com\/en\/boutique\/milkpepper-manteau-doudoune-reversible-cardiff-carreaux\/","title":{"rendered":"Milk &amp; Pepper - Reversible coat \/ down jacket Cardiff Checks"},"content":{"rendered":"","protected":false},"excerpt":{"rendered":"<ul>\n<li>Coat created especially for small dogs (Chihuahua, Yorkshire, Bichon, Shih-tzu)<\/li>\n<li>Puffy jacket <strong>reversible<\/strong> with one side in an exclusive gray \u201cPrince of Wales\u201d print <strong>(water repellent)\u00a0<\/strong> et l&rsquo;autre en satin polyester anthracite <strong>(water repellent)<\/strong><\/li>\n<li>Col\u00a0 bord\u00e9 d&rsquo;une fine bande en imitation cuir camel<\/li>\n<li>Zipped opening on the back for the passage of the harness<\/li>\n<li>Closure under the belly with a double row of titanium press studs engraved &quot;M&amp;P&quot;<\/li>\n<li>Petites plaques titanes\u00a0 \u00ab\u00a0Milk&amp;Pepper\u00a0\u00bb en haut du dos<\/li>\n<li>Camel imitation leather badge at the bottom of the back.<\/li>\n<li>Elastic for tail passage<\/li>\n<li>Machine washable at 30 \u00b0<\/li>\n<\/ul>\n<p>Size guide: see photos.<\/p>","protected":false},"featured_media":30784,"template":"","meta":[],"product_brand":[],"product_cat":[1659,15],"product_tag":[1239,685,2910,617,131,2909,1764,4241,4240],"class_list":{"0":"post-30776","1":"product","2":"type-product","3":"status-publish","4":"has-post-thumbnail","6":"product_cat-manteaux","7":"product_cat-dressing","8":"product_tag-coat","9":"product_tag-doudoune","10":"product_tag-doudoune-reversible","11":"product_tag-mp","12":"product_tag-manteau","13":"product_tag-manteau-reversible","14":"product_tag-milk-and-pepper","15":"product_tag-serpent","16":"product_tag-taipan","18":"first","19":"instock","20":"shipping-taxable","21":"purchasable","22":"product-type-variable"},"yoast_head":"<!-- This site is optimized with the Yoast SEO plugin v25.5 - https:\/\/yoast.com\/wordpress\/plugins\/seo\/ -->\n<title>Milk&amp;Pepper - Manteau\/Doudoune r\u00e9versible Cardiff Carreaux - L&#039;univers Animalier<\/title>\n<meta name=\"robots\" content=\"index, follow, max-snippet:-1, max-image-preview:large, max-video-preview:-1\" \/>\n<link rel=\"canonical\" href=\"https:\/\/universanimalier.com\/en\/boutique\/milkpepper-manteau-doudoune-reversible-cardiff-carreaux\/\" \/>\n<meta property=\"og:locale\" content=\"en_US\" \/>\n<meta property=\"og:type\" content=\"article\" \/>\n<meta property=\"og:title\" content=\"Milk&amp;Pepper - Manteau\/Doudoune r\u00e9versible Cardiff Carreaux - L&#039;univers Animalier\" \/>\n<meta property=\"og:description\" content=\"Manteau cr\u00e9\u00e9 sp\u00e9cialement pour les petits chiens (Chihuahua, Yorkshire, Bichon, Shih-tzu)  Doudoune r\u00e9versible avec une face en imprim\u00e9 exclusif \u00ab Prince de Galles \u00bb gris (trait\u00e9 d\u00e9perlant)\u00a0 et l&#039;autre en satin polyester anthracite (trait\u00e9 d\u00e9perlant)  Col\u00a0 bord\u00e9 d&#039;une fine bande en imitation cuir camel  Ouverture zipp\u00e9e sur le dos pour le passage du harnais  Fermeture sous le ventre avec une double rang\u00e9e de boutons pressions titanes grav\u00e9s\u00a0 \u00abM&amp;P \u00bb  Petites plaques titanes\u00a0 &quot;Milk&amp;Pepper&quot; en haut du dos  Badge en imitation Cuir Camel en bas du dos.  Elastique pour passage queue  Lavable en machine \u00e0 30\u00b0  Guide des tailles: voir photos.\" \/>\n<meta property=\"og:url\" content=\"https:\/\/universanimalier.com\/en\/boutique\/milkpepper-manteau-doudoune-reversible-cardiff-carreaux\/\" \/>\n<meta property=\"og:site_name\" content=\"L&#039;univers Animalier\" \/>\n<meta property=\"article:publisher\" content=\"https:\/\/www.facebook.com\/lunivers.animalier\" \/>\n<meta property=\"article:modified_time\" content=\"2021-10-30T07:08:48+00:00\" \/>\n<meta property=\"og:image\" content=\"https:\/\/wip.universanimalier.com\/wp-content\/uploads\/2020\/09\/doudoune-carreaux-reversible-cardiff.jpg\" \/>\n\t<meta property=\"og:image:width\" content=\"480\" \/>\n\t<meta property=\"og:image:height\" content=\"585\" \/>\n\t<meta property=\"og:image:type\" content=\"image\/jpeg\" \/>\n<meta name=\"twitter:card\" content=\"summary_large_image\" \/>\n<script type=\"application\/ld+json\" class=\"yoast-schema-graph\">{\"@context\":\"https:\/\/schema.org\",\"@graph\":[{\"@type\":\"WebPage\",\"@id\":\"https:\/\/universanimalier.com\/en\/boutique\/milkpepper-manteau-doudoune-reversible-cardiff-carreaux\/\",\"url\":\"https:\/\/universanimalier.com\/en\/boutique\/milkpepper-manteau-doudoune-reversible-cardiff-carreaux\/\",\"name\":\"Milk&Pepper - Manteau\/Doudoune r\u00e9versible Cardiff Carreaux - L&#039;univers Animalier\",\"isPartOf\":{\"@id\":\"https:\/\/wip.universanimalier.com\/#website\"},\"primaryImageOfPage\":{\"@id\":\"https:\/\/universanimalier.com\/en\/boutique\/milkpepper-manteau-doudoune-reversible-cardiff-carreaux\/#primaryimage\"},\"image\":{\"@id\":\"https:\/\/universanimalier.com\/en\/boutique\/milkpepper-manteau-doudoune-reversible-cardiff-carreaux\/#primaryimage\"},\"thumbnailUrl\":\"https:\/\/universanimalier.com\/wp-content\/uploads\/2020\/09\/doudoune-carreaux-reversible-cardiff.jpg\",\"datePublished\":\"2020-09-26T18:46:07+00:00\",\"dateModified\":\"2021-10-30T07:08:48+00:00\",\"breadcrumb\":{\"@id\":\"https:\/\/universanimalier.com\/en\/boutique\/milkpepper-manteau-doudoune-reversible-cardiff-carreaux\/#breadcrumb\"},\"inLanguage\":\"en-US\",\"potentialAction\":[{\"@type\":\"ReadAction\",\"target\":[\"https:\/\/universanimalier.com\/en\/boutique\/milkpepper-manteau-doudoune-reversible-cardiff-carreaux\/\"]}]},{\"@type\":\"ImageObject\",\"inLanguage\":\"en-US\",\"@id\":\"https:\/\/universanimalier.com\/en\/boutique\/milkpepper-manteau-doudoune-reversible-cardiff-carreaux\/#primaryimage\",\"url\":\"https:\/\/universanimalier.com\/wp-content\/uploads\/2020\/09\/doudoune-carreaux-reversible-cardiff.jpg\",\"contentUrl\":\"https:\/\/universanimalier.com\/wp-content\/uploads\/2020\/09\/doudoune-carreaux-reversible-cardiff.jpg\",\"width\":480,\"height\":585},{\"@type\":\"BreadcrumbList\",\"@id\":\"https:\/\/universanimalier.com\/en\/boutique\/milkpepper-manteau-doudoune-reversible-cardiff-carreaux\/#breadcrumb\",\"itemListElement\":[{\"@type\":\"ListItem\",\"position\":1,\"name\":\"Accueil\",\"item\":\"https:\/\/wip.universanimalier.com\/\"},{\"@type\":\"ListItem\",\"position\":2,\"name\":\"Boutique\",\"item\":\"https:\/\/wip.universanimalier.com\/boutique\/\"},{\"@type\":\"ListItem\",\"position\":3,\"name\":\"Milk&#038;Pepper &#8211; Manteau\/Doudoune r\u00e9versible Cardiff Carreaux\"}]},{\"@type\":\"WebSite\",\"@id\":\"https:\/\/wip.universanimalier.com\/#website\",\"url\":\"https:\/\/wip.universanimalier.com\/\",\"name\":\"L'univers Animalier\",\"description\":\"Le paradis des chiens g\u00e2t\u00e9s !\",\"publisher\":{\"@id\":\"https:\/\/wip.universanimalier.com\/#organization\"},\"potentialAction\":[{\"@type\":\"SearchAction\",\"target\":{\"@type\":\"EntryPoint\",\"urlTemplate\":\"https:\/\/wip.universanimalier.com\/?s={search_term_string}\"},\"query-input\":{\"@type\":\"PropertyValueSpecification\",\"valueRequired\":true,\"valueName\":\"search_term_string\"}}],\"inLanguage\":\"en-US\"},{\"@type\":\"Organization\",\"@id\":\"https:\/\/wip.universanimalier.com\/#organization\",\"name\":\"L'univers Animalier\",\"url\":\"https:\/\/wip.universanimalier.com\/\",\"logo\":{\"@type\":\"ImageObject\",\"inLanguage\":\"en-US\",\"@id\":\"https:\/\/wip.universanimalier.com\/#\/schema\/logo\/image\/\",\"url\":\"https:\/\/universanimalier.com\/wp-content\/uploads\/2021\/06\/logo.jpg\",\"contentUrl\":\"https:\/\/universanimalier.com\/wp-content\/uploads\/2021\/06\/logo.jpg\",\"width\":800,\"height\":200,\"caption\":\"L'univers Animalier\"},\"image\":{\"@id\":\"https:\/\/wip.universanimalier.com\/#\/schema\/logo\/image\/\"},\"sameAs\":[\"https:\/\/www.facebook.com\/lunivers.animalier\"]}]}<\/script>\n<!-- \/ Yoast SEO plugin. -->","yoast_head_json":{"title":"Milk&Pepper - Manteau\/Doudoune r\u00e9versible Cardiff Carreaux - L&#039;univers Animalier","robots":{"index":"index","follow":"follow","max-snippet":"max-snippet:-1","max-image-preview":"max-image-preview:large","max-video-preview":"max-video-preview:-1"},"canonical":"https:\/\/universanimalier.com\/en\/boutique\/milkpepper-manteau-doudoune-reversible-cardiff-carreaux\/","og_locale":"en_US","og_type":"article","og_title":"Milk&Pepper - Manteau\/Doudoune r\u00e9versible Cardiff Carreaux - L&#039;univers Animalier","og_description":"Manteau cr\u00e9\u00e9 sp\u00e9cialement pour les petits chiens (Chihuahua, Yorkshire, Bichon, Shih-tzu)  Doudoune r\u00e9versible avec une face en imprim\u00e9 exclusif \u00ab Prince de Galles \u00bb gris (trait\u00e9 d\u00e9perlant)\u00a0 et l'autre en satin polyester anthracite (trait\u00e9 d\u00e9perlant)  Col\u00a0 bord\u00e9 d'une fine bande en imitation cuir camel  Ouverture zipp\u00e9e sur le dos pour le passage du harnais  Fermeture sous le ventre avec une double rang\u00e9e de boutons pressions titanes grav\u00e9s\u00a0 \u00abM&amp;P \u00bb  Petites plaques titanes\u00a0 \"Milk&amp;Pepper\" en haut du dos  Badge en imitation Cuir Camel en bas du dos.  Elastique pour passage queue  Lavable en machine \u00e0 30\u00b0  Guide des tailles: voir photos.","og_url":"https:\/\/universanimalier.com\/en\/boutique\/milkpepper-manteau-doudoune-reversible-cardiff-carreaux\/","og_site_name":"L&#039;univers Animalier","article_publisher":"https:\/\/www.facebook.com\/lunivers.animalier","article_modified_time":"2021-10-30T07:08:48+00:00","og_image":[{"width":480,"height":585,"url":"https:\/\/wip.universanimalier.com\/wp-content\/uploads\/2020\/09\/doudoune-carreaux-reversible-cardiff.jpg","type":"image\/jpeg"}],"twitter_card":"summary_large_image","schema":{"@context":"https:\/\/schema.org","@graph":[{"@type":"WebPage","@id":"https:\/\/universanimalier.com\/en\/boutique\/milkpepper-manteau-doudoune-reversible-cardiff-carreaux\/","url":"https:\/\/universanimalier.com\/en\/boutique\/milkpepper-manteau-doudoune-reversible-cardiff-carreaux\/","name":"Milk&Pepper - Manteau\/Doudoune r\u00e9versible Cardiff Carreaux - L&#039;univers Animalier","isPartOf":{"@id":"https:\/\/wip.universanimalier.com\/#website"},"primaryImageOfPage":{"@id":"https:\/\/universanimalier.com\/en\/boutique\/milkpepper-manteau-doudoune-reversible-cardiff-carreaux\/#primaryimage"},"image":{"@id":"https:\/\/universanimalier.com\/en\/boutique\/milkpepper-manteau-doudoune-reversible-cardiff-carreaux\/#primaryimage"},"thumbnailUrl":"https:\/\/universanimalier.com\/wp-content\/uploads\/2020\/09\/doudoune-carreaux-reversible-cardiff.jpg","datePublished":"2020-09-26T18:46:07+00:00","dateModified":"2021-10-30T07:08:48+00:00","breadcrumb":{"@id":"https:\/\/universanimalier.com\/en\/boutique\/milkpepper-manteau-doudoune-reversible-cardiff-carreaux\/#breadcrumb"},"inLanguage":"en-US","potentialAction":[{"@type":"ReadAction","target":["https:\/\/universanimalier.com\/en\/boutique\/milkpepper-manteau-doudoune-reversible-cardiff-carreaux\/"]}]},{"@type":"ImageObject","inLanguage":"en-US","@id":"https:\/\/universanimalier.com\/en\/boutique\/milkpepper-manteau-doudoune-reversible-cardiff-carreaux\/#primaryimage","url":"https:\/\/universanimalier.com\/wp-content\/uploads\/2020\/09\/doudoune-carreaux-reversible-cardiff.jpg","contentUrl":"https:\/\/universanimalier.com\/wp-content\/uploads\/2020\/09\/doudoune-carreaux-reversible-cardiff.jpg","width":480,"height":585},{"@type":"BreadcrumbList","@id":"https:\/\/universanimalier.com\/en\/boutique\/milkpepper-manteau-doudoune-reversible-cardiff-carreaux\/#breadcrumb","itemListElement":[{"@type":"ListItem","position":1,"name":"Accueil","item":"https:\/\/wip.universanimalier.com\/"},{"@type":"ListItem","position":2,"name":"Boutique","item":"https:\/\/wip.universanimalier.com\/boutique\/"},{"@type":"ListItem","position":3,"name":"Milk&#038;Pepper &#8211; Manteau\/Doudoune r\u00e9versible Cardiff Carreaux"}]},{"@type":"WebSite","@id":"https:\/\/wip.universanimalier.com\/#website","url":"https:\/\/wip.universanimalier.com\/","name":"L'univers Animalier","description":"A paradise for spoiled dogs!","publisher":{"@id":"https:\/\/wip.universanimalier.com\/#organization"},"potentialAction":[{"@type":"SearchAction","target":{"@type":"EntryPoint","urlTemplate":"https:\/\/wip.universanimalier.com\/?s={search_term_string}"},"query-input":{"@type":"PropertyValueSpecification","valueRequired":true,"valueName":"search_term_string"}}],"inLanguage":"en-US"},{"@type":"Organization","@id":"https:\/\/wip.universanimalier.com\/#organization","name":"L'univers Animalier","url":"https:\/\/wip.universanimalier.com\/","logo":{"@type":"ImageObject","inLanguage":"en-US","@id":"https:\/\/wip.universanimalier.com\/#\/schema\/logo\/image\/","url":"https:\/\/universanimalier.com\/wp-content\/uploads\/2021\/06\/logo.jpg","contentUrl":"https:\/\/universanimalier.com\/wp-content\/uploads\/2021\/06\/logo.jpg","width":800,"height":200,"caption":"L'univers Animalier"},"image":{"@id":"https:\/\/wip.universanimalier.com\/#\/schema\/logo\/image\/"},"sameAs":["https:\/\/www.facebook.com\/lunivers.animalier"]}]}},"_links":{"self":[{"href":"https:\/\/universanimalier.com\/en\/wp-json\/wp\/v2\/product\/30776"}],"collection":[{"href":"https:\/\/universanimalier.com\/en\/wp-json\/wp\/v2\/product"}],"about":[{"href":"https:\/\/universanimalier.com\/en\/wp-json\/wp\/v2\/types\/product"}],"wp:featuredmedia":[{"embeddable":true,"href":"https:\/\/universanimalier.com\/en\/wp-json\/wp\/v2\/media\/30784"}],"wp:attachment":[{"href":"https:\/\/universanimalier.com\/en\/wp-json\/wp\/v2\/media?parent=30776"}],"wp:term":[{"taxonomy":"product_brand","embeddable":true,"href":"https:\/\/universanimalier.com\/en\/wp-json\/wp\/v2\/product_brand?post=30776"},{"taxonomy":"product_cat","embeddable":true,"href":"https:\/\/universanimalier.com\/en\/wp-json\/wp\/v2\/product_cat?post=30776"},{"taxonomy":"product_tag","embeddable":true,"href":"https:\/\/universanimalier.com\/en\/wp-json\/wp\/v2\/product_tag?post=30776"}],"curies":[{"name":"wp","href":"https:\/\/api.w.org\/{rel}","templated":true}]}}