{"id":31329,"date":"2020-10-04T22:25:46","date_gmt":"2020-10-04T20:25:46","guid":{"rendered":"https:\/\/universanimalier.com\/?post_type=product&#038;p=31329"},"modified":"2020-11-26T18:48:44","modified_gmt":"2020-11-26T17:48:44","slug":"wooflink-jupe-skirt-plaid-carreaux","status":"publish","type":"product","link":"https:\/\/universanimalier.com\/en\/boutique\/wooflink-jupe-skirt-plaid-carreaux\/","title":{"rendered":"Wooflink - Plaid Check Skirt \/ Skirt"},"content":{"rendered":"","protected":false},"excerpt":{"rendered":"<p>Jolie jupette souple tr\u00e8s tendance en coton \u00e0 carreaux, \u00e0 porter comme une salopette gr\u00e2ce aux bretelles, avec jolis d\u00e9tails et volants \u2665 S&rsquo;assorti et se superpose tr\u00e8s bien avec un petit pull, t-shirt, &#8230;<\/p>\n<p>Sizes:<\/p>\n<ul>\n<li>1 - XS<\/li>\n<li>2 - S<\/li>\n<li>3 - M<\/li>\n<\/ul>\n<p><a href=\"https:\/\/universanimalier.com\/wp-content\/uploads\/2019\/10\/Capture-d\u2019\u00e9cran-2019-10-07-\u00e0-22.37.15.png\"><img loading=\"lazy\" decoding=\"async\" class=\"alignnone size-medium wp-image-24199\" src=\"https:\/\/universanimalier.com\/wp-content\/uploads\/2019\/10\/Capture-d\u2019\u00e9cran-2019-10-07-\u00e0-22.37.15-300x223.png\" alt=\"\" width=\"300\" height=\"223\" srcset=\"https:\/\/universanimalier.com\/wp-content\/uploads\/2019\/10\/Capture-d\u2019\u00e9cran-2019-10-07-\u00e0-22.37.15-300x223.png 300w, https:\/\/universanimalier.com\/wp-content\/uploads\/2019\/10\/Capture-d\u2019\u00e9cran-2019-10-07-\u00e0-22.37.15-510x380.png 510w, https:\/\/universanimalier.com\/wp-content\/uploads\/2019\/10\/Capture-d\u2019\u00e9cran-2019-10-07-\u00e0-22.37.15-100x74.png 100w, https:\/\/universanimalier.com\/wp-content\/uploads\/2019\/10\/Capture-d\u2019\u00e9cran-2019-10-07-\u00e0-22.37.15.png 680w\" sizes=\"(max-width: 300px) 100vw, 300px\" \/><\/a><\/p>","protected":false},"featured_media":31332,"template":"","meta":[],"product_brand":[],"product_cat":[1656,1657,15],"product_tag":[4313,4314,751,503],"class_list":{"0":"post-31329","1":"product","2":"type-product","3":"status-publish","4":"has-post-thumbnail","6":"product_cat-robes","7":"product_cat-salopettes","8":"product_cat-dressing","9":"product_tag-jupe-a-carreaux","10":"product_tag-jupe-wooflink","11":"product_tag-skirt","12":"product_tag-wooflink","14":"first","15":"instock","16":"shipping-taxable","17":"purchasable","18":"product-type-variable"},"yoast_head":"<!-- This site is optimized with the Yoast SEO plugin v25.5 - https:\/\/yoast.com\/wordpress\/plugins\/seo\/ -->\n<title>Wooflink - Jupe\/Skirt Plaid Carreaux - L&#039;univers Animalier<\/title>\n<meta name=\"robots\" content=\"index, follow, max-snippet:-1, max-image-preview:large, max-video-preview:-1\" \/>\n<link rel=\"canonical\" href=\"https:\/\/wip.universanimalier.com\/boutique\/wooflink-jupe-skirt-plaid-carreaux\/\" \/>\n<meta property=\"og:locale\" content=\"en_US\" \/>\n<meta property=\"og:type\" content=\"article\" \/>\n<meta property=\"og:title\" content=\"Wooflink - Jupe\/Skirt Plaid Carreaux - L&#039;univers Animalier\" \/>\n<meta property=\"og:description\" content=\"Jolie jupette souple tr\u00e8s tendance en coton \u00e0 carreaux, \u00e0 porter comme une salopette gr\u00e2ce aux bretelles, avec jolis d\u00e9tails et volants \u2665 S&#039;assorti et se superpose tr\u00e8s bien avec un petit pull, t-shirt, ...  Tailles:   1 \u2013 XS  2 \u2013 S  3 \u2013 M\" \/>\n<meta property=\"og:url\" content=\"https:\/\/wip.universanimalier.com\/boutique\/wooflink-jupe-skirt-plaid-carreaux\/\" \/>\n<meta property=\"og:site_name\" content=\"L&#039;univers Animalier\" \/>\n<meta property=\"article:publisher\" content=\"https:\/\/www.facebook.com\/lunivers.animalier\" \/>\n<meta property=\"article:modified_time\" content=\"2020-11-26T17:48:44+00:00\" \/>\n<meta property=\"og:image\" content=\"https:\/\/wip.universanimalier.com\/wp-content\/uploads\/2020\/10\/IMG_7373__76418.1599411207.1280.1280.jpg\" \/>\n\t<meta property=\"og:image:width\" content=\"850\" \/>\n\t<meta property=\"og:image:height\" content=\"850\" \/>\n\t<meta property=\"og:image:type\" content=\"image\/jpeg\" \/>\n<meta name=\"twitter:card\" content=\"summary_large_image\" \/>\n<script type=\"application\/ld+json\" class=\"yoast-schema-graph\">{\"@context\":\"https:\/\/schema.org\",\"@graph\":[{\"@type\":\"WebPage\",\"@id\":\"https:\/\/wip.universanimalier.com\/boutique\/wooflink-jupe-skirt-plaid-carreaux\/\",\"url\":\"https:\/\/wip.universanimalier.com\/boutique\/wooflink-jupe-skirt-plaid-carreaux\/\",\"name\":\"Wooflink - Jupe\/Skirt Plaid Carreaux - L&#039;univers Animalier\",\"isPartOf\":{\"@id\":\"https:\/\/wip.universanimalier.com\/#website\"},\"primaryImageOfPage\":{\"@id\":\"https:\/\/wip.universanimalier.com\/boutique\/wooflink-jupe-skirt-plaid-carreaux\/#primaryimage\"},\"image\":{\"@id\":\"https:\/\/wip.universanimalier.com\/boutique\/wooflink-jupe-skirt-plaid-carreaux\/#primaryimage\"},\"thumbnailUrl\":\"https:\/\/universanimalier.com\/wp-content\/uploads\/2020\/10\/IMG_7373__76418.1599411207.1280.1280.jpg\",\"datePublished\":\"2020-10-04T20:25:46+00:00\",\"dateModified\":\"2020-11-26T17:48:44+00:00\",\"breadcrumb\":{\"@id\":\"https:\/\/wip.universanimalier.com\/boutique\/wooflink-jupe-skirt-plaid-carreaux\/#breadcrumb\"},\"inLanguage\":\"en-US\",\"potentialAction\":[{\"@type\":\"ReadAction\",\"target\":[\"https:\/\/wip.universanimalier.com\/boutique\/wooflink-jupe-skirt-plaid-carreaux\/\"]}]},{\"@type\":\"ImageObject\",\"inLanguage\":\"en-US\",\"@id\":\"https:\/\/wip.universanimalier.com\/boutique\/wooflink-jupe-skirt-plaid-carreaux\/#primaryimage\",\"url\":\"https:\/\/universanimalier.com\/wp-content\/uploads\/2020\/10\/IMG_7373__76418.1599411207.1280.1280.jpg\",\"contentUrl\":\"https:\/\/universanimalier.com\/wp-content\/uploads\/2020\/10\/IMG_7373__76418.1599411207.1280.1280.jpg\",\"width\":850,\"height\":850},{\"@type\":\"BreadcrumbList\",\"@id\":\"https:\/\/wip.universanimalier.com\/boutique\/wooflink-jupe-skirt-plaid-carreaux\/#breadcrumb\",\"itemListElement\":[{\"@type\":\"ListItem\",\"position\":1,\"name\":\"Accueil\",\"item\":\"https:\/\/wip.universanimalier.com\/\"},{\"@type\":\"ListItem\",\"position\":2,\"name\":\"Boutique\",\"item\":\"https:\/\/wip.universanimalier.com\/boutique\/\"},{\"@type\":\"ListItem\",\"position\":3,\"name\":\"Wooflink &#8211; Jupe\/Skirt Plaid Carreaux\"}]},{\"@type\":\"WebSite\",\"@id\":\"https:\/\/wip.universanimalier.com\/#website\",\"url\":\"https:\/\/wip.universanimalier.com\/\",\"name\":\"L'univers Animalier\",\"description\":\"Le paradis des chiens g\u00e2t\u00e9s !\",\"publisher\":{\"@id\":\"https:\/\/wip.universanimalier.com\/#organization\"},\"potentialAction\":[{\"@type\":\"SearchAction\",\"target\":{\"@type\":\"EntryPoint\",\"urlTemplate\":\"https:\/\/wip.universanimalier.com\/?s={search_term_string}\"},\"query-input\":{\"@type\":\"PropertyValueSpecification\",\"valueRequired\":true,\"valueName\":\"search_term_string\"}}],\"inLanguage\":\"en-US\"},{\"@type\":\"Organization\",\"@id\":\"https:\/\/wip.universanimalier.com\/#organization\",\"name\":\"L'univers Animalier\",\"url\":\"https:\/\/wip.universanimalier.com\/\",\"logo\":{\"@type\":\"ImageObject\",\"inLanguage\":\"en-US\",\"@id\":\"https:\/\/wip.universanimalier.com\/#\/schema\/logo\/image\/\",\"url\":\"https:\/\/universanimalier.com\/wp-content\/uploads\/2021\/06\/logo.jpg\",\"contentUrl\":\"https:\/\/universanimalier.com\/wp-content\/uploads\/2021\/06\/logo.jpg\",\"width\":800,\"height\":200,\"caption\":\"L'univers Animalier\"},\"image\":{\"@id\":\"https:\/\/wip.universanimalier.com\/#\/schema\/logo\/image\/\"},\"sameAs\":[\"https:\/\/www.facebook.com\/lunivers.animalier\"]}]}<\/script>\n<!-- \/ Yoast SEO plugin. -->","yoast_head_json":{"title":"Wooflink - Jupe\/Skirt Plaid Carreaux - L&#039;univers Animalier","robots":{"index":"index","follow":"follow","max-snippet":"max-snippet:-1","max-image-preview":"max-image-preview:large","max-video-preview":"max-video-preview:-1"},"canonical":"https:\/\/wip.universanimalier.com\/boutique\/wooflink-jupe-skirt-plaid-carreaux\/","og_locale":"en_US","og_type":"article","og_title":"Wooflink - Jupe\/Skirt Plaid Carreaux - L&#039;univers Animalier","og_description":"Jolie jupette souple tr\u00e8s tendance en coton \u00e0 carreaux, \u00e0 porter comme une salopette gr\u00e2ce aux bretelles, avec jolis d\u00e9tails et volants \u2665 S'assorti et se superpose tr\u00e8s bien avec un petit pull, t-shirt, ...  Tailles:   1 \u2013 XS  2 \u2013 S  3 \u2013 M","og_url":"https:\/\/wip.universanimalier.com\/boutique\/wooflink-jupe-skirt-plaid-carreaux\/","og_site_name":"L&#039;univers Animalier","article_publisher":"https:\/\/www.facebook.com\/lunivers.animalier","article_modified_time":"2020-11-26T17:48:44+00:00","og_image":[{"width":850,"height":850,"url":"https:\/\/wip.universanimalier.com\/wp-content\/uploads\/2020\/10\/IMG_7373__76418.1599411207.1280.1280.jpg","type":"image\/jpeg"}],"twitter_card":"summary_large_image","schema":{"@context":"https:\/\/schema.org","@graph":[{"@type":"WebPage","@id":"https:\/\/wip.universanimalier.com\/boutique\/wooflink-jupe-skirt-plaid-carreaux\/","url":"https:\/\/wip.universanimalier.com\/boutique\/wooflink-jupe-skirt-plaid-carreaux\/","name":"Wooflink - Jupe\/Skirt Plaid Carreaux - L&#039;univers Animalier","isPartOf":{"@id":"https:\/\/wip.universanimalier.com\/#website"},"primaryImageOfPage":{"@id":"https:\/\/wip.universanimalier.com\/boutique\/wooflink-jupe-skirt-plaid-carreaux\/#primaryimage"},"image":{"@id":"https:\/\/wip.universanimalier.com\/boutique\/wooflink-jupe-skirt-plaid-carreaux\/#primaryimage"},"thumbnailUrl":"https:\/\/universanimalier.com\/wp-content\/uploads\/2020\/10\/IMG_7373__76418.1599411207.1280.1280.jpg","datePublished":"2020-10-04T20:25:46+00:00","dateModified":"2020-11-26T17:48:44+00:00","breadcrumb":{"@id":"https:\/\/wip.universanimalier.com\/boutique\/wooflink-jupe-skirt-plaid-carreaux\/#breadcrumb"},"inLanguage":"en-US","potentialAction":[{"@type":"ReadAction","target":["https:\/\/wip.universanimalier.com\/boutique\/wooflink-jupe-skirt-plaid-carreaux\/"]}]},{"@type":"ImageObject","inLanguage":"en-US","@id":"https:\/\/wip.universanimalier.com\/boutique\/wooflink-jupe-skirt-plaid-carreaux\/#primaryimage","url":"https:\/\/universanimalier.com\/wp-content\/uploads\/2020\/10\/IMG_7373__76418.1599411207.1280.1280.jpg","contentUrl":"https:\/\/universanimalier.com\/wp-content\/uploads\/2020\/10\/IMG_7373__76418.1599411207.1280.1280.jpg","width":850,"height":850},{"@type":"BreadcrumbList","@id":"https:\/\/wip.universanimalier.com\/boutique\/wooflink-jupe-skirt-plaid-carreaux\/#breadcrumb","itemListElement":[{"@type":"ListItem","position":1,"name":"Accueil","item":"https:\/\/wip.universanimalier.com\/"},{"@type":"ListItem","position":2,"name":"Boutique","item":"https:\/\/wip.universanimalier.com\/boutique\/"},{"@type":"ListItem","position":3,"name":"Wooflink &#8211; Jupe\/Skirt Plaid Carreaux"}]},{"@type":"WebSite","@id":"https:\/\/wip.universanimalier.com\/#website","url":"https:\/\/wip.universanimalier.com\/","name":"L'univers Animalier","description":"A paradise for spoiled dogs!","publisher":{"@id":"https:\/\/wip.universanimalier.com\/#organization"},"potentialAction":[{"@type":"SearchAction","target":{"@type":"EntryPoint","urlTemplate":"https:\/\/wip.universanimalier.com\/?s={search_term_string}"},"query-input":{"@type":"PropertyValueSpecification","valueRequired":true,"valueName":"search_term_string"}}],"inLanguage":"en-US"},{"@type":"Organization","@id":"https:\/\/wip.universanimalier.com\/#organization","name":"L'univers Animalier","url":"https:\/\/wip.universanimalier.com\/","logo":{"@type":"ImageObject","inLanguage":"en-US","@id":"https:\/\/wip.universanimalier.com\/#\/schema\/logo\/image\/","url":"https:\/\/universanimalier.com\/wp-content\/uploads\/2021\/06\/logo.jpg","contentUrl":"https:\/\/universanimalier.com\/wp-content\/uploads\/2021\/06\/logo.jpg","width":800,"height":200,"caption":"L'univers Animalier"},"image":{"@id":"https:\/\/wip.universanimalier.com\/#\/schema\/logo\/image\/"},"sameAs":["https:\/\/www.facebook.com\/lunivers.animalier"]}]}},"_links":{"self":[{"href":"https:\/\/universanimalier.com\/en\/wp-json\/wp\/v2\/product\/31329"}],"collection":[{"href":"https:\/\/universanimalier.com\/en\/wp-json\/wp\/v2\/product"}],"about":[{"href":"https:\/\/universanimalier.com\/en\/wp-json\/wp\/v2\/types\/product"}],"wp:featuredmedia":[{"embeddable":true,"href":"https:\/\/universanimalier.com\/en\/wp-json\/wp\/v2\/media\/31332"}],"wp:attachment":[{"href":"https:\/\/universanimalier.com\/en\/wp-json\/wp\/v2\/media?parent=31329"}],"wp:term":[{"taxonomy":"product_brand","embeddable":true,"href":"https:\/\/universanimalier.com\/en\/wp-json\/wp\/v2\/product_brand?post=31329"},{"taxonomy":"product_cat","embeddable":true,"href":"https:\/\/universanimalier.com\/en\/wp-json\/wp\/v2\/product_cat?post=31329"},{"taxonomy":"product_tag","embeddable":true,"href":"https:\/\/universanimalier.com\/en\/wp-json\/wp\/v2\/product_tag?post=31329"}],"curies":[{"name":"wp","href":"https:\/\/api.w.org\/{rel}","templated":true}]}}