{"id":31385,"date":"2020-10-04T22:48:38","date_gmt":"2020-10-04T20:48:38","guid":{"rendered":"https:\/\/universanimalier.com\/?post_type=product&#038;p=31385"},"modified":"2022-02-12T20:48:02","modified_gmt":"2022-02-12T19:48:02","slug":"wooflink-t-shirt-turtleneck-bow","status":"publish","type":"product","link":"https:\/\/universanimalier.com\/en\/boutique\/wooflink-t-shirt-turtleneck-bow\/","title":{"rendered":"Wooflink - T-shirt \/ Turtleneck Bow"},"content":{"rendered":"","protected":false},"excerpt":{"rendered":"<p>Petit t-shirt \u00e0 col montant en coton, avec petits volants brod\u00e9s et un joli noeud orn\u00e9 d&rsquo;un cristal \u2665<\/p>\n<p>S&rsquo;assorti parfaitement avec toutes les jupes, pantalons, &#8230; (voir photos).<\/p>\n<p>Sizes:<\/p>\n<ul>\n<li>1 - XS<\/li>\n<li>2 - S<\/li>\n<li>3 - M<\/li>\n<\/ul>\n<p><a href=\"https:\/\/universanimalier.com\/wp-content\/uploads\/2019\/10\/Capture-d\u2019\u00e9cran-2019-10-07-\u00e0-22.42.08.png\"><img loading=\"lazy\" decoding=\"async\" class=\"alignnone size-medium wp-image-24205\" src=\"https:\/\/universanimalier.com\/wp-content\/uploads\/2019\/10\/Capture-d\u2019\u00e9cran-2019-10-07-\u00e0-22.42.08-300x248.png\" alt=\"\" width=\"300\" height=\"248\" srcset=\"https:\/\/universanimalier.com\/wp-content\/uploads\/2019\/10\/Capture-d\u2019\u00e9cran-2019-10-07-\u00e0-22.42.08-300x248.png 300w, https:\/\/universanimalier.com\/wp-content\/uploads\/2019\/10\/Capture-d\u2019\u00e9cran-2019-10-07-\u00e0-22.42.08-510x421.png 510w, https:\/\/universanimalier.com\/wp-content\/uploads\/2019\/10\/Capture-d\u2019\u00e9cran-2019-10-07-\u00e0-22.42.08-100x83.png 100w, https:\/\/universanimalier.com\/wp-content\/uploads\/2019\/10\/Capture-d\u2019\u00e9cran-2019-10-07-\u00e0-22.42.08.png 642w\" sizes=\"(max-width: 300px) 100vw, 300px\" \/><\/a><\/p>","protected":false},"featured_media":31397,"template":"","meta":[],"product_brand":[],"product_cat":[1654,15],"product_tag":[4320,153,1438,503,3352],"class_list":{"0":"post-31385","1":"product","2":"type-product","3":"status-publish","4":"has-post-thumbnail","6":"product_cat-t-shirts","7":"product_cat-dressing","8":"product_tag-bow-turtleneck","9":"product_tag-t-shirt","10":"product_tag-turtleneck","11":"product_tag-wooflink","12":"product_tag-wooflink-baby","14":"first","15":"instock","16":"shipping-taxable","17":"purchasable","18":"product-type-variable"},"yoast_head":"<!-- This site is optimized with the Yoast SEO plugin v25.5 - https:\/\/yoast.com\/wordpress\/plugins\/seo\/ -->\n<title>Wooflink - T-shirt\/Turtleneck Bow - L&#039;univers Animalier<\/title>\n<meta name=\"robots\" content=\"index, follow, max-snippet:-1, max-image-preview:large, max-video-preview:-1\" \/>\n<link rel=\"canonical\" href=\"https:\/\/wip.universanimalier.com\/boutique\/wooflink-t-shirt-turtleneck-bow\/\" \/>\n<meta property=\"og:locale\" content=\"en_US\" \/>\n<meta property=\"og:type\" content=\"article\" \/>\n<meta property=\"og:title\" content=\"Wooflink - T-shirt\/Turtleneck Bow - L&#039;univers Animalier\" \/>\n<meta property=\"og:description\" content=\"Petit t-shirt \u00e0 col montant en coton, avec petits volants brod\u00e9s et un joli noeud orn\u00e9 d&#039;un cristal \u2665  S&#039;assorti parfaitement avec toutes les jupes, pantalons, ... (voir photos).  Tailles:   1 \u2013 XS  2 \u2013 S  3 \u2013 M\" \/>\n<meta property=\"og:url\" content=\"https:\/\/wip.universanimalier.com\/boutique\/wooflink-t-shirt-turtleneck-bow\/\" \/>\n<meta property=\"og:site_name\" content=\"L&#039;univers Animalier\" \/>\n<meta property=\"article:publisher\" content=\"https:\/\/www.facebook.com\/lunivers.animalier\" \/>\n<meta property=\"article:modified_time\" content=\"2022-02-12T19:48:02+00:00\" \/>\n<meta property=\"og:image\" content=\"https:\/\/wip.universanimalier.com\/wp-content\/uploads\/2020\/10\/IMG_7629__13635.1599406099.1280.1280.jpg\" \/>\n\t<meta property=\"og:image:width\" content=\"850\" \/>\n\t<meta property=\"og:image:height\" content=\"850\" \/>\n\t<meta property=\"og:image:type\" content=\"image\/jpeg\" \/>\n<meta name=\"twitter:card\" content=\"summary_large_image\" \/>\n<script type=\"application\/ld+json\" class=\"yoast-schema-graph\">{\"@context\":\"https:\/\/schema.org\",\"@graph\":[{\"@type\":\"WebPage\",\"@id\":\"https:\/\/wip.universanimalier.com\/boutique\/wooflink-t-shirt-turtleneck-bow\/\",\"url\":\"https:\/\/wip.universanimalier.com\/boutique\/wooflink-t-shirt-turtleneck-bow\/\",\"name\":\"Wooflink - T-shirt\/Turtleneck Bow - L&#039;univers Animalier\",\"isPartOf\":{\"@id\":\"https:\/\/wip.universanimalier.com\/#website\"},\"primaryImageOfPage\":{\"@id\":\"https:\/\/wip.universanimalier.com\/boutique\/wooflink-t-shirt-turtleneck-bow\/#primaryimage\"},\"image\":{\"@id\":\"https:\/\/wip.universanimalier.com\/boutique\/wooflink-t-shirt-turtleneck-bow\/#primaryimage\"},\"thumbnailUrl\":\"https:\/\/universanimalier.com\/wp-content\/uploads\/2020\/10\/IMG_7629__13635.1599406099.1280.1280.jpg\",\"datePublished\":\"2020-10-04T20:48:38+00:00\",\"dateModified\":\"2022-02-12T19:48:02+00:00\",\"breadcrumb\":{\"@id\":\"https:\/\/wip.universanimalier.com\/boutique\/wooflink-t-shirt-turtleneck-bow\/#breadcrumb\"},\"inLanguage\":\"en-US\",\"potentialAction\":[{\"@type\":\"ReadAction\",\"target\":[\"https:\/\/wip.universanimalier.com\/boutique\/wooflink-t-shirt-turtleneck-bow\/\"]}]},{\"@type\":\"ImageObject\",\"inLanguage\":\"en-US\",\"@id\":\"https:\/\/wip.universanimalier.com\/boutique\/wooflink-t-shirt-turtleneck-bow\/#primaryimage\",\"url\":\"https:\/\/universanimalier.com\/wp-content\/uploads\/2020\/10\/IMG_7629__13635.1599406099.1280.1280.jpg\",\"contentUrl\":\"https:\/\/universanimalier.com\/wp-content\/uploads\/2020\/10\/IMG_7629__13635.1599406099.1280.1280.jpg\",\"width\":850,\"height\":850},{\"@type\":\"BreadcrumbList\",\"@id\":\"https:\/\/wip.universanimalier.com\/boutique\/wooflink-t-shirt-turtleneck-bow\/#breadcrumb\",\"itemListElement\":[{\"@type\":\"ListItem\",\"position\":1,\"name\":\"Accueil\",\"item\":\"https:\/\/wip.universanimalier.com\/\"},{\"@type\":\"ListItem\",\"position\":2,\"name\":\"Boutique\",\"item\":\"https:\/\/wip.universanimalier.com\/boutique\/\"},{\"@type\":\"ListItem\",\"position\":3,\"name\":\"Wooflink &#8211; T-shirt\/Turtleneck Bow\"}]},{\"@type\":\"WebSite\",\"@id\":\"https:\/\/wip.universanimalier.com\/#website\",\"url\":\"https:\/\/wip.universanimalier.com\/\",\"name\":\"L'univers Animalier\",\"description\":\"Le paradis des chiens g\u00e2t\u00e9s !\",\"publisher\":{\"@id\":\"https:\/\/wip.universanimalier.com\/#organization\"},\"potentialAction\":[{\"@type\":\"SearchAction\",\"target\":{\"@type\":\"EntryPoint\",\"urlTemplate\":\"https:\/\/wip.universanimalier.com\/?s={search_term_string}\"},\"query-input\":{\"@type\":\"PropertyValueSpecification\",\"valueRequired\":true,\"valueName\":\"search_term_string\"}}],\"inLanguage\":\"en-US\"},{\"@type\":\"Organization\",\"@id\":\"https:\/\/wip.universanimalier.com\/#organization\",\"name\":\"L'univers Animalier\",\"url\":\"https:\/\/wip.universanimalier.com\/\",\"logo\":{\"@type\":\"ImageObject\",\"inLanguage\":\"en-US\",\"@id\":\"https:\/\/wip.universanimalier.com\/#\/schema\/logo\/image\/\",\"url\":\"https:\/\/universanimalier.com\/wp-content\/uploads\/2021\/06\/logo.jpg\",\"contentUrl\":\"https:\/\/universanimalier.com\/wp-content\/uploads\/2021\/06\/logo.jpg\",\"width\":800,\"height\":200,\"caption\":\"L'univers Animalier\"},\"image\":{\"@id\":\"https:\/\/wip.universanimalier.com\/#\/schema\/logo\/image\/\"},\"sameAs\":[\"https:\/\/www.facebook.com\/lunivers.animalier\"]}]}<\/script>\n<!-- \/ Yoast SEO plugin. -->","yoast_head_json":{"title":"Wooflink - T-shirt\/Turtleneck Bow - L&#039;univers Animalier","robots":{"index":"index","follow":"follow","max-snippet":"max-snippet:-1","max-image-preview":"max-image-preview:large","max-video-preview":"max-video-preview:-1"},"canonical":"https:\/\/wip.universanimalier.com\/boutique\/wooflink-t-shirt-turtleneck-bow\/","og_locale":"en_US","og_type":"article","og_title":"Wooflink - T-shirt\/Turtleneck Bow - L&#039;univers Animalier","og_description":"Petit t-shirt \u00e0 col montant en coton, avec petits volants brod\u00e9s et un joli noeud orn\u00e9 d'un cristal \u2665  S'assorti parfaitement avec toutes les jupes, pantalons, ... (voir photos).  Tailles:   1 \u2013 XS  2 \u2013 S  3 \u2013 M","og_url":"https:\/\/wip.universanimalier.com\/boutique\/wooflink-t-shirt-turtleneck-bow\/","og_site_name":"L&#039;univers Animalier","article_publisher":"https:\/\/www.facebook.com\/lunivers.animalier","article_modified_time":"2022-02-12T19:48:02+00:00","og_image":[{"width":850,"height":850,"url":"https:\/\/wip.universanimalier.com\/wp-content\/uploads\/2020\/10\/IMG_7629__13635.1599406099.1280.1280.jpg","type":"image\/jpeg"}],"twitter_card":"summary_large_image","schema":{"@context":"https:\/\/schema.org","@graph":[{"@type":"WebPage","@id":"https:\/\/wip.universanimalier.com\/boutique\/wooflink-t-shirt-turtleneck-bow\/","url":"https:\/\/wip.universanimalier.com\/boutique\/wooflink-t-shirt-turtleneck-bow\/","name":"Wooflink - T-shirt\/Turtleneck Bow - L&#039;univers Animalier","isPartOf":{"@id":"https:\/\/wip.universanimalier.com\/#website"},"primaryImageOfPage":{"@id":"https:\/\/wip.universanimalier.com\/boutique\/wooflink-t-shirt-turtleneck-bow\/#primaryimage"},"image":{"@id":"https:\/\/wip.universanimalier.com\/boutique\/wooflink-t-shirt-turtleneck-bow\/#primaryimage"},"thumbnailUrl":"https:\/\/universanimalier.com\/wp-content\/uploads\/2020\/10\/IMG_7629__13635.1599406099.1280.1280.jpg","datePublished":"2020-10-04T20:48:38+00:00","dateModified":"2022-02-12T19:48:02+00:00","breadcrumb":{"@id":"https:\/\/wip.universanimalier.com\/boutique\/wooflink-t-shirt-turtleneck-bow\/#breadcrumb"},"inLanguage":"en-US","potentialAction":[{"@type":"ReadAction","target":["https:\/\/wip.universanimalier.com\/boutique\/wooflink-t-shirt-turtleneck-bow\/"]}]},{"@type":"ImageObject","inLanguage":"en-US","@id":"https:\/\/wip.universanimalier.com\/boutique\/wooflink-t-shirt-turtleneck-bow\/#primaryimage","url":"https:\/\/universanimalier.com\/wp-content\/uploads\/2020\/10\/IMG_7629__13635.1599406099.1280.1280.jpg","contentUrl":"https:\/\/universanimalier.com\/wp-content\/uploads\/2020\/10\/IMG_7629__13635.1599406099.1280.1280.jpg","width":850,"height":850},{"@type":"BreadcrumbList","@id":"https:\/\/wip.universanimalier.com\/boutique\/wooflink-t-shirt-turtleneck-bow\/#breadcrumb","itemListElement":[{"@type":"ListItem","position":1,"name":"Accueil","item":"https:\/\/wip.universanimalier.com\/"},{"@type":"ListItem","position":2,"name":"Boutique","item":"https:\/\/wip.universanimalier.com\/boutique\/"},{"@type":"ListItem","position":3,"name":"Wooflink &#8211; T-shirt\/Turtleneck Bow"}]},{"@type":"WebSite","@id":"https:\/\/wip.universanimalier.com\/#website","url":"https:\/\/wip.universanimalier.com\/","name":"L'univers Animalier","description":"A paradise for spoiled dogs!","publisher":{"@id":"https:\/\/wip.universanimalier.com\/#organization"},"potentialAction":[{"@type":"SearchAction","target":{"@type":"EntryPoint","urlTemplate":"https:\/\/wip.universanimalier.com\/?s={search_term_string}"},"query-input":{"@type":"PropertyValueSpecification","valueRequired":true,"valueName":"search_term_string"}}],"inLanguage":"en-US"},{"@type":"Organization","@id":"https:\/\/wip.universanimalier.com\/#organization","name":"L'univers Animalier","url":"https:\/\/wip.universanimalier.com\/","logo":{"@type":"ImageObject","inLanguage":"en-US","@id":"https:\/\/wip.universanimalier.com\/#\/schema\/logo\/image\/","url":"https:\/\/universanimalier.com\/wp-content\/uploads\/2021\/06\/logo.jpg","contentUrl":"https:\/\/universanimalier.com\/wp-content\/uploads\/2021\/06\/logo.jpg","width":800,"height":200,"caption":"L'univers Animalier"},"image":{"@id":"https:\/\/wip.universanimalier.com\/#\/schema\/logo\/image\/"},"sameAs":["https:\/\/www.facebook.com\/lunivers.animalier"]}]}},"_links":{"self":[{"href":"https:\/\/universanimalier.com\/en\/wp-json\/wp\/v2\/product\/31385"}],"collection":[{"href":"https:\/\/universanimalier.com\/en\/wp-json\/wp\/v2\/product"}],"about":[{"href":"https:\/\/universanimalier.com\/en\/wp-json\/wp\/v2\/types\/product"}],"wp:featuredmedia":[{"embeddable":true,"href":"https:\/\/universanimalier.com\/en\/wp-json\/wp\/v2\/media\/31397"}],"wp:attachment":[{"href":"https:\/\/universanimalier.com\/en\/wp-json\/wp\/v2\/media?parent=31385"}],"wp:term":[{"taxonomy":"product_brand","embeddable":true,"href":"https:\/\/universanimalier.com\/en\/wp-json\/wp\/v2\/product_brand?post=31385"},{"taxonomy":"product_cat","embeddable":true,"href":"https:\/\/universanimalier.com\/en\/wp-json\/wp\/v2\/product_cat?post=31385"},{"taxonomy":"product_tag","embeddable":true,"href":"https:\/\/universanimalier.com\/en\/wp-json\/wp\/v2\/product_tag?post=31385"}],"curies":[{"name":"wp","href":"https:\/\/api.w.org\/{rel}","templated":true}]}}