{"id":31598,"date":"2020-10-10T18:36:42","date_gmt":"2020-10-10T16:36:42","guid":{"rendered":"https:\/\/universanimalier.com\/?post_type=product&#038;p=31598"},"modified":"2022-12-28T13:24:48","modified_gmt":"2022-12-28T12:24:48","slug":"mon-bonbon-harnais-harness-brera-brown","status":"publish","type":"product","link":"https:\/\/universanimalier.com\/en\/boutique\/mon-bonbon-harnais-harness-brera-brown\/","title":{"rendered":"Mon Bonbon - Harness \/ Harness Brera Brown"},"content":{"rendered":"","protected":false},"excerpt":{"rendered":"<p>Very chic and comfortable small jacket style harness.<\/p>\n<ul>\n<li>Suede effect material<\/li>\n<li>Satin inner material<\/li>\n<li>Very soft faux fur collar and bottom<\/li>\n<li>MB Logo<\/li>\n<li>Double attachment for the leash<\/li>\n<li>Very practical velcro closure<\/li>\n<\/ul>","protected":false},"featured_media":31578,"template":"","meta":[],"product_brand":[],"product_cat":[1659,52,15],"product_tag":[228,4362,2353,2352,354,806,22,1801],"class_list":{"0":"post-31598","1":"product","2":"type-product","3":"status-publish","4":"has-post-thumbnail","6":"product_cat-manteaux","7":"product_cat-harnais","8":"product_cat-dressing","9":"product_tag-harnais","10":"product_tag-harnais-brera","11":"product_tag-harnais-cognac","12":"product_tag-harnais-marron","13":"product_tag-harness","14":"product_tag-mbb","15":"product_tag-mon-bonbon","16":"product_tag-mon-bonbon-milano","18":"first","19":"instock","20":"shipping-taxable","21":"purchasable","22":"product-type-variable"},"yoast_head":"<!-- This site is optimized with the Yoast SEO plugin v25.5 - https:\/\/yoast.com\/wordpress\/plugins\/seo\/ -->\n<title>Mon Bonbon - Harnais\/Harness Brera Brown - L&#039;univers Animalier<\/title>\n<meta name=\"robots\" content=\"index, follow, max-snippet:-1, max-image-preview:large, max-video-preview:-1\" \/>\n<link rel=\"canonical\" href=\"https:\/\/wip.universanimalier.com\/boutique\/mon-bonbon-harnais-harness-brera-brown\/\" \/>\n<meta property=\"og:locale\" content=\"en_US\" \/>\n<meta property=\"og:type\" content=\"article\" \/>\n<meta property=\"og:title\" content=\"Mon Bonbon - Harnais\/Harness Brera Brown - L&#039;univers Animalier\" \/>\n<meta property=\"og:description\" content=\"Harnais fa\u00e7on petite veste tr\u00e8s chic et confortable.   Mati\u00e8re effet daim  Mati\u00e8re int\u00e9rieure satin\u00e9e  Col et bas en fausse fourrure tr\u00e8s douce  Logo MB  Attache double pour la laisse  Fermeture velcro tr\u00e8s pratique\" \/>\n<meta property=\"og:url\" content=\"https:\/\/wip.universanimalier.com\/boutique\/mon-bonbon-harnais-harness-brera-brown\/\" \/>\n<meta property=\"og:site_name\" content=\"L&#039;univers Animalier\" \/>\n<meta property=\"article:publisher\" content=\"https:\/\/www.facebook.com\/lunivers.animalier\" \/>\n<meta property=\"article:modified_time\" content=\"2022-12-28T12:24:48+00:00\" \/>\n<meta property=\"og:image\" content=\"https:\/\/wip.universanimalier.com\/wp-content\/uploads\/2020\/10\/05813878-9C24-4E10-B612-05372C4F886B.jpeg\" \/>\n\t<meta property=\"og:image:width\" content=\"1600\" \/>\n\t<meta property=\"og:image:height\" content=\"1600\" \/>\n\t<meta property=\"og:image:type\" content=\"image\/jpeg\" \/>\n<meta name=\"twitter:card\" content=\"summary_large_image\" \/>\n<script type=\"application\/ld+json\" class=\"yoast-schema-graph\">{\"@context\":\"https:\/\/schema.org\",\"@graph\":[{\"@type\":\"WebPage\",\"@id\":\"https:\/\/wip.universanimalier.com\/boutique\/mon-bonbon-harnais-harness-brera-brown\/\",\"url\":\"https:\/\/wip.universanimalier.com\/boutique\/mon-bonbon-harnais-harness-brera-brown\/\",\"name\":\"Mon Bonbon - Harnais\/Harness Brera Brown - L&#039;univers Animalier\",\"isPartOf\":{\"@id\":\"https:\/\/wip.universanimalier.com\/#website\"},\"primaryImageOfPage\":{\"@id\":\"https:\/\/wip.universanimalier.com\/boutique\/mon-bonbon-harnais-harness-brera-brown\/#primaryimage\"},\"image\":{\"@id\":\"https:\/\/wip.universanimalier.com\/boutique\/mon-bonbon-harnais-harness-brera-brown\/#primaryimage\"},\"thumbnailUrl\":\"https:\/\/universanimalier.com\/wp-content\/uploads\/2020\/10\/05813878-9C24-4E10-B612-05372C4F886B.jpeg\",\"datePublished\":\"2020-10-10T16:36:42+00:00\",\"dateModified\":\"2022-12-28T12:24:48+00:00\",\"breadcrumb\":{\"@id\":\"https:\/\/wip.universanimalier.com\/boutique\/mon-bonbon-harnais-harness-brera-brown\/#breadcrumb\"},\"inLanguage\":\"en-US\",\"potentialAction\":[{\"@type\":\"ReadAction\",\"target\":[\"https:\/\/wip.universanimalier.com\/boutique\/mon-bonbon-harnais-harness-brera-brown\/\"]}]},{\"@type\":\"ImageObject\",\"inLanguage\":\"en-US\",\"@id\":\"https:\/\/wip.universanimalier.com\/boutique\/mon-bonbon-harnais-harness-brera-brown\/#primaryimage\",\"url\":\"https:\/\/universanimalier.com\/wp-content\/uploads\/2020\/10\/05813878-9C24-4E10-B612-05372C4F886B.jpeg\",\"contentUrl\":\"https:\/\/universanimalier.com\/wp-content\/uploads\/2020\/10\/05813878-9C24-4E10-B612-05372C4F886B.jpeg\",\"width\":1600,\"height\":1600},{\"@type\":\"BreadcrumbList\",\"@id\":\"https:\/\/wip.universanimalier.com\/boutique\/mon-bonbon-harnais-harness-brera-brown\/#breadcrumb\",\"itemListElement\":[{\"@type\":\"ListItem\",\"position\":1,\"name\":\"Accueil\",\"item\":\"https:\/\/wip.universanimalier.com\/\"},{\"@type\":\"ListItem\",\"position\":2,\"name\":\"Boutique\",\"item\":\"https:\/\/wip.universanimalier.com\/boutique\/\"},{\"@type\":\"ListItem\",\"position\":3,\"name\":\"Mon Bonbon &#8211; Harnais\/Harness Brera Brown\"}]},{\"@type\":\"WebSite\",\"@id\":\"https:\/\/wip.universanimalier.com\/#website\",\"url\":\"https:\/\/wip.universanimalier.com\/\",\"name\":\"L'univers Animalier\",\"description\":\"Le paradis des chiens g\u00e2t\u00e9s !\",\"publisher\":{\"@id\":\"https:\/\/wip.universanimalier.com\/#organization\"},\"potentialAction\":[{\"@type\":\"SearchAction\",\"target\":{\"@type\":\"EntryPoint\",\"urlTemplate\":\"https:\/\/wip.universanimalier.com\/?s={search_term_string}\"},\"query-input\":{\"@type\":\"PropertyValueSpecification\",\"valueRequired\":true,\"valueName\":\"search_term_string\"}}],\"inLanguage\":\"en-US\"},{\"@type\":\"Organization\",\"@id\":\"https:\/\/wip.universanimalier.com\/#organization\",\"name\":\"L'univers Animalier\",\"url\":\"https:\/\/wip.universanimalier.com\/\",\"logo\":{\"@type\":\"ImageObject\",\"inLanguage\":\"en-US\",\"@id\":\"https:\/\/wip.universanimalier.com\/#\/schema\/logo\/image\/\",\"url\":\"https:\/\/universanimalier.com\/wp-content\/uploads\/2021\/06\/logo.jpg\",\"contentUrl\":\"https:\/\/universanimalier.com\/wp-content\/uploads\/2021\/06\/logo.jpg\",\"width\":800,\"height\":200,\"caption\":\"L'univers Animalier\"},\"image\":{\"@id\":\"https:\/\/wip.universanimalier.com\/#\/schema\/logo\/image\/\"},\"sameAs\":[\"https:\/\/www.facebook.com\/lunivers.animalier\"]}]}<\/script>\n<!-- \/ Yoast SEO plugin. -->","yoast_head_json":{"title":"Mon Bonbon - Harnais\/Harness Brera Brown - L&#039;univers Animalier","robots":{"index":"index","follow":"follow","max-snippet":"max-snippet:-1","max-image-preview":"max-image-preview:large","max-video-preview":"max-video-preview:-1"},"canonical":"https:\/\/wip.universanimalier.com\/boutique\/mon-bonbon-harnais-harness-brera-brown\/","og_locale":"en_US","og_type":"article","og_title":"Mon Bonbon - Harnais\/Harness Brera Brown - L&#039;univers Animalier","og_description":"Harnais fa\u00e7on petite veste tr\u00e8s chic et confortable.   Mati\u00e8re effet daim  Mati\u00e8re int\u00e9rieure satin\u00e9e  Col et bas en fausse fourrure tr\u00e8s douce  Logo MB  Attache double pour la laisse  Fermeture velcro tr\u00e8s pratique","og_url":"https:\/\/wip.universanimalier.com\/boutique\/mon-bonbon-harnais-harness-brera-brown\/","og_site_name":"L&#039;univers Animalier","article_publisher":"https:\/\/www.facebook.com\/lunivers.animalier","article_modified_time":"2022-12-28T12:24:48+00:00","og_image":[{"width":1600,"height":1600,"url":"https:\/\/wip.universanimalier.com\/wp-content\/uploads\/2020\/10\/05813878-9C24-4E10-B612-05372C4F886B.jpeg","type":"image\/jpeg"}],"twitter_card":"summary_large_image","schema":{"@context":"https:\/\/schema.org","@graph":[{"@type":"WebPage","@id":"https:\/\/wip.universanimalier.com\/boutique\/mon-bonbon-harnais-harness-brera-brown\/","url":"https:\/\/wip.universanimalier.com\/boutique\/mon-bonbon-harnais-harness-brera-brown\/","name":"Mon Bonbon - Harnais\/Harness Brera Brown - L&#039;univers Animalier","isPartOf":{"@id":"https:\/\/wip.universanimalier.com\/#website"},"primaryImageOfPage":{"@id":"https:\/\/wip.universanimalier.com\/boutique\/mon-bonbon-harnais-harness-brera-brown\/#primaryimage"},"image":{"@id":"https:\/\/wip.universanimalier.com\/boutique\/mon-bonbon-harnais-harness-brera-brown\/#primaryimage"},"thumbnailUrl":"https:\/\/universanimalier.com\/wp-content\/uploads\/2020\/10\/05813878-9C24-4E10-B612-05372C4F886B.jpeg","datePublished":"2020-10-10T16:36:42+00:00","dateModified":"2022-12-28T12:24:48+00:00","breadcrumb":{"@id":"https:\/\/wip.universanimalier.com\/boutique\/mon-bonbon-harnais-harness-brera-brown\/#breadcrumb"},"inLanguage":"en-US","potentialAction":[{"@type":"ReadAction","target":["https:\/\/wip.universanimalier.com\/boutique\/mon-bonbon-harnais-harness-brera-brown\/"]}]},{"@type":"ImageObject","inLanguage":"en-US","@id":"https:\/\/wip.universanimalier.com\/boutique\/mon-bonbon-harnais-harness-brera-brown\/#primaryimage","url":"https:\/\/universanimalier.com\/wp-content\/uploads\/2020\/10\/05813878-9C24-4E10-B612-05372C4F886B.jpeg","contentUrl":"https:\/\/universanimalier.com\/wp-content\/uploads\/2020\/10\/05813878-9C24-4E10-B612-05372C4F886B.jpeg","width":1600,"height":1600},{"@type":"BreadcrumbList","@id":"https:\/\/wip.universanimalier.com\/boutique\/mon-bonbon-harnais-harness-brera-brown\/#breadcrumb","itemListElement":[{"@type":"ListItem","position":1,"name":"Accueil","item":"https:\/\/wip.universanimalier.com\/"},{"@type":"ListItem","position":2,"name":"Boutique","item":"https:\/\/wip.universanimalier.com\/boutique\/"},{"@type":"ListItem","position":3,"name":"Mon Bonbon &#8211; Harnais\/Harness Brera Brown"}]},{"@type":"WebSite","@id":"https:\/\/wip.universanimalier.com\/#website","url":"https:\/\/wip.universanimalier.com\/","name":"L'univers Animalier","description":"A paradise for spoiled dogs!","publisher":{"@id":"https:\/\/wip.universanimalier.com\/#organization"},"potentialAction":[{"@type":"SearchAction","target":{"@type":"EntryPoint","urlTemplate":"https:\/\/wip.universanimalier.com\/?s={search_term_string}"},"query-input":{"@type":"PropertyValueSpecification","valueRequired":true,"valueName":"search_term_string"}}],"inLanguage":"en-US"},{"@type":"Organization","@id":"https:\/\/wip.universanimalier.com\/#organization","name":"L'univers Animalier","url":"https:\/\/wip.universanimalier.com\/","logo":{"@type":"ImageObject","inLanguage":"en-US","@id":"https:\/\/wip.universanimalier.com\/#\/schema\/logo\/image\/","url":"https:\/\/universanimalier.com\/wp-content\/uploads\/2021\/06\/logo.jpg","contentUrl":"https:\/\/universanimalier.com\/wp-content\/uploads\/2021\/06\/logo.jpg","width":800,"height":200,"caption":"L'univers Animalier"},"image":{"@id":"https:\/\/wip.universanimalier.com\/#\/schema\/logo\/image\/"},"sameAs":["https:\/\/www.facebook.com\/lunivers.animalier"]}]}},"_links":{"self":[{"href":"https:\/\/universanimalier.com\/en\/wp-json\/wp\/v2\/product\/31598"}],"collection":[{"href":"https:\/\/universanimalier.com\/en\/wp-json\/wp\/v2\/product"}],"about":[{"href":"https:\/\/universanimalier.com\/en\/wp-json\/wp\/v2\/types\/product"}],"wp:featuredmedia":[{"embeddable":true,"href":"https:\/\/universanimalier.com\/en\/wp-json\/wp\/v2\/media\/31578"}],"wp:attachment":[{"href":"https:\/\/universanimalier.com\/en\/wp-json\/wp\/v2\/media?parent=31598"}],"wp:term":[{"taxonomy":"product_brand","embeddable":true,"href":"https:\/\/universanimalier.com\/en\/wp-json\/wp\/v2\/product_brand?post=31598"},{"taxonomy":"product_cat","embeddable":true,"href":"https:\/\/universanimalier.com\/en\/wp-json\/wp\/v2\/product_cat?post=31598"},{"taxonomy":"product_tag","embeddable":true,"href":"https:\/\/universanimalier.com\/en\/wp-json\/wp\/v2\/product_tag?post=31598"}],"curies":[{"name":"wp","href":"https:\/\/api.w.org\/{rel}","templated":true}]}}