{"id":31670,"date":"2020-10-17T10:13:53","date_gmt":"2020-10-17T08:13:53","guid":{"rendered":"https:\/\/universanimalier.com\/?post_type=product&#038;p=31670"},"modified":"2024-06-29T22:03:16","modified_gmt":"2024-06-29T20:03:16","slug":"coussin-xanti-gris","status":"publish","type":"product","link":"https:\/\/universanimalier.com\/en\/boutique\/coussin-xanti-gris\/","title":{"rendered":"Xanti Gray Cushion"},"content":{"rendered":"","protected":false},"excerpt":{"rendered":"<p id=\"tw-target-text\" class=\"tw-data-text tw-text-large XcVN5d tw-ta\" dir=\"ltr\" style=\"padding-left: 40px;\" data-placeholder=\"Traduction\"><span lang=\"fr\">Le coussin Xanti est merveilleusement doux et pourvu d&rsquo;un tissu antid\u00e9rapant sur le fond.<\/span><\/p>\n<ul>\n<li dir=\"ltr\" data-placeholder=\"Traduction\">very soft, high-quality plush<\/li>\n<li dir=\"ltr\" data-placeholder=\"Traduction\">thick and very soft<\/li>\n<li dir=\"ltr\" data-placeholder=\"Traduction\">zipper to be able to pay it easily<\/li>\n<li dir=\"ltr\" data-placeholder=\"Traduction\">cover machine washable at 30 \u00b0<\/li>\n<li dir=\"ltr\" data-placeholder=\"Traduction\">suitable for small and large sizes<\/li>\n<li dir=\"ltr\" data-placeholder=\"Traduction\">2 sizes available:\n<ul>\n<li dir=\"ltr\" data-placeholder=\"Traduction\">70 x 50 x 5 cm<\/li>\n<li dir=\"ltr\" data-placeholder=\"Traduction\">100 x 68 x 5 cm<\/li>\n<\/ul>\n<\/li>\n<\/ul>","protected":false},"featured_media":31658,"template":"","meta":[],"product_brand":[],"product_cat":[24,25,26],"product_tag":[4376,3163,3162,4375],"class_list":{"0":"post-31670","1":"product","2":"type-product","3":"status-publish","4":"has-post-thumbnail","6":"product_cat-a-la-maison","7":"product_cat-coussins","8":"product_cat-paniers","9":"product_tag-coussin-grand-chien","10":"product_tag-coussin-gris","11":"product_tag-coussin-pour-chien","12":"product_tag-coussin-xanti","14":"first","15":"instock","16":"shipping-taxable","17":"purchasable","18":"product-type-variable"},"yoast_head":"<!-- This site is optimized with the Yoast SEO plugin v25.5 - https:\/\/yoast.com\/wordpress\/plugins\/seo\/ -->\n<title>Coussin Xanti Gris - L&#039;univers Animalier<\/title>\n<meta name=\"robots\" content=\"index, follow, max-snippet:-1, max-image-preview:large, max-video-preview:-1\" \/>\n<link rel=\"canonical\" href=\"https:\/\/wip.universanimalier.com\/boutique\/coussin-xanti-gris\/\" \/>\n<meta property=\"og:locale\" content=\"en_US\" \/>\n<meta property=\"og:type\" content=\"article\" \/>\n<meta property=\"og:title\" content=\"Coussin Xanti Gris - L&#039;univers Animalier\" \/>\n<meta property=\"og:description\" content=\"Le coussin Xanti est merveilleusement doux et pourvu d&#039;un tissu antid\u00e9rapant sur le fond.    en peluche toute douce de haute qualit\u00e9  \u00e9pais et bien moelleux  fermeture \u00e9clair pour pouvoir le d\u00e9bourser facilement  housse lavable en machine \u00e0 30\u00b0  convient aux petits et aux grands gabarits  2 tailles disponibles:   70 x 50 x 5 cm  100 x 68 x 5 cm\" \/>\n<meta property=\"og:url\" content=\"https:\/\/wip.universanimalier.com\/boutique\/coussin-xanti-gris\/\" \/>\n<meta property=\"og:site_name\" content=\"L&#039;univers Animalier\" \/>\n<meta property=\"article:publisher\" content=\"https:\/\/www.facebook.com\/lunivers.animalier\" \/>\n<meta property=\"article:modified_time\" content=\"2024-06-29T20:03:16+00:00\" \/>\n<meta property=\"og:image\" content=\"https:\/\/wip.universanimalier.com\/wp-content\/uploads\/2020\/10\/designed_by_lotte_hondenkussen_xanti_grijs_70x50_cm_1.jpg\" \/>\n\t<meta property=\"og:image:width\" content=\"800\" \/>\n\t<meta property=\"og:image:height\" content=\"800\" \/>\n\t<meta property=\"og:image:type\" content=\"image\/jpeg\" \/>\n<meta name=\"twitter:card\" content=\"summary_large_image\" \/>\n<script type=\"application\/ld+json\" class=\"yoast-schema-graph\">{\"@context\":\"https:\/\/schema.org\",\"@graph\":[{\"@type\":\"WebPage\",\"@id\":\"https:\/\/wip.universanimalier.com\/boutique\/coussin-xanti-gris\/\",\"url\":\"https:\/\/wip.universanimalier.com\/boutique\/coussin-xanti-gris\/\",\"name\":\"Coussin Xanti Gris - L&#039;univers Animalier\",\"isPartOf\":{\"@id\":\"https:\/\/wip.universanimalier.com\/#website\"},\"primaryImageOfPage\":{\"@id\":\"https:\/\/wip.universanimalier.com\/boutique\/coussin-xanti-gris\/#primaryimage\"},\"image\":{\"@id\":\"https:\/\/wip.universanimalier.com\/boutique\/coussin-xanti-gris\/#primaryimage\"},\"thumbnailUrl\":\"https:\/\/universanimalier.com\/wp-content\/uploads\/2020\/10\/designed_by_lotte_hondenkussen_xanti_grijs_70x50_cm_1.jpg\",\"datePublished\":\"2020-10-17T08:13:53+00:00\",\"dateModified\":\"2024-06-29T20:03:16+00:00\",\"breadcrumb\":{\"@id\":\"https:\/\/wip.universanimalier.com\/boutique\/coussin-xanti-gris\/#breadcrumb\"},\"inLanguage\":\"en-US\",\"potentialAction\":[{\"@type\":\"ReadAction\",\"target\":[\"https:\/\/wip.universanimalier.com\/boutique\/coussin-xanti-gris\/\"]}]},{\"@type\":\"ImageObject\",\"inLanguage\":\"en-US\",\"@id\":\"https:\/\/wip.universanimalier.com\/boutique\/coussin-xanti-gris\/#primaryimage\",\"url\":\"https:\/\/universanimalier.com\/wp-content\/uploads\/2020\/10\/designed_by_lotte_hondenkussen_xanti_grijs_70x50_cm_1.jpg\",\"contentUrl\":\"https:\/\/universanimalier.com\/wp-content\/uploads\/2020\/10\/designed_by_lotte_hondenkussen_xanti_grijs_70x50_cm_1.jpg\",\"width\":800,\"height\":800},{\"@type\":\"BreadcrumbList\",\"@id\":\"https:\/\/wip.universanimalier.com\/boutique\/coussin-xanti-gris\/#breadcrumb\",\"itemListElement\":[{\"@type\":\"ListItem\",\"position\":1,\"name\":\"Accueil\",\"item\":\"https:\/\/wip.universanimalier.com\/\"},{\"@type\":\"ListItem\",\"position\":2,\"name\":\"Boutique\",\"item\":\"https:\/\/wip.universanimalier.com\/boutique\/\"},{\"@type\":\"ListItem\",\"position\":3,\"name\":\"Coussin Xanti Gris\"}]},{\"@type\":\"WebSite\",\"@id\":\"https:\/\/wip.universanimalier.com\/#website\",\"url\":\"https:\/\/wip.universanimalier.com\/\",\"name\":\"L'univers Animalier\",\"description\":\"Le paradis des chiens g\u00e2t\u00e9s !\",\"publisher\":{\"@id\":\"https:\/\/wip.universanimalier.com\/#organization\"},\"potentialAction\":[{\"@type\":\"SearchAction\",\"target\":{\"@type\":\"EntryPoint\",\"urlTemplate\":\"https:\/\/wip.universanimalier.com\/?s={search_term_string}\"},\"query-input\":{\"@type\":\"PropertyValueSpecification\",\"valueRequired\":true,\"valueName\":\"search_term_string\"}}],\"inLanguage\":\"en-US\"},{\"@type\":\"Organization\",\"@id\":\"https:\/\/wip.universanimalier.com\/#organization\",\"name\":\"L'univers Animalier\",\"url\":\"https:\/\/wip.universanimalier.com\/\",\"logo\":{\"@type\":\"ImageObject\",\"inLanguage\":\"en-US\",\"@id\":\"https:\/\/wip.universanimalier.com\/#\/schema\/logo\/image\/\",\"url\":\"https:\/\/universanimalier.com\/wp-content\/uploads\/2021\/06\/logo.jpg\",\"contentUrl\":\"https:\/\/universanimalier.com\/wp-content\/uploads\/2021\/06\/logo.jpg\",\"width\":800,\"height\":200,\"caption\":\"L'univers Animalier\"},\"image\":{\"@id\":\"https:\/\/wip.universanimalier.com\/#\/schema\/logo\/image\/\"},\"sameAs\":[\"https:\/\/www.facebook.com\/lunivers.animalier\"]}]}<\/script>\n<!-- \/ Yoast SEO plugin. -->","yoast_head_json":{"title":"Coussin Xanti Gris - L&#039;univers Animalier","robots":{"index":"index","follow":"follow","max-snippet":"max-snippet:-1","max-image-preview":"max-image-preview:large","max-video-preview":"max-video-preview:-1"},"canonical":"https:\/\/wip.universanimalier.com\/boutique\/coussin-xanti-gris\/","og_locale":"en_US","og_type":"article","og_title":"Coussin Xanti Gris - L&#039;univers Animalier","og_description":"Le coussin Xanti est merveilleusement doux et pourvu d'un tissu antid\u00e9rapant sur le fond.    en peluche toute douce de haute qualit\u00e9  \u00e9pais et bien moelleux  fermeture \u00e9clair pour pouvoir le d\u00e9bourser facilement  housse lavable en machine \u00e0 30\u00b0  convient aux petits et aux grands gabarits  2 tailles disponibles:   70 x 50 x 5 cm  100 x 68 x 5 cm","og_url":"https:\/\/wip.universanimalier.com\/boutique\/coussin-xanti-gris\/","og_site_name":"L&#039;univers Animalier","article_publisher":"https:\/\/www.facebook.com\/lunivers.animalier","article_modified_time":"2024-06-29T20:03:16+00:00","og_image":[{"width":800,"height":800,"url":"https:\/\/wip.universanimalier.com\/wp-content\/uploads\/2020\/10\/designed_by_lotte_hondenkussen_xanti_grijs_70x50_cm_1.jpg","type":"image\/jpeg"}],"twitter_card":"summary_large_image","schema":{"@context":"https:\/\/schema.org","@graph":[{"@type":"WebPage","@id":"https:\/\/wip.universanimalier.com\/boutique\/coussin-xanti-gris\/","url":"https:\/\/wip.universanimalier.com\/boutique\/coussin-xanti-gris\/","name":"Coussin Xanti Gris - L&#039;univers Animalier","isPartOf":{"@id":"https:\/\/wip.universanimalier.com\/#website"},"primaryImageOfPage":{"@id":"https:\/\/wip.universanimalier.com\/boutique\/coussin-xanti-gris\/#primaryimage"},"image":{"@id":"https:\/\/wip.universanimalier.com\/boutique\/coussin-xanti-gris\/#primaryimage"},"thumbnailUrl":"https:\/\/universanimalier.com\/wp-content\/uploads\/2020\/10\/designed_by_lotte_hondenkussen_xanti_grijs_70x50_cm_1.jpg","datePublished":"2020-10-17T08:13:53+00:00","dateModified":"2024-06-29T20:03:16+00:00","breadcrumb":{"@id":"https:\/\/wip.universanimalier.com\/boutique\/coussin-xanti-gris\/#breadcrumb"},"inLanguage":"en-US","potentialAction":[{"@type":"ReadAction","target":["https:\/\/wip.universanimalier.com\/boutique\/coussin-xanti-gris\/"]}]},{"@type":"ImageObject","inLanguage":"en-US","@id":"https:\/\/wip.universanimalier.com\/boutique\/coussin-xanti-gris\/#primaryimage","url":"https:\/\/universanimalier.com\/wp-content\/uploads\/2020\/10\/designed_by_lotte_hondenkussen_xanti_grijs_70x50_cm_1.jpg","contentUrl":"https:\/\/universanimalier.com\/wp-content\/uploads\/2020\/10\/designed_by_lotte_hondenkussen_xanti_grijs_70x50_cm_1.jpg","width":800,"height":800},{"@type":"BreadcrumbList","@id":"https:\/\/wip.universanimalier.com\/boutique\/coussin-xanti-gris\/#breadcrumb","itemListElement":[{"@type":"ListItem","position":1,"name":"Accueil","item":"https:\/\/wip.universanimalier.com\/"},{"@type":"ListItem","position":2,"name":"Boutique","item":"https:\/\/wip.universanimalier.com\/boutique\/"},{"@type":"ListItem","position":3,"name":"Coussin Xanti Gris"}]},{"@type":"WebSite","@id":"https:\/\/wip.universanimalier.com\/#website","url":"https:\/\/wip.universanimalier.com\/","name":"L'univers Animalier","description":"A paradise for spoiled dogs!","publisher":{"@id":"https:\/\/wip.universanimalier.com\/#organization"},"potentialAction":[{"@type":"SearchAction","target":{"@type":"EntryPoint","urlTemplate":"https:\/\/wip.universanimalier.com\/?s={search_term_string}"},"query-input":{"@type":"PropertyValueSpecification","valueRequired":true,"valueName":"search_term_string"}}],"inLanguage":"en-US"},{"@type":"Organization","@id":"https:\/\/wip.universanimalier.com\/#organization","name":"L'univers Animalier","url":"https:\/\/wip.universanimalier.com\/","logo":{"@type":"ImageObject","inLanguage":"en-US","@id":"https:\/\/wip.universanimalier.com\/#\/schema\/logo\/image\/","url":"https:\/\/universanimalier.com\/wp-content\/uploads\/2021\/06\/logo.jpg","contentUrl":"https:\/\/universanimalier.com\/wp-content\/uploads\/2021\/06\/logo.jpg","width":800,"height":200,"caption":"L'univers Animalier"},"image":{"@id":"https:\/\/wip.universanimalier.com\/#\/schema\/logo\/image\/"},"sameAs":["https:\/\/www.facebook.com\/lunivers.animalier"]}]}},"_links":{"self":[{"href":"https:\/\/universanimalier.com\/en\/wp-json\/wp\/v2\/product\/31670"}],"collection":[{"href":"https:\/\/universanimalier.com\/en\/wp-json\/wp\/v2\/product"}],"about":[{"href":"https:\/\/universanimalier.com\/en\/wp-json\/wp\/v2\/types\/product"}],"wp:featuredmedia":[{"embeddable":true,"href":"https:\/\/universanimalier.com\/en\/wp-json\/wp\/v2\/media\/31658"}],"wp:attachment":[{"href":"https:\/\/universanimalier.com\/en\/wp-json\/wp\/v2\/media?parent=31670"}],"wp:term":[{"taxonomy":"product_brand","embeddable":true,"href":"https:\/\/universanimalier.com\/en\/wp-json\/wp\/v2\/product_brand?post=31670"},{"taxonomy":"product_cat","embeddable":true,"href":"https:\/\/universanimalier.com\/en\/wp-json\/wp\/v2\/product_cat?post=31670"},{"taxonomy":"product_tag","embeddable":true,"href":"https:\/\/universanimalier.com\/en\/wp-json\/wp\/v2\/product_tag?post=31670"}],"curies":[{"name":"wp","href":"https:\/\/api.w.org\/{rel}","templated":true}]}}