{"id":31917,"date":"2020-10-26T17:41:46","date_gmt":"2020-10-26T16:41:46","guid":{"rendered":"https:\/\/universanimalier.com\/?post_type=product&#038;p=31917"},"modified":"2024-01-01T22:52:42","modified_gmt":"2024-01-01T21:52:42","slug":"i-love-my-dog-pull-orsetto-cream","status":"publish","type":"product","link":"https:\/\/universanimalier.com\/en\/boutique\/i-love-my-dog-pull-orsetto-cream\/","title":{"rendered":"I Love My Dog - Orsetto Cream Jumper"},"content":{"rendered":"","protected":false},"excerpt":{"rendered":"<p>Pull en fausse fourrure \u00ab\u00a0teddy\u00a0\u00bb, toute douce et bien chaude \u2665<\/p>\n<ul>\n<li>Tr\u00e8s doux \u00e0 l&rsquo;ext\u00e9rieur comme \u00e0 l&rsquo;int\u00e9rieur<\/li>\n<li>Keep warm<\/li>\n<li>Dry quickly<\/li>\n<li>Easy to put on<\/li>\n<li>Collar with zipper<\/li>\n<\/ul>\n<p>Size guide: see photos.<\/p>","protected":false},"featured_media":31912,"template":"","meta":[],"product_brand":[],"product_cat":[1655,15],"product_tag":[772,1795,1794,1796,120,2759,945,3010,1242],"class_list":{"0":"post-31917","1":"product","2":"type-product","3":"status-publish","4":"has-post-thumbnail","6":"product_cat-pulls-et-sweats","7":"product_cat-dressing","8":"product_tag-fake-fur","9":"product_tag-i-love-my-dog","10":"product_tag-ilmd","11":"product_tag-orsetto","12":"product_tag-pull","13":"product_tag-pull-pour-chien","14":"product_tag-teddy","15":"product_tag-veste-teddy","16":"product_tag-warm","18":"first","19":"instock","20":"shipping-taxable","21":"purchasable","22":"product-type-variable"},"yoast_head":"<!-- This site is optimized with the Yoast SEO plugin v25.5 - https:\/\/yoast.com\/wordpress\/plugins\/seo\/ -->\n<title>I Love My Dog - Pull Orsetto Cream - L&#039;univers Animalier<\/title>\n<meta name=\"robots\" content=\"index, follow, max-snippet:-1, max-image-preview:large, max-video-preview:-1\" \/>\n<link rel=\"canonical\" href=\"https:\/\/wip.universanimalier.com\/boutique\/i-love-my-dog-pull-orsetto-cream\/\" \/>\n<meta property=\"og:locale\" content=\"en_US\" \/>\n<meta property=\"og:type\" content=\"article\" \/>\n<meta property=\"og:title\" content=\"I Love My Dog - Pull Orsetto Cream - L&#039;univers Animalier\" \/>\n<meta property=\"og:description\" content=\"Pull en fausse fourrure &quot;teddy&quot;, toute douce et bien chaude \u2665   Tr\u00e8s doux \u00e0 l&#039;ext\u00e9rieur comme \u00e0 l&#039;int\u00e9rieur  Garde bien au chaud  S\u00e8che vite  Facile \u00e0 enfiler  Col avec tirette  Guide des tailles: voir photos.\" \/>\n<meta property=\"og:url\" content=\"https:\/\/wip.universanimalier.com\/boutique\/i-love-my-dog-pull-orsetto-cream\/\" \/>\n<meta property=\"og:site_name\" content=\"L&#039;univers Animalier\" \/>\n<meta property=\"article:publisher\" content=\"https:\/\/www.facebook.com\/lunivers.animalier\" \/>\n<meta property=\"article:modified_time\" content=\"2024-01-01T21:52:42+00:00\" \/>\n<meta property=\"og:image\" content=\"https:\/\/wip.universanimalier.com\/wp-content\/uploads\/2020\/10\/C8EB7D27-0D9C-4304-A3A6-8EF014789DAF.jpeg\" \/>\n\t<meta property=\"og:image:width\" content=\"2048\" \/>\n\t<meta property=\"og:image:height\" content=\"2048\" \/>\n\t<meta property=\"og:image:type\" content=\"image\/jpeg\" \/>\n<meta name=\"twitter:card\" content=\"summary_large_image\" \/>\n<script type=\"application\/ld+json\" class=\"yoast-schema-graph\">{\"@context\":\"https:\/\/schema.org\",\"@graph\":[{\"@type\":\"WebPage\",\"@id\":\"https:\/\/wip.universanimalier.com\/boutique\/i-love-my-dog-pull-orsetto-cream\/\",\"url\":\"https:\/\/wip.universanimalier.com\/boutique\/i-love-my-dog-pull-orsetto-cream\/\",\"name\":\"I Love My Dog - Pull Orsetto Cream - L&#039;univers Animalier\",\"isPartOf\":{\"@id\":\"https:\/\/wip.universanimalier.com\/#website\"},\"primaryImageOfPage\":{\"@id\":\"https:\/\/wip.universanimalier.com\/boutique\/i-love-my-dog-pull-orsetto-cream\/#primaryimage\"},\"image\":{\"@id\":\"https:\/\/wip.universanimalier.com\/boutique\/i-love-my-dog-pull-orsetto-cream\/#primaryimage\"},\"thumbnailUrl\":\"https:\/\/universanimalier.com\/wp-content\/uploads\/2020\/10\/C8EB7D27-0D9C-4304-A3A6-8EF014789DAF.jpeg\",\"datePublished\":\"2020-10-26T16:41:46+00:00\",\"dateModified\":\"2024-01-01T21:52:42+00:00\",\"breadcrumb\":{\"@id\":\"https:\/\/wip.universanimalier.com\/boutique\/i-love-my-dog-pull-orsetto-cream\/#breadcrumb\"},\"inLanguage\":\"en-US\",\"potentialAction\":[{\"@type\":\"ReadAction\",\"target\":[\"https:\/\/wip.universanimalier.com\/boutique\/i-love-my-dog-pull-orsetto-cream\/\"]}]},{\"@type\":\"ImageObject\",\"inLanguage\":\"en-US\",\"@id\":\"https:\/\/wip.universanimalier.com\/boutique\/i-love-my-dog-pull-orsetto-cream\/#primaryimage\",\"url\":\"https:\/\/universanimalier.com\/wp-content\/uploads\/2020\/10\/C8EB7D27-0D9C-4304-A3A6-8EF014789DAF.jpeg\",\"contentUrl\":\"https:\/\/universanimalier.com\/wp-content\/uploads\/2020\/10\/C8EB7D27-0D9C-4304-A3A6-8EF014789DAF.jpeg\",\"width\":2048,\"height\":2048,\"caption\":\"Processed with MOLDIV\"},{\"@type\":\"BreadcrumbList\",\"@id\":\"https:\/\/wip.universanimalier.com\/boutique\/i-love-my-dog-pull-orsetto-cream\/#breadcrumb\",\"itemListElement\":[{\"@type\":\"ListItem\",\"position\":1,\"name\":\"Accueil\",\"item\":\"https:\/\/wip.universanimalier.com\/\"},{\"@type\":\"ListItem\",\"position\":2,\"name\":\"Boutique\",\"item\":\"https:\/\/wip.universanimalier.com\/boutique\/\"},{\"@type\":\"ListItem\",\"position\":3,\"name\":\"I Love My Dog &#8211; Pull Orsetto Cream\"}]},{\"@type\":\"WebSite\",\"@id\":\"https:\/\/wip.universanimalier.com\/#website\",\"url\":\"https:\/\/wip.universanimalier.com\/\",\"name\":\"L'univers Animalier\",\"description\":\"Le paradis des chiens g\u00e2t\u00e9s !\",\"publisher\":{\"@id\":\"https:\/\/wip.universanimalier.com\/#organization\"},\"potentialAction\":[{\"@type\":\"SearchAction\",\"target\":{\"@type\":\"EntryPoint\",\"urlTemplate\":\"https:\/\/wip.universanimalier.com\/?s={search_term_string}\"},\"query-input\":{\"@type\":\"PropertyValueSpecification\",\"valueRequired\":true,\"valueName\":\"search_term_string\"}}],\"inLanguage\":\"en-US\"},{\"@type\":\"Organization\",\"@id\":\"https:\/\/wip.universanimalier.com\/#organization\",\"name\":\"L'univers Animalier\",\"url\":\"https:\/\/wip.universanimalier.com\/\",\"logo\":{\"@type\":\"ImageObject\",\"inLanguage\":\"en-US\",\"@id\":\"https:\/\/wip.universanimalier.com\/#\/schema\/logo\/image\/\",\"url\":\"https:\/\/universanimalier.com\/wp-content\/uploads\/2021\/06\/logo.jpg\",\"contentUrl\":\"https:\/\/universanimalier.com\/wp-content\/uploads\/2021\/06\/logo.jpg\",\"width\":800,\"height\":200,\"caption\":\"L'univers Animalier\"},\"image\":{\"@id\":\"https:\/\/wip.universanimalier.com\/#\/schema\/logo\/image\/\"},\"sameAs\":[\"https:\/\/www.facebook.com\/lunivers.animalier\"]}]}<\/script>\n<!-- \/ Yoast SEO plugin. -->","yoast_head_json":{"title":"I Love My Dog - Pull Orsetto Cream - L&#039;univers Animalier","robots":{"index":"index","follow":"follow","max-snippet":"max-snippet:-1","max-image-preview":"max-image-preview:large","max-video-preview":"max-video-preview:-1"},"canonical":"https:\/\/wip.universanimalier.com\/boutique\/i-love-my-dog-pull-orsetto-cream\/","og_locale":"en_US","og_type":"article","og_title":"I Love My Dog - Pull Orsetto Cream - L&#039;univers Animalier","og_description":"Pull en fausse fourrure \"teddy\", toute douce et bien chaude \u2665   Tr\u00e8s doux \u00e0 l'ext\u00e9rieur comme \u00e0 l'int\u00e9rieur  Garde bien au chaud  S\u00e8che vite  Facile \u00e0 enfiler  Col avec tirette  Guide des tailles: voir photos.","og_url":"https:\/\/wip.universanimalier.com\/boutique\/i-love-my-dog-pull-orsetto-cream\/","og_site_name":"L&#039;univers Animalier","article_publisher":"https:\/\/www.facebook.com\/lunivers.animalier","article_modified_time":"2024-01-01T21:52:42+00:00","og_image":[{"width":2048,"height":2048,"url":"https:\/\/wip.universanimalier.com\/wp-content\/uploads\/2020\/10\/C8EB7D27-0D9C-4304-A3A6-8EF014789DAF.jpeg","type":"image\/jpeg"}],"twitter_card":"summary_large_image","schema":{"@context":"https:\/\/schema.org","@graph":[{"@type":"WebPage","@id":"https:\/\/wip.universanimalier.com\/boutique\/i-love-my-dog-pull-orsetto-cream\/","url":"https:\/\/wip.universanimalier.com\/boutique\/i-love-my-dog-pull-orsetto-cream\/","name":"I Love My Dog - Pull Orsetto Cream - L&#039;univers Animalier","isPartOf":{"@id":"https:\/\/wip.universanimalier.com\/#website"},"primaryImageOfPage":{"@id":"https:\/\/wip.universanimalier.com\/boutique\/i-love-my-dog-pull-orsetto-cream\/#primaryimage"},"image":{"@id":"https:\/\/wip.universanimalier.com\/boutique\/i-love-my-dog-pull-orsetto-cream\/#primaryimage"},"thumbnailUrl":"https:\/\/universanimalier.com\/wp-content\/uploads\/2020\/10\/C8EB7D27-0D9C-4304-A3A6-8EF014789DAF.jpeg","datePublished":"2020-10-26T16:41:46+00:00","dateModified":"2024-01-01T21:52:42+00:00","breadcrumb":{"@id":"https:\/\/wip.universanimalier.com\/boutique\/i-love-my-dog-pull-orsetto-cream\/#breadcrumb"},"inLanguage":"en-US","potentialAction":[{"@type":"ReadAction","target":["https:\/\/wip.universanimalier.com\/boutique\/i-love-my-dog-pull-orsetto-cream\/"]}]},{"@type":"ImageObject","inLanguage":"en-US","@id":"https:\/\/wip.universanimalier.com\/boutique\/i-love-my-dog-pull-orsetto-cream\/#primaryimage","url":"https:\/\/universanimalier.com\/wp-content\/uploads\/2020\/10\/C8EB7D27-0D9C-4304-A3A6-8EF014789DAF.jpeg","contentUrl":"https:\/\/universanimalier.com\/wp-content\/uploads\/2020\/10\/C8EB7D27-0D9C-4304-A3A6-8EF014789DAF.jpeg","width":2048,"height":2048,"caption":"Processed with MOLDIV"},{"@type":"BreadcrumbList","@id":"https:\/\/wip.universanimalier.com\/boutique\/i-love-my-dog-pull-orsetto-cream\/#breadcrumb","itemListElement":[{"@type":"ListItem","position":1,"name":"Accueil","item":"https:\/\/wip.universanimalier.com\/"},{"@type":"ListItem","position":2,"name":"Boutique","item":"https:\/\/wip.universanimalier.com\/boutique\/"},{"@type":"ListItem","position":3,"name":"I Love My Dog &#8211; Pull Orsetto Cream"}]},{"@type":"WebSite","@id":"https:\/\/wip.universanimalier.com\/#website","url":"https:\/\/wip.universanimalier.com\/","name":"L'univers Animalier","description":"A paradise for spoiled dogs!","publisher":{"@id":"https:\/\/wip.universanimalier.com\/#organization"},"potentialAction":[{"@type":"SearchAction","target":{"@type":"EntryPoint","urlTemplate":"https:\/\/wip.universanimalier.com\/?s={search_term_string}"},"query-input":{"@type":"PropertyValueSpecification","valueRequired":true,"valueName":"search_term_string"}}],"inLanguage":"en-US"},{"@type":"Organization","@id":"https:\/\/wip.universanimalier.com\/#organization","name":"L'univers Animalier","url":"https:\/\/wip.universanimalier.com\/","logo":{"@type":"ImageObject","inLanguage":"en-US","@id":"https:\/\/wip.universanimalier.com\/#\/schema\/logo\/image\/","url":"https:\/\/universanimalier.com\/wp-content\/uploads\/2021\/06\/logo.jpg","contentUrl":"https:\/\/universanimalier.com\/wp-content\/uploads\/2021\/06\/logo.jpg","width":800,"height":200,"caption":"L'univers Animalier"},"image":{"@id":"https:\/\/wip.universanimalier.com\/#\/schema\/logo\/image\/"},"sameAs":["https:\/\/www.facebook.com\/lunivers.animalier"]}]}},"_links":{"self":[{"href":"https:\/\/universanimalier.com\/en\/wp-json\/wp\/v2\/product\/31917"}],"collection":[{"href":"https:\/\/universanimalier.com\/en\/wp-json\/wp\/v2\/product"}],"about":[{"href":"https:\/\/universanimalier.com\/en\/wp-json\/wp\/v2\/types\/product"}],"wp:featuredmedia":[{"embeddable":true,"href":"https:\/\/universanimalier.com\/en\/wp-json\/wp\/v2\/media\/31912"}],"wp:attachment":[{"href":"https:\/\/universanimalier.com\/en\/wp-json\/wp\/v2\/media?parent=31917"}],"wp:term":[{"taxonomy":"product_brand","embeddable":true,"href":"https:\/\/universanimalier.com\/en\/wp-json\/wp\/v2\/product_brand?post=31917"},{"taxonomy":"product_cat","embeddable":true,"href":"https:\/\/universanimalier.com\/en\/wp-json\/wp\/v2\/product_cat?post=31917"},{"taxonomy":"product_tag","embeddable":true,"href":"https:\/\/universanimalier.com\/en\/wp-json\/wp\/v2\/product_tag?post=31917"}],"curies":[{"name":"wp","href":"https:\/\/api.w.org\/{rel}","templated":true}]}}