{"id":32809,"date":"2020-11-23T13:41:27","date_gmt":"2020-11-23T12:41:27","guid":{"rendered":"https:\/\/universanimalier.com\/?post_type=product&#038;p=32809"},"modified":"2025-08-01T09:44:59","modified_gmt":"2025-08-01T07:44:59","slug":"for-pets-only-limited-pull-christmas-teddy-beige","status":"publish","type":"product","link":"https:\/\/universanimalier.com\/en\/boutique\/for-pets-only-limited-pull-christmas-teddy-beige\/","title":{"rendered":"For Pets Only Limited - Christmas Teddy Beige Jumper"},"content":{"rendered":"","protected":false},"excerpt":{"rendered":"<p>Lovely sweater in soft, comfortable and supple off-white wool with a cute little teddy bear and Swarovski crystals.<\/p>\n<ul>\n<li>with removable beige and gold bow<\/li>\n<li>delicate or hand wash recommended<\/li>\n<\/ul>","protected":false},"featured_media":32036,"template":"","meta":[],"product_brand":[],"product_cat":[5583,1655,77,15],"product_tag":[707,12,140,860,4544,146,945,83],"class_list":{"0":"post-32809","1":"product","2":"type-product","3":"status-publish","4":"has-post-thumbnail","6":"product_cat-noel","7":"product_cat-pulls-et-sweats","8":"product_cat-editionslimitees","9":"product_cat-dressing","10":"product_tag-christmas","11":"product_tag-for-pets-only","12":"product_tag-fpo","13":"product_tag-limited-edition","14":"product_tag-pull-christmas-teddy","15":"product_tag-swarovski","16":"product_tag-teddy","17":"product_tag-topomio","18":"product_shipping_class-collier","20":"first","21":"instock","22":"shipping-taxable","23":"purchasable","24":"product-type-variable"},"yoast_head":"<!-- This site is optimized with the Yoast SEO plugin v25.5 - https:\/\/yoast.com\/wordpress\/plugins\/seo\/ -->\n<title>For Pets Only Limited - Pull Christmas Teddy Beige - L&#039;univers Animalier<\/title>\n<meta name=\"robots\" content=\"index, follow, max-snippet:-1, max-image-preview:large, max-video-preview:-1\" \/>\n<link rel=\"canonical\" href=\"https:\/\/universanimalier.com\/en\/boutique\/for-pets-only-limited-pull-christmas-teddy-beige\/\" \/>\n<meta property=\"og:locale\" content=\"en_US\" \/>\n<meta property=\"og:type\" content=\"article\" \/>\n<meta property=\"og:title\" content=\"For Pets Only Limited - Pull Christmas Teddy Beige - L&#039;univers Animalier\" \/>\n<meta property=\"og:description\" content=\"Joli pull en laine blanc cass\u00e9 douce, confortable et souple avec un petit ourson mignon et des cristaux Swarovski.   avec n\u0153ud beige et dor\u00e9 amovible  lavage d\u00e9licat ou \u00e0 la main conseill\u00e9\" \/>\n<meta property=\"og:url\" content=\"https:\/\/universanimalier.com\/en\/boutique\/for-pets-only-limited-pull-christmas-teddy-beige\/\" \/>\n<meta property=\"og:site_name\" content=\"L&#039;univers Animalier\" \/>\n<meta property=\"article:publisher\" content=\"https:\/\/www.facebook.com\/lunivers.animalier\" \/>\n<meta property=\"article:modified_time\" content=\"2025-08-01T07:44:59+00:00\" \/>\n<meta property=\"og:image\" content=\"https:\/\/universanimalier.com\/wp-content\/uploads\/2020\/11\/64B8FF14-6238-4202-B577-DD9DBA49B910.jpeg\" \/>\n\t<meta property=\"og:image:width\" content=\"720\" \/>\n\t<meta property=\"og:image:height\" content=\"960\" \/>\n\t<meta property=\"og:image:type\" content=\"image\/jpeg\" \/>\n<meta name=\"twitter:card\" content=\"summary_large_image\" \/>\n<meta name=\"twitter:label1\" content=\"Est. reading time\" \/>\n\t<meta name=\"twitter:data1\" content=\"1 minute\" \/>\n<script type=\"application\/ld+json\" class=\"yoast-schema-graph\">{\"@context\":\"https:\/\/schema.org\",\"@graph\":[{\"@type\":\"WebPage\",\"@id\":\"https:\/\/universanimalier.com\/boutique\/for-pets-only-limited-pull-christmas-teddy-beige\/\",\"url\":\"https:\/\/universanimalier.com\/boutique\/for-pets-only-limited-pull-christmas-teddy-beige\/\",\"name\":\"For Pets Only Limited - Pull Christmas Teddy Beige - L&#039;univers Animalier\",\"isPartOf\":{\"@id\":\"https:\/\/wip.universanimalier.com\/#website\"},\"primaryImageOfPage\":{\"@id\":\"https:\/\/universanimalier.com\/boutique\/for-pets-only-limited-pull-christmas-teddy-beige\/#primaryimage\"},\"image\":{\"@id\":\"https:\/\/universanimalier.com\/boutique\/for-pets-only-limited-pull-christmas-teddy-beige\/#primaryimage\"},\"thumbnailUrl\":\"https:\/\/universanimalier.com\/wp-content\/uploads\/2020\/11\/64B8FF14-6238-4202-B577-DD9DBA49B910.jpeg\",\"datePublished\":\"2020-11-23T12:41:27+00:00\",\"dateModified\":\"2025-08-01T07:44:59+00:00\",\"breadcrumb\":{\"@id\":\"https:\/\/universanimalier.com\/boutique\/for-pets-only-limited-pull-christmas-teddy-beige\/#breadcrumb\"},\"inLanguage\":\"en-US\",\"potentialAction\":[{\"@type\":\"ReadAction\",\"target\":[\"https:\/\/universanimalier.com\/boutique\/for-pets-only-limited-pull-christmas-teddy-beige\/\"]}]},{\"@type\":\"ImageObject\",\"inLanguage\":\"en-US\",\"@id\":\"https:\/\/universanimalier.com\/boutique\/for-pets-only-limited-pull-christmas-teddy-beige\/#primaryimage\",\"url\":\"https:\/\/universanimalier.com\/wp-content\/uploads\/2020\/11\/64B8FF14-6238-4202-B577-DD9DBA49B910.jpeg\",\"contentUrl\":\"https:\/\/universanimalier.com\/wp-content\/uploads\/2020\/11\/64B8FF14-6238-4202-B577-DD9DBA49B910.jpeg\",\"width\":720,\"height\":960},{\"@type\":\"BreadcrumbList\",\"@id\":\"https:\/\/universanimalier.com\/boutique\/for-pets-only-limited-pull-christmas-teddy-beige\/#breadcrumb\",\"itemListElement\":[{\"@type\":\"ListItem\",\"position\":1,\"name\":\"Accueil\",\"item\":\"https:\/\/wip.universanimalier.com\/\"},{\"@type\":\"ListItem\",\"position\":2,\"name\":\"Boutique\",\"item\":\"https:\/\/wip.universanimalier.com\/boutique\/\"},{\"@type\":\"ListItem\",\"position\":3,\"name\":\"For Pets Only Limited &#8211; Pull Christmas Teddy Beige\"}]},{\"@type\":\"WebSite\",\"@id\":\"https:\/\/wip.universanimalier.com\/#website\",\"url\":\"https:\/\/wip.universanimalier.com\/\",\"name\":\"L'univers Animalier\",\"description\":\"Le paradis des chiens g\u00e2t\u00e9s !\",\"publisher\":{\"@id\":\"https:\/\/wip.universanimalier.com\/#organization\"},\"potentialAction\":[{\"@type\":\"SearchAction\",\"target\":{\"@type\":\"EntryPoint\",\"urlTemplate\":\"https:\/\/wip.universanimalier.com\/?s={search_term_string}\"},\"query-input\":{\"@type\":\"PropertyValueSpecification\",\"valueRequired\":true,\"valueName\":\"search_term_string\"}}],\"inLanguage\":\"en-US\"},{\"@type\":\"Organization\",\"@id\":\"https:\/\/wip.universanimalier.com\/#organization\",\"name\":\"L'univers Animalier\",\"url\":\"https:\/\/wip.universanimalier.com\/\",\"logo\":{\"@type\":\"ImageObject\",\"inLanguage\":\"en-US\",\"@id\":\"https:\/\/wip.universanimalier.com\/#\/schema\/logo\/image\/\",\"url\":\"https:\/\/universanimalier.com\/wp-content\/uploads\/2021\/06\/logo.jpg\",\"contentUrl\":\"https:\/\/universanimalier.com\/wp-content\/uploads\/2021\/06\/logo.jpg\",\"width\":800,\"height\":200,\"caption\":\"L'univers Animalier\"},\"image\":{\"@id\":\"https:\/\/wip.universanimalier.com\/#\/schema\/logo\/image\/\"},\"sameAs\":[\"https:\/\/www.facebook.com\/lunivers.animalier\"]}]}<\/script>\n<!-- \/ Yoast SEO plugin. -->","yoast_head_json":{"title":"For Pets Only Limited - Pull Christmas Teddy Beige - L&#039;univers Animalier","robots":{"index":"index","follow":"follow","max-snippet":"max-snippet:-1","max-image-preview":"max-image-preview:large","max-video-preview":"max-video-preview:-1"},"canonical":"https:\/\/universanimalier.com\/en\/boutique\/for-pets-only-limited-pull-christmas-teddy-beige\/","og_locale":"en_US","og_type":"article","og_title":"For Pets Only Limited - Pull Christmas Teddy Beige - L&#039;univers Animalier","og_description":"Joli pull en laine blanc cass\u00e9 douce, confortable et souple avec un petit ourson mignon et des cristaux Swarovski.   avec n\u0153ud beige et dor\u00e9 amovible  lavage d\u00e9licat ou \u00e0 la main conseill\u00e9","og_url":"https:\/\/universanimalier.com\/en\/boutique\/for-pets-only-limited-pull-christmas-teddy-beige\/","og_site_name":"L&#039;univers Animalier","article_publisher":"https:\/\/www.facebook.com\/lunivers.animalier","article_modified_time":"2025-08-01T07:44:59+00:00","og_image":[{"width":720,"height":960,"url":"https:\/\/universanimalier.com\/wp-content\/uploads\/2020\/11\/64B8FF14-6238-4202-B577-DD9DBA49B910.jpeg","type":"image\/jpeg"}],"twitter_card":"summary_large_image","twitter_misc":{"Est. reading time":"1 minute"},"schema":{"@context":"https:\/\/schema.org","@graph":[{"@type":"WebPage","@id":"https:\/\/universanimalier.com\/boutique\/for-pets-only-limited-pull-christmas-teddy-beige\/","url":"https:\/\/universanimalier.com\/boutique\/for-pets-only-limited-pull-christmas-teddy-beige\/","name":"For Pets Only Limited - Pull Christmas Teddy Beige - L&#039;univers Animalier","isPartOf":{"@id":"https:\/\/wip.universanimalier.com\/#website"},"primaryImageOfPage":{"@id":"https:\/\/universanimalier.com\/boutique\/for-pets-only-limited-pull-christmas-teddy-beige\/#primaryimage"},"image":{"@id":"https:\/\/universanimalier.com\/boutique\/for-pets-only-limited-pull-christmas-teddy-beige\/#primaryimage"},"thumbnailUrl":"https:\/\/universanimalier.com\/wp-content\/uploads\/2020\/11\/64B8FF14-6238-4202-B577-DD9DBA49B910.jpeg","datePublished":"2020-11-23T12:41:27+00:00","dateModified":"2025-08-01T07:44:59+00:00","breadcrumb":{"@id":"https:\/\/universanimalier.com\/boutique\/for-pets-only-limited-pull-christmas-teddy-beige\/#breadcrumb"},"inLanguage":"en-US","potentialAction":[{"@type":"ReadAction","target":["https:\/\/universanimalier.com\/boutique\/for-pets-only-limited-pull-christmas-teddy-beige\/"]}]},{"@type":"ImageObject","inLanguage":"en-US","@id":"https:\/\/universanimalier.com\/boutique\/for-pets-only-limited-pull-christmas-teddy-beige\/#primaryimage","url":"https:\/\/universanimalier.com\/wp-content\/uploads\/2020\/11\/64B8FF14-6238-4202-B577-DD9DBA49B910.jpeg","contentUrl":"https:\/\/universanimalier.com\/wp-content\/uploads\/2020\/11\/64B8FF14-6238-4202-B577-DD9DBA49B910.jpeg","width":720,"height":960},{"@type":"BreadcrumbList","@id":"https:\/\/universanimalier.com\/boutique\/for-pets-only-limited-pull-christmas-teddy-beige\/#breadcrumb","itemListElement":[{"@type":"ListItem","position":1,"name":"Accueil","item":"https:\/\/wip.universanimalier.com\/"},{"@type":"ListItem","position":2,"name":"Boutique","item":"https:\/\/wip.universanimalier.com\/boutique\/"},{"@type":"ListItem","position":3,"name":"For Pets Only Limited &#8211; Pull Christmas Teddy Beige"}]},{"@type":"WebSite","@id":"https:\/\/wip.universanimalier.com\/#website","url":"https:\/\/wip.universanimalier.com\/","name":"L'univers Animalier","description":"A paradise for spoiled dogs!","publisher":{"@id":"https:\/\/wip.universanimalier.com\/#organization"},"potentialAction":[{"@type":"SearchAction","target":{"@type":"EntryPoint","urlTemplate":"https:\/\/wip.universanimalier.com\/?s={search_term_string}"},"query-input":{"@type":"PropertyValueSpecification","valueRequired":true,"valueName":"search_term_string"}}],"inLanguage":"en-US"},{"@type":"Organization","@id":"https:\/\/wip.universanimalier.com\/#organization","name":"L'univers Animalier","url":"https:\/\/wip.universanimalier.com\/","logo":{"@type":"ImageObject","inLanguage":"en-US","@id":"https:\/\/wip.universanimalier.com\/#\/schema\/logo\/image\/","url":"https:\/\/universanimalier.com\/wp-content\/uploads\/2021\/06\/logo.jpg","contentUrl":"https:\/\/universanimalier.com\/wp-content\/uploads\/2021\/06\/logo.jpg","width":800,"height":200,"caption":"L'univers Animalier"},"image":{"@id":"https:\/\/wip.universanimalier.com\/#\/schema\/logo\/image\/"},"sameAs":["https:\/\/www.facebook.com\/lunivers.animalier"]}]}},"_links":{"self":[{"href":"https:\/\/universanimalier.com\/en\/wp-json\/wp\/v2\/product\/32809"}],"collection":[{"href":"https:\/\/universanimalier.com\/en\/wp-json\/wp\/v2\/product"}],"about":[{"href":"https:\/\/universanimalier.com\/en\/wp-json\/wp\/v2\/types\/product"}],"wp:featuredmedia":[{"embeddable":true,"href":"https:\/\/universanimalier.com\/en\/wp-json\/wp\/v2\/media\/32036"}],"wp:attachment":[{"href":"https:\/\/universanimalier.com\/en\/wp-json\/wp\/v2\/media?parent=32809"}],"wp:term":[{"taxonomy":"product_brand","embeddable":true,"href":"https:\/\/universanimalier.com\/en\/wp-json\/wp\/v2\/product_brand?post=32809"},{"taxonomy":"product_cat","embeddable":true,"href":"https:\/\/universanimalier.com\/en\/wp-json\/wp\/v2\/product_cat?post=32809"},{"taxonomy":"product_tag","embeddable":true,"href":"https:\/\/universanimalier.com\/en\/wp-json\/wp\/v2\/product_tag?post=32809"}],"curies":[{"name":"wp","href":"https:\/\/api.w.org\/{rel}","templated":true}]}}