{"id":33307,"date":"2020-12-07T22:09:21","date_gmt":"2020-12-07T21:09:21","guid":{"rendered":"https:\/\/universanimalier.com\/?post_type=product&#038;p=33307"},"modified":"2024-06-29T22:35:31","modified_gmt":"2024-06-29T20:35:31","slug":"malucchi-collier-collar-levrier-skin-red","status":"publish","type":"product","link":"https:\/\/universanimalier.com\/en\/boutique\/malucchi-collier-collar-levrier-skin-red\/","title":{"rendered":"Malucchi - Collar \/ Collar Greyhound Skin Red"},"content":{"rendered":"","protected":false},"excerpt":{"rendered":"<p>Special Greyhound Collar<\/p>\n<ul>\n<li>soft leather<\/li>\n<li>ergonomic shape specially designed for greyhounds, whippets, etc.<\/li>\n<li>l\u00e9g\u00e8rement bomb\u00e9 \u00e0 l&rsquo;int\u00e9rieur pour le confort<\/li>\n<li>size guide: see photos<\/li>\n<\/ul>\n<p><span style=\"color: #3366ff;\"><em>Une taille manque? Vous souhaitez un autre coloris? N&rsquo;h\u00e9sitez pas \u00e0 <a href=\"https:\/\/universanimalier.com\/en\/contact\/\">Contact us<\/a>\u00a0via the site, <a href=\"https:\/\/www.facebook.com\/lunivers.animalier\">Facebook<\/a>, or <a href=\"https:\/\/www.instagram.com\/universanimalier\/\">instagram<\/a> pour une commande personnalis\u00e9e, en tenant compte d&rsquo;un d\u00e9lai de fabrication.<\/em><\/span><\/p>","protected":false},"featured_media":32744,"template":"","meta":[],"product_brand":[],"product_cat":[4288,23],"product_tag":[4290,2588,4590,4291,4289,19],"class_list":{"0":"post-33307","1":"product","2":"type-product","3":"status-publish","4":"has-post-thumbnail","6":"product_cat-levriers","7":"product_cat-colliers","8":"product_tag-collier-levrier","9":"product_tag-collier-rouge","10":"product_tag-collier-rouge-pour-levrier","11":"product_tag-collier-special-levrier","12":"product_tag-greyhound","13":"product_tag-malucchi","15":"first","16":"instock","17":"shipping-taxable","18":"purchasable","19":"product-type-variable"},"yoast_head":"<!-- This site is optimized with the Yoast SEO plugin v25.5 - https:\/\/yoast.com\/wordpress\/plugins\/seo\/ -->\n<title>Malucchi - Collier\/Collar L\u00e9vrier Skin Red - L&#039;univers Animalier<\/title>\n<meta name=\"robots\" content=\"index, follow, max-snippet:-1, max-image-preview:large, max-video-preview:-1\" \/>\n<link rel=\"canonical\" href=\"https:\/\/universanimalier.com\/en\/boutique\/malucchi-collier-collar-levrier-skin-red\/\" \/>\n<meta property=\"og:locale\" content=\"en_US\" \/>\n<meta property=\"og:type\" content=\"article\" \/>\n<meta property=\"og:title\" content=\"Malucchi - Collier\/Collar L\u00e9vrier Skin Red - L&#039;univers Animalier\" \/>\n<meta property=\"og:description\" content=\"Collier sp\u00e9cial L\u00e9vrier   en cuir souple  forme ergonomique sp\u00e9cialement con\u00e7ue pour les l\u00e9vriers, whippet, ...  l\u00e9g\u00e8rement bomb\u00e9 \u00e0 l&#039;int\u00e9rieur pour le confort  guide des tailles: voir photos  Une taille manque? Vous souhaitez un autre coloris? N&#039;h\u00e9sitez pas \u00e0 nous contacter\u00a0via le site, facebook, ou instagram pour une commande personnalis\u00e9e, en tenant compte d&#039;un d\u00e9lai de fabrication.\" \/>\n<meta property=\"og:url\" content=\"https:\/\/universanimalier.com\/en\/boutique\/malucchi-collier-collar-levrier-skin-red\/\" \/>\n<meta property=\"og:site_name\" content=\"L&#039;univers Animalier\" \/>\n<meta property=\"article:publisher\" content=\"https:\/\/www.facebook.com\/lunivers.animalier\" \/>\n<meta property=\"article:modified_time\" content=\"2024-06-29T20:35:31+00:00\" \/>\n<meta property=\"og:image\" content=\"https:\/\/wip.universanimalier.com\/wp-content\/uploads\/2020\/11\/66140C1C-9E50-46D7-BD51-435FEABC6ACF.jpeg\" \/>\n\t<meta property=\"og:image:width\" content=\"1600\" \/>\n\t<meta property=\"og:image:height\" content=\"1600\" \/>\n\t<meta property=\"og:image:type\" content=\"image\/jpeg\" \/>\n<meta name=\"twitter:card\" content=\"summary_large_image\" \/>\n<script type=\"application\/ld+json\" class=\"yoast-schema-graph\">{\"@context\":\"https:\/\/schema.org\",\"@graph\":[{\"@type\":\"WebPage\",\"@id\":\"https:\/\/universanimalier.com\/boutique\/malucchi-collier-collar-levrier-skin-red\/\",\"url\":\"https:\/\/universanimalier.com\/boutique\/malucchi-collier-collar-levrier-skin-red\/\",\"name\":\"Malucchi - Collier\/Collar L\u00e9vrier Skin Red - L&#039;univers Animalier\",\"isPartOf\":{\"@id\":\"https:\/\/wip.universanimalier.com\/#website\"},\"primaryImageOfPage\":{\"@id\":\"https:\/\/universanimalier.com\/boutique\/malucchi-collier-collar-levrier-skin-red\/#primaryimage\"},\"image\":{\"@id\":\"https:\/\/universanimalier.com\/boutique\/malucchi-collier-collar-levrier-skin-red\/#primaryimage\"},\"thumbnailUrl\":\"https:\/\/universanimalier.com\/wp-content\/uploads\/2020\/11\/66140C1C-9E50-46D7-BD51-435FEABC6ACF.jpeg\",\"datePublished\":\"2020-12-07T21:09:21+00:00\",\"dateModified\":\"2024-06-29T20:35:31+00:00\",\"breadcrumb\":{\"@id\":\"https:\/\/universanimalier.com\/boutique\/malucchi-collier-collar-levrier-skin-red\/#breadcrumb\"},\"inLanguage\":\"en-US\",\"potentialAction\":[{\"@type\":\"ReadAction\",\"target\":[\"https:\/\/universanimalier.com\/boutique\/malucchi-collier-collar-levrier-skin-red\/\"]}]},{\"@type\":\"ImageObject\",\"inLanguage\":\"en-US\",\"@id\":\"https:\/\/universanimalier.com\/boutique\/malucchi-collier-collar-levrier-skin-red\/#primaryimage\",\"url\":\"https:\/\/universanimalier.com\/wp-content\/uploads\/2020\/11\/66140C1C-9E50-46D7-BD51-435FEABC6ACF.jpeg\",\"contentUrl\":\"https:\/\/universanimalier.com\/wp-content\/uploads\/2020\/11\/66140C1C-9E50-46D7-BD51-435FEABC6ACF.jpeg\",\"width\":1600,\"height\":1600},{\"@type\":\"BreadcrumbList\",\"@id\":\"https:\/\/universanimalier.com\/boutique\/malucchi-collier-collar-levrier-skin-red\/#breadcrumb\",\"itemListElement\":[{\"@type\":\"ListItem\",\"position\":1,\"name\":\"Accueil\",\"item\":\"https:\/\/wip.universanimalier.com\/\"},{\"@type\":\"ListItem\",\"position\":2,\"name\":\"Boutique\",\"item\":\"https:\/\/wip.universanimalier.com\/boutique\/\"},{\"@type\":\"ListItem\",\"position\":3,\"name\":\"Malucchi &#8211; Collier\/Collar L\u00e9vrier Skin Red\"}]},{\"@type\":\"WebSite\",\"@id\":\"https:\/\/wip.universanimalier.com\/#website\",\"url\":\"https:\/\/wip.universanimalier.com\/\",\"name\":\"L'univers Animalier\",\"description\":\"Le paradis des chiens g\u00e2t\u00e9s !\",\"publisher\":{\"@id\":\"https:\/\/wip.universanimalier.com\/#organization\"},\"potentialAction\":[{\"@type\":\"SearchAction\",\"target\":{\"@type\":\"EntryPoint\",\"urlTemplate\":\"https:\/\/wip.universanimalier.com\/?s={search_term_string}\"},\"query-input\":{\"@type\":\"PropertyValueSpecification\",\"valueRequired\":true,\"valueName\":\"search_term_string\"}}],\"inLanguage\":\"en-US\"},{\"@type\":\"Organization\",\"@id\":\"https:\/\/wip.universanimalier.com\/#organization\",\"name\":\"L'univers Animalier\",\"url\":\"https:\/\/wip.universanimalier.com\/\",\"logo\":{\"@type\":\"ImageObject\",\"inLanguage\":\"en-US\",\"@id\":\"https:\/\/wip.universanimalier.com\/#\/schema\/logo\/image\/\",\"url\":\"https:\/\/universanimalier.com\/wp-content\/uploads\/2021\/06\/logo.jpg\",\"contentUrl\":\"https:\/\/universanimalier.com\/wp-content\/uploads\/2021\/06\/logo.jpg\",\"width\":800,\"height\":200,\"caption\":\"L'univers Animalier\"},\"image\":{\"@id\":\"https:\/\/wip.universanimalier.com\/#\/schema\/logo\/image\/\"},\"sameAs\":[\"https:\/\/www.facebook.com\/lunivers.animalier\"]}]}<\/script>\n<!-- \/ Yoast SEO plugin. -->","yoast_head_json":{"title":"Malucchi - Collier\/Collar L\u00e9vrier Skin Red - L&#039;univers Animalier","robots":{"index":"index","follow":"follow","max-snippet":"max-snippet:-1","max-image-preview":"max-image-preview:large","max-video-preview":"max-video-preview:-1"},"canonical":"https:\/\/universanimalier.com\/en\/boutique\/malucchi-collier-collar-levrier-skin-red\/","og_locale":"en_US","og_type":"article","og_title":"Malucchi - Collier\/Collar L\u00e9vrier Skin Red - L&#039;univers Animalier","og_description":"Collier sp\u00e9cial L\u00e9vrier   en cuir souple  forme ergonomique sp\u00e9cialement con\u00e7ue pour les l\u00e9vriers, whippet, ...  l\u00e9g\u00e8rement bomb\u00e9 \u00e0 l'int\u00e9rieur pour le confort  guide des tailles: voir photos  Une taille manque? Vous souhaitez un autre coloris? N'h\u00e9sitez pas \u00e0 nous contacter\u00a0via le site, facebook, ou instagram pour une commande personnalis\u00e9e, en tenant compte d'un d\u00e9lai de fabrication.","og_url":"https:\/\/universanimalier.com\/en\/boutique\/malucchi-collier-collar-levrier-skin-red\/","og_site_name":"L&#039;univers Animalier","article_publisher":"https:\/\/www.facebook.com\/lunivers.animalier","article_modified_time":"2024-06-29T20:35:31+00:00","og_image":[{"width":1600,"height":1600,"url":"https:\/\/wip.universanimalier.com\/wp-content\/uploads\/2020\/11\/66140C1C-9E50-46D7-BD51-435FEABC6ACF.jpeg","type":"image\/jpeg"}],"twitter_card":"summary_large_image","schema":{"@context":"https:\/\/schema.org","@graph":[{"@type":"WebPage","@id":"https:\/\/universanimalier.com\/boutique\/malucchi-collier-collar-levrier-skin-red\/","url":"https:\/\/universanimalier.com\/boutique\/malucchi-collier-collar-levrier-skin-red\/","name":"Malucchi - Collier\/Collar L\u00e9vrier Skin Red - L&#039;univers Animalier","isPartOf":{"@id":"https:\/\/wip.universanimalier.com\/#website"},"primaryImageOfPage":{"@id":"https:\/\/universanimalier.com\/boutique\/malucchi-collier-collar-levrier-skin-red\/#primaryimage"},"image":{"@id":"https:\/\/universanimalier.com\/boutique\/malucchi-collier-collar-levrier-skin-red\/#primaryimage"},"thumbnailUrl":"https:\/\/universanimalier.com\/wp-content\/uploads\/2020\/11\/66140C1C-9E50-46D7-BD51-435FEABC6ACF.jpeg","datePublished":"2020-12-07T21:09:21+00:00","dateModified":"2024-06-29T20:35:31+00:00","breadcrumb":{"@id":"https:\/\/universanimalier.com\/boutique\/malucchi-collier-collar-levrier-skin-red\/#breadcrumb"},"inLanguage":"en-US","potentialAction":[{"@type":"ReadAction","target":["https:\/\/universanimalier.com\/boutique\/malucchi-collier-collar-levrier-skin-red\/"]}]},{"@type":"ImageObject","inLanguage":"en-US","@id":"https:\/\/universanimalier.com\/boutique\/malucchi-collier-collar-levrier-skin-red\/#primaryimage","url":"https:\/\/universanimalier.com\/wp-content\/uploads\/2020\/11\/66140C1C-9E50-46D7-BD51-435FEABC6ACF.jpeg","contentUrl":"https:\/\/universanimalier.com\/wp-content\/uploads\/2020\/11\/66140C1C-9E50-46D7-BD51-435FEABC6ACF.jpeg","width":1600,"height":1600},{"@type":"BreadcrumbList","@id":"https:\/\/universanimalier.com\/boutique\/malucchi-collier-collar-levrier-skin-red\/#breadcrumb","itemListElement":[{"@type":"ListItem","position":1,"name":"Accueil","item":"https:\/\/wip.universanimalier.com\/"},{"@type":"ListItem","position":2,"name":"Boutique","item":"https:\/\/wip.universanimalier.com\/boutique\/"},{"@type":"ListItem","position":3,"name":"Malucchi &#8211; Collier\/Collar L\u00e9vrier Skin Red"}]},{"@type":"WebSite","@id":"https:\/\/wip.universanimalier.com\/#website","url":"https:\/\/wip.universanimalier.com\/","name":"L'univers Animalier","description":"A paradise for spoiled dogs!","publisher":{"@id":"https:\/\/wip.universanimalier.com\/#organization"},"potentialAction":[{"@type":"SearchAction","target":{"@type":"EntryPoint","urlTemplate":"https:\/\/wip.universanimalier.com\/?s={search_term_string}"},"query-input":{"@type":"PropertyValueSpecification","valueRequired":true,"valueName":"search_term_string"}}],"inLanguage":"en-US"},{"@type":"Organization","@id":"https:\/\/wip.universanimalier.com\/#organization","name":"L'univers Animalier","url":"https:\/\/wip.universanimalier.com\/","logo":{"@type":"ImageObject","inLanguage":"en-US","@id":"https:\/\/wip.universanimalier.com\/#\/schema\/logo\/image\/","url":"https:\/\/universanimalier.com\/wp-content\/uploads\/2021\/06\/logo.jpg","contentUrl":"https:\/\/universanimalier.com\/wp-content\/uploads\/2021\/06\/logo.jpg","width":800,"height":200,"caption":"L'univers Animalier"},"image":{"@id":"https:\/\/wip.universanimalier.com\/#\/schema\/logo\/image\/"},"sameAs":["https:\/\/www.facebook.com\/lunivers.animalier"]}]}},"_links":{"self":[{"href":"https:\/\/universanimalier.com\/en\/wp-json\/wp\/v2\/product\/33307"}],"collection":[{"href":"https:\/\/universanimalier.com\/en\/wp-json\/wp\/v2\/product"}],"about":[{"href":"https:\/\/universanimalier.com\/en\/wp-json\/wp\/v2\/types\/product"}],"wp:featuredmedia":[{"embeddable":true,"href":"https:\/\/universanimalier.com\/en\/wp-json\/wp\/v2\/media\/32744"}],"wp:attachment":[{"href":"https:\/\/universanimalier.com\/en\/wp-json\/wp\/v2\/media?parent=33307"}],"wp:term":[{"taxonomy":"product_brand","embeddable":true,"href":"https:\/\/universanimalier.com\/en\/wp-json\/wp\/v2\/product_brand?post=33307"},{"taxonomy":"product_cat","embeddable":true,"href":"https:\/\/universanimalier.com\/en\/wp-json\/wp\/v2\/product_cat?post=33307"},{"taxonomy":"product_tag","embeddable":true,"href":"https:\/\/universanimalier.com\/en\/wp-json\/wp\/v2\/product_tag?post=33307"}],"curies":[{"name":"wp","href":"https:\/\/api.w.org\/{rel}","templated":true}]}}