{"id":34116,"date":"2021-02-11T22:30:57","date_gmt":"2021-02-11T21:30:57","guid":{"rendered":"https:\/\/universanimalier.com\/?post_type=product&#038;p=34116"},"modified":"2024-08-14T10:01:27","modified_gmt":"2024-08-14T08:01:27","slug":"for-pets-only-drink-raffia","status":"publish","type":"product","link":"https:\/\/universanimalier.com\/en\/boutique\/for-pets-only-drink-raffia\/","title":{"rendered":"For Pets Only - Drink Raffia"},"content":{"rendered":"","protected":false},"excerpt":{"rendered":"<p><span style=\"color: #ff99cc;\"><em><strong>For Pets Only - Cotton Candy<\/strong><\/em><\/span><\/p>\n<p>Small pouch with bowl to hang on your bag, your belt, ... to take everywhere.<\/p>\n<ul>\n<li>In natural coconut<\/li>\n<li>Heart-shaped bowl included, made of banana fibers<\/li>\n<li>Golden chain<\/li>\n<\/ul>\n<p>To match with <a href=\"https:\/\/universanimalier.com\/en\/boutique\/for-pets-only-sac-bag-beach-raffia\/\">Beach Raffia bag<\/a> or any other bag \ud83d\ude42<\/p>","protected":false},"featured_media":34085,"template":"","meta":[],"product_brand":[],"product_cat":[43,902,16],"product_tag":[335,993,1957,4713,4715,12,140],"class_list":{"0":"post-34116","1":"product","2":"type-product","3":"status-publish","4":"has-post-thumbnail","6":"product_cat-accessoires","7":"product_cat-pochettes-et-trousses","8":"product_cat-sacs-de-transport","9":"product_tag-aria","10":"product_tag-aria-bag","11":"product_tag-cotton-candy","12":"product_tag-drink-ivory","13":"product_tag-drink-raffia","14":"product_tag-for-pets-only","15":"product_tag-fpo","17":"first","18":"instock","19":"featured","20":"shipping-taxable","21":"purchasable","22":"product-type-simple"},"yoast_head":"<!-- This site is optimized with the Yoast SEO plugin v25.5 - https:\/\/yoast.com\/wordpress\/plugins\/seo\/ -->\n<title>For Pets Only - Drink Raffia - L&#039;univers Animalier<\/title>\n<meta name=\"robots\" content=\"index, follow, max-snippet:-1, max-image-preview:large, max-video-preview:-1\" \/>\n<link rel=\"canonical\" href=\"https:\/\/wip.universanimalier.com\/boutique\/for-pets-only-drink-raffia\/\" \/>\n<meta property=\"og:locale\" content=\"en_US\" \/>\n<meta property=\"og:type\" content=\"article\" \/>\n<meta property=\"og:title\" content=\"For Pets Only - Drink Raffia - L&#039;univers Animalier\" \/>\n<meta property=\"og:description\" content=\"For Pets Only - Cotton Candy  Petite pochette avec gamelle \u00e0 accrocher \u00e0 votre sac, \u00e0 votre ceinture, \u2026 \u00e0 emporter partout.   En coco naturel  Gamelle en forme de coeur incluse, fabriqu\u00e9 en fibres de bananier  Chainette dor\u00e9e  A assortir au sac Beach Raffia ou \u00e0 tout autre sac :-)\" \/>\n<meta property=\"og:url\" content=\"https:\/\/wip.universanimalier.com\/boutique\/for-pets-only-drink-raffia\/\" \/>\n<meta property=\"og:site_name\" content=\"L&#039;univers Animalier\" \/>\n<meta property=\"article:publisher\" content=\"https:\/\/www.facebook.com\/lunivers.animalier\" \/>\n<meta property=\"article:modified_time\" content=\"2024-08-14T08:01:27+00:00\" \/>\n<meta property=\"og:image\" content=\"https:\/\/wip.universanimalier.com\/wp-content\/uploads\/2021\/02\/DRINK-PE2021-A5.jpg\" \/>\n\t<meta property=\"og:image:width\" content=\"807\" \/>\n\t<meta property=\"og:image:height\" content=\"950\" \/>\n\t<meta property=\"og:image:type\" content=\"image\/jpeg\" \/>\n<meta name=\"twitter:card\" content=\"summary_large_image\" \/>\n<script type=\"application\/ld+json\" class=\"yoast-schema-graph\">{\"@context\":\"https:\/\/schema.org\",\"@graph\":[{\"@type\":\"WebPage\",\"@id\":\"https:\/\/wip.universanimalier.com\/boutique\/for-pets-only-drink-raffia\/\",\"url\":\"https:\/\/wip.universanimalier.com\/boutique\/for-pets-only-drink-raffia\/\",\"name\":\"For Pets Only - Drink Raffia - L&#039;univers Animalier\",\"isPartOf\":{\"@id\":\"https:\/\/wip.universanimalier.com\/#website\"},\"primaryImageOfPage\":{\"@id\":\"https:\/\/wip.universanimalier.com\/boutique\/for-pets-only-drink-raffia\/#primaryimage\"},\"image\":{\"@id\":\"https:\/\/wip.universanimalier.com\/boutique\/for-pets-only-drink-raffia\/#primaryimage\"},\"thumbnailUrl\":\"https:\/\/universanimalier.com\/wp-content\/uploads\/2021\/02\/DRINK-PE2021-A5.jpg\",\"datePublished\":\"2021-02-11T21:30:57+00:00\",\"dateModified\":\"2024-08-14T08:01:27+00:00\",\"breadcrumb\":{\"@id\":\"https:\/\/wip.universanimalier.com\/boutique\/for-pets-only-drink-raffia\/#breadcrumb\"},\"inLanguage\":\"en-US\",\"potentialAction\":[{\"@type\":\"ReadAction\",\"target\":[\"https:\/\/wip.universanimalier.com\/boutique\/for-pets-only-drink-raffia\/\"]}]},{\"@type\":\"ImageObject\",\"inLanguage\":\"en-US\",\"@id\":\"https:\/\/wip.universanimalier.com\/boutique\/for-pets-only-drink-raffia\/#primaryimage\",\"url\":\"https:\/\/universanimalier.com\/wp-content\/uploads\/2021\/02\/DRINK-PE2021-A5.jpg\",\"contentUrl\":\"https:\/\/universanimalier.com\/wp-content\/uploads\/2021\/02\/DRINK-PE2021-A5.jpg\",\"width\":807,\"height\":950},{\"@type\":\"BreadcrumbList\",\"@id\":\"https:\/\/wip.universanimalier.com\/boutique\/for-pets-only-drink-raffia\/#breadcrumb\",\"itemListElement\":[{\"@type\":\"ListItem\",\"position\":1,\"name\":\"Accueil\",\"item\":\"https:\/\/wip.universanimalier.com\/\"},{\"@type\":\"ListItem\",\"position\":2,\"name\":\"Boutique\",\"item\":\"https:\/\/wip.universanimalier.com\/boutique\/\"},{\"@type\":\"ListItem\",\"position\":3,\"name\":\"For Pets Only &#8211; Drink Raffia\"}]},{\"@type\":\"WebSite\",\"@id\":\"https:\/\/wip.universanimalier.com\/#website\",\"url\":\"https:\/\/wip.universanimalier.com\/\",\"name\":\"L'univers Animalier\",\"description\":\"Le paradis des chiens g\u00e2t\u00e9s !\",\"publisher\":{\"@id\":\"https:\/\/wip.universanimalier.com\/#organization\"},\"potentialAction\":[{\"@type\":\"SearchAction\",\"target\":{\"@type\":\"EntryPoint\",\"urlTemplate\":\"https:\/\/wip.universanimalier.com\/?s={search_term_string}\"},\"query-input\":{\"@type\":\"PropertyValueSpecification\",\"valueRequired\":true,\"valueName\":\"search_term_string\"}}],\"inLanguage\":\"en-US\"},{\"@type\":\"Organization\",\"@id\":\"https:\/\/wip.universanimalier.com\/#organization\",\"name\":\"L'univers Animalier\",\"url\":\"https:\/\/wip.universanimalier.com\/\",\"logo\":{\"@type\":\"ImageObject\",\"inLanguage\":\"en-US\",\"@id\":\"https:\/\/wip.universanimalier.com\/#\/schema\/logo\/image\/\",\"url\":\"https:\/\/universanimalier.com\/wp-content\/uploads\/2021\/06\/logo.jpg\",\"contentUrl\":\"https:\/\/universanimalier.com\/wp-content\/uploads\/2021\/06\/logo.jpg\",\"width\":800,\"height\":200,\"caption\":\"L'univers Animalier\"},\"image\":{\"@id\":\"https:\/\/wip.universanimalier.com\/#\/schema\/logo\/image\/\"},\"sameAs\":[\"https:\/\/www.facebook.com\/lunivers.animalier\"]}]}<\/script>\n<!-- \/ Yoast SEO plugin. -->","yoast_head_json":{"title":"For Pets Only - Drink Raffia - L&#039;univers Animalier","robots":{"index":"index","follow":"follow","max-snippet":"max-snippet:-1","max-image-preview":"max-image-preview:large","max-video-preview":"max-video-preview:-1"},"canonical":"https:\/\/wip.universanimalier.com\/boutique\/for-pets-only-drink-raffia\/","og_locale":"en_US","og_type":"article","og_title":"For Pets Only - Drink Raffia - L&#039;univers Animalier","og_description":"For Pets Only - Cotton Candy  Petite pochette avec gamelle \u00e0 accrocher \u00e0 votre sac, \u00e0 votre ceinture, \u2026 \u00e0 emporter partout.   En coco naturel  Gamelle en forme de coeur incluse, fabriqu\u00e9 en fibres de bananier  Chainette dor\u00e9e  A assortir au sac Beach Raffia ou \u00e0 tout autre sac :-)","og_url":"https:\/\/wip.universanimalier.com\/boutique\/for-pets-only-drink-raffia\/","og_site_name":"L&#039;univers Animalier","article_publisher":"https:\/\/www.facebook.com\/lunivers.animalier","article_modified_time":"2024-08-14T08:01:27+00:00","og_image":[{"width":807,"height":950,"url":"https:\/\/wip.universanimalier.com\/wp-content\/uploads\/2021\/02\/DRINK-PE2021-A5.jpg","type":"image\/jpeg"}],"twitter_card":"summary_large_image","schema":{"@context":"https:\/\/schema.org","@graph":[{"@type":"WebPage","@id":"https:\/\/wip.universanimalier.com\/boutique\/for-pets-only-drink-raffia\/","url":"https:\/\/wip.universanimalier.com\/boutique\/for-pets-only-drink-raffia\/","name":"For Pets Only - Drink Raffia - L&#039;univers Animalier","isPartOf":{"@id":"https:\/\/wip.universanimalier.com\/#website"},"primaryImageOfPage":{"@id":"https:\/\/wip.universanimalier.com\/boutique\/for-pets-only-drink-raffia\/#primaryimage"},"image":{"@id":"https:\/\/wip.universanimalier.com\/boutique\/for-pets-only-drink-raffia\/#primaryimage"},"thumbnailUrl":"https:\/\/universanimalier.com\/wp-content\/uploads\/2021\/02\/DRINK-PE2021-A5.jpg","datePublished":"2021-02-11T21:30:57+00:00","dateModified":"2024-08-14T08:01:27+00:00","breadcrumb":{"@id":"https:\/\/wip.universanimalier.com\/boutique\/for-pets-only-drink-raffia\/#breadcrumb"},"inLanguage":"en-US","potentialAction":[{"@type":"ReadAction","target":["https:\/\/wip.universanimalier.com\/boutique\/for-pets-only-drink-raffia\/"]}]},{"@type":"ImageObject","inLanguage":"en-US","@id":"https:\/\/wip.universanimalier.com\/boutique\/for-pets-only-drink-raffia\/#primaryimage","url":"https:\/\/universanimalier.com\/wp-content\/uploads\/2021\/02\/DRINK-PE2021-A5.jpg","contentUrl":"https:\/\/universanimalier.com\/wp-content\/uploads\/2021\/02\/DRINK-PE2021-A5.jpg","width":807,"height":950},{"@type":"BreadcrumbList","@id":"https:\/\/wip.universanimalier.com\/boutique\/for-pets-only-drink-raffia\/#breadcrumb","itemListElement":[{"@type":"ListItem","position":1,"name":"Accueil","item":"https:\/\/wip.universanimalier.com\/"},{"@type":"ListItem","position":2,"name":"Boutique","item":"https:\/\/wip.universanimalier.com\/boutique\/"},{"@type":"ListItem","position":3,"name":"For Pets Only &#8211; Drink Raffia"}]},{"@type":"WebSite","@id":"https:\/\/wip.universanimalier.com\/#website","url":"https:\/\/wip.universanimalier.com\/","name":"L'univers Animalier","description":"A paradise for spoiled dogs!","publisher":{"@id":"https:\/\/wip.universanimalier.com\/#organization"},"potentialAction":[{"@type":"SearchAction","target":{"@type":"EntryPoint","urlTemplate":"https:\/\/wip.universanimalier.com\/?s={search_term_string}"},"query-input":{"@type":"PropertyValueSpecification","valueRequired":true,"valueName":"search_term_string"}}],"inLanguage":"en-US"},{"@type":"Organization","@id":"https:\/\/wip.universanimalier.com\/#organization","name":"L'univers Animalier","url":"https:\/\/wip.universanimalier.com\/","logo":{"@type":"ImageObject","inLanguage":"en-US","@id":"https:\/\/wip.universanimalier.com\/#\/schema\/logo\/image\/","url":"https:\/\/universanimalier.com\/wp-content\/uploads\/2021\/06\/logo.jpg","contentUrl":"https:\/\/universanimalier.com\/wp-content\/uploads\/2021\/06\/logo.jpg","width":800,"height":200,"caption":"L'univers Animalier"},"image":{"@id":"https:\/\/wip.universanimalier.com\/#\/schema\/logo\/image\/"},"sameAs":["https:\/\/www.facebook.com\/lunivers.animalier"]}]}},"_links":{"self":[{"href":"https:\/\/universanimalier.com\/en\/wp-json\/wp\/v2\/product\/34116"}],"collection":[{"href":"https:\/\/universanimalier.com\/en\/wp-json\/wp\/v2\/product"}],"about":[{"href":"https:\/\/universanimalier.com\/en\/wp-json\/wp\/v2\/types\/product"}],"wp:featuredmedia":[{"embeddable":true,"href":"https:\/\/universanimalier.com\/en\/wp-json\/wp\/v2\/media\/34085"}],"wp:attachment":[{"href":"https:\/\/universanimalier.com\/en\/wp-json\/wp\/v2\/media?parent=34116"}],"wp:term":[{"taxonomy":"product_brand","embeddable":true,"href":"https:\/\/universanimalier.com\/en\/wp-json\/wp\/v2\/product_brand?post=34116"},{"taxonomy":"product_cat","embeddable":true,"href":"https:\/\/universanimalier.com\/en\/wp-json\/wp\/v2\/product_cat?post=34116"},{"taxonomy":"product_tag","embeddable":true,"href":"https:\/\/universanimalier.com\/en\/wp-json\/wp\/v2\/product_tag?post=34116"}],"curies":[{"name":"wp","href":"https:\/\/api.w.org\/{rel}","templated":true}]}}