{"id":35280,"date":"2021-04-11T15:47:26","date_gmt":"2021-04-11T13:47:26","guid":{"rendered":"https:\/\/universanimalier.com\/?post_type=product&#038;p=35280"},"modified":"2023-06-27T09:12:41","modified_gmt":"2023-06-27T07:12:41","slug":"bulltastic-bandana-foulard-cooling-blue-hibou","status":"publish","type":"product","link":"https:\/\/universanimalier.com\/en\/boutique\/bulltastic-bandana-foulard-cooling-blue-hibou\/","title":{"rendered":"Bulltastic - Bandana \/ Scarf Cooling Blue Owl"},"content":{"rendered":"","protected":false},"excerpt":{"rendered":"<p id=\"tw-target-text\" class=\"tw-data-text tw-ta tw-text-small\" dir=\"ltr\" data-placeholder=\"Traduction\"><span lang=\"fr\">Bandana <em><strong>cooling<\/strong><\/em> super stylish \ud83d\ude42<\/span><\/p>\n<p dir=\"ltr\" data-placeholder=\"Traduction\">Id\u00e9al pour les chaudes journ\u00e9es d&rsquo;\u00e9t\u00e9, ce bandana permettra a votre petit compagnon de rester frais! Fabriqu\u00e9 dans un tissu en mailles l\u00e9g\u00e8res, il s&rsquo;utilise tr\u00e8s simplement: le tremper dans l&rsquo;eau, l&rsquo;essorer et le tour est jou\u00e9, votre compagnon sera prot\u00e9g\u00e9 contre la chaleur.<\/p>\n<p dir=\"ltr\" data-placeholder=\"Traduction\">Unique size <strong>adjustable<\/strong>, s&rsquo;adapte aux petits et grands chiens avec une circonf\u00e9rence du cou jusqu&rsquo;\u00e0 65 cm.<\/p>\n<p dir=\"ltr\" data-placeholder=\"Traduction\">Very resistant high quality fabric, washes very easily.<\/p>\n<p class=\"tw-data-text tw-ta tw-text-small\" dir=\"ltr\" data-placeholder=\"Traduction\"><span lang=\"fr\">All in a cool and trendy design!<\/span><\/p>\n<p dir=\"ltr\" data-placeholder=\"Traduction\">70 x 45 x 45 cm.<\/p>","protected":false},"featured_media":35278,"template":"","meta":[],"product_brand":[],"product_cat":[3937,43,1572],"product_tag":[1328,3640,114,1906,1554,557,3639,1555],"class_list":{"0":"post-35280","1":"product","2":"type-product","3":"status-publish","4":"has-post-thumbnail","6":"product_cat-cooling-produits-rafraichissants","7":"product_cat-accessoires","8":"product_cat-bandanas","9":"product_tag-bandana","10":"product_tag-bandana-bulltastic","11":"product_tag-bulldog","12":"product_tag-bulltastic","13":"product_tag-cooling","14":"product_tag-foulard","15":"product_tag-foulard-rafraichissant","16":"product_tag-refresh","18":"first","19":"instock","20":"shipping-taxable","21":"purchasable","22":"product-type-simple"},"yoast_head":"<!-- This site is optimized with the Yoast SEO plugin v25.5 - https:\/\/yoast.com\/wordpress\/plugins\/seo\/ -->\n<title>Bulltastic - Bandana\/Foulard Cooling Blue Hibou - L&#039;univers Animalier<\/title>\n<meta name=\"robots\" content=\"index, follow, max-snippet:-1, max-image-preview:large, max-video-preview:-1\" \/>\n<link rel=\"canonical\" href=\"https:\/\/universanimalier.com\/en\/boutique\/bulltastic-bandana-foulard-cooling-blue-hibou\/\" \/>\n<meta property=\"og:locale\" content=\"en_US\" \/>\n<meta property=\"og:type\" content=\"article\" \/>\n<meta property=\"og:title\" content=\"Bulltastic - Bandana\/Foulard Cooling Blue Hibou - L&#039;univers Animalier\" \/>\n<meta property=\"og:description\" content=\"Bandana de refroidissement super styl\u00e9 :-) Id\u00e9al pour les chaudes journ\u00e9es d&#039;\u00e9t\u00e9, ce bandana permettra a votre petit compagnon de rester frais! Fabriqu\u00e9 dans un tissu en mailles l\u00e9g\u00e8res, il s&#039;utilise tr\u00e8s simplement: le tremper dans l&#039;eau, l&#039;essorer et le tour est jou\u00e9, votre compagnon sera prot\u00e9g\u00e9 contre la chaleur. Taille unique ajustable, s&#039;adapte aux petits et grands chiens avec une circonf\u00e9rence du cou jusqu&#039;\u00e0 65 cm. Tissu tr\u00e8s r\u00e9sistant de haute qualit\u00e9, se lave tr\u00e8s facilement. Le tout dans un design cool et branch\u00e9! 70 x 45 x 45 cm.\" \/>\n<meta property=\"og:url\" content=\"https:\/\/universanimalier.com\/en\/boutique\/bulltastic-bandana-foulard-cooling-blue-hibou\/\" \/>\n<meta property=\"og:site_name\" content=\"L&#039;univers Animalier\" \/>\n<meta property=\"article:publisher\" content=\"https:\/\/www.facebook.com\/lunivers.animalier\" \/>\n<meta property=\"article:modified_time\" content=\"2023-06-27T07:12:41+00:00\" \/>\n<meta property=\"og:image\" content=\"https:\/\/wip.universanimalier.com\/wp-content\/uploads\/2021\/04\/taJ4glrk.jpg\" \/>\n\t<meta property=\"og:image:width\" content=\"800\" \/>\n\t<meta property=\"og:image:height\" content=\"800\" \/>\n\t<meta property=\"og:image:type\" content=\"image\/jpeg\" \/>\n<meta name=\"twitter:card\" content=\"summary_large_image\" \/>\n<script type=\"application\/ld+json\" class=\"yoast-schema-graph\">{\"@context\":\"https:\/\/schema.org\",\"@graph\":[{\"@type\":\"WebPage\",\"@id\":\"https:\/\/universanimalier.com\/en\/boutique\/bulltastic-bandana-foulard-cooling-blue-hibou\/\",\"url\":\"https:\/\/universanimalier.com\/en\/boutique\/bulltastic-bandana-foulard-cooling-blue-hibou\/\",\"name\":\"Bulltastic - Bandana\/Foulard Cooling Blue Hibou - L&#039;univers Animalier\",\"isPartOf\":{\"@id\":\"https:\/\/wip.universanimalier.com\/#website\"},\"primaryImageOfPage\":{\"@id\":\"https:\/\/universanimalier.com\/en\/boutique\/bulltastic-bandana-foulard-cooling-blue-hibou\/#primaryimage\"},\"image\":{\"@id\":\"https:\/\/universanimalier.com\/en\/boutique\/bulltastic-bandana-foulard-cooling-blue-hibou\/#primaryimage\"},\"thumbnailUrl\":\"https:\/\/universanimalier.com\/wp-content\/uploads\/2021\/04\/taJ4glrk.jpg\",\"datePublished\":\"2021-04-11T13:47:26+00:00\",\"dateModified\":\"2023-06-27T07:12:41+00:00\",\"breadcrumb\":{\"@id\":\"https:\/\/universanimalier.com\/en\/boutique\/bulltastic-bandana-foulard-cooling-blue-hibou\/#breadcrumb\"},\"inLanguage\":\"en-US\",\"potentialAction\":[{\"@type\":\"ReadAction\",\"target\":[\"https:\/\/universanimalier.com\/en\/boutique\/bulltastic-bandana-foulard-cooling-blue-hibou\/\"]}]},{\"@type\":\"ImageObject\",\"inLanguage\":\"en-US\",\"@id\":\"https:\/\/universanimalier.com\/en\/boutique\/bulltastic-bandana-foulard-cooling-blue-hibou\/#primaryimage\",\"url\":\"https:\/\/universanimalier.com\/wp-content\/uploads\/2021\/04\/taJ4glrk.jpg\",\"contentUrl\":\"https:\/\/universanimalier.com\/wp-content\/uploads\/2021\/04\/taJ4glrk.jpg\",\"width\":800,\"height\":800},{\"@type\":\"BreadcrumbList\",\"@id\":\"https:\/\/universanimalier.com\/en\/boutique\/bulltastic-bandana-foulard-cooling-blue-hibou\/#breadcrumb\",\"itemListElement\":[{\"@type\":\"ListItem\",\"position\":1,\"name\":\"Accueil\",\"item\":\"https:\/\/wip.universanimalier.com\/\"},{\"@type\":\"ListItem\",\"position\":2,\"name\":\"Boutique\",\"item\":\"https:\/\/wip.universanimalier.com\/boutique\/\"},{\"@type\":\"ListItem\",\"position\":3,\"name\":\"Bulltastic &#8211; Bandana\/Foulard Cooling Blue Hibou\"}]},{\"@type\":\"WebSite\",\"@id\":\"https:\/\/wip.universanimalier.com\/#website\",\"url\":\"https:\/\/wip.universanimalier.com\/\",\"name\":\"L'univers Animalier\",\"description\":\"Le paradis des chiens g\u00e2t\u00e9s !\",\"publisher\":{\"@id\":\"https:\/\/wip.universanimalier.com\/#organization\"},\"potentialAction\":[{\"@type\":\"SearchAction\",\"target\":{\"@type\":\"EntryPoint\",\"urlTemplate\":\"https:\/\/wip.universanimalier.com\/?s={search_term_string}\"},\"query-input\":{\"@type\":\"PropertyValueSpecification\",\"valueRequired\":true,\"valueName\":\"search_term_string\"}}],\"inLanguage\":\"en-US\"},{\"@type\":\"Organization\",\"@id\":\"https:\/\/wip.universanimalier.com\/#organization\",\"name\":\"L'univers Animalier\",\"url\":\"https:\/\/wip.universanimalier.com\/\",\"logo\":{\"@type\":\"ImageObject\",\"inLanguage\":\"en-US\",\"@id\":\"https:\/\/wip.universanimalier.com\/#\/schema\/logo\/image\/\",\"url\":\"https:\/\/universanimalier.com\/wp-content\/uploads\/2021\/06\/logo.jpg\",\"contentUrl\":\"https:\/\/universanimalier.com\/wp-content\/uploads\/2021\/06\/logo.jpg\",\"width\":800,\"height\":200,\"caption\":\"L'univers Animalier\"},\"image\":{\"@id\":\"https:\/\/wip.universanimalier.com\/#\/schema\/logo\/image\/\"},\"sameAs\":[\"https:\/\/www.facebook.com\/lunivers.animalier\"]}]}<\/script>\n<!-- \/ Yoast SEO plugin. -->","yoast_head_json":{"title":"Bulltastic - Bandana\/Foulard Cooling Blue Hibou - L&#039;univers Animalier","robots":{"index":"index","follow":"follow","max-snippet":"max-snippet:-1","max-image-preview":"max-image-preview:large","max-video-preview":"max-video-preview:-1"},"canonical":"https:\/\/universanimalier.com\/en\/boutique\/bulltastic-bandana-foulard-cooling-blue-hibou\/","og_locale":"en_US","og_type":"article","og_title":"Bulltastic - Bandana\/Foulard Cooling Blue Hibou - L&#039;univers Animalier","og_description":"Bandana de refroidissement super styl\u00e9 :-) Id\u00e9al pour les chaudes journ\u00e9es d'\u00e9t\u00e9, ce bandana permettra a votre petit compagnon de rester frais! Fabriqu\u00e9 dans un tissu en mailles l\u00e9g\u00e8res, il s'utilise tr\u00e8s simplement: le tremper dans l'eau, l'essorer et le tour est jou\u00e9, votre compagnon sera prot\u00e9g\u00e9 contre la chaleur. Taille unique ajustable, s'adapte aux petits et grands chiens avec une circonf\u00e9rence du cou jusqu'\u00e0 65 cm. Tissu tr\u00e8s r\u00e9sistant de haute qualit\u00e9, se lave tr\u00e8s facilement. Le tout dans un design cool et branch\u00e9! 70 x 45 x 45 cm.","og_url":"https:\/\/universanimalier.com\/en\/boutique\/bulltastic-bandana-foulard-cooling-blue-hibou\/","og_site_name":"L&#039;univers Animalier","article_publisher":"https:\/\/www.facebook.com\/lunivers.animalier","article_modified_time":"2023-06-27T07:12:41+00:00","og_image":[{"width":800,"height":800,"url":"https:\/\/wip.universanimalier.com\/wp-content\/uploads\/2021\/04\/taJ4glrk.jpg","type":"image\/jpeg"}],"twitter_card":"summary_large_image","schema":{"@context":"https:\/\/schema.org","@graph":[{"@type":"WebPage","@id":"https:\/\/universanimalier.com\/en\/boutique\/bulltastic-bandana-foulard-cooling-blue-hibou\/","url":"https:\/\/universanimalier.com\/en\/boutique\/bulltastic-bandana-foulard-cooling-blue-hibou\/","name":"Bulltastic - Bandana\/Foulard Cooling Blue Hibou - L&#039;univers Animalier","isPartOf":{"@id":"https:\/\/wip.universanimalier.com\/#website"},"primaryImageOfPage":{"@id":"https:\/\/universanimalier.com\/en\/boutique\/bulltastic-bandana-foulard-cooling-blue-hibou\/#primaryimage"},"image":{"@id":"https:\/\/universanimalier.com\/en\/boutique\/bulltastic-bandana-foulard-cooling-blue-hibou\/#primaryimage"},"thumbnailUrl":"https:\/\/universanimalier.com\/wp-content\/uploads\/2021\/04\/taJ4glrk.jpg","datePublished":"2021-04-11T13:47:26+00:00","dateModified":"2023-06-27T07:12:41+00:00","breadcrumb":{"@id":"https:\/\/universanimalier.com\/en\/boutique\/bulltastic-bandana-foulard-cooling-blue-hibou\/#breadcrumb"},"inLanguage":"en-US","potentialAction":[{"@type":"ReadAction","target":["https:\/\/universanimalier.com\/en\/boutique\/bulltastic-bandana-foulard-cooling-blue-hibou\/"]}]},{"@type":"ImageObject","inLanguage":"en-US","@id":"https:\/\/universanimalier.com\/en\/boutique\/bulltastic-bandana-foulard-cooling-blue-hibou\/#primaryimage","url":"https:\/\/universanimalier.com\/wp-content\/uploads\/2021\/04\/taJ4glrk.jpg","contentUrl":"https:\/\/universanimalier.com\/wp-content\/uploads\/2021\/04\/taJ4glrk.jpg","width":800,"height":800},{"@type":"BreadcrumbList","@id":"https:\/\/universanimalier.com\/en\/boutique\/bulltastic-bandana-foulard-cooling-blue-hibou\/#breadcrumb","itemListElement":[{"@type":"ListItem","position":1,"name":"Accueil","item":"https:\/\/wip.universanimalier.com\/"},{"@type":"ListItem","position":2,"name":"Boutique","item":"https:\/\/wip.universanimalier.com\/boutique\/"},{"@type":"ListItem","position":3,"name":"Bulltastic &#8211; Bandana\/Foulard Cooling Blue Hibou"}]},{"@type":"WebSite","@id":"https:\/\/wip.universanimalier.com\/#website","url":"https:\/\/wip.universanimalier.com\/","name":"L'univers Animalier","description":"A paradise for spoiled dogs!","publisher":{"@id":"https:\/\/wip.universanimalier.com\/#organization"},"potentialAction":[{"@type":"SearchAction","target":{"@type":"EntryPoint","urlTemplate":"https:\/\/wip.universanimalier.com\/?s={search_term_string}"},"query-input":{"@type":"PropertyValueSpecification","valueRequired":true,"valueName":"search_term_string"}}],"inLanguage":"en-US"},{"@type":"Organization","@id":"https:\/\/wip.universanimalier.com\/#organization","name":"L'univers Animalier","url":"https:\/\/wip.universanimalier.com\/","logo":{"@type":"ImageObject","inLanguage":"en-US","@id":"https:\/\/wip.universanimalier.com\/#\/schema\/logo\/image\/","url":"https:\/\/universanimalier.com\/wp-content\/uploads\/2021\/06\/logo.jpg","contentUrl":"https:\/\/universanimalier.com\/wp-content\/uploads\/2021\/06\/logo.jpg","width":800,"height":200,"caption":"L'univers Animalier"},"image":{"@id":"https:\/\/wip.universanimalier.com\/#\/schema\/logo\/image\/"},"sameAs":["https:\/\/www.facebook.com\/lunivers.animalier"]}]}},"_links":{"self":[{"href":"https:\/\/universanimalier.com\/en\/wp-json\/wp\/v2\/product\/35280"}],"collection":[{"href":"https:\/\/universanimalier.com\/en\/wp-json\/wp\/v2\/product"}],"about":[{"href":"https:\/\/universanimalier.com\/en\/wp-json\/wp\/v2\/types\/product"}],"wp:featuredmedia":[{"embeddable":true,"href":"https:\/\/universanimalier.com\/en\/wp-json\/wp\/v2\/media\/35278"}],"wp:attachment":[{"href":"https:\/\/universanimalier.com\/en\/wp-json\/wp\/v2\/media?parent=35280"}],"wp:term":[{"taxonomy":"product_brand","embeddable":true,"href":"https:\/\/universanimalier.com\/en\/wp-json\/wp\/v2\/product_brand?post=35280"},{"taxonomy":"product_cat","embeddable":true,"href":"https:\/\/universanimalier.com\/en\/wp-json\/wp\/v2\/product_cat?post=35280"},{"taxonomy":"product_tag","embeddable":true,"href":"https:\/\/universanimalier.com\/en\/wp-json\/wp\/v2\/product_tag?post=35280"}],"curies":[{"name":"wp","href":"https:\/\/api.w.org\/{rel}","templated":true}]}}