{"id":35388,"date":"2021-04-15T22:35:55","date_gmt":"2021-04-15T20:35:55","guid":{"rendered":"https:\/\/universanimalier.com\/?post_type=product&#038;p=35388"},"modified":"2023-06-28T22:53:10","modified_gmt":"2023-06-28T20:53:10","slug":"milkpepper-harnais-deck-camouflage-bleu","status":"publish","type":"product","link":"https:\/\/universanimalier.com\/en\/boutique\/milkpepper-harnais-deck-camouflage-bleu\/","title":{"rendered":"Milk &amp; Pepper - Blue Camouflage Deck Harness"},"content":{"rendered":"","protected":false},"excerpt":{"rendered":"<ul>\n<li>Neoprene harness with an exclusive &quot;Blue Camouflage&quot; print<\/li>\n<li>Comfortable black mesh lining (breathable)<\/li>\n<li>Easy opening thanks to its clip and velcro<\/li>\n<li>Bouclerie d&rsquo;attache pour la laisse en m\u00e9tal titane<\/li>\n<li>Small camel imitation leather badge<\/li>\n<li>Small tip in summer: Maybe wet to cool your dog<\/li>\n<li>Maybe associated with <a href=\"https:\/\/universanimalier.com\/en\/boutique\/milkpepper-laisse-alpha-noir-2\/\">the &quot;ALPHA&quot; leash<\/a><\/li>\n<li>Machine washable at 30 \u00b0<\/li>\n<\/ul>\n<p>Size guide: see photos.<\/p>","protected":false},"featured_media":35328,"template":"","meta":[],"product_brand":[],"product_cat":[52],"product_tag":[228,2366,4905,3601,4233,617,18,1764,116],"class_list":{"0":"post-35388","1":"product","2":"type-product","3":"status-publish","4":"has-post-thumbnail","6":"product_cat-harnais","7":"product_tag-harnais","8":"product_tag-harnais-camouflage","9":"product_tag-harnais-deck","10":"product_tag-harnais-milk-and-pepper","11":"product_tag-harnais-veste","12":"product_tag-mp","13":"product_tag-milk-pepper","14":"product_tag-milk-and-pepper","15":"product_tag-milkpepper","17":"first","18":"instock","19":"shipping-taxable","20":"purchasable","21":"product-type-variable"},"yoast_head":"<!-- This site is optimized with the Yoast SEO plugin v25.5 - https:\/\/yoast.com\/wordpress\/plugins\/seo\/ -->\n<title>Milk&amp;Pepper - Harnais Deck Camouflage bleu - L&#039;univers Animalier<\/title>\n<meta name=\"robots\" content=\"index, follow, max-snippet:-1, max-image-preview:large, max-video-preview:-1\" \/>\n<link rel=\"canonical\" href=\"https:\/\/universanimalier.com\/en\/boutique\/milkpepper-harnais-deck-camouflage-bleu\/\" \/>\n<meta property=\"og:locale\" content=\"en_US\" \/>\n<meta property=\"og:type\" content=\"article\" \/>\n<meta property=\"og:title\" content=\"Milk&amp;Pepper - Harnais Deck Camouflage bleu - L&#039;univers Animalier\" \/>\n<meta property=\"og:description\" content=\"Harnais en n\u00e9opr\u00e8ne avec un imprim\u00e9 exclusif \u00ab Camouflage bleu \u00bb  Doublure confortable en mesh noir (respirant)  Ouverture facile gr\u00e2ce \u00e0 son clip et son velcro  Bouclerie d&#039;attache pour la laisse en m\u00e9tal titane  Petit badge en imitation cuir camel  Petite astuce en \u00e9t\u00e9: Peut-\u00eatre mouill\u00e9 pour rafraichir votre chien  Peut-\u00eatre associ\u00e9 \u00e0 la laisse \u00ab ALPHA \u00bb  Lavable en machine \u00e0 30\u00b0  Guide des tailles: voir photos.\" \/>\n<meta property=\"og:url\" content=\"https:\/\/universanimalier.com\/en\/boutique\/milkpepper-harnais-deck-camouflage-bleu\/\" \/>\n<meta property=\"og:site_name\" content=\"L&#039;univers Animalier\" \/>\n<meta property=\"article:publisher\" content=\"https:\/\/www.facebook.com\/lunivers.animalier\" \/>\n<meta property=\"article:modified_time\" content=\"2023-06-28T20:53:10+00:00\" \/>\n<meta property=\"og:image\" content=\"https:\/\/wip.universanimalier.com\/wp-content\/uploads\/2021\/04\/harnais-deck.jpg\" \/>\n\t<meta property=\"og:image:width\" content=\"480\" \/>\n\t<meta property=\"og:image:height\" content=\"585\" \/>\n\t<meta property=\"og:image:type\" content=\"image\/jpeg\" \/>\n<meta name=\"twitter:card\" content=\"summary_large_image\" \/>\n<script type=\"application\/ld+json\" class=\"yoast-schema-graph\">{\"@context\":\"https:\/\/schema.org\",\"@graph\":[{\"@type\":\"WebPage\",\"@id\":\"https:\/\/universanimalier.com\/en\/boutique\/milkpepper-harnais-deck-camouflage-bleu\/\",\"url\":\"https:\/\/universanimalier.com\/en\/boutique\/milkpepper-harnais-deck-camouflage-bleu\/\",\"name\":\"Milk&Pepper - Harnais Deck Camouflage bleu - L&#039;univers Animalier\",\"isPartOf\":{\"@id\":\"https:\/\/wip.universanimalier.com\/#website\"},\"primaryImageOfPage\":{\"@id\":\"https:\/\/universanimalier.com\/en\/boutique\/milkpepper-harnais-deck-camouflage-bleu\/#primaryimage\"},\"image\":{\"@id\":\"https:\/\/universanimalier.com\/en\/boutique\/milkpepper-harnais-deck-camouflage-bleu\/#primaryimage\"},\"thumbnailUrl\":\"https:\/\/universanimalier.com\/wp-content\/uploads\/2021\/04\/harnais-deck.jpg\",\"datePublished\":\"2021-04-15T20:35:55+00:00\",\"dateModified\":\"2023-06-28T20:53:10+00:00\",\"breadcrumb\":{\"@id\":\"https:\/\/universanimalier.com\/en\/boutique\/milkpepper-harnais-deck-camouflage-bleu\/#breadcrumb\"},\"inLanguage\":\"en-US\",\"potentialAction\":[{\"@type\":\"ReadAction\",\"target\":[\"https:\/\/universanimalier.com\/en\/boutique\/milkpepper-harnais-deck-camouflage-bleu\/\"]}]},{\"@type\":\"ImageObject\",\"inLanguage\":\"en-US\",\"@id\":\"https:\/\/universanimalier.com\/en\/boutique\/milkpepper-harnais-deck-camouflage-bleu\/#primaryimage\",\"url\":\"https:\/\/universanimalier.com\/wp-content\/uploads\/2021\/04\/harnais-deck.jpg\",\"contentUrl\":\"https:\/\/universanimalier.com\/wp-content\/uploads\/2021\/04\/harnais-deck.jpg\",\"width\":480,\"height\":585},{\"@type\":\"BreadcrumbList\",\"@id\":\"https:\/\/universanimalier.com\/en\/boutique\/milkpepper-harnais-deck-camouflage-bleu\/#breadcrumb\",\"itemListElement\":[{\"@type\":\"ListItem\",\"position\":1,\"name\":\"Accueil\",\"item\":\"https:\/\/wip.universanimalier.com\/\"},{\"@type\":\"ListItem\",\"position\":2,\"name\":\"Boutique\",\"item\":\"https:\/\/wip.universanimalier.com\/boutique\/\"},{\"@type\":\"ListItem\",\"position\":3,\"name\":\"Milk&#038;Pepper &#8211; Harnais Deck Camouflage bleu\"}]},{\"@type\":\"WebSite\",\"@id\":\"https:\/\/wip.universanimalier.com\/#website\",\"url\":\"https:\/\/wip.universanimalier.com\/\",\"name\":\"L'univers Animalier\",\"description\":\"Le paradis des chiens g\u00e2t\u00e9s !\",\"publisher\":{\"@id\":\"https:\/\/wip.universanimalier.com\/#organization\"},\"potentialAction\":[{\"@type\":\"SearchAction\",\"target\":{\"@type\":\"EntryPoint\",\"urlTemplate\":\"https:\/\/wip.universanimalier.com\/?s={search_term_string}\"},\"query-input\":{\"@type\":\"PropertyValueSpecification\",\"valueRequired\":true,\"valueName\":\"search_term_string\"}}],\"inLanguage\":\"en-US\"},{\"@type\":\"Organization\",\"@id\":\"https:\/\/wip.universanimalier.com\/#organization\",\"name\":\"L'univers Animalier\",\"url\":\"https:\/\/wip.universanimalier.com\/\",\"logo\":{\"@type\":\"ImageObject\",\"inLanguage\":\"en-US\",\"@id\":\"https:\/\/wip.universanimalier.com\/#\/schema\/logo\/image\/\",\"url\":\"https:\/\/universanimalier.com\/wp-content\/uploads\/2021\/06\/logo.jpg\",\"contentUrl\":\"https:\/\/universanimalier.com\/wp-content\/uploads\/2021\/06\/logo.jpg\",\"width\":800,\"height\":200,\"caption\":\"L'univers Animalier\"},\"image\":{\"@id\":\"https:\/\/wip.universanimalier.com\/#\/schema\/logo\/image\/\"},\"sameAs\":[\"https:\/\/www.facebook.com\/lunivers.animalier\"]}]}<\/script>\n<!-- \/ Yoast SEO plugin. -->","yoast_head_json":{"title":"Milk&Pepper - Harnais Deck Camouflage bleu - L&#039;univers Animalier","robots":{"index":"index","follow":"follow","max-snippet":"max-snippet:-1","max-image-preview":"max-image-preview:large","max-video-preview":"max-video-preview:-1"},"canonical":"https:\/\/universanimalier.com\/en\/boutique\/milkpepper-harnais-deck-camouflage-bleu\/","og_locale":"en_US","og_type":"article","og_title":"Milk&Pepper - Harnais Deck Camouflage bleu - L&#039;univers Animalier","og_description":"Harnais en n\u00e9opr\u00e8ne avec un imprim\u00e9 exclusif \u00ab Camouflage bleu \u00bb  Doublure confortable en mesh noir (respirant)  Ouverture facile gr\u00e2ce \u00e0 son clip et son velcro  Bouclerie d'attache pour la laisse en m\u00e9tal titane  Petit badge en imitation cuir camel  Petite astuce en \u00e9t\u00e9: Peut-\u00eatre mouill\u00e9 pour rafraichir votre chien  Peut-\u00eatre associ\u00e9 \u00e0 la laisse \u00ab ALPHA \u00bb  Lavable en machine \u00e0 30\u00b0  Guide des tailles: voir photos.","og_url":"https:\/\/universanimalier.com\/en\/boutique\/milkpepper-harnais-deck-camouflage-bleu\/","og_site_name":"L&#039;univers Animalier","article_publisher":"https:\/\/www.facebook.com\/lunivers.animalier","article_modified_time":"2023-06-28T20:53:10+00:00","og_image":[{"width":480,"height":585,"url":"https:\/\/wip.universanimalier.com\/wp-content\/uploads\/2021\/04\/harnais-deck.jpg","type":"image\/jpeg"}],"twitter_card":"summary_large_image","schema":{"@context":"https:\/\/schema.org","@graph":[{"@type":"WebPage","@id":"https:\/\/universanimalier.com\/en\/boutique\/milkpepper-harnais-deck-camouflage-bleu\/","url":"https:\/\/universanimalier.com\/en\/boutique\/milkpepper-harnais-deck-camouflage-bleu\/","name":"Milk&Pepper - Harnais Deck Camouflage bleu - L&#039;univers Animalier","isPartOf":{"@id":"https:\/\/wip.universanimalier.com\/#website"},"primaryImageOfPage":{"@id":"https:\/\/universanimalier.com\/en\/boutique\/milkpepper-harnais-deck-camouflage-bleu\/#primaryimage"},"image":{"@id":"https:\/\/universanimalier.com\/en\/boutique\/milkpepper-harnais-deck-camouflage-bleu\/#primaryimage"},"thumbnailUrl":"https:\/\/universanimalier.com\/wp-content\/uploads\/2021\/04\/harnais-deck.jpg","datePublished":"2021-04-15T20:35:55+00:00","dateModified":"2023-06-28T20:53:10+00:00","breadcrumb":{"@id":"https:\/\/universanimalier.com\/en\/boutique\/milkpepper-harnais-deck-camouflage-bleu\/#breadcrumb"},"inLanguage":"en-US","potentialAction":[{"@type":"ReadAction","target":["https:\/\/universanimalier.com\/en\/boutique\/milkpepper-harnais-deck-camouflage-bleu\/"]}]},{"@type":"ImageObject","inLanguage":"en-US","@id":"https:\/\/universanimalier.com\/en\/boutique\/milkpepper-harnais-deck-camouflage-bleu\/#primaryimage","url":"https:\/\/universanimalier.com\/wp-content\/uploads\/2021\/04\/harnais-deck.jpg","contentUrl":"https:\/\/universanimalier.com\/wp-content\/uploads\/2021\/04\/harnais-deck.jpg","width":480,"height":585},{"@type":"BreadcrumbList","@id":"https:\/\/universanimalier.com\/en\/boutique\/milkpepper-harnais-deck-camouflage-bleu\/#breadcrumb","itemListElement":[{"@type":"ListItem","position":1,"name":"Accueil","item":"https:\/\/wip.universanimalier.com\/"},{"@type":"ListItem","position":2,"name":"Boutique","item":"https:\/\/wip.universanimalier.com\/boutique\/"},{"@type":"ListItem","position":3,"name":"Milk&#038;Pepper &#8211; Harnais Deck Camouflage bleu"}]},{"@type":"WebSite","@id":"https:\/\/wip.universanimalier.com\/#website","url":"https:\/\/wip.universanimalier.com\/","name":"L'univers Animalier","description":"A paradise for spoiled dogs!","publisher":{"@id":"https:\/\/wip.universanimalier.com\/#organization"},"potentialAction":[{"@type":"SearchAction","target":{"@type":"EntryPoint","urlTemplate":"https:\/\/wip.universanimalier.com\/?s={search_term_string}"},"query-input":{"@type":"PropertyValueSpecification","valueRequired":true,"valueName":"search_term_string"}}],"inLanguage":"en-US"},{"@type":"Organization","@id":"https:\/\/wip.universanimalier.com\/#organization","name":"L'univers Animalier","url":"https:\/\/wip.universanimalier.com\/","logo":{"@type":"ImageObject","inLanguage":"en-US","@id":"https:\/\/wip.universanimalier.com\/#\/schema\/logo\/image\/","url":"https:\/\/universanimalier.com\/wp-content\/uploads\/2021\/06\/logo.jpg","contentUrl":"https:\/\/universanimalier.com\/wp-content\/uploads\/2021\/06\/logo.jpg","width":800,"height":200,"caption":"L'univers Animalier"},"image":{"@id":"https:\/\/wip.universanimalier.com\/#\/schema\/logo\/image\/"},"sameAs":["https:\/\/www.facebook.com\/lunivers.animalier"]}]}},"_links":{"self":[{"href":"https:\/\/universanimalier.com\/en\/wp-json\/wp\/v2\/product\/35388"}],"collection":[{"href":"https:\/\/universanimalier.com\/en\/wp-json\/wp\/v2\/product"}],"about":[{"href":"https:\/\/universanimalier.com\/en\/wp-json\/wp\/v2\/types\/product"}],"wp:featuredmedia":[{"embeddable":true,"href":"https:\/\/universanimalier.com\/en\/wp-json\/wp\/v2\/media\/35328"}],"wp:attachment":[{"href":"https:\/\/universanimalier.com\/en\/wp-json\/wp\/v2\/media?parent=35388"}],"wp:term":[{"taxonomy":"product_brand","embeddable":true,"href":"https:\/\/universanimalier.com\/en\/wp-json\/wp\/v2\/product_brand?post=35388"},{"taxonomy":"product_cat","embeddable":true,"href":"https:\/\/universanimalier.com\/en\/wp-json\/wp\/v2\/product_cat?post=35388"},{"taxonomy":"product_tag","embeddable":true,"href":"https:\/\/universanimalier.com\/en\/wp-json\/wp\/v2\/product_tag?post=35388"}],"curies":[{"name":"wp","href":"https:\/\/api.w.org\/{rel}","templated":true}]}}