{"id":35719,"date":"2021-04-22T22:14:35","date_gmt":"2021-04-22T20:14:35","guid":{"rendered":"https:\/\/universanimalier.com\/?post_type=product&#038;p=35719"},"modified":"2025-08-01T09:40:24","modified_gmt":"2025-08-01T07:40:24","slug":"mon-bonbon-harnais-harness-ponza-positano-blue","status":"publish","type":"product","link":"https:\/\/universanimalier.com\/en\/boutique\/mon-bonbon-harnais-harness-ponza-positano-blue\/","title":{"rendered":"Mon Bonbon - Harness \/ Harness Ponza Positano Blue"},"content":{"rendered":"","protected":false},"excerpt":{"rendered":"<p>Harness in vintage jeans with small embroidered flowers and Swarovski crystals.<\/p>\n<ul>\n<li>Thick, woven cotton jeans material<\/li>\n<li>Double attachment for the leash<\/li>\n<li>Very practical velcro closure<\/li>\n<li>To be worn short<\/li>\n<li>Size guide: see photos.<\/li>\n<\/ul>\n<p><em>Choose the usual size. <\/em><\/p>\n<p><em>Are you hesitating between two sizes? Take the one above.<\/em><\/p>","protected":false},"featured_media":35705,"template":"","meta":[],"product_brand":[],"product_cat":[52],"product_tag":[228,4962,4960,4961,354,806,22,1801,146],"class_list":{"0":"post-35719","1":"product","2":"type-product","3":"status-publish","4":"has-post-thumbnail","6":"product_cat-harnais","7":"product_tag-harnais","8":"product_tag-harnais-jeans","9":"product_tag-harnais-ponza","10":"product_tag-harnais-positano","11":"product_tag-harness","12":"product_tag-mbb","13":"product_tag-mon-bonbon","14":"product_tag-mon-bonbon-milano","15":"product_tag-swarovski","17":"first","18":"instock","19":"featured","20":"shipping-taxable","21":"purchasable","22":"product-type-variable"},"yoast_head":"<!-- This site is optimized with the Yoast SEO plugin v25.5 - https:\/\/yoast.com\/wordpress\/plugins\/seo\/ -->\n<title>Mon Bonbon - Harnais\/Harness Ponza Positano Blue - L&#039;univers Animalier<\/title>\n<meta name=\"robots\" content=\"index, follow, max-snippet:-1, max-image-preview:large, max-video-preview:-1\" \/>\n<link rel=\"canonical\" href=\"https:\/\/universanimalier.com\/en\/boutique\/mon-bonbon-harnais-harness-ponza-positano-blue\/\" \/>\n<meta property=\"og:locale\" content=\"en_US\" \/>\n<meta property=\"og:type\" content=\"article\" \/>\n<meta property=\"og:title\" content=\"Mon Bonbon - Harnais\/Harness Ponza Positano Blue - L&#039;univers Animalier\" \/>\n<meta property=\"og:description\" content=\"Harnais en jeans vintage avec petites fleurs brod\u00e9es et cristaux Swarovski.   Mati\u00e8re jeans en coton \u00e9pais et tiss\u00e9  Attache double pour la laisse  Fermeture velcro tr\u00e8s pratique  Se porte court  Guide des tailles: voir photos.  Choisissez la taille habituelle.   Vous h\u00e9sitez entre deux tailles? Prenez celle du dessus.\" \/>\n<meta property=\"og:url\" content=\"https:\/\/universanimalier.com\/en\/boutique\/mon-bonbon-harnais-harness-ponza-positano-blue\/\" \/>\n<meta property=\"og:site_name\" content=\"L&#039;univers Animalier\" \/>\n<meta property=\"article:publisher\" content=\"https:\/\/www.facebook.com\/lunivers.animalier\" \/>\n<meta property=\"article:modified_time\" content=\"2025-08-01T07:40:24+00:00\" \/>\n<meta property=\"og:image\" content=\"https:\/\/universanimalier.com\/wp-content\/uploads\/2021\/04\/15C78256-79CC-4E40-8575-937F90DA9348.jpeg\" \/>\n\t<meta property=\"og:image:width\" content=\"1200\" \/>\n\t<meta property=\"og:image:height\" content=\"1200\" \/>\n\t<meta property=\"og:image:type\" content=\"image\/jpeg\" \/>\n<meta name=\"twitter:card\" content=\"summary_large_image\" \/>\n<script type=\"application\/ld+json\" class=\"yoast-schema-graph\">{\"@context\":\"https:\/\/schema.org\",\"@graph\":[{\"@type\":\"WebPage\",\"@id\":\"https:\/\/universanimalier.com\/boutique\/mon-bonbon-harnais-harness-ponza-positano-blue\/\",\"url\":\"https:\/\/universanimalier.com\/boutique\/mon-bonbon-harnais-harness-ponza-positano-blue\/\",\"name\":\"Mon Bonbon - Harnais\/Harness Ponza Positano Blue - L&#039;univers Animalier\",\"isPartOf\":{\"@id\":\"https:\/\/wip.universanimalier.com\/#website\"},\"primaryImageOfPage\":{\"@id\":\"https:\/\/universanimalier.com\/boutique\/mon-bonbon-harnais-harness-ponza-positano-blue\/#primaryimage\"},\"image\":{\"@id\":\"https:\/\/universanimalier.com\/boutique\/mon-bonbon-harnais-harness-ponza-positano-blue\/#primaryimage\"},\"thumbnailUrl\":\"https:\/\/universanimalier.com\/wp-content\/uploads\/2021\/04\/15C78256-79CC-4E40-8575-937F90DA9348.jpeg\",\"datePublished\":\"2021-04-22T20:14:35+00:00\",\"dateModified\":\"2025-08-01T07:40:24+00:00\",\"breadcrumb\":{\"@id\":\"https:\/\/universanimalier.com\/boutique\/mon-bonbon-harnais-harness-ponza-positano-blue\/#breadcrumb\"},\"inLanguage\":\"en-US\",\"potentialAction\":[{\"@type\":\"ReadAction\",\"target\":[\"https:\/\/universanimalier.com\/boutique\/mon-bonbon-harnais-harness-ponza-positano-blue\/\"]}]},{\"@type\":\"ImageObject\",\"inLanguage\":\"en-US\",\"@id\":\"https:\/\/universanimalier.com\/boutique\/mon-bonbon-harnais-harness-ponza-positano-blue\/#primaryimage\",\"url\":\"https:\/\/universanimalier.com\/wp-content\/uploads\/2021\/04\/15C78256-79CC-4E40-8575-937F90DA9348.jpeg\",\"contentUrl\":\"https:\/\/universanimalier.com\/wp-content\/uploads\/2021\/04\/15C78256-79CC-4E40-8575-937F90DA9348.jpeg\",\"width\":1200,\"height\":1200,\"caption\":\"Processed with MOLDIV\"},{\"@type\":\"BreadcrumbList\",\"@id\":\"https:\/\/universanimalier.com\/boutique\/mon-bonbon-harnais-harness-ponza-positano-blue\/#breadcrumb\",\"itemListElement\":[{\"@type\":\"ListItem\",\"position\":1,\"name\":\"Accueil\",\"item\":\"https:\/\/wip.universanimalier.com\/\"},{\"@type\":\"ListItem\",\"position\":2,\"name\":\"Boutique\",\"item\":\"https:\/\/wip.universanimalier.com\/boutique\/\"},{\"@type\":\"ListItem\",\"position\":3,\"name\":\"Mon Bonbon &#8211; Harnais\/Harness Ponza Positano Blue\"}]},{\"@type\":\"WebSite\",\"@id\":\"https:\/\/wip.universanimalier.com\/#website\",\"url\":\"https:\/\/wip.universanimalier.com\/\",\"name\":\"L'univers Animalier\",\"description\":\"Le paradis des chiens g\u00e2t\u00e9s !\",\"publisher\":{\"@id\":\"https:\/\/wip.universanimalier.com\/#organization\"},\"potentialAction\":[{\"@type\":\"SearchAction\",\"target\":{\"@type\":\"EntryPoint\",\"urlTemplate\":\"https:\/\/wip.universanimalier.com\/?s={search_term_string}\"},\"query-input\":{\"@type\":\"PropertyValueSpecification\",\"valueRequired\":true,\"valueName\":\"search_term_string\"}}],\"inLanguage\":\"en-US\"},{\"@type\":\"Organization\",\"@id\":\"https:\/\/wip.universanimalier.com\/#organization\",\"name\":\"L'univers Animalier\",\"url\":\"https:\/\/wip.universanimalier.com\/\",\"logo\":{\"@type\":\"ImageObject\",\"inLanguage\":\"en-US\",\"@id\":\"https:\/\/wip.universanimalier.com\/#\/schema\/logo\/image\/\",\"url\":\"https:\/\/universanimalier.com\/wp-content\/uploads\/2021\/06\/logo.jpg\",\"contentUrl\":\"https:\/\/universanimalier.com\/wp-content\/uploads\/2021\/06\/logo.jpg\",\"width\":800,\"height\":200,\"caption\":\"L'univers Animalier\"},\"image\":{\"@id\":\"https:\/\/wip.universanimalier.com\/#\/schema\/logo\/image\/\"},\"sameAs\":[\"https:\/\/www.facebook.com\/lunivers.animalier\"]}]}<\/script>\n<!-- \/ Yoast SEO plugin. -->","yoast_head_json":{"title":"Mon Bonbon - Harnais\/Harness Ponza Positano Blue - L&#039;univers Animalier","robots":{"index":"index","follow":"follow","max-snippet":"max-snippet:-1","max-image-preview":"max-image-preview:large","max-video-preview":"max-video-preview:-1"},"canonical":"https:\/\/universanimalier.com\/en\/boutique\/mon-bonbon-harnais-harness-ponza-positano-blue\/","og_locale":"en_US","og_type":"article","og_title":"Mon Bonbon - Harnais\/Harness Ponza Positano Blue - L&#039;univers Animalier","og_description":"Harnais en jeans vintage avec petites fleurs brod\u00e9es et cristaux Swarovski.   Mati\u00e8re jeans en coton \u00e9pais et tiss\u00e9  Attache double pour la laisse  Fermeture velcro tr\u00e8s pratique  Se porte court  Guide des tailles: voir photos.  Choisissez la taille habituelle.   Vous h\u00e9sitez entre deux tailles? Prenez celle du dessus.","og_url":"https:\/\/universanimalier.com\/en\/boutique\/mon-bonbon-harnais-harness-ponza-positano-blue\/","og_site_name":"L&#039;univers Animalier","article_publisher":"https:\/\/www.facebook.com\/lunivers.animalier","article_modified_time":"2025-08-01T07:40:24+00:00","og_image":[{"width":1200,"height":1200,"url":"https:\/\/universanimalier.com\/wp-content\/uploads\/2021\/04\/15C78256-79CC-4E40-8575-937F90DA9348.jpeg","type":"image\/jpeg"}],"twitter_card":"summary_large_image","schema":{"@context":"https:\/\/schema.org","@graph":[{"@type":"WebPage","@id":"https:\/\/universanimalier.com\/boutique\/mon-bonbon-harnais-harness-ponza-positano-blue\/","url":"https:\/\/universanimalier.com\/boutique\/mon-bonbon-harnais-harness-ponza-positano-blue\/","name":"Mon Bonbon - Harnais\/Harness Ponza Positano Blue - L&#039;univers Animalier","isPartOf":{"@id":"https:\/\/wip.universanimalier.com\/#website"},"primaryImageOfPage":{"@id":"https:\/\/universanimalier.com\/boutique\/mon-bonbon-harnais-harness-ponza-positano-blue\/#primaryimage"},"image":{"@id":"https:\/\/universanimalier.com\/boutique\/mon-bonbon-harnais-harness-ponza-positano-blue\/#primaryimage"},"thumbnailUrl":"https:\/\/universanimalier.com\/wp-content\/uploads\/2021\/04\/15C78256-79CC-4E40-8575-937F90DA9348.jpeg","datePublished":"2021-04-22T20:14:35+00:00","dateModified":"2025-08-01T07:40:24+00:00","breadcrumb":{"@id":"https:\/\/universanimalier.com\/boutique\/mon-bonbon-harnais-harness-ponza-positano-blue\/#breadcrumb"},"inLanguage":"en-US","potentialAction":[{"@type":"ReadAction","target":["https:\/\/universanimalier.com\/boutique\/mon-bonbon-harnais-harness-ponza-positano-blue\/"]}]},{"@type":"ImageObject","inLanguage":"en-US","@id":"https:\/\/universanimalier.com\/boutique\/mon-bonbon-harnais-harness-ponza-positano-blue\/#primaryimage","url":"https:\/\/universanimalier.com\/wp-content\/uploads\/2021\/04\/15C78256-79CC-4E40-8575-937F90DA9348.jpeg","contentUrl":"https:\/\/universanimalier.com\/wp-content\/uploads\/2021\/04\/15C78256-79CC-4E40-8575-937F90DA9348.jpeg","width":1200,"height":1200,"caption":"Processed with MOLDIV"},{"@type":"BreadcrumbList","@id":"https:\/\/universanimalier.com\/boutique\/mon-bonbon-harnais-harness-ponza-positano-blue\/#breadcrumb","itemListElement":[{"@type":"ListItem","position":1,"name":"Accueil","item":"https:\/\/wip.universanimalier.com\/"},{"@type":"ListItem","position":2,"name":"Boutique","item":"https:\/\/wip.universanimalier.com\/boutique\/"},{"@type":"ListItem","position":3,"name":"Mon Bonbon &#8211; Harnais\/Harness Ponza Positano Blue"}]},{"@type":"WebSite","@id":"https:\/\/wip.universanimalier.com\/#website","url":"https:\/\/wip.universanimalier.com\/","name":"L'univers Animalier","description":"A paradise for spoiled dogs!","publisher":{"@id":"https:\/\/wip.universanimalier.com\/#organization"},"potentialAction":[{"@type":"SearchAction","target":{"@type":"EntryPoint","urlTemplate":"https:\/\/wip.universanimalier.com\/?s={search_term_string}"},"query-input":{"@type":"PropertyValueSpecification","valueRequired":true,"valueName":"search_term_string"}}],"inLanguage":"en-US"},{"@type":"Organization","@id":"https:\/\/wip.universanimalier.com\/#organization","name":"L'univers Animalier","url":"https:\/\/wip.universanimalier.com\/","logo":{"@type":"ImageObject","inLanguage":"en-US","@id":"https:\/\/wip.universanimalier.com\/#\/schema\/logo\/image\/","url":"https:\/\/universanimalier.com\/wp-content\/uploads\/2021\/06\/logo.jpg","contentUrl":"https:\/\/universanimalier.com\/wp-content\/uploads\/2021\/06\/logo.jpg","width":800,"height":200,"caption":"L'univers Animalier"},"image":{"@id":"https:\/\/wip.universanimalier.com\/#\/schema\/logo\/image\/"},"sameAs":["https:\/\/www.facebook.com\/lunivers.animalier"]}]}},"_links":{"self":[{"href":"https:\/\/universanimalier.com\/en\/wp-json\/wp\/v2\/product\/35719"}],"collection":[{"href":"https:\/\/universanimalier.com\/en\/wp-json\/wp\/v2\/product"}],"about":[{"href":"https:\/\/universanimalier.com\/en\/wp-json\/wp\/v2\/types\/product"}],"wp:featuredmedia":[{"embeddable":true,"href":"https:\/\/universanimalier.com\/en\/wp-json\/wp\/v2\/media\/35705"}],"wp:attachment":[{"href":"https:\/\/universanimalier.com\/en\/wp-json\/wp\/v2\/media?parent=35719"}],"wp:term":[{"taxonomy":"product_brand","embeddable":true,"href":"https:\/\/universanimalier.com\/en\/wp-json\/wp\/v2\/product_brand?post=35719"},{"taxonomy":"product_cat","embeddable":true,"href":"https:\/\/universanimalier.com\/en\/wp-json\/wp\/v2\/product_cat?post=35719"},{"taxonomy":"product_tag","embeddable":true,"href":"https:\/\/universanimalier.com\/en\/wp-json\/wp\/v2\/product_tag?post=35719"}],"curies":[{"name":"wp","href":"https:\/\/api.w.org\/{rel}","templated":true}]}}