{"id":35796,"date":"2021-04-23T21:54:49","date_gmt":"2021-04-23T19:54:49","guid":{"rendered":"https:\/\/universanimalier.com\/?post_type=product&#038;p=35796"},"modified":"2024-08-02T09:30:34","modified_gmt":"2024-08-02T07:30:34","slug":"milk-and-pepper-impermeable-pioggia-pois-fuchsia","status":"publish","type":"product","link":"https:\/\/universanimalier.com\/en\/boutique\/milk-and-pepper-impermeable-pioggia-pois-fuchsia\/","title":{"rendered":"Milk and Pepper - Raincoat Pioggia Pois fuchsia"},"content":{"rendered":"","protected":false},"excerpt":{"rendered":"<ul>\n<li>Raincoat created especially for small and medium dogs<\/li>\n<li>Transparent hooded raincoat with fuchsia pink polka dots<\/li>\n<li>Without sleeves<\/li>\n<li>Etiquette tiss\u00e9e\u00a0 \u00ab\u00a0Jour de Pluie\u00a0\u00bb gris anthracite et dor\u00e9e en bas du dos<\/li>\n<li>Elastic for the passage of the tail<\/li>\n<li>&quot;M&amp;P&quot; snaps and golden metal hood stopper<\/li>\n<li>Machine washable at 30 \u00b0<\/li>\n<\/ul>\n<p>Size guide: see photos.<\/p>","protected":false},"featured_media":35806,"template":"","meta":[],"product_brand":[],"product_cat":[1660,1659,15],"product_tag":[1492,307,4976,4975,3575,1491,3576],"class_list":{"0":"post-35796","1":"product","2":"type-product","3":"status-publish","4":"has-post-thumbnail","6":"product_cat-impers","7":"product_cat-manteaux","8":"product_cat-dressing","9":"product_tag-coupe-vent","10":"product_tag-imper","11":"product_tag-imper-a-pois","12":"product_tag-imper-pioggia","13":"product_tag-imper-pour-chien","14":"product_tag-impermeable","15":"product_tag-manteau-pour-chien","17":"first","18":"instock","19":"shipping-taxable","20":"purchasable","21":"product-type-variable"},"yoast_head":"<!-- This site is optimized with the Yoast SEO plugin v25.5 - https:\/\/yoast.com\/wordpress\/plugins\/seo\/ -->\n<title>Milk and Pepper - Imperm\u00e9able Pioggia Pois fuchsia - L&#039;univers Animalier<\/title>\n<meta name=\"robots\" content=\"index, follow, max-snippet:-1, max-image-preview:large, max-video-preview:-1\" \/>\n<link rel=\"canonical\" href=\"https:\/\/universanimalier.com\/en\/boutique\/milk-and-pepper-impermeable-pioggia-pois-fuchsia\/\" \/>\n<meta property=\"og:locale\" content=\"en_US\" \/>\n<meta property=\"og:type\" content=\"article\" \/>\n<meta property=\"og:title\" content=\"Milk and Pepper - Imperm\u00e9able Pioggia Pois fuchsia - L&#039;univers Animalier\" \/>\n<meta property=\"og:description\" content=\"Imperm\u00e9able cr\u00e9\u00e9 sp\u00e9cialement pour les petits chiens et les chiens moyens  Imperm\u00e9able \u00e0 capuche transparent \u00e0 pois rose fuchsia  Sans manches  Etiquette tiss\u00e9e\u00a0 &quot;Jour de Pluie&quot; gris anthracite et dor\u00e9e en bas du dos  \u00c9lastique pour le passage de la queue  Pressions \u00ab M&amp;P \u00bb et stopper capuche\u00a0 en m\u00e9tal dor\u00e9  Lavable en machine \u00e0 30\u00b0  Guide des tailles: voir photos.\" \/>\n<meta property=\"og:url\" content=\"https:\/\/universanimalier.com\/en\/boutique\/milk-and-pepper-impermeable-pioggia-pois-fuchsia\/\" \/>\n<meta property=\"og:site_name\" content=\"L&#039;univers Animalier\" \/>\n<meta property=\"article:publisher\" content=\"https:\/\/www.facebook.com\/lunivers.animalier\" \/>\n<meta property=\"article:modified_time\" content=\"2024-08-02T07:30:34+00:00\" \/>\n<meta property=\"og:image\" content=\"https:\/\/wip.universanimalier.com\/wp-content\/uploads\/2021\/04\/impermeable-pioggia.jpg\" \/>\n\t<meta property=\"og:image:width\" content=\"480\" \/>\n\t<meta property=\"og:image:height\" content=\"585\" \/>\n\t<meta property=\"og:image:type\" content=\"image\/jpeg\" \/>\n<meta name=\"twitter:card\" content=\"summary_large_image\" \/>\n<script type=\"application\/ld+json\" class=\"yoast-schema-graph\">{\"@context\":\"https:\/\/schema.org\",\"@graph\":[{\"@type\":\"WebPage\",\"@id\":\"https:\/\/universanimalier.com\/en\/boutique\/milk-and-pepper-impermeable-pioggia-pois-fuchsia\/\",\"url\":\"https:\/\/universanimalier.com\/en\/boutique\/milk-and-pepper-impermeable-pioggia-pois-fuchsia\/\",\"name\":\"Milk and Pepper - Imperm\u00e9able Pioggia Pois fuchsia - L&#039;univers Animalier\",\"isPartOf\":{\"@id\":\"https:\/\/wip.universanimalier.com\/#website\"},\"primaryImageOfPage\":{\"@id\":\"https:\/\/universanimalier.com\/en\/boutique\/milk-and-pepper-impermeable-pioggia-pois-fuchsia\/#primaryimage\"},\"image\":{\"@id\":\"https:\/\/universanimalier.com\/en\/boutique\/milk-and-pepper-impermeable-pioggia-pois-fuchsia\/#primaryimage\"},\"thumbnailUrl\":\"https:\/\/universanimalier.com\/wp-content\/uploads\/2021\/04\/impermeable-pioggia.jpg\",\"datePublished\":\"2021-04-23T19:54:49+00:00\",\"dateModified\":\"2024-08-02T07:30:34+00:00\",\"breadcrumb\":{\"@id\":\"https:\/\/universanimalier.com\/en\/boutique\/milk-and-pepper-impermeable-pioggia-pois-fuchsia\/#breadcrumb\"},\"inLanguage\":\"en-US\",\"potentialAction\":[{\"@type\":\"ReadAction\",\"target\":[\"https:\/\/universanimalier.com\/en\/boutique\/milk-and-pepper-impermeable-pioggia-pois-fuchsia\/\"]}]},{\"@type\":\"ImageObject\",\"inLanguage\":\"en-US\",\"@id\":\"https:\/\/universanimalier.com\/en\/boutique\/milk-and-pepper-impermeable-pioggia-pois-fuchsia\/#primaryimage\",\"url\":\"https:\/\/universanimalier.com\/wp-content\/uploads\/2021\/04\/impermeable-pioggia.jpg\",\"contentUrl\":\"https:\/\/universanimalier.com\/wp-content\/uploads\/2021\/04\/impermeable-pioggia.jpg\",\"width\":480,\"height\":585},{\"@type\":\"BreadcrumbList\",\"@id\":\"https:\/\/universanimalier.com\/en\/boutique\/milk-and-pepper-impermeable-pioggia-pois-fuchsia\/#breadcrumb\",\"itemListElement\":[{\"@type\":\"ListItem\",\"position\":1,\"name\":\"Accueil\",\"item\":\"https:\/\/wip.universanimalier.com\/\"},{\"@type\":\"ListItem\",\"position\":2,\"name\":\"Boutique\",\"item\":\"https:\/\/wip.universanimalier.com\/boutique\/\"},{\"@type\":\"ListItem\",\"position\":3,\"name\":\"Milk and Pepper &#8211; Imperm\u00e9able Pioggia Pois fuchsia\"}]},{\"@type\":\"WebSite\",\"@id\":\"https:\/\/wip.universanimalier.com\/#website\",\"url\":\"https:\/\/wip.universanimalier.com\/\",\"name\":\"L'univers Animalier\",\"description\":\"Le paradis des chiens g\u00e2t\u00e9s !\",\"publisher\":{\"@id\":\"https:\/\/wip.universanimalier.com\/#organization\"},\"potentialAction\":[{\"@type\":\"SearchAction\",\"target\":{\"@type\":\"EntryPoint\",\"urlTemplate\":\"https:\/\/wip.universanimalier.com\/?s={search_term_string}\"},\"query-input\":{\"@type\":\"PropertyValueSpecification\",\"valueRequired\":true,\"valueName\":\"search_term_string\"}}],\"inLanguage\":\"en-US\"},{\"@type\":\"Organization\",\"@id\":\"https:\/\/wip.universanimalier.com\/#organization\",\"name\":\"L'univers Animalier\",\"url\":\"https:\/\/wip.universanimalier.com\/\",\"logo\":{\"@type\":\"ImageObject\",\"inLanguage\":\"en-US\",\"@id\":\"https:\/\/wip.universanimalier.com\/#\/schema\/logo\/image\/\",\"url\":\"https:\/\/universanimalier.com\/wp-content\/uploads\/2021\/06\/logo.jpg\",\"contentUrl\":\"https:\/\/universanimalier.com\/wp-content\/uploads\/2021\/06\/logo.jpg\",\"width\":800,\"height\":200,\"caption\":\"L'univers Animalier\"},\"image\":{\"@id\":\"https:\/\/wip.universanimalier.com\/#\/schema\/logo\/image\/\"},\"sameAs\":[\"https:\/\/www.facebook.com\/lunivers.animalier\"]}]}<\/script>\n<!-- \/ Yoast SEO plugin. -->","yoast_head_json":{"title":"Milk and Pepper - Imperm\u00e9able Pioggia Pois fuchsia - L&#039;univers Animalier","robots":{"index":"index","follow":"follow","max-snippet":"max-snippet:-1","max-image-preview":"max-image-preview:large","max-video-preview":"max-video-preview:-1"},"canonical":"https:\/\/universanimalier.com\/en\/boutique\/milk-and-pepper-impermeable-pioggia-pois-fuchsia\/","og_locale":"en_US","og_type":"article","og_title":"Milk and Pepper - Imperm\u00e9able Pioggia Pois fuchsia - L&#039;univers Animalier","og_description":"Imperm\u00e9able cr\u00e9\u00e9 sp\u00e9cialement pour les petits chiens et les chiens moyens  Imperm\u00e9able \u00e0 capuche transparent \u00e0 pois rose fuchsia  Sans manches  Etiquette tiss\u00e9e\u00a0 \"Jour de Pluie\" gris anthracite et dor\u00e9e en bas du dos  \u00c9lastique pour le passage de la queue  Pressions \u00ab M&amp;P \u00bb et stopper capuche\u00a0 en m\u00e9tal dor\u00e9  Lavable en machine \u00e0 30\u00b0  Guide des tailles: voir photos.","og_url":"https:\/\/universanimalier.com\/en\/boutique\/milk-and-pepper-impermeable-pioggia-pois-fuchsia\/","og_site_name":"L&#039;univers Animalier","article_publisher":"https:\/\/www.facebook.com\/lunivers.animalier","article_modified_time":"2024-08-02T07:30:34+00:00","og_image":[{"width":480,"height":585,"url":"https:\/\/wip.universanimalier.com\/wp-content\/uploads\/2021\/04\/impermeable-pioggia.jpg","type":"image\/jpeg"}],"twitter_card":"summary_large_image","schema":{"@context":"https:\/\/schema.org","@graph":[{"@type":"WebPage","@id":"https:\/\/universanimalier.com\/en\/boutique\/milk-and-pepper-impermeable-pioggia-pois-fuchsia\/","url":"https:\/\/universanimalier.com\/en\/boutique\/milk-and-pepper-impermeable-pioggia-pois-fuchsia\/","name":"Milk and Pepper - Imperm\u00e9able Pioggia Pois fuchsia - L&#039;univers Animalier","isPartOf":{"@id":"https:\/\/wip.universanimalier.com\/#website"},"primaryImageOfPage":{"@id":"https:\/\/universanimalier.com\/en\/boutique\/milk-and-pepper-impermeable-pioggia-pois-fuchsia\/#primaryimage"},"image":{"@id":"https:\/\/universanimalier.com\/en\/boutique\/milk-and-pepper-impermeable-pioggia-pois-fuchsia\/#primaryimage"},"thumbnailUrl":"https:\/\/universanimalier.com\/wp-content\/uploads\/2021\/04\/impermeable-pioggia.jpg","datePublished":"2021-04-23T19:54:49+00:00","dateModified":"2024-08-02T07:30:34+00:00","breadcrumb":{"@id":"https:\/\/universanimalier.com\/en\/boutique\/milk-and-pepper-impermeable-pioggia-pois-fuchsia\/#breadcrumb"},"inLanguage":"en-US","potentialAction":[{"@type":"ReadAction","target":["https:\/\/universanimalier.com\/en\/boutique\/milk-and-pepper-impermeable-pioggia-pois-fuchsia\/"]}]},{"@type":"ImageObject","inLanguage":"en-US","@id":"https:\/\/universanimalier.com\/en\/boutique\/milk-and-pepper-impermeable-pioggia-pois-fuchsia\/#primaryimage","url":"https:\/\/universanimalier.com\/wp-content\/uploads\/2021\/04\/impermeable-pioggia.jpg","contentUrl":"https:\/\/universanimalier.com\/wp-content\/uploads\/2021\/04\/impermeable-pioggia.jpg","width":480,"height":585},{"@type":"BreadcrumbList","@id":"https:\/\/universanimalier.com\/en\/boutique\/milk-and-pepper-impermeable-pioggia-pois-fuchsia\/#breadcrumb","itemListElement":[{"@type":"ListItem","position":1,"name":"Accueil","item":"https:\/\/wip.universanimalier.com\/"},{"@type":"ListItem","position":2,"name":"Boutique","item":"https:\/\/wip.universanimalier.com\/boutique\/"},{"@type":"ListItem","position":3,"name":"Milk and Pepper &#8211; Imperm\u00e9able Pioggia Pois fuchsia"}]},{"@type":"WebSite","@id":"https:\/\/wip.universanimalier.com\/#website","url":"https:\/\/wip.universanimalier.com\/","name":"L'univers Animalier","description":"A paradise for spoiled dogs!","publisher":{"@id":"https:\/\/wip.universanimalier.com\/#organization"},"potentialAction":[{"@type":"SearchAction","target":{"@type":"EntryPoint","urlTemplate":"https:\/\/wip.universanimalier.com\/?s={search_term_string}"},"query-input":{"@type":"PropertyValueSpecification","valueRequired":true,"valueName":"search_term_string"}}],"inLanguage":"en-US"},{"@type":"Organization","@id":"https:\/\/wip.universanimalier.com\/#organization","name":"L'univers Animalier","url":"https:\/\/wip.universanimalier.com\/","logo":{"@type":"ImageObject","inLanguage":"en-US","@id":"https:\/\/wip.universanimalier.com\/#\/schema\/logo\/image\/","url":"https:\/\/universanimalier.com\/wp-content\/uploads\/2021\/06\/logo.jpg","contentUrl":"https:\/\/universanimalier.com\/wp-content\/uploads\/2021\/06\/logo.jpg","width":800,"height":200,"caption":"L'univers Animalier"},"image":{"@id":"https:\/\/wip.universanimalier.com\/#\/schema\/logo\/image\/"},"sameAs":["https:\/\/www.facebook.com\/lunivers.animalier"]}]}},"_links":{"self":[{"href":"https:\/\/universanimalier.com\/en\/wp-json\/wp\/v2\/product\/35796"}],"collection":[{"href":"https:\/\/universanimalier.com\/en\/wp-json\/wp\/v2\/product"}],"about":[{"href":"https:\/\/universanimalier.com\/en\/wp-json\/wp\/v2\/types\/product"}],"wp:featuredmedia":[{"embeddable":true,"href":"https:\/\/universanimalier.com\/en\/wp-json\/wp\/v2\/media\/35806"}],"wp:attachment":[{"href":"https:\/\/universanimalier.com\/en\/wp-json\/wp\/v2\/media?parent=35796"}],"wp:term":[{"taxonomy":"product_brand","embeddable":true,"href":"https:\/\/universanimalier.com\/en\/wp-json\/wp\/v2\/product_brand?post=35796"},{"taxonomy":"product_cat","embeddable":true,"href":"https:\/\/universanimalier.com\/en\/wp-json\/wp\/v2\/product_cat?post=35796"},{"taxonomy":"product_tag","embeddable":true,"href":"https:\/\/universanimalier.com\/en\/wp-json\/wp\/v2\/product_tag?post=35796"}],"curies":[{"name":"wp","href":"https:\/\/api.w.org\/{rel}","templated":true}]}}