{"id":36636,"date":"2021-05-20T21:44:59","date_gmt":"2021-05-20T19:44:59","guid":{"rendered":"https:\/\/universanimalier.com\/?post_type=product&#038;p=36636"},"modified":"2026-03-06T13:51:06","modified_gmt":"2026-03-06T12:51:06","slug":"malucchi-collier-volcano-dark-blue","status":"publish","type":"product","link":"https:\/\/universanimalier.com\/en\/boutique\/malucchi-collier-volcano-dark-blue\/","title":{"rendered":"Malucchi - Volcano Dark Blue Necklace"},"content":{"rendered":"","protected":false},"excerpt":{"rendered":"<ul>\n<li>Necklace 100 % handmade in Italy<\/li>\n<li>Premium suede \/ suede leather<\/li>\n<li>Swarovski crystals changing color with light<\/li>\n<li>Pretty orange color<\/li>\n<li>Size guide: see photos.<\/li>\n<li>Many colors available in this model (yellow, blue, pink, turquoise, red, etc.)<\/li>\n<\/ul>\n<p><span style=\"color: #3366ff;\"><em>Une taille manque? Vous souhaitez un autre coloris? N&rsquo;h\u00e9sitez pas \u00e0 <a href=\"https:\/\/universanimalier.com\/en\/contact\/\">Contact us<\/a>\u00a0via the site, <a href=\"https:\/\/www.facebook.com\/lunivers.animalier\">Facebook<\/a>, or <a href=\"https:\/\/www.instagram.com\/universanimalier\/\">instagram<\/a> pour une commande personnalis\u00e9e, en tenant compte d&rsquo;un d\u00e9lai de fabrication.<\/em><\/span><\/p>","protected":false},"featured_media":36685,"template":"","meta":[],"product_brand":[],"product_cat":[23],"product_tag":[363,2317,74,3365,2320,19,2319,2318,2316],"class_list":{"0":"post-36636","1":"product","2":"type-product","3":"status-publish","4":"has-post-thumbnail","6":"product_cat-colliers","7":"product_tag-collar","8":"product_tag-collection-volcano","9":"product_tag-collier","10":"product_tag-collier-bleu","11":"product_tag-collier-malucchi","12":"product_tag-malucchi","13":"product_tag-malucchi-collar","14":"product_tag-malucchi-volcano","15":"product_tag-volcano","17":"first","18":"outofstock","19":"shipping-taxable","20":"purchasable","21":"product-type-variable"},"yoast_head":"<!-- This site is optimized with the Yoast SEO plugin v25.5 - https:\/\/yoast.com\/wordpress\/plugins\/seo\/ -->\n<title>Malucchi - Collier Volcano Dark Blue - L&#039;univers Animalier<\/title>\n<meta name=\"robots\" content=\"index, follow, max-snippet:-1, max-image-preview:large, max-video-preview:-1\" \/>\n<link rel=\"canonical\" href=\"https:\/\/universanimalier.com\/en\/boutique\/malucchi-collier-volcano-dark-blue\/\" \/>\n<meta property=\"og:locale\" content=\"en_US\" \/>\n<meta property=\"og:type\" content=\"article\" \/>\n<meta property=\"og:title\" content=\"Malucchi - Collier Volcano Dark Blue - L&#039;univers Animalier\" \/>\n<meta property=\"og:description\" content=\"Collier 100 % fait main en Italie  Cuir su\u00e9dine\/daim de qualit\u00e9 sup\u00e9rieure  Cristaux Swarovski changeant de couleur avec la lumi\u00e8re  Jolie couleur orange  Guide des tailles: voir photos.  Nombreux coloris disponibles dans ce mod\u00e8le (jaune, bleu, rose, turquoise, rouge, ...)  Une taille manque? Vous souhaitez un autre coloris? N&#039;h\u00e9sitez pas \u00e0 nous contacter\u00a0via le site, facebook, ou instagram pour une commande personnalis\u00e9e, en tenant compte d&#039;un d\u00e9lai de fabrication.\" \/>\n<meta property=\"og:url\" content=\"https:\/\/universanimalier.com\/en\/boutique\/malucchi-collier-volcano-dark-blue\/\" \/>\n<meta property=\"og:site_name\" content=\"L&#039;univers Animalier\" \/>\n<meta property=\"article:publisher\" content=\"https:\/\/www.facebook.com\/lunivers.animalier\" \/>\n<meta property=\"article:modified_time\" content=\"2026-03-06T12:51:06+00:00\" \/>\n<meta property=\"og:image\" content=\"https:\/\/wip.universanimalier.com\/wp-content\/uploads\/2021\/05\/1C86177A-7ED1-4233-92FE-858F18F6022D.jpeg\" \/>\n\t<meta property=\"og:image:width\" content=\"1600\" \/>\n\t<meta property=\"og:image:height\" content=\"1600\" \/>\n\t<meta property=\"og:image:type\" content=\"image\/jpeg\" \/>\n<meta name=\"twitter:card\" content=\"summary_large_image\" \/>\n<script type=\"application\/ld+json\" class=\"yoast-schema-graph\">{\"@context\":\"https:\/\/schema.org\",\"@graph\":[{\"@type\":\"WebPage\",\"@id\":\"https:\/\/universanimalier.com\/en\/boutique\/malucchi-collier-volcano-dark-blue\/\",\"url\":\"https:\/\/universanimalier.com\/en\/boutique\/malucchi-collier-volcano-dark-blue\/\",\"name\":\"Malucchi - Collier Volcano Dark Blue - L&#039;univers Animalier\",\"isPartOf\":{\"@id\":\"https:\/\/wip.universanimalier.com\/#website\"},\"primaryImageOfPage\":{\"@id\":\"https:\/\/universanimalier.com\/en\/boutique\/malucchi-collier-volcano-dark-blue\/#primaryimage\"},\"image\":{\"@id\":\"https:\/\/universanimalier.com\/en\/boutique\/malucchi-collier-volcano-dark-blue\/#primaryimage\"},\"thumbnailUrl\":\"https:\/\/universanimalier.com\/wp-content\/uploads\/2021\/05\/1C86177A-7ED1-4233-92FE-858F18F6022D.jpeg\",\"datePublished\":\"2021-05-20T19:44:59+00:00\",\"dateModified\":\"2026-03-06T12:51:06+00:00\",\"breadcrumb\":{\"@id\":\"https:\/\/universanimalier.com\/en\/boutique\/malucchi-collier-volcano-dark-blue\/#breadcrumb\"},\"inLanguage\":\"en-US\",\"potentialAction\":[{\"@type\":\"ReadAction\",\"target\":[\"https:\/\/universanimalier.com\/en\/boutique\/malucchi-collier-volcano-dark-blue\/\"]}]},{\"@type\":\"ImageObject\",\"inLanguage\":\"en-US\",\"@id\":\"https:\/\/universanimalier.com\/en\/boutique\/malucchi-collier-volcano-dark-blue\/#primaryimage\",\"url\":\"https:\/\/universanimalier.com\/wp-content\/uploads\/2021\/05\/1C86177A-7ED1-4233-92FE-858F18F6022D.jpeg\",\"contentUrl\":\"https:\/\/universanimalier.com\/wp-content\/uploads\/2021\/05\/1C86177A-7ED1-4233-92FE-858F18F6022D.jpeg\",\"width\":1600,\"height\":1600},{\"@type\":\"BreadcrumbList\",\"@id\":\"https:\/\/universanimalier.com\/en\/boutique\/malucchi-collier-volcano-dark-blue\/#breadcrumb\",\"itemListElement\":[{\"@type\":\"ListItem\",\"position\":1,\"name\":\"Accueil\",\"item\":\"https:\/\/wip.universanimalier.com\/\"},{\"@type\":\"ListItem\",\"position\":2,\"name\":\"Boutique\",\"item\":\"https:\/\/wip.universanimalier.com\/boutique\/\"},{\"@type\":\"ListItem\",\"position\":3,\"name\":\"Malucchi &#8211; Collier Volcano Dark Blue\"}]},{\"@type\":\"WebSite\",\"@id\":\"https:\/\/wip.universanimalier.com\/#website\",\"url\":\"https:\/\/wip.universanimalier.com\/\",\"name\":\"L'univers Animalier\",\"description\":\"Le paradis des chiens g\u00e2t\u00e9s !\",\"publisher\":{\"@id\":\"https:\/\/wip.universanimalier.com\/#organization\"},\"potentialAction\":[{\"@type\":\"SearchAction\",\"target\":{\"@type\":\"EntryPoint\",\"urlTemplate\":\"https:\/\/wip.universanimalier.com\/?s={search_term_string}\"},\"query-input\":{\"@type\":\"PropertyValueSpecification\",\"valueRequired\":true,\"valueName\":\"search_term_string\"}}],\"inLanguage\":\"en-US\"},{\"@type\":\"Organization\",\"@id\":\"https:\/\/wip.universanimalier.com\/#organization\",\"name\":\"L'univers Animalier\",\"url\":\"https:\/\/wip.universanimalier.com\/\",\"logo\":{\"@type\":\"ImageObject\",\"inLanguage\":\"en-US\",\"@id\":\"https:\/\/wip.universanimalier.com\/#\/schema\/logo\/image\/\",\"url\":\"https:\/\/universanimalier.com\/wp-content\/uploads\/2021\/06\/logo.jpg\",\"contentUrl\":\"https:\/\/universanimalier.com\/wp-content\/uploads\/2021\/06\/logo.jpg\",\"width\":800,\"height\":200,\"caption\":\"L'univers Animalier\"},\"image\":{\"@id\":\"https:\/\/wip.universanimalier.com\/#\/schema\/logo\/image\/\"},\"sameAs\":[\"https:\/\/www.facebook.com\/lunivers.animalier\"]}]}<\/script>\n<!-- \/ Yoast SEO plugin. -->","yoast_head_json":{"title":"Malucchi - Collier Volcano Dark Blue - L&#039;univers Animalier","robots":{"index":"index","follow":"follow","max-snippet":"max-snippet:-1","max-image-preview":"max-image-preview:large","max-video-preview":"max-video-preview:-1"},"canonical":"https:\/\/universanimalier.com\/en\/boutique\/malucchi-collier-volcano-dark-blue\/","og_locale":"en_US","og_type":"article","og_title":"Malucchi - Collier Volcano Dark Blue - L&#039;univers Animalier","og_description":"Collier 100 % fait main en Italie  Cuir su\u00e9dine\/daim de qualit\u00e9 sup\u00e9rieure  Cristaux Swarovski changeant de couleur avec la lumi\u00e8re  Jolie couleur orange  Guide des tailles: voir photos.  Nombreux coloris disponibles dans ce mod\u00e8le (jaune, bleu, rose, turquoise, rouge, ...)  Une taille manque? Vous souhaitez un autre coloris? N'h\u00e9sitez pas \u00e0 nous contacter\u00a0via le site, facebook, ou instagram pour une commande personnalis\u00e9e, en tenant compte d'un d\u00e9lai de fabrication.","og_url":"https:\/\/universanimalier.com\/en\/boutique\/malucchi-collier-volcano-dark-blue\/","og_site_name":"L&#039;univers Animalier","article_publisher":"https:\/\/www.facebook.com\/lunivers.animalier","article_modified_time":"2026-03-06T12:51:06+00:00","og_image":[{"width":1600,"height":1600,"url":"https:\/\/wip.universanimalier.com\/wp-content\/uploads\/2021\/05\/1C86177A-7ED1-4233-92FE-858F18F6022D.jpeg","type":"image\/jpeg"}],"twitter_card":"summary_large_image","schema":{"@context":"https:\/\/schema.org","@graph":[{"@type":"WebPage","@id":"https:\/\/universanimalier.com\/en\/boutique\/malucchi-collier-volcano-dark-blue\/","url":"https:\/\/universanimalier.com\/en\/boutique\/malucchi-collier-volcano-dark-blue\/","name":"Malucchi - Collier Volcano Dark Blue - L&#039;univers Animalier","isPartOf":{"@id":"https:\/\/wip.universanimalier.com\/#website"},"primaryImageOfPage":{"@id":"https:\/\/universanimalier.com\/en\/boutique\/malucchi-collier-volcano-dark-blue\/#primaryimage"},"image":{"@id":"https:\/\/universanimalier.com\/en\/boutique\/malucchi-collier-volcano-dark-blue\/#primaryimage"},"thumbnailUrl":"https:\/\/universanimalier.com\/wp-content\/uploads\/2021\/05\/1C86177A-7ED1-4233-92FE-858F18F6022D.jpeg","datePublished":"2021-05-20T19:44:59+00:00","dateModified":"2026-03-06T12:51:06+00:00","breadcrumb":{"@id":"https:\/\/universanimalier.com\/en\/boutique\/malucchi-collier-volcano-dark-blue\/#breadcrumb"},"inLanguage":"en-US","potentialAction":[{"@type":"ReadAction","target":["https:\/\/universanimalier.com\/en\/boutique\/malucchi-collier-volcano-dark-blue\/"]}]},{"@type":"ImageObject","inLanguage":"en-US","@id":"https:\/\/universanimalier.com\/en\/boutique\/malucchi-collier-volcano-dark-blue\/#primaryimage","url":"https:\/\/universanimalier.com\/wp-content\/uploads\/2021\/05\/1C86177A-7ED1-4233-92FE-858F18F6022D.jpeg","contentUrl":"https:\/\/universanimalier.com\/wp-content\/uploads\/2021\/05\/1C86177A-7ED1-4233-92FE-858F18F6022D.jpeg","width":1600,"height":1600},{"@type":"BreadcrumbList","@id":"https:\/\/universanimalier.com\/en\/boutique\/malucchi-collier-volcano-dark-blue\/#breadcrumb","itemListElement":[{"@type":"ListItem","position":1,"name":"Accueil","item":"https:\/\/wip.universanimalier.com\/"},{"@type":"ListItem","position":2,"name":"Boutique","item":"https:\/\/wip.universanimalier.com\/boutique\/"},{"@type":"ListItem","position":3,"name":"Malucchi &#8211; Collier Volcano Dark Blue"}]},{"@type":"WebSite","@id":"https:\/\/wip.universanimalier.com\/#website","url":"https:\/\/wip.universanimalier.com\/","name":"L'univers Animalier","description":"A paradise for spoiled dogs!","publisher":{"@id":"https:\/\/wip.universanimalier.com\/#organization"},"potentialAction":[{"@type":"SearchAction","target":{"@type":"EntryPoint","urlTemplate":"https:\/\/wip.universanimalier.com\/?s={search_term_string}"},"query-input":{"@type":"PropertyValueSpecification","valueRequired":true,"valueName":"search_term_string"}}],"inLanguage":"en-US"},{"@type":"Organization","@id":"https:\/\/wip.universanimalier.com\/#organization","name":"L'univers Animalier","url":"https:\/\/wip.universanimalier.com\/","logo":{"@type":"ImageObject","inLanguage":"en-US","@id":"https:\/\/wip.universanimalier.com\/#\/schema\/logo\/image\/","url":"https:\/\/universanimalier.com\/wp-content\/uploads\/2021\/06\/logo.jpg","contentUrl":"https:\/\/universanimalier.com\/wp-content\/uploads\/2021\/06\/logo.jpg","width":800,"height":200,"caption":"L'univers Animalier"},"image":{"@id":"https:\/\/wip.universanimalier.com\/#\/schema\/logo\/image\/"},"sameAs":["https:\/\/www.facebook.com\/lunivers.animalier"]}]}},"_links":{"self":[{"href":"https:\/\/universanimalier.com\/en\/wp-json\/wp\/v2\/product\/36636"}],"collection":[{"href":"https:\/\/universanimalier.com\/en\/wp-json\/wp\/v2\/product"}],"about":[{"href":"https:\/\/universanimalier.com\/en\/wp-json\/wp\/v2\/types\/product"}],"wp:featuredmedia":[{"embeddable":true,"href":"https:\/\/universanimalier.com\/en\/wp-json\/wp\/v2\/media\/36685"}],"wp:attachment":[{"href":"https:\/\/universanimalier.com\/en\/wp-json\/wp\/v2\/media?parent=36636"}],"wp:term":[{"taxonomy":"product_brand","embeddable":true,"href":"https:\/\/universanimalier.com\/en\/wp-json\/wp\/v2\/product_brand?post=36636"},{"taxonomy":"product_cat","embeddable":true,"href":"https:\/\/universanimalier.com\/en\/wp-json\/wp\/v2\/product_cat?post=36636"},{"taxonomy":"product_tag","embeddable":true,"href":"https:\/\/universanimalier.com\/en\/wp-json\/wp\/v2\/product_tag?post=36636"}],"curies":[{"name":"wp","href":"https:\/\/api.w.org\/{rel}","templated":true}]}}