{"id":36643,"date":"2021-05-20T21:50:30","date_gmt":"2021-05-20T19:50:30","guid":{"rendered":"https:\/\/universanimalier.com\/?post_type=product&#038;p=36643"},"modified":"2024-06-29T22:35:11","modified_gmt":"2024-06-29T20:35:11","slug":"malucchi-collier-petra-greyhound-brown","status":"publish","type":"product","link":"https:\/\/universanimalier.com\/en\/boutique\/malucchi-collier-petra-greyhound-brown\/","title":{"rendered":"Malucchi - Petra Greyhound Brown Collar"},"content":{"rendered":"","protected":false},"excerpt":{"rendered":"<ul>\n<li>Necklace 100 % handmade in Italy<\/li>\n<li>Soft premium leather<\/li>\n<li>Special greyhound model with shape adapted to their morphology<\/li>\n<li>Detachable flock (can be cut to be shortened)<\/li>\n<li>Rows of Swarovski crystals and stones<\/li>\n<li>Size guide: see photos.<\/li>\n<\/ul>\n<p><span style=\"color: #3366ff;\"><em>Une taille manque? Vous souhaitez un autre coloris? N&rsquo;h\u00e9sitez pas \u00e0 <a href=\"https:\/\/universanimalier.com\/en\/contact\/\">Contact us<\/a>\u00a0via the site, <a href=\"https:\/\/www.facebook.com\/lunivers.animalier\">Facebook<\/a>, or <a href=\"https:\/\/www.instagram.com\/universanimalier\/\">instagram<\/a> pour une commande personnalis\u00e9e, en tenant compte d&rsquo;un d\u00e9lai de fabrication.<\/em><\/span><\/p>","protected":false},"featured_media":36402,"template":"","meta":[],"product_brand":[],"product_cat":[4288,23],"product_tag":[363,74,4290,2320,5053,4289,5103,19,2319],"class_list":{"0":"post-36643","1":"product","2":"type-product","3":"status-publish","4":"has-post-thumbnail","6":"product_cat-levriers","7":"product_cat-colliers","8":"product_tag-collar","9":"product_tag-collier","10":"product_tag-collier-levrier","11":"product_tag-collier-malucchi","12":"product_tag-collier-petra","13":"product_tag-greyhound","14":"product_tag-greyhound-collar","15":"product_tag-malucchi","16":"product_tag-malucchi-collar","18":"first","19":"instock","20":"shipping-taxable","21":"purchasable","22":"product-type-variable"},"yoast_head":"<!-- This site is optimized with the Yoast SEO plugin v25.5 - https:\/\/yoast.com\/wordpress\/plugins\/seo\/ -->\n<title>Malucchi - Collier Petra Greyhound Brown - L&#039;univers Animalier<\/title>\n<meta name=\"robots\" content=\"index, follow, max-snippet:-1, max-image-preview:large, max-video-preview:-1\" \/>\n<link rel=\"canonical\" href=\"https:\/\/universanimalier.com\/en\/boutique\/malucchi-collier-petra-greyhound-brown\/\" \/>\n<meta property=\"og:locale\" content=\"en_US\" \/>\n<meta property=\"og:type\" content=\"article\" \/>\n<meta property=\"og:title\" content=\"Malucchi - Collier Petra Greyhound Brown - L&#039;univers Animalier\" \/>\n<meta property=\"og:description\" content=\"Collier 100 % fait main en Italie  Cuir souple de qualit\u00e9 sup\u00e9rieure  Mod\u00e8le sp\u00e9cial l\u00e9vrier avec forme adapt\u00e9e \u00e0 leur morphologie  Floche amovible (peut \u00eatre coup\u00e9e pour \u00eatre raccourcie)  Rang\u00e9es de cristaux Swarovski et pierres  Guide des tailles: voir photos.  Une taille manque? Vous souhaitez un autre coloris? N&#039;h\u00e9sitez pas \u00e0 nous contacter\u00a0via le site, facebook, ou instagram pour une commande personnalis\u00e9e, en tenant compte d&#039;un d\u00e9lai de fabrication.\" \/>\n<meta property=\"og:url\" content=\"https:\/\/universanimalier.com\/en\/boutique\/malucchi-collier-petra-greyhound-brown\/\" \/>\n<meta property=\"og:site_name\" content=\"L&#039;univers Animalier\" \/>\n<meta property=\"article:publisher\" content=\"https:\/\/www.facebook.com\/lunivers.animalier\" \/>\n<meta property=\"article:modified_time\" content=\"2024-06-29T20:35:11+00:00\" \/>\n<meta property=\"og:image\" content=\"https:\/\/wip.universanimalier.com\/wp-content\/uploads\/2021\/05\/petra-greyhound-d-M56.4D.jpg\" \/>\n\t<meta property=\"og:image:width\" content=\"1667\" \/>\n\t<meta property=\"og:image:height\" content=\"2500\" \/>\n\t<meta property=\"og:image:type\" content=\"image\/jpeg\" \/>\n<meta name=\"twitter:card\" content=\"summary_large_image\" \/>\n<script type=\"application\/ld+json\" class=\"yoast-schema-graph\">{\"@context\":\"https:\/\/schema.org\",\"@graph\":[{\"@type\":\"WebPage\",\"@id\":\"https:\/\/universanimalier.com\/boutique\/malucchi-collier-petra-greyhound-brown\/\",\"url\":\"https:\/\/universanimalier.com\/boutique\/malucchi-collier-petra-greyhound-brown\/\",\"name\":\"Malucchi - Collier Petra Greyhound Brown - L&#039;univers Animalier\",\"isPartOf\":{\"@id\":\"https:\/\/wip.universanimalier.com\/#website\"},\"primaryImageOfPage\":{\"@id\":\"https:\/\/universanimalier.com\/boutique\/malucchi-collier-petra-greyhound-brown\/#primaryimage\"},\"image\":{\"@id\":\"https:\/\/universanimalier.com\/boutique\/malucchi-collier-petra-greyhound-brown\/#primaryimage\"},\"thumbnailUrl\":\"https:\/\/universanimalier.com\/wp-content\/uploads\/2021\/05\/petra-greyhound-d-M56.4D.jpg\",\"datePublished\":\"2021-05-20T19:50:30+00:00\",\"dateModified\":\"2024-06-29T20:35:11+00:00\",\"breadcrumb\":{\"@id\":\"https:\/\/universanimalier.com\/boutique\/malucchi-collier-petra-greyhound-brown\/#breadcrumb\"},\"inLanguage\":\"en-US\",\"potentialAction\":[{\"@type\":\"ReadAction\",\"target\":[\"https:\/\/universanimalier.com\/boutique\/malucchi-collier-petra-greyhound-brown\/\"]}]},{\"@type\":\"ImageObject\",\"inLanguage\":\"en-US\",\"@id\":\"https:\/\/universanimalier.com\/boutique\/malucchi-collier-petra-greyhound-brown\/#primaryimage\",\"url\":\"https:\/\/universanimalier.com\/wp-content\/uploads\/2021\/05\/petra-greyhound-d-M56.4D.jpg\",\"contentUrl\":\"https:\/\/universanimalier.com\/wp-content\/uploads\/2021\/05\/petra-greyhound-d-M56.4D.jpg\",\"width\":1667,\"height\":2500},{\"@type\":\"BreadcrumbList\",\"@id\":\"https:\/\/universanimalier.com\/boutique\/malucchi-collier-petra-greyhound-brown\/#breadcrumb\",\"itemListElement\":[{\"@type\":\"ListItem\",\"position\":1,\"name\":\"Accueil\",\"item\":\"https:\/\/wip.universanimalier.com\/\"},{\"@type\":\"ListItem\",\"position\":2,\"name\":\"Boutique\",\"item\":\"https:\/\/wip.universanimalier.com\/boutique\/\"},{\"@type\":\"ListItem\",\"position\":3,\"name\":\"Malucchi &#8211; Collier Petra Greyhound Brown\"}]},{\"@type\":\"WebSite\",\"@id\":\"https:\/\/wip.universanimalier.com\/#website\",\"url\":\"https:\/\/wip.universanimalier.com\/\",\"name\":\"L'univers Animalier\",\"description\":\"Le paradis des chiens g\u00e2t\u00e9s !\",\"publisher\":{\"@id\":\"https:\/\/wip.universanimalier.com\/#organization\"},\"potentialAction\":[{\"@type\":\"SearchAction\",\"target\":{\"@type\":\"EntryPoint\",\"urlTemplate\":\"https:\/\/wip.universanimalier.com\/?s={search_term_string}\"},\"query-input\":{\"@type\":\"PropertyValueSpecification\",\"valueRequired\":true,\"valueName\":\"search_term_string\"}}],\"inLanguage\":\"en-US\"},{\"@type\":\"Organization\",\"@id\":\"https:\/\/wip.universanimalier.com\/#organization\",\"name\":\"L'univers Animalier\",\"url\":\"https:\/\/wip.universanimalier.com\/\",\"logo\":{\"@type\":\"ImageObject\",\"inLanguage\":\"en-US\",\"@id\":\"https:\/\/wip.universanimalier.com\/#\/schema\/logo\/image\/\",\"url\":\"https:\/\/universanimalier.com\/wp-content\/uploads\/2021\/06\/logo.jpg\",\"contentUrl\":\"https:\/\/universanimalier.com\/wp-content\/uploads\/2021\/06\/logo.jpg\",\"width\":800,\"height\":200,\"caption\":\"L'univers Animalier\"},\"image\":{\"@id\":\"https:\/\/wip.universanimalier.com\/#\/schema\/logo\/image\/\"},\"sameAs\":[\"https:\/\/www.facebook.com\/lunivers.animalier\"]}]}<\/script>\n<!-- \/ Yoast SEO plugin. -->","yoast_head_json":{"title":"Malucchi - Collier Petra Greyhound Brown - L&#039;univers Animalier","robots":{"index":"index","follow":"follow","max-snippet":"max-snippet:-1","max-image-preview":"max-image-preview:large","max-video-preview":"max-video-preview:-1"},"canonical":"https:\/\/universanimalier.com\/en\/boutique\/malucchi-collier-petra-greyhound-brown\/","og_locale":"en_US","og_type":"article","og_title":"Malucchi - Collier Petra Greyhound Brown - L&#039;univers Animalier","og_description":"Collier 100 % fait main en Italie  Cuir souple de qualit\u00e9 sup\u00e9rieure  Mod\u00e8le sp\u00e9cial l\u00e9vrier avec forme adapt\u00e9e \u00e0 leur morphologie  Floche amovible (peut \u00eatre coup\u00e9e pour \u00eatre raccourcie)  Rang\u00e9es de cristaux Swarovski et pierres  Guide des tailles: voir photos.  Une taille manque? Vous souhaitez un autre coloris? N'h\u00e9sitez pas \u00e0 nous contacter\u00a0via le site, facebook, ou instagram pour une commande personnalis\u00e9e, en tenant compte d'un d\u00e9lai de fabrication.","og_url":"https:\/\/universanimalier.com\/en\/boutique\/malucchi-collier-petra-greyhound-brown\/","og_site_name":"L&#039;univers Animalier","article_publisher":"https:\/\/www.facebook.com\/lunivers.animalier","article_modified_time":"2024-06-29T20:35:11+00:00","og_image":[{"width":1667,"height":2500,"url":"https:\/\/wip.universanimalier.com\/wp-content\/uploads\/2021\/05\/petra-greyhound-d-M56.4D.jpg","type":"image\/jpeg"}],"twitter_card":"summary_large_image","schema":{"@context":"https:\/\/schema.org","@graph":[{"@type":"WebPage","@id":"https:\/\/universanimalier.com\/boutique\/malucchi-collier-petra-greyhound-brown\/","url":"https:\/\/universanimalier.com\/boutique\/malucchi-collier-petra-greyhound-brown\/","name":"Malucchi - Collier Petra Greyhound Brown - L&#039;univers Animalier","isPartOf":{"@id":"https:\/\/wip.universanimalier.com\/#website"},"primaryImageOfPage":{"@id":"https:\/\/universanimalier.com\/boutique\/malucchi-collier-petra-greyhound-brown\/#primaryimage"},"image":{"@id":"https:\/\/universanimalier.com\/boutique\/malucchi-collier-petra-greyhound-brown\/#primaryimage"},"thumbnailUrl":"https:\/\/universanimalier.com\/wp-content\/uploads\/2021\/05\/petra-greyhound-d-M56.4D.jpg","datePublished":"2021-05-20T19:50:30+00:00","dateModified":"2024-06-29T20:35:11+00:00","breadcrumb":{"@id":"https:\/\/universanimalier.com\/boutique\/malucchi-collier-petra-greyhound-brown\/#breadcrumb"},"inLanguage":"en-US","potentialAction":[{"@type":"ReadAction","target":["https:\/\/universanimalier.com\/boutique\/malucchi-collier-petra-greyhound-brown\/"]}]},{"@type":"ImageObject","inLanguage":"en-US","@id":"https:\/\/universanimalier.com\/boutique\/malucchi-collier-petra-greyhound-brown\/#primaryimage","url":"https:\/\/universanimalier.com\/wp-content\/uploads\/2021\/05\/petra-greyhound-d-M56.4D.jpg","contentUrl":"https:\/\/universanimalier.com\/wp-content\/uploads\/2021\/05\/petra-greyhound-d-M56.4D.jpg","width":1667,"height":2500},{"@type":"BreadcrumbList","@id":"https:\/\/universanimalier.com\/boutique\/malucchi-collier-petra-greyhound-brown\/#breadcrumb","itemListElement":[{"@type":"ListItem","position":1,"name":"Accueil","item":"https:\/\/wip.universanimalier.com\/"},{"@type":"ListItem","position":2,"name":"Boutique","item":"https:\/\/wip.universanimalier.com\/boutique\/"},{"@type":"ListItem","position":3,"name":"Malucchi &#8211; Collier Petra Greyhound Brown"}]},{"@type":"WebSite","@id":"https:\/\/wip.universanimalier.com\/#website","url":"https:\/\/wip.universanimalier.com\/","name":"L'univers Animalier","description":"A paradise for spoiled dogs!","publisher":{"@id":"https:\/\/wip.universanimalier.com\/#organization"},"potentialAction":[{"@type":"SearchAction","target":{"@type":"EntryPoint","urlTemplate":"https:\/\/wip.universanimalier.com\/?s={search_term_string}"},"query-input":{"@type":"PropertyValueSpecification","valueRequired":true,"valueName":"search_term_string"}}],"inLanguage":"en-US"},{"@type":"Organization","@id":"https:\/\/wip.universanimalier.com\/#organization","name":"L'univers Animalier","url":"https:\/\/wip.universanimalier.com\/","logo":{"@type":"ImageObject","inLanguage":"en-US","@id":"https:\/\/wip.universanimalier.com\/#\/schema\/logo\/image\/","url":"https:\/\/universanimalier.com\/wp-content\/uploads\/2021\/06\/logo.jpg","contentUrl":"https:\/\/universanimalier.com\/wp-content\/uploads\/2021\/06\/logo.jpg","width":800,"height":200,"caption":"L'univers Animalier"},"image":{"@id":"https:\/\/wip.universanimalier.com\/#\/schema\/logo\/image\/"},"sameAs":["https:\/\/www.facebook.com\/lunivers.animalier"]}]}},"_links":{"self":[{"href":"https:\/\/universanimalier.com\/en\/wp-json\/wp\/v2\/product\/36643"}],"collection":[{"href":"https:\/\/universanimalier.com\/en\/wp-json\/wp\/v2\/product"}],"about":[{"href":"https:\/\/universanimalier.com\/en\/wp-json\/wp\/v2\/types\/product"}],"wp:featuredmedia":[{"embeddable":true,"href":"https:\/\/universanimalier.com\/en\/wp-json\/wp\/v2\/media\/36402"}],"wp:attachment":[{"href":"https:\/\/universanimalier.com\/en\/wp-json\/wp\/v2\/media?parent=36643"}],"wp:term":[{"taxonomy":"product_brand","embeddable":true,"href":"https:\/\/universanimalier.com\/en\/wp-json\/wp\/v2\/product_brand?post=36643"},{"taxonomy":"product_cat","embeddable":true,"href":"https:\/\/universanimalier.com\/en\/wp-json\/wp\/v2\/product_cat?post=36643"},{"taxonomy":"product_tag","embeddable":true,"href":"https:\/\/universanimalier.com\/en\/wp-json\/wp\/v2\/product_tag?post=36643"}],"curies":[{"name":"wp","href":"https:\/\/api.w.org\/{rel}","templated":true}]}}