{"id":36648,"date":"2021-05-20T21:59:45","date_gmt":"2021-05-20T19:59:45","guid":{"rendered":"https:\/\/universanimalier.com\/?post_type=product&#038;p=36648"},"modified":"2024-01-02T10:51:31","modified_gmt":"2024-01-02T09:51:31","slug":"malucchi-collier-braid-trekker","status":"publish","type":"product","link":"https:\/\/universanimalier.com\/en\/boutique\/malucchi-collier-braid-trekker\/","title":{"rendered":"Malucchi - Braid Trekker Brown Necklace"},"content":{"rendered":"","protected":false},"excerpt":{"rendered":"<ul>\n<li>Necklace 100 % handmade in Italy<\/li>\n<li>Braided cotton rope necklace<\/li>\n<li>Premium leather<\/li>\n<li>Size guide: see photos.<\/li>\n<\/ul>\n<p>To match the <a href=\"https:\/\/universanimalier.com\/en\/boutique\/malucchi-laisse-braid-trekker-brown\/\">leaves Braid Trekker Brown<\/a>.<\/p>","protected":false},"featured_media":36327,"template":"","meta":[],"product_brand":[],"product_cat":[23],"product_tag":[5109,363,74,5108,2320,2357,5110,19,2319],"class_list":{"0":"post-36648","1":"product","2":"type-product","3":"status-publish","4":"has-post-thumbnail","6":"product_cat-colliers","7":"product_tag-braid-trekker","8":"product_tag-collar","9":"product_tag-collier","10":"product_tag-collier-braid-trekker","11":"product_tag-collier-malucchi","12":"product_tag-collier-marron","13":"product_tag-collier-tresse","14":"product_tag-malucchi","15":"product_tag-malucchi-collar","17":"first","18":"instock","19":"shipping-taxable","20":"purchasable","21":"product-type-variable"},"yoast_head":"<!-- This site is optimized with the Yoast SEO plugin v25.5 - https:\/\/yoast.com\/wordpress\/plugins\/seo\/ -->\n<title>Malucchi - Collier Braid Trekker Brown - L&#039;univers Animalier<\/title>\n<meta name=\"robots\" content=\"index, follow, max-snippet:-1, max-image-preview:large, max-video-preview:-1\" \/>\n<link rel=\"canonical\" href=\"https:\/\/wip.universanimalier.com\/boutique\/malucchi-collier-braid-trekker\/\" \/>\n<meta property=\"og:locale\" content=\"en_US\" \/>\n<meta property=\"og:type\" content=\"article\" \/>\n<meta property=\"og:title\" content=\"Malucchi - Collier Braid Trekker Brown - L&#039;univers Animalier\" \/>\n<meta property=\"og:description\" content=\"Collier 100 % fait main en Italie  Collier tress\u00e9 en corde en coton  Cuir de qualit\u00e9 sup\u00e9rieure  Guide des tailles: voir photos.  A assortir \u00e0 la laisse Braid Trekker Brown.\" \/>\n<meta property=\"og:url\" content=\"https:\/\/wip.universanimalier.com\/boutique\/malucchi-collier-braid-trekker\/\" \/>\n<meta property=\"og:site_name\" content=\"L&#039;univers Animalier\" \/>\n<meta property=\"article:publisher\" content=\"https:\/\/www.facebook.com\/lunivers.animalier\" \/>\n<meta property=\"article:modified_time\" content=\"2024-01-02T09:51:31+00:00\" \/>\n<meta property=\"og:image\" content=\"https:\/\/wip.universanimalier.com\/wp-content\/uploads\/2021\/05\/Jacopo-Malucchi_1434.jpg\" \/>\n\t<meta property=\"og:image:width\" content=\"2500\" \/>\n\t<meta property=\"og:image:height\" content=\"1667\" \/>\n\t<meta property=\"og:image:type\" content=\"image\/jpeg\" \/>\n<meta name=\"twitter:card\" content=\"summary_large_image\" \/>\n<script type=\"application\/ld+json\" class=\"yoast-schema-graph\">{\"@context\":\"https:\/\/schema.org\",\"@graph\":[{\"@type\":\"WebPage\",\"@id\":\"https:\/\/wip.universanimalier.com\/boutique\/malucchi-collier-braid-trekker\/\",\"url\":\"https:\/\/wip.universanimalier.com\/boutique\/malucchi-collier-braid-trekker\/\",\"name\":\"Malucchi - Collier Braid Trekker Brown - L&#039;univers Animalier\",\"isPartOf\":{\"@id\":\"https:\/\/wip.universanimalier.com\/#website\"},\"primaryImageOfPage\":{\"@id\":\"https:\/\/wip.universanimalier.com\/boutique\/malucchi-collier-braid-trekker\/#primaryimage\"},\"image\":{\"@id\":\"https:\/\/wip.universanimalier.com\/boutique\/malucchi-collier-braid-trekker\/#primaryimage\"},\"thumbnailUrl\":\"https:\/\/universanimalier.com\/wp-content\/uploads\/2021\/05\/Jacopo-Malucchi_1434.jpg\",\"datePublished\":\"2021-05-20T19:59:45+00:00\",\"dateModified\":\"2024-01-02T09:51:31+00:00\",\"breadcrumb\":{\"@id\":\"https:\/\/wip.universanimalier.com\/boutique\/malucchi-collier-braid-trekker\/#breadcrumb\"},\"inLanguage\":\"en-US\",\"potentialAction\":[{\"@type\":\"ReadAction\",\"target\":[\"https:\/\/wip.universanimalier.com\/boutique\/malucchi-collier-braid-trekker\/\"]}]},{\"@type\":\"ImageObject\",\"inLanguage\":\"en-US\",\"@id\":\"https:\/\/wip.universanimalier.com\/boutique\/malucchi-collier-braid-trekker\/#primaryimage\",\"url\":\"https:\/\/universanimalier.com\/wp-content\/uploads\/2021\/05\/Jacopo-Malucchi_1434.jpg\",\"contentUrl\":\"https:\/\/universanimalier.com\/wp-content\/uploads\/2021\/05\/Jacopo-Malucchi_1434.jpg\",\"width\":2500,\"height\":1667},{\"@type\":\"BreadcrumbList\",\"@id\":\"https:\/\/wip.universanimalier.com\/boutique\/malucchi-collier-braid-trekker\/#breadcrumb\",\"itemListElement\":[{\"@type\":\"ListItem\",\"position\":1,\"name\":\"Accueil\",\"item\":\"https:\/\/wip.universanimalier.com\/\"},{\"@type\":\"ListItem\",\"position\":2,\"name\":\"Boutique\",\"item\":\"https:\/\/wip.universanimalier.com\/boutique\/\"},{\"@type\":\"ListItem\",\"position\":3,\"name\":\"Malucchi &#8211; Collier Braid Trekker Brown\"}]},{\"@type\":\"WebSite\",\"@id\":\"https:\/\/wip.universanimalier.com\/#website\",\"url\":\"https:\/\/wip.universanimalier.com\/\",\"name\":\"L'univers Animalier\",\"description\":\"Le paradis des chiens g\u00e2t\u00e9s !\",\"publisher\":{\"@id\":\"https:\/\/wip.universanimalier.com\/#organization\"},\"potentialAction\":[{\"@type\":\"SearchAction\",\"target\":{\"@type\":\"EntryPoint\",\"urlTemplate\":\"https:\/\/wip.universanimalier.com\/?s={search_term_string}\"},\"query-input\":{\"@type\":\"PropertyValueSpecification\",\"valueRequired\":true,\"valueName\":\"search_term_string\"}}],\"inLanguage\":\"en-US\"},{\"@type\":\"Organization\",\"@id\":\"https:\/\/wip.universanimalier.com\/#organization\",\"name\":\"L'univers Animalier\",\"url\":\"https:\/\/wip.universanimalier.com\/\",\"logo\":{\"@type\":\"ImageObject\",\"inLanguage\":\"en-US\",\"@id\":\"https:\/\/wip.universanimalier.com\/#\/schema\/logo\/image\/\",\"url\":\"https:\/\/universanimalier.com\/wp-content\/uploads\/2021\/06\/logo.jpg\",\"contentUrl\":\"https:\/\/universanimalier.com\/wp-content\/uploads\/2021\/06\/logo.jpg\",\"width\":800,\"height\":200,\"caption\":\"L'univers Animalier\"},\"image\":{\"@id\":\"https:\/\/wip.universanimalier.com\/#\/schema\/logo\/image\/\"},\"sameAs\":[\"https:\/\/www.facebook.com\/lunivers.animalier\"]}]}<\/script>\n<!-- \/ Yoast SEO plugin. -->","yoast_head_json":{"title":"Malucchi - Collier Braid Trekker Brown - L&#039;univers Animalier","robots":{"index":"index","follow":"follow","max-snippet":"max-snippet:-1","max-image-preview":"max-image-preview:large","max-video-preview":"max-video-preview:-1"},"canonical":"https:\/\/wip.universanimalier.com\/boutique\/malucchi-collier-braid-trekker\/","og_locale":"en_US","og_type":"article","og_title":"Malucchi - Collier Braid Trekker Brown - L&#039;univers Animalier","og_description":"Collier 100 % fait main en Italie  Collier tress\u00e9 en corde en coton  Cuir de qualit\u00e9 sup\u00e9rieure  Guide des tailles: voir photos.  A assortir \u00e0 la laisse Braid Trekker Brown.","og_url":"https:\/\/wip.universanimalier.com\/boutique\/malucchi-collier-braid-trekker\/","og_site_name":"L&#039;univers Animalier","article_publisher":"https:\/\/www.facebook.com\/lunivers.animalier","article_modified_time":"2024-01-02T09:51:31+00:00","og_image":[{"width":2500,"height":1667,"url":"https:\/\/wip.universanimalier.com\/wp-content\/uploads\/2021\/05\/Jacopo-Malucchi_1434.jpg","type":"image\/jpeg"}],"twitter_card":"summary_large_image","schema":{"@context":"https:\/\/schema.org","@graph":[{"@type":"WebPage","@id":"https:\/\/wip.universanimalier.com\/boutique\/malucchi-collier-braid-trekker\/","url":"https:\/\/wip.universanimalier.com\/boutique\/malucchi-collier-braid-trekker\/","name":"Malucchi - Collier Braid Trekker Brown - L&#039;univers Animalier","isPartOf":{"@id":"https:\/\/wip.universanimalier.com\/#website"},"primaryImageOfPage":{"@id":"https:\/\/wip.universanimalier.com\/boutique\/malucchi-collier-braid-trekker\/#primaryimage"},"image":{"@id":"https:\/\/wip.universanimalier.com\/boutique\/malucchi-collier-braid-trekker\/#primaryimage"},"thumbnailUrl":"https:\/\/universanimalier.com\/wp-content\/uploads\/2021\/05\/Jacopo-Malucchi_1434.jpg","datePublished":"2021-05-20T19:59:45+00:00","dateModified":"2024-01-02T09:51:31+00:00","breadcrumb":{"@id":"https:\/\/wip.universanimalier.com\/boutique\/malucchi-collier-braid-trekker\/#breadcrumb"},"inLanguage":"en-US","potentialAction":[{"@type":"ReadAction","target":["https:\/\/wip.universanimalier.com\/boutique\/malucchi-collier-braid-trekker\/"]}]},{"@type":"ImageObject","inLanguage":"en-US","@id":"https:\/\/wip.universanimalier.com\/boutique\/malucchi-collier-braid-trekker\/#primaryimage","url":"https:\/\/universanimalier.com\/wp-content\/uploads\/2021\/05\/Jacopo-Malucchi_1434.jpg","contentUrl":"https:\/\/universanimalier.com\/wp-content\/uploads\/2021\/05\/Jacopo-Malucchi_1434.jpg","width":2500,"height":1667},{"@type":"BreadcrumbList","@id":"https:\/\/wip.universanimalier.com\/boutique\/malucchi-collier-braid-trekker\/#breadcrumb","itemListElement":[{"@type":"ListItem","position":1,"name":"Accueil","item":"https:\/\/wip.universanimalier.com\/"},{"@type":"ListItem","position":2,"name":"Boutique","item":"https:\/\/wip.universanimalier.com\/boutique\/"},{"@type":"ListItem","position":3,"name":"Malucchi &#8211; Collier Braid Trekker Brown"}]},{"@type":"WebSite","@id":"https:\/\/wip.universanimalier.com\/#website","url":"https:\/\/wip.universanimalier.com\/","name":"L'univers Animalier","description":"A paradise for spoiled dogs!","publisher":{"@id":"https:\/\/wip.universanimalier.com\/#organization"},"potentialAction":[{"@type":"SearchAction","target":{"@type":"EntryPoint","urlTemplate":"https:\/\/wip.universanimalier.com\/?s={search_term_string}"},"query-input":{"@type":"PropertyValueSpecification","valueRequired":true,"valueName":"search_term_string"}}],"inLanguage":"en-US"},{"@type":"Organization","@id":"https:\/\/wip.universanimalier.com\/#organization","name":"L'univers Animalier","url":"https:\/\/wip.universanimalier.com\/","logo":{"@type":"ImageObject","inLanguage":"en-US","@id":"https:\/\/wip.universanimalier.com\/#\/schema\/logo\/image\/","url":"https:\/\/universanimalier.com\/wp-content\/uploads\/2021\/06\/logo.jpg","contentUrl":"https:\/\/universanimalier.com\/wp-content\/uploads\/2021\/06\/logo.jpg","width":800,"height":200,"caption":"L'univers Animalier"},"image":{"@id":"https:\/\/wip.universanimalier.com\/#\/schema\/logo\/image\/"},"sameAs":["https:\/\/www.facebook.com\/lunivers.animalier"]}]}},"_links":{"self":[{"href":"https:\/\/universanimalier.com\/en\/wp-json\/wp\/v2\/product\/36648"}],"collection":[{"href":"https:\/\/universanimalier.com\/en\/wp-json\/wp\/v2\/product"}],"about":[{"href":"https:\/\/universanimalier.com\/en\/wp-json\/wp\/v2\/types\/product"}],"wp:featuredmedia":[{"embeddable":true,"href":"https:\/\/universanimalier.com\/en\/wp-json\/wp\/v2\/media\/36327"}],"wp:attachment":[{"href":"https:\/\/universanimalier.com\/en\/wp-json\/wp\/v2\/media?parent=36648"}],"wp:term":[{"taxonomy":"product_brand","embeddable":true,"href":"https:\/\/universanimalier.com\/en\/wp-json\/wp\/v2\/product_brand?post=36648"},{"taxonomy":"product_cat","embeddable":true,"href":"https:\/\/universanimalier.com\/en\/wp-json\/wp\/v2\/product_cat?post=36648"},{"taxonomy":"product_tag","embeddable":true,"href":"https:\/\/universanimalier.com\/en\/wp-json\/wp\/v2\/product_tag?post=36648"}],"curies":[{"name":"wp","href":"https:\/\/api.w.org\/{rel}","templated":true}]}}