{"id":36652,"date":"2021-05-20T22:05:27","date_gmt":"2021-05-20T20:05:27","guid":{"rendered":"https:\/\/universanimalier.com\/?post_type=product&#038;p=36652"},"modified":"2021-05-24T21:07:00","modified_gmt":"2021-05-24T19:07:00","slug":"malucchi-collier-braid-trekker-grey","status":"publish","type":"product","link":"https:\/\/universanimalier.com\/en\/boutique\/malucchi-collier-braid-trekker-grey\/","title":{"rendered":"Malucchi - Necklace Braid Trekker Gray"},"content":{"rendered":"","protected":false},"excerpt":{"rendered":"<ul>\n<li>Necklace 100 % handmade in Italy<\/li>\n<li>Braided cotton rope necklace<\/li>\n<li>Premium leather<\/li>\n<li>Size guide: see photos.<\/li>\n<\/ul>\n<p>To match <a href=\"https:\/\/universanimalier.com\/en\/boutique\/malucchi-laisse-braid-trekker-grey\/\">Braid Trekker Gray leash<\/a>.<\/p>\n<p><span style=\"color: #3366ff;\"><em>Une taille manque? Vous souhaitez un autre coloris? N&rsquo;h\u00e9sitez pas \u00e0 <a href=\"https:\/\/universanimalier.com\/en\/contact\/\">Contact us<\/a>\u00a0via the site, <a href=\"https:\/\/www.facebook.com\/lunivers.animalier\">Facebook<\/a>, or <a href=\"https:\/\/www.instagram.com\/universanimalier\/\">instagram<\/a> pour une commande personnalis\u00e9e, en tenant compte d&rsquo;un d\u00e9lai de fabrication.<\/em><\/span><\/p>","protected":false},"featured_media":36690,"template":"","meta":[],"product_brand":[],"product_cat":[23],"product_tag":[5109,363,74,5108,2320,5110,19,2319],"class_list":{"0":"post-36652","1":"product","2":"type-product","3":"status-publish","4":"has-post-thumbnail","6":"product_cat-colliers","7":"product_tag-braid-trekker","8":"product_tag-collar","9":"product_tag-collier","10":"product_tag-collier-braid-trekker","11":"product_tag-collier-malucchi","12":"product_tag-collier-tresse","13":"product_tag-malucchi","14":"product_tag-malucchi-collar","16":"first","17":"instock","18":"shipping-taxable","19":"purchasable","20":"product-type-variable"},"yoast_head":"<!-- This site is optimized with the Yoast SEO plugin v25.5 - https:\/\/yoast.com\/wordpress\/plugins\/seo\/ -->\n<title>Malucchi - Collier Braid Trekker Grey - L&#039;univers Animalier<\/title>\n<meta name=\"robots\" content=\"index, follow, max-snippet:-1, max-image-preview:large, max-video-preview:-1\" \/>\n<link rel=\"canonical\" href=\"https:\/\/wip.universanimalier.com\/boutique\/malucchi-collier-braid-trekker-grey\/\" \/>\n<meta property=\"og:locale\" content=\"en_US\" \/>\n<meta property=\"og:type\" content=\"article\" \/>\n<meta property=\"og:title\" content=\"Malucchi - Collier Braid Trekker Grey - L&#039;univers Animalier\" \/>\n<meta property=\"og:description\" content=\"Collier 100 % fait main en Italie  Collier tress\u00e9 en corde en coton  Cuir de qualit\u00e9 sup\u00e9rieure  Guide des tailles: voir photos.  A assortir \u00e0 la laisse Braid Trekker Grey.  Une taille manque? Vous souhaitez un autre coloris? N&#039;h\u00e9sitez pas \u00e0 nous contacter\u00a0via le site, facebook, ou instagram pour une commande personnalis\u00e9e, en tenant compte d&#039;un d\u00e9lai de fabrication.\" \/>\n<meta property=\"og:url\" content=\"https:\/\/wip.universanimalier.com\/boutique\/malucchi-collier-braid-trekker-grey\/\" \/>\n<meta property=\"og:site_name\" content=\"L&#039;univers Animalier\" \/>\n<meta property=\"article:publisher\" content=\"https:\/\/www.facebook.com\/lunivers.animalier\" \/>\n<meta property=\"article:modified_time\" content=\"2021-05-24T19:07:00+00:00\" \/>\n<meta property=\"og:image\" content=\"https:\/\/wip.universanimalier.com\/wp-content\/uploads\/2021\/05\/200E566B-1D71-4274-B159-CFEE1704FA09.jpeg\" \/>\n\t<meta property=\"og:image:width\" content=\"1600\" \/>\n\t<meta property=\"og:image:height\" content=\"1600\" \/>\n\t<meta property=\"og:image:type\" content=\"image\/jpeg\" \/>\n<meta name=\"twitter:card\" content=\"summary_large_image\" \/>\n<script type=\"application\/ld+json\" class=\"yoast-schema-graph\">{\"@context\":\"https:\/\/schema.org\",\"@graph\":[{\"@type\":\"WebPage\",\"@id\":\"https:\/\/wip.universanimalier.com\/boutique\/malucchi-collier-braid-trekker-grey\/\",\"url\":\"https:\/\/wip.universanimalier.com\/boutique\/malucchi-collier-braid-trekker-grey\/\",\"name\":\"Malucchi - Collier Braid Trekker Grey - L&#039;univers Animalier\",\"isPartOf\":{\"@id\":\"https:\/\/wip.universanimalier.com\/#website\"},\"primaryImageOfPage\":{\"@id\":\"https:\/\/wip.universanimalier.com\/boutique\/malucchi-collier-braid-trekker-grey\/#primaryimage\"},\"image\":{\"@id\":\"https:\/\/wip.universanimalier.com\/boutique\/malucchi-collier-braid-trekker-grey\/#primaryimage\"},\"thumbnailUrl\":\"https:\/\/universanimalier.com\/wp-content\/uploads\/2021\/05\/200E566B-1D71-4274-B159-CFEE1704FA09.jpeg\",\"datePublished\":\"2021-05-20T20:05:27+00:00\",\"dateModified\":\"2021-05-24T19:07:00+00:00\",\"breadcrumb\":{\"@id\":\"https:\/\/wip.universanimalier.com\/boutique\/malucchi-collier-braid-trekker-grey\/#breadcrumb\"},\"inLanguage\":\"en-US\",\"potentialAction\":[{\"@type\":\"ReadAction\",\"target\":[\"https:\/\/wip.universanimalier.com\/boutique\/malucchi-collier-braid-trekker-grey\/\"]}]},{\"@type\":\"ImageObject\",\"inLanguage\":\"en-US\",\"@id\":\"https:\/\/wip.universanimalier.com\/boutique\/malucchi-collier-braid-trekker-grey\/#primaryimage\",\"url\":\"https:\/\/universanimalier.com\/wp-content\/uploads\/2021\/05\/200E566B-1D71-4274-B159-CFEE1704FA09.jpeg\",\"contentUrl\":\"https:\/\/universanimalier.com\/wp-content\/uploads\/2021\/05\/200E566B-1D71-4274-B159-CFEE1704FA09.jpeg\",\"width\":1600,\"height\":1600},{\"@type\":\"BreadcrumbList\",\"@id\":\"https:\/\/wip.universanimalier.com\/boutique\/malucchi-collier-braid-trekker-grey\/#breadcrumb\",\"itemListElement\":[{\"@type\":\"ListItem\",\"position\":1,\"name\":\"Accueil\",\"item\":\"https:\/\/wip.universanimalier.com\/\"},{\"@type\":\"ListItem\",\"position\":2,\"name\":\"Boutique\",\"item\":\"https:\/\/wip.universanimalier.com\/boutique\/\"},{\"@type\":\"ListItem\",\"position\":3,\"name\":\"Malucchi &#8211; Collier Braid Trekker Grey\"}]},{\"@type\":\"WebSite\",\"@id\":\"https:\/\/wip.universanimalier.com\/#website\",\"url\":\"https:\/\/wip.universanimalier.com\/\",\"name\":\"L'univers Animalier\",\"description\":\"Le paradis des chiens g\u00e2t\u00e9s !\",\"publisher\":{\"@id\":\"https:\/\/wip.universanimalier.com\/#organization\"},\"potentialAction\":[{\"@type\":\"SearchAction\",\"target\":{\"@type\":\"EntryPoint\",\"urlTemplate\":\"https:\/\/wip.universanimalier.com\/?s={search_term_string}\"},\"query-input\":{\"@type\":\"PropertyValueSpecification\",\"valueRequired\":true,\"valueName\":\"search_term_string\"}}],\"inLanguage\":\"en-US\"},{\"@type\":\"Organization\",\"@id\":\"https:\/\/wip.universanimalier.com\/#organization\",\"name\":\"L'univers Animalier\",\"url\":\"https:\/\/wip.universanimalier.com\/\",\"logo\":{\"@type\":\"ImageObject\",\"inLanguage\":\"en-US\",\"@id\":\"https:\/\/wip.universanimalier.com\/#\/schema\/logo\/image\/\",\"url\":\"https:\/\/universanimalier.com\/wp-content\/uploads\/2021\/06\/logo.jpg\",\"contentUrl\":\"https:\/\/universanimalier.com\/wp-content\/uploads\/2021\/06\/logo.jpg\",\"width\":800,\"height\":200,\"caption\":\"L'univers Animalier\"},\"image\":{\"@id\":\"https:\/\/wip.universanimalier.com\/#\/schema\/logo\/image\/\"},\"sameAs\":[\"https:\/\/www.facebook.com\/lunivers.animalier\"]}]}<\/script>\n<!-- \/ Yoast SEO plugin. -->","yoast_head_json":{"title":"Malucchi - Collier Braid Trekker Grey - L&#039;univers Animalier","robots":{"index":"index","follow":"follow","max-snippet":"max-snippet:-1","max-image-preview":"max-image-preview:large","max-video-preview":"max-video-preview:-1"},"canonical":"https:\/\/wip.universanimalier.com\/boutique\/malucchi-collier-braid-trekker-grey\/","og_locale":"en_US","og_type":"article","og_title":"Malucchi - Collier Braid Trekker Grey - L&#039;univers Animalier","og_description":"Collier 100 % fait main en Italie  Collier tress\u00e9 en corde en coton  Cuir de qualit\u00e9 sup\u00e9rieure  Guide des tailles: voir photos.  A assortir \u00e0 la laisse Braid Trekker Grey.  Une taille manque? Vous souhaitez un autre coloris? N'h\u00e9sitez pas \u00e0 nous contacter\u00a0via le site, facebook, ou instagram pour une commande personnalis\u00e9e, en tenant compte d'un d\u00e9lai de fabrication.","og_url":"https:\/\/wip.universanimalier.com\/boutique\/malucchi-collier-braid-trekker-grey\/","og_site_name":"L&#039;univers Animalier","article_publisher":"https:\/\/www.facebook.com\/lunivers.animalier","article_modified_time":"2021-05-24T19:07:00+00:00","og_image":[{"width":1600,"height":1600,"url":"https:\/\/wip.universanimalier.com\/wp-content\/uploads\/2021\/05\/200E566B-1D71-4274-B159-CFEE1704FA09.jpeg","type":"image\/jpeg"}],"twitter_card":"summary_large_image","schema":{"@context":"https:\/\/schema.org","@graph":[{"@type":"WebPage","@id":"https:\/\/wip.universanimalier.com\/boutique\/malucchi-collier-braid-trekker-grey\/","url":"https:\/\/wip.universanimalier.com\/boutique\/malucchi-collier-braid-trekker-grey\/","name":"Malucchi - Collier Braid Trekker Grey - L&#039;univers Animalier","isPartOf":{"@id":"https:\/\/wip.universanimalier.com\/#website"},"primaryImageOfPage":{"@id":"https:\/\/wip.universanimalier.com\/boutique\/malucchi-collier-braid-trekker-grey\/#primaryimage"},"image":{"@id":"https:\/\/wip.universanimalier.com\/boutique\/malucchi-collier-braid-trekker-grey\/#primaryimage"},"thumbnailUrl":"https:\/\/universanimalier.com\/wp-content\/uploads\/2021\/05\/200E566B-1D71-4274-B159-CFEE1704FA09.jpeg","datePublished":"2021-05-20T20:05:27+00:00","dateModified":"2021-05-24T19:07:00+00:00","breadcrumb":{"@id":"https:\/\/wip.universanimalier.com\/boutique\/malucchi-collier-braid-trekker-grey\/#breadcrumb"},"inLanguage":"en-US","potentialAction":[{"@type":"ReadAction","target":["https:\/\/wip.universanimalier.com\/boutique\/malucchi-collier-braid-trekker-grey\/"]}]},{"@type":"ImageObject","inLanguage":"en-US","@id":"https:\/\/wip.universanimalier.com\/boutique\/malucchi-collier-braid-trekker-grey\/#primaryimage","url":"https:\/\/universanimalier.com\/wp-content\/uploads\/2021\/05\/200E566B-1D71-4274-B159-CFEE1704FA09.jpeg","contentUrl":"https:\/\/universanimalier.com\/wp-content\/uploads\/2021\/05\/200E566B-1D71-4274-B159-CFEE1704FA09.jpeg","width":1600,"height":1600},{"@type":"BreadcrumbList","@id":"https:\/\/wip.universanimalier.com\/boutique\/malucchi-collier-braid-trekker-grey\/#breadcrumb","itemListElement":[{"@type":"ListItem","position":1,"name":"Accueil","item":"https:\/\/wip.universanimalier.com\/"},{"@type":"ListItem","position":2,"name":"Boutique","item":"https:\/\/wip.universanimalier.com\/boutique\/"},{"@type":"ListItem","position":3,"name":"Malucchi &#8211; Collier Braid Trekker Grey"}]},{"@type":"WebSite","@id":"https:\/\/wip.universanimalier.com\/#website","url":"https:\/\/wip.universanimalier.com\/","name":"L'univers Animalier","description":"A paradise for spoiled dogs!","publisher":{"@id":"https:\/\/wip.universanimalier.com\/#organization"},"potentialAction":[{"@type":"SearchAction","target":{"@type":"EntryPoint","urlTemplate":"https:\/\/wip.universanimalier.com\/?s={search_term_string}"},"query-input":{"@type":"PropertyValueSpecification","valueRequired":true,"valueName":"search_term_string"}}],"inLanguage":"en-US"},{"@type":"Organization","@id":"https:\/\/wip.universanimalier.com\/#organization","name":"L'univers Animalier","url":"https:\/\/wip.universanimalier.com\/","logo":{"@type":"ImageObject","inLanguage":"en-US","@id":"https:\/\/wip.universanimalier.com\/#\/schema\/logo\/image\/","url":"https:\/\/universanimalier.com\/wp-content\/uploads\/2021\/06\/logo.jpg","contentUrl":"https:\/\/universanimalier.com\/wp-content\/uploads\/2021\/06\/logo.jpg","width":800,"height":200,"caption":"L'univers Animalier"},"image":{"@id":"https:\/\/wip.universanimalier.com\/#\/schema\/logo\/image\/"},"sameAs":["https:\/\/www.facebook.com\/lunivers.animalier"]}]}},"_links":{"self":[{"href":"https:\/\/universanimalier.com\/en\/wp-json\/wp\/v2\/product\/36652"}],"collection":[{"href":"https:\/\/universanimalier.com\/en\/wp-json\/wp\/v2\/product"}],"about":[{"href":"https:\/\/universanimalier.com\/en\/wp-json\/wp\/v2\/types\/product"}],"wp:featuredmedia":[{"embeddable":true,"href":"https:\/\/universanimalier.com\/en\/wp-json\/wp\/v2\/media\/36690"}],"wp:attachment":[{"href":"https:\/\/universanimalier.com\/en\/wp-json\/wp\/v2\/media?parent=36652"}],"wp:term":[{"taxonomy":"product_brand","embeddable":true,"href":"https:\/\/universanimalier.com\/en\/wp-json\/wp\/v2\/product_brand?post=36652"},{"taxonomy":"product_cat","embeddable":true,"href":"https:\/\/universanimalier.com\/en\/wp-json\/wp\/v2\/product_cat?post=36652"},{"taxonomy":"product_tag","embeddable":true,"href":"https:\/\/universanimalier.com\/en\/wp-json\/wp\/v2\/product_tag?post=36652"}],"curies":[{"name":"wp","href":"https:\/\/api.w.org\/{rel}","templated":true}]}}