{"id":36654,"date":"2021-05-20T22:06:34","date_gmt":"2021-05-20T20:06:34","guid":{"rendered":"https:\/\/universanimalier.com\/?post_type=product&#038;p=36654"},"modified":"2021-05-24T21:07:00","modified_gmt":"2021-05-24T19:07:00","slug":"malucchi-laisse-braid-trekker-brown","status":"publish","type":"product","link":"https:\/\/universanimalier.com\/en\/boutique\/malucchi-laisse-braid-trekker-brown\/","title":{"rendered":"Malucchi - Braid Trekker Brown Leash"},"content":{"rendered":"","protected":false},"excerpt":{"rendered":"<ul>\n<li>Handmade leash 100 % in Italy<\/li>\n<li>Cotton rope braided leash<\/li>\n<li>Premium leather<\/li>\n<li>2.5 x 120 cm<\/li>\n<\/ul>\n<p>To match with <a href=\"https:\/\/universanimalier.com\/en\/boutique\/malucchi-collier-braid-trekker\/\">Braid Trekker Brown necklace<\/a>.<\/p>\n<p><span style=\"color: #3366ff;\"><em>Une taille manque? Vous souhaitez un autre coloris? N&rsquo;h\u00e9sitez pas \u00e0 <a href=\"https:\/\/universanimalier.com\/en\/contact\/\">Contact us<\/a>\u00a0via the site, <a href=\"https:\/\/www.facebook.com\/lunivers.animalier\">Facebook<\/a>, or <a href=\"https:\/\/www.instagram.com\/universanimalier\/\">instagram<\/a> pour une commande personnalis\u00e9e, en tenant compte d&rsquo;un d\u00e9lai de fabrication.<\/em><\/span><\/p>","protected":false},"featured_media":36388,"template":"","meta":[],"product_brand":[],"product_cat":[54],"product_tag":[156,5111,2328,2828,788,19],"class_list":{"0":"post-36654","1":"product","2":"type-product","3":"status-publish","4":"has-post-thumbnail","6":"product_cat-laisses","7":"product_tag-laisse","8":"product_tag-laisse-braid-trekker","9":"product_tag-laisse-malucchi","10":"product_tag-laisse-marron","11":"product_tag-leash","12":"product_tag-malucchi","14":"first","15":"instock","16":"shipping-taxable","17":"purchasable","18":"product-type-simple"},"yoast_head":"<!-- This site is optimized with the Yoast SEO plugin v25.5 - https:\/\/yoast.com\/wordpress\/plugins\/seo\/ -->\n<title>Malucchi - Laisse Braid Trekker Brown - L&#039;univers Animalier<\/title>\n<meta name=\"robots\" content=\"index, follow, max-snippet:-1, max-image-preview:large, max-video-preview:-1\" \/>\n<link rel=\"canonical\" href=\"https:\/\/universanimalier.com\/en\/boutique\/malucchi-laisse-braid-trekker-brown\/\" \/>\n<meta property=\"og:locale\" content=\"en_US\" \/>\n<meta property=\"og:type\" content=\"article\" \/>\n<meta property=\"og:title\" content=\"Malucchi - Laisse Braid Trekker Brown - L&#039;univers Animalier\" \/>\n<meta property=\"og:description\" content=\"Laisse 100 % faite main en Italie  Laisse tress\u00e9e en corde de coton  Cuir de qualit\u00e9 sup\u00e9rieure  2,5 x 120 cm  A assortir au collier Braid Trekker Brown.  Une taille manque? Vous souhaitez un autre coloris? N&#039;h\u00e9sitez pas \u00e0 nous contacter\u00a0via le site, facebook, ou instagram pour une commande personnalis\u00e9e, en tenant compte d&#039;un d\u00e9lai de fabrication.\" \/>\n<meta property=\"og:url\" content=\"https:\/\/universanimalier.com\/en\/boutique\/malucchi-laisse-braid-trekker-brown\/\" \/>\n<meta property=\"og:site_name\" content=\"L&#039;univers Animalier\" \/>\n<meta property=\"article:publisher\" content=\"https:\/\/www.facebook.com\/lunivers.animalier\" \/>\n<meta property=\"article:modified_time\" content=\"2021-05-24T19:07:00+00:00\" \/>\n<meta property=\"og:image\" content=\"https:\/\/wip.universanimalier.com\/wp-content\/uploads\/2021\/05\/leash-braid-trekker-T84.3.jpg\" \/>\n\t<meta property=\"og:image:width\" content=\"2500\" \/>\n\t<meta property=\"og:image:height\" content=\"1667\" \/>\n\t<meta property=\"og:image:type\" content=\"image\/jpeg\" \/>\n<meta name=\"twitter:card\" content=\"summary_large_image\" \/>\n<script type=\"application\/ld+json\" class=\"yoast-schema-graph\">{\"@context\":\"https:\/\/schema.org\",\"@graph\":[{\"@type\":\"WebPage\",\"@id\":\"https:\/\/universanimalier.com\/en\/boutique\/malucchi-laisse-braid-trekker-brown\/\",\"url\":\"https:\/\/universanimalier.com\/en\/boutique\/malucchi-laisse-braid-trekker-brown\/\",\"name\":\"Malucchi - Laisse Braid Trekker Brown - L&#039;univers Animalier\",\"isPartOf\":{\"@id\":\"https:\/\/wip.universanimalier.com\/#website\"},\"primaryImageOfPage\":{\"@id\":\"https:\/\/universanimalier.com\/en\/boutique\/malucchi-laisse-braid-trekker-brown\/#primaryimage\"},\"image\":{\"@id\":\"https:\/\/universanimalier.com\/en\/boutique\/malucchi-laisse-braid-trekker-brown\/#primaryimage\"},\"thumbnailUrl\":\"https:\/\/universanimalier.com\/wp-content\/uploads\/2021\/05\/leash-braid-trekker-T84.3.jpg\",\"datePublished\":\"2021-05-20T20:06:34+00:00\",\"dateModified\":\"2021-05-24T19:07:00+00:00\",\"breadcrumb\":{\"@id\":\"https:\/\/universanimalier.com\/en\/boutique\/malucchi-laisse-braid-trekker-brown\/#breadcrumb\"},\"inLanguage\":\"en-US\",\"potentialAction\":[{\"@type\":\"ReadAction\",\"target\":[\"https:\/\/universanimalier.com\/en\/boutique\/malucchi-laisse-braid-trekker-brown\/\"]}]},{\"@type\":\"ImageObject\",\"inLanguage\":\"en-US\",\"@id\":\"https:\/\/universanimalier.com\/en\/boutique\/malucchi-laisse-braid-trekker-brown\/#primaryimage\",\"url\":\"https:\/\/universanimalier.com\/wp-content\/uploads\/2021\/05\/leash-braid-trekker-T84.3.jpg\",\"contentUrl\":\"https:\/\/universanimalier.com\/wp-content\/uploads\/2021\/05\/leash-braid-trekker-T84.3.jpg\",\"width\":2500,\"height\":1667},{\"@type\":\"BreadcrumbList\",\"@id\":\"https:\/\/universanimalier.com\/en\/boutique\/malucchi-laisse-braid-trekker-brown\/#breadcrumb\",\"itemListElement\":[{\"@type\":\"ListItem\",\"position\":1,\"name\":\"Accueil\",\"item\":\"https:\/\/wip.universanimalier.com\/\"},{\"@type\":\"ListItem\",\"position\":2,\"name\":\"Boutique\",\"item\":\"https:\/\/wip.universanimalier.com\/boutique\/\"},{\"@type\":\"ListItem\",\"position\":3,\"name\":\"Malucchi &#8211; Laisse Braid Trekker Brown\"}]},{\"@type\":\"WebSite\",\"@id\":\"https:\/\/wip.universanimalier.com\/#website\",\"url\":\"https:\/\/wip.universanimalier.com\/\",\"name\":\"L'univers Animalier\",\"description\":\"Le paradis des chiens g\u00e2t\u00e9s !\",\"publisher\":{\"@id\":\"https:\/\/wip.universanimalier.com\/#organization\"},\"potentialAction\":[{\"@type\":\"SearchAction\",\"target\":{\"@type\":\"EntryPoint\",\"urlTemplate\":\"https:\/\/wip.universanimalier.com\/?s={search_term_string}\"},\"query-input\":{\"@type\":\"PropertyValueSpecification\",\"valueRequired\":true,\"valueName\":\"search_term_string\"}}],\"inLanguage\":\"en-US\"},{\"@type\":\"Organization\",\"@id\":\"https:\/\/wip.universanimalier.com\/#organization\",\"name\":\"L'univers Animalier\",\"url\":\"https:\/\/wip.universanimalier.com\/\",\"logo\":{\"@type\":\"ImageObject\",\"inLanguage\":\"en-US\",\"@id\":\"https:\/\/wip.universanimalier.com\/#\/schema\/logo\/image\/\",\"url\":\"https:\/\/universanimalier.com\/wp-content\/uploads\/2021\/06\/logo.jpg\",\"contentUrl\":\"https:\/\/universanimalier.com\/wp-content\/uploads\/2021\/06\/logo.jpg\",\"width\":800,\"height\":200,\"caption\":\"L'univers Animalier\"},\"image\":{\"@id\":\"https:\/\/wip.universanimalier.com\/#\/schema\/logo\/image\/\"},\"sameAs\":[\"https:\/\/www.facebook.com\/lunivers.animalier\"]}]}<\/script>\n<!-- \/ Yoast SEO plugin. -->","yoast_head_json":{"title":"Malucchi - Laisse Braid Trekker Brown - L&#039;univers Animalier","robots":{"index":"index","follow":"follow","max-snippet":"max-snippet:-1","max-image-preview":"max-image-preview:large","max-video-preview":"max-video-preview:-1"},"canonical":"https:\/\/universanimalier.com\/en\/boutique\/malucchi-laisse-braid-trekker-brown\/","og_locale":"en_US","og_type":"article","og_title":"Malucchi - Laisse Braid Trekker Brown - L&#039;univers Animalier","og_description":"Laisse 100 % faite main en Italie  Laisse tress\u00e9e en corde de coton  Cuir de qualit\u00e9 sup\u00e9rieure  2,5 x 120 cm  A assortir au collier Braid Trekker Brown.  Une taille manque? Vous souhaitez un autre coloris? N'h\u00e9sitez pas \u00e0 nous contacter\u00a0via le site, facebook, ou instagram pour une commande personnalis\u00e9e, en tenant compte d'un d\u00e9lai de fabrication.","og_url":"https:\/\/universanimalier.com\/en\/boutique\/malucchi-laisse-braid-trekker-brown\/","og_site_name":"L&#039;univers Animalier","article_publisher":"https:\/\/www.facebook.com\/lunivers.animalier","article_modified_time":"2021-05-24T19:07:00+00:00","og_image":[{"width":2500,"height":1667,"url":"https:\/\/wip.universanimalier.com\/wp-content\/uploads\/2021\/05\/leash-braid-trekker-T84.3.jpg","type":"image\/jpeg"}],"twitter_card":"summary_large_image","schema":{"@context":"https:\/\/schema.org","@graph":[{"@type":"WebPage","@id":"https:\/\/universanimalier.com\/en\/boutique\/malucchi-laisse-braid-trekker-brown\/","url":"https:\/\/universanimalier.com\/en\/boutique\/malucchi-laisse-braid-trekker-brown\/","name":"Malucchi - Laisse Braid Trekker Brown - L&#039;univers Animalier","isPartOf":{"@id":"https:\/\/wip.universanimalier.com\/#website"},"primaryImageOfPage":{"@id":"https:\/\/universanimalier.com\/en\/boutique\/malucchi-laisse-braid-trekker-brown\/#primaryimage"},"image":{"@id":"https:\/\/universanimalier.com\/en\/boutique\/malucchi-laisse-braid-trekker-brown\/#primaryimage"},"thumbnailUrl":"https:\/\/universanimalier.com\/wp-content\/uploads\/2021\/05\/leash-braid-trekker-T84.3.jpg","datePublished":"2021-05-20T20:06:34+00:00","dateModified":"2021-05-24T19:07:00+00:00","breadcrumb":{"@id":"https:\/\/universanimalier.com\/en\/boutique\/malucchi-laisse-braid-trekker-brown\/#breadcrumb"},"inLanguage":"en-US","potentialAction":[{"@type":"ReadAction","target":["https:\/\/universanimalier.com\/en\/boutique\/malucchi-laisse-braid-trekker-brown\/"]}]},{"@type":"ImageObject","inLanguage":"en-US","@id":"https:\/\/universanimalier.com\/en\/boutique\/malucchi-laisse-braid-trekker-brown\/#primaryimage","url":"https:\/\/universanimalier.com\/wp-content\/uploads\/2021\/05\/leash-braid-trekker-T84.3.jpg","contentUrl":"https:\/\/universanimalier.com\/wp-content\/uploads\/2021\/05\/leash-braid-trekker-T84.3.jpg","width":2500,"height":1667},{"@type":"BreadcrumbList","@id":"https:\/\/universanimalier.com\/en\/boutique\/malucchi-laisse-braid-trekker-brown\/#breadcrumb","itemListElement":[{"@type":"ListItem","position":1,"name":"Accueil","item":"https:\/\/wip.universanimalier.com\/"},{"@type":"ListItem","position":2,"name":"Boutique","item":"https:\/\/wip.universanimalier.com\/boutique\/"},{"@type":"ListItem","position":3,"name":"Malucchi &#8211; Laisse Braid Trekker Brown"}]},{"@type":"WebSite","@id":"https:\/\/wip.universanimalier.com\/#website","url":"https:\/\/wip.universanimalier.com\/","name":"L'univers Animalier","description":"A paradise for spoiled dogs!","publisher":{"@id":"https:\/\/wip.universanimalier.com\/#organization"},"potentialAction":[{"@type":"SearchAction","target":{"@type":"EntryPoint","urlTemplate":"https:\/\/wip.universanimalier.com\/?s={search_term_string}"},"query-input":{"@type":"PropertyValueSpecification","valueRequired":true,"valueName":"search_term_string"}}],"inLanguage":"en-US"},{"@type":"Organization","@id":"https:\/\/wip.universanimalier.com\/#organization","name":"L'univers Animalier","url":"https:\/\/wip.universanimalier.com\/","logo":{"@type":"ImageObject","inLanguage":"en-US","@id":"https:\/\/wip.universanimalier.com\/#\/schema\/logo\/image\/","url":"https:\/\/universanimalier.com\/wp-content\/uploads\/2021\/06\/logo.jpg","contentUrl":"https:\/\/universanimalier.com\/wp-content\/uploads\/2021\/06\/logo.jpg","width":800,"height":200,"caption":"L'univers Animalier"},"image":{"@id":"https:\/\/wip.universanimalier.com\/#\/schema\/logo\/image\/"},"sameAs":["https:\/\/www.facebook.com\/lunivers.animalier"]}]}},"_links":{"self":[{"href":"https:\/\/universanimalier.com\/en\/wp-json\/wp\/v2\/product\/36654"}],"collection":[{"href":"https:\/\/universanimalier.com\/en\/wp-json\/wp\/v2\/product"}],"about":[{"href":"https:\/\/universanimalier.com\/en\/wp-json\/wp\/v2\/types\/product"}],"wp:featuredmedia":[{"embeddable":true,"href":"https:\/\/universanimalier.com\/en\/wp-json\/wp\/v2\/media\/36388"}],"wp:attachment":[{"href":"https:\/\/universanimalier.com\/en\/wp-json\/wp\/v2\/media?parent=36654"}],"wp:term":[{"taxonomy":"product_brand","embeddable":true,"href":"https:\/\/universanimalier.com\/en\/wp-json\/wp\/v2\/product_brand?post=36654"},{"taxonomy":"product_cat","embeddable":true,"href":"https:\/\/universanimalier.com\/en\/wp-json\/wp\/v2\/product_cat?post=36654"},{"taxonomy":"product_tag","embeddable":true,"href":"https:\/\/universanimalier.com\/en\/wp-json\/wp\/v2\/product_tag?post=36654"}],"curies":[{"name":"wp","href":"https:\/\/api.w.org\/{rel}","templated":true}]}}