{"id":36674,"date":"2021-05-20T22:48:35","date_gmt":"2021-05-20T20:48:35","guid":{"rendered":"https:\/\/universanimalier.com\/?post_type=product&#038;p=36674"},"modified":"2024-01-02T11:02:44","modified_gmt":"2024-01-02T10:02:44","slug":"malucchi-harnais-gun-camouflage","status":"publish","type":"product","link":"https:\/\/universanimalier.com\/en\/boutique\/malucchi-harnais-gun-camouflage\/","title":{"rendered":"Malucchi - Gun Camouflage Harness"},"content":{"rendered":"","protected":false},"excerpt":{"rendered":"<ul>\n<li>Harness 100 % handmade in Italy<\/li>\n<li>Very supple and soft leather, top quality, camouflage and nylon fabrics<\/li>\n<li>Very easily adjustable<\/li>\n<li>A clip on the top, with 2 rings to hang the leash<\/li>\n<\/ul>\n<p>Sizes:<\/p>\n<ul>\n<li>Size 0: adjustable body circumference from 30 to 40 cm<\/li>\n<li>Size 1: adjustable body circumference from 35 to 45 cm<\/li>\n<li>Size 1.5: adjustable body circumference from 36 to 48 cm<\/li>\n<li>Size 2: adjustable body circumference from 41 to 57 cm<\/li>\n<li>Size 2.5: adjustable body circumference from 46 to 65 cm<\/li>\n<li>Size 3: adjustable body circumference from 54 to 80 cm<\/li>\n<li>Size 4: adjustable body circumference from 62 to 88 cm<\/li>\n<\/ul>","protected":false},"featured_media":36323,"template":"","meta":[],"product_brand":[],"product_cat":[52],"product_tag":[228,2366,5121,2344,19,2343],"class_list":{"0":"post-36674","1":"product","2":"type-product","3":"status-publish","4":"has-post-thumbnail","6":"product_cat-harnais","7":"product_tag-harnais","8":"product_tag-harnais-camouflage","9":"product_tag-harnais-gun","10":"product_tag-harnais-malucchi","11":"product_tag-malucchi","12":"product_tag-malucchi-harness","14":"first","15":"instock","16":"shipping-taxable","17":"purchasable","18":"product-type-variable"},"yoast_head":"<!-- This site is optimized with the Yoast SEO plugin v25.5 - https:\/\/yoast.com\/wordpress\/plugins\/seo\/ -->\n<title>Malucchi - Harnais Gun Camouflage - L&#039;univers Animalier<\/title>\n<meta name=\"robots\" content=\"index, follow, max-snippet:-1, max-image-preview:large, max-video-preview:-1\" \/>\n<link rel=\"canonical\" href=\"https:\/\/wip.universanimalier.com\/boutique\/malucchi-harnais-gun-camouflage\/\" \/>\n<meta property=\"og:locale\" content=\"en_US\" \/>\n<meta property=\"og:type\" content=\"article\" \/>\n<meta property=\"og:title\" content=\"Malucchi - Harnais Gun Camouflage - L&#039;univers Animalier\" \/>\n<meta property=\"og:description\" content=\"Harnais 100 % fait main en Italie  Cuir tr\u00e8s souple et doux, de qualit\u00e9 sup\u00e9rieure, tissus camouflage et nylon  Tr\u00e8s facilement r\u00e9glable  Une attache sur le dessus, avec 2 anneaux pour accrocher la laisse  Tailles:   Taille 0: tour de corps ajustable de 30 \u00e0 40 cm  Taille 1: tour de corps ajustable de 35 \u00e0 45 cm  Taille 1,5: tour de corps ajustable de 36 \u00e0 48 cm  Taille 2: tour de corps ajustable de 41 \u00e0 57 cm  Taille 2,5: tour de corps ajustable de 46 \u00e0 65 cm  Taille 3: tour de corps ajustable de 54 \u00e0 80 cm  Taille 4: tour de corps ajustable de 62 \u00e0 88 cm\" \/>\n<meta property=\"og:url\" content=\"https:\/\/wip.universanimalier.com\/boutique\/malucchi-harnais-gun-camouflage\/\" \/>\n<meta property=\"og:site_name\" content=\"L&#039;univers Animalier\" \/>\n<meta property=\"article:publisher\" content=\"https:\/\/www.facebook.com\/lunivers.animalier\" \/>\n<meta property=\"article:modified_time\" content=\"2024-01-02T10:02:44+00:00\" \/>\n<meta property=\"og:image\" content=\"https:\/\/wip.universanimalier.com\/wp-content\/uploads\/2021\/05\/IMG_3673.jpg\" \/>\n\t<meta property=\"og:image:width\" content=\"1772\" \/>\n\t<meta property=\"og:image:height\" content=\"1773\" \/>\n\t<meta property=\"og:image:type\" content=\"image\/jpeg\" \/>\n<meta name=\"twitter:card\" content=\"summary_large_image\" \/>\n<script type=\"application\/ld+json\" class=\"yoast-schema-graph\">{\"@context\":\"https:\/\/schema.org\",\"@graph\":[{\"@type\":\"WebPage\",\"@id\":\"https:\/\/wip.universanimalier.com\/boutique\/malucchi-harnais-gun-camouflage\/\",\"url\":\"https:\/\/wip.universanimalier.com\/boutique\/malucchi-harnais-gun-camouflage\/\",\"name\":\"Malucchi - Harnais Gun Camouflage - L&#039;univers Animalier\",\"isPartOf\":{\"@id\":\"https:\/\/wip.universanimalier.com\/#website\"},\"primaryImageOfPage\":{\"@id\":\"https:\/\/wip.universanimalier.com\/boutique\/malucchi-harnais-gun-camouflage\/#primaryimage\"},\"image\":{\"@id\":\"https:\/\/wip.universanimalier.com\/boutique\/malucchi-harnais-gun-camouflage\/#primaryimage\"},\"thumbnailUrl\":\"https:\/\/universanimalier.com\/wp-content\/uploads\/2021\/05\/IMG_3673.jpg\",\"datePublished\":\"2021-05-20T20:48:35+00:00\",\"dateModified\":\"2024-01-02T10:02:44+00:00\",\"breadcrumb\":{\"@id\":\"https:\/\/wip.universanimalier.com\/boutique\/malucchi-harnais-gun-camouflage\/#breadcrumb\"},\"inLanguage\":\"en-US\",\"potentialAction\":[{\"@type\":\"ReadAction\",\"target\":[\"https:\/\/wip.universanimalier.com\/boutique\/malucchi-harnais-gun-camouflage\/\"]}]},{\"@type\":\"ImageObject\",\"inLanguage\":\"en-US\",\"@id\":\"https:\/\/wip.universanimalier.com\/boutique\/malucchi-harnais-gun-camouflage\/#primaryimage\",\"url\":\"https:\/\/universanimalier.com\/wp-content\/uploads\/2021\/05\/IMG_3673.jpg\",\"contentUrl\":\"https:\/\/universanimalier.com\/wp-content\/uploads\/2021\/05\/IMG_3673.jpg\",\"width\":1772,\"height\":1773},{\"@type\":\"BreadcrumbList\",\"@id\":\"https:\/\/wip.universanimalier.com\/boutique\/malucchi-harnais-gun-camouflage\/#breadcrumb\",\"itemListElement\":[{\"@type\":\"ListItem\",\"position\":1,\"name\":\"Accueil\",\"item\":\"https:\/\/wip.universanimalier.com\/\"},{\"@type\":\"ListItem\",\"position\":2,\"name\":\"Boutique\",\"item\":\"https:\/\/wip.universanimalier.com\/boutique\/\"},{\"@type\":\"ListItem\",\"position\":3,\"name\":\"Malucchi &#8211; Harnais Gun Camouflage\"}]},{\"@type\":\"WebSite\",\"@id\":\"https:\/\/wip.universanimalier.com\/#website\",\"url\":\"https:\/\/wip.universanimalier.com\/\",\"name\":\"L'univers Animalier\",\"description\":\"Le paradis des chiens g\u00e2t\u00e9s !\",\"publisher\":{\"@id\":\"https:\/\/wip.universanimalier.com\/#organization\"},\"potentialAction\":[{\"@type\":\"SearchAction\",\"target\":{\"@type\":\"EntryPoint\",\"urlTemplate\":\"https:\/\/wip.universanimalier.com\/?s={search_term_string}\"},\"query-input\":{\"@type\":\"PropertyValueSpecification\",\"valueRequired\":true,\"valueName\":\"search_term_string\"}}],\"inLanguage\":\"en-US\"},{\"@type\":\"Organization\",\"@id\":\"https:\/\/wip.universanimalier.com\/#organization\",\"name\":\"L'univers Animalier\",\"url\":\"https:\/\/wip.universanimalier.com\/\",\"logo\":{\"@type\":\"ImageObject\",\"inLanguage\":\"en-US\",\"@id\":\"https:\/\/wip.universanimalier.com\/#\/schema\/logo\/image\/\",\"url\":\"https:\/\/universanimalier.com\/wp-content\/uploads\/2021\/06\/logo.jpg\",\"contentUrl\":\"https:\/\/universanimalier.com\/wp-content\/uploads\/2021\/06\/logo.jpg\",\"width\":800,\"height\":200,\"caption\":\"L'univers Animalier\"},\"image\":{\"@id\":\"https:\/\/wip.universanimalier.com\/#\/schema\/logo\/image\/\"},\"sameAs\":[\"https:\/\/www.facebook.com\/lunivers.animalier\"]}]}<\/script>\n<!-- \/ Yoast SEO plugin. -->","yoast_head_json":{"title":"Malucchi - Harnais Gun Camouflage - L&#039;univers Animalier","robots":{"index":"index","follow":"follow","max-snippet":"max-snippet:-1","max-image-preview":"max-image-preview:large","max-video-preview":"max-video-preview:-1"},"canonical":"https:\/\/wip.universanimalier.com\/boutique\/malucchi-harnais-gun-camouflage\/","og_locale":"en_US","og_type":"article","og_title":"Malucchi - Harnais Gun Camouflage - L&#039;univers Animalier","og_description":"Harnais 100 % fait main en Italie  Cuir tr\u00e8s souple et doux, de qualit\u00e9 sup\u00e9rieure, tissus camouflage et nylon  Tr\u00e8s facilement r\u00e9glable  Une attache sur le dessus, avec 2 anneaux pour accrocher la laisse  Tailles:   Taille 0: tour de corps ajustable de 30 \u00e0 40 cm  Taille 1: tour de corps ajustable de 35 \u00e0 45 cm  Taille 1,5: tour de corps ajustable de 36 \u00e0 48 cm  Taille 2: tour de corps ajustable de 41 \u00e0 57 cm  Taille 2,5: tour de corps ajustable de 46 \u00e0 65 cm  Taille 3: tour de corps ajustable de 54 \u00e0 80 cm  Taille 4: tour de corps ajustable de 62 \u00e0 88 cm","og_url":"https:\/\/wip.universanimalier.com\/boutique\/malucchi-harnais-gun-camouflage\/","og_site_name":"L&#039;univers Animalier","article_publisher":"https:\/\/www.facebook.com\/lunivers.animalier","article_modified_time":"2024-01-02T10:02:44+00:00","og_image":[{"width":1772,"height":1773,"url":"https:\/\/wip.universanimalier.com\/wp-content\/uploads\/2021\/05\/IMG_3673.jpg","type":"image\/jpeg"}],"twitter_card":"summary_large_image","schema":{"@context":"https:\/\/schema.org","@graph":[{"@type":"WebPage","@id":"https:\/\/wip.universanimalier.com\/boutique\/malucchi-harnais-gun-camouflage\/","url":"https:\/\/wip.universanimalier.com\/boutique\/malucchi-harnais-gun-camouflage\/","name":"Malucchi - Harnais Gun Camouflage - L&#039;univers Animalier","isPartOf":{"@id":"https:\/\/wip.universanimalier.com\/#website"},"primaryImageOfPage":{"@id":"https:\/\/wip.universanimalier.com\/boutique\/malucchi-harnais-gun-camouflage\/#primaryimage"},"image":{"@id":"https:\/\/wip.universanimalier.com\/boutique\/malucchi-harnais-gun-camouflage\/#primaryimage"},"thumbnailUrl":"https:\/\/universanimalier.com\/wp-content\/uploads\/2021\/05\/IMG_3673.jpg","datePublished":"2021-05-20T20:48:35+00:00","dateModified":"2024-01-02T10:02:44+00:00","breadcrumb":{"@id":"https:\/\/wip.universanimalier.com\/boutique\/malucchi-harnais-gun-camouflage\/#breadcrumb"},"inLanguage":"en-US","potentialAction":[{"@type":"ReadAction","target":["https:\/\/wip.universanimalier.com\/boutique\/malucchi-harnais-gun-camouflage\/"]}]},{"@type":"ImageObject","inLanguage":"en-US","@id":"https:\/\/wip.universanimalier.com\/boutique\/malucchi-harnais-gun-camouflage\/#primaryimage","url":"https:\/\/universanimalier.com\/wp-content\/uploads\/2021\/05\/IMG_3673.jpg","contentUrl":"https:\/\/universanimalier.com\/wp-content\/uploads\/2021\/05\/IMG_3673.jpg","width":1772,"height":1773},{"@type":"BreadcrumbList","@id":"https:\/\/wip.universanimalier.com\/boutique\/malucchi-harnais-gun-camouflage\/#breadcrumb","itemListElement":[{"@type":"ListItem","position":1,"name":"Accueil","item":"https:\/\/wip.universanimalier.com\/"},{"@type":"ListItem","position":2,"name":"Boutique","item":"https:\/\/wip.universanimalier.com\/boutique\/"},{"@type":"ListItem","position":3,"name":"Malucchi &#8211; Harnais Gun Camouflage"}]},{"@type":"WebSite","@id":"https:\/\/wip.universanimalier.com\/#website","url":"https:\/\/wip.universanimalier.com\/","name":"L'univers Animalier","description":"A paradise for spoiled dogs!","publisher":{"@id":"https:\/\/wip.universanimalier.com\/#organization"},"potentialAction":[{"@type":"SearchAction","target":{"@type":"EntryPoint","urlTemplate":"https:\/\/wip.universanimalier.com\/?s={search_term_string}"},"query-input":{"@type":"PropertyValueSpecification","valueRequired":true,"valueName":"search_term_string"}}],"inLanguage":"en-US"},{"@type":"Organization","@id":"https:\/\/wip.universanimalier.com\/#organization","name":"L'univers Animalier","url":"https:\/\/wip.universanimalier.com\/","logo":{"@type":"ImageObject","inLanguage":"en-US","@id":"https:\/\/wip.universanimalier.com\/#\/schema\/logo\/image\/","url":"https:\/\/universanimalier.com\/wp-content\/uploads\/2021\/06\/logo.jpg","contentUrl":"https:\/\/universanimalier.com\/wp-content\/uploads\/2021\/06\/logo.jpg","width":800,"height":200,"caption":"L'univers Animalier"},"image":{"@id":"https:\/\/wip.universanimalier.com\/#\/schema\/logo\/image\/"},"sameAs":["https:\/\/www.facebook.com\/lunivers.animalier"]}]}},"_links":{"self":[{"href":"https:\/\/universanimalier.com\/en\/wp-json\/wp\/v2\/product\/36674"}],"collection":[{"href":"https:\/\/universanimalier.com\/en\/wp-json\/wp\/v2\/product"}],"about":[{"href":"https:\/\/universanimalier.com\/en\/wp-json\/wp\/v2\/types\/product"}],"wp:featuredmedia":[{"embeddable":true,"href":"https:\/\/universanimalier.com\/en\/wp-json\/wp\/v2\/media\/36323"}],"wp:attachment":[{"href":"https:\/\/universanimalier.com\/en\/wp-json\/wp\/v2\/media?parent=36674"}],"wp:term":[{"taxonomy":"product_brand","embeddable":true,"href":"https:\/\/universanimalier.com\/en\/wp-json\/wp\/v2\/product_brand?post=36674"},{"taxonomy":"product_cat","embeddable":true,"href":"https:\/\/universanimalier.com\/en\/wp-json\/wp\/v2\/product_cat?post=36674"},{"taxonomy":"product_tag","embeddable":true,"href":"https:\/\/universanimalier.com\/en\/wp-json\/wp\/v2\/product_tag?post=36674"}],"curies":[{"name":"wp","href":"https:\/\/api.w.org\/{rel}","templated":true}]}}